{"id":30,"date":"2014-09-18T12:30:23","date_gmt":"2014-09-18T11:30:23","guid":{"rendered":"http:\/\/agora.xtec.cat\/ceipelsquatrevents\/?page_id=30"},"modified":"2019-09-08T14:00:52","modified_gmt":"2019-09-08T12:00:52","slug":"instal%c2%b7lacions","status":"publish","type":"page","link":"https:\/\/agora.xtec.cat\/ceipelsquatrevents\/lescola\/instal%c2%b7lacions\/","title":{"rendered":"Instal\u00b7lacions"},"content":{"rendered":"<p>La nostra escola est\u00e0 formada per un edifici per als nens i nenes d&#8217;Infantil i un altre per als de Prim\u00e0ria.<\/p>\n<p><strong>L&#8217;edifici d&#8217;infantil<\/strong> consta de 6 classes, una aula de psicomotricitat, 3 tutories\/refor\u00e7 i un magatzem de material.<\/p>\n<p>Mentre que <strong>l&#8217;edifici de prim\u00e0ria<\/strong> consta de dos pisos.<\/p>\n<p><span style=\"font-family: inherit; font-size: 1em; line-height: 1.6;\"><em>A la planta baixa<\/em> podem trobar: 3 aules, una sala d&#8217;audiovisuals, una biblioteca, consergeria, el despatx de direcci\u00f3 i el de cap d&#8217;estudis i secret\u00e0ria, Secretaria, el menjador, 3 tutories, 2 magatzems de materials, \u00a0l&#8217;aula d&#8217;angl\u00e8s, l&#8217;aula de m\u00fasica i el despatx de l&#8217;AMPA.<\/span><\/p>\n<p><em>Al 1r pis<\/em> trobem: 9 aules de prim\u00e0ria, 1 aula de religi\u00f3, 1 aula de ci\u00e8ncies, 1 tutoria, 1 magatzem de material, 1 sala de mestres, 1 aula de pl\u00e0stica, 1 aula d&#8217;inform\u00e0tica i 1 aula d&#8217;Educaci\u00f3 Especial.<\/p>\n<p>A m\u00e9s tamb\u00e9 tenim un gran gimn\u00e0s i una pista coberta on realitzem les classes d&#8217;educaci\u00f3 f\u00edsica.<\/p>\n","protected":false},"excerpt":{"rendered":"<p>La nostra escola est\u00e0 formada per un edifici per als nens i nenes d&#8217;Infantil i un altre per als de Prim\u00e0ria. L&#8217;edifici d&#8217;infantil consta de 6 classes, una aula de psicomotricitat, 3 tutories\/refor\u00e7 i un magatzem de material. Mentre que l&#8217;edifici de prim\u00e0ria consta de dos pisos. A la planta baixa podem trobar: 3 aules, [&hellip;]<\/p>\n","protected":false},"author":1,"featured_media":0,"parent":22,"menu_order":40,"comment_status":"closed","ping_status":"closed","template":"page-templates\/side-menu.php","meta":{"_bbp_topic_count":0,"_bbp_reply_count":0,"_bbp_total_topic_count":0,"_bbp_total_reply_count":0,"_bbp_voice_count":0,"_bbp_anonymous_reply_count":0,"_bbp_topic_count_hidden":0,"_bbp_reply_count_hidden":0,"_bbp_forum_subforum_count":0,"site-sidebar-layout":"default","site-content-layout":"","ast-site-content-layout":"","site-content-style":"default","site-sidebar-style":"default","ast-global-header-display":"","ast-banner-title-visibility":"","ast-main-header-display":"","ast-hfb-above-header-display":"","ast-hfb-below-header-display":"","ast-hfb-mobile-header-display":"","site-post-title":"","ast-breadcrumbs-content":"","ast-featured-img":"","footer-sml-layout":"","theme-transparent-header-meta":"","adv-header-id-meta":"","stick-header-meta":"","header-above-stick-meta":"","header-main-stick-meta":"","header-below-stick-meta":"","astra-migrate-meta-layouts":"default","ast-page-background-enabled":"default","ast-page-background-meta":{"desktop":{"background-color":"var(--ast-global-color-4)","background-image":"","background-repeat":"repeat","background-position":"center center","background-size":"auto","background-attachment":"scroll","background-type":"","background-media":"","overlay-type":"","overlay-color":"","overlay-opacity":"","overlay-gradient":""},"tablet":{"background-color":"","background-image":"","background-repeat":"repeat","background-position":"center center","background-size":"auto","background-attachment":"scroll","background-type":"","background-media":"","overlay-type":"","overlay-color":"","overlay-opacity":"","overlay-gradient":""},"mobile":{"background-color":"","background-image":"","background-repeat":"repeat","background-position":"center center","background-size":"auto","background-attachment":"scroll","background-type":"","background-media":"","overlay-type":"","overlay-color":"","overlay-opacity":"","overlay-gradient":""}},"ast-content-background-meta":{"desktop":{"background-color":"var(--ast-global-color-5)","background-image":"","background-repeat":"repeat","background-position":"center center","background-size":"auto","background-attachment":"scroll","background-type":"","background-media":"","overlay-type":"","overlay-color":"","overlay-opacity":"","overlay-gradient":""},"tablet":{"background-color":"var(--ast-global-color-5)","background-image":"","background-repeat":"repeat","background-position":"center center","background-size":"auto","background-attachment":"scroll","background-type":"","background-media":"","overlay-type":"","overlay-color":"","overlay-opacity":"","overlay-gradient":""},"mobile":{"background-color":"var(--ast-global-color-5)","background-image":"","background-repeat":"repeat","background-position":"center center","background-size":"auto","background-attachment":"scroll","background-type":"","background-media":"","overlay-type":"","overlay-color":"","overlay-opacity":"","overlay-gradient":""}},"footnotes":""},"class_list":["post-30","page","type-page","status-publish","hentry"],"post_mailing_queue_ids":[],"_links":{"self":[{"href":"https:\/\/agora.xtec.cat\/ceipelsquatrevents\/wp-json\/wp\/v2\/pages\/30","targetHints":{"allow":["GET"]}}],"collection":[{"href":"https:\/\/agora.xtec.cat\/ceipelsquatrevents\/wp-json\/wp\/v2\/pages"}],"about":[{"href":"https:\/\/agora.xtec.cat\/ceipelsquatrevents\/wp-json\/wp\/v2\/types\/page"}],"author":[{"embeddable":true,"href":"https:\/\/agora.xtec.cat\/ceipelsquatrevents\/wp-json\/wp\/v2\/users\/1"}],"replies":[{"embeddable":true,"href":"https:\/\/agora.xtec.cat\/ceipelsquatrevents\/wp-json\/wp\/v2\/comments?post=30"}],"version-history":[{"count":3,"href":"https:\/\/agora.xtec.cat\/ceipelsquatrevents\/wp-json\/wp\/v2\/pages\/30\/revisions"}],"predecessor-version":[{"id":4141,"href":"https:\/\/agora.xtec.cat\/ceipelsquatrevents\/wp-json\/wp\/v2\/pages\/30\/revisions\/4141"}],"up":[{"embeddable":true,"href":"https:\/\/agora.xtec.cat\/ceipelsquatrevents\/wp-json\/wp\/v2\/pages\/22"}],"wp:attachment":[{"href":"https:\/\/agora.xtec.cat\/ceipelsquatrevents\/wp-json\/wp\/v2\/media?parent=30"}],"curies":[{"name":"wp","href":"https:\/\/api.w.org\/{rel}","templated":true}]}}