{"id":964,"date":"2017-10-24T12:35:12","date_gmt":"2017-10-24T10:35:12","guid":{"rendered":"http:\/\/agora.xtec.cat\/ceipelspins\/?page_id=964"},"modified":"2024-01-26T13:24:01","modified_gmt":"2024-01-26T12:24:01","slug":"escola-formadora","status":"publish","type":"page","link":"https:\/\/agora.xtec.cat\/ceipelspins\/projectes\/escola-formadora\/","title":{"rendered":"ESCOLA FORMADORA"},"content":{"rendered":"<p style=\"line-height: 14.4pt; background: white; margin: 0cm 0cm 9.6pt 0cm;\"><span style=\"font-family: 'Arial','sans-serif'; color: #333333;\">La nostra escola col.labora des de fa alguns anys com a centre formador, amb l&#8217;objectiu de contribuir a la professionalitzaci\u00f3 de la doc\u00e8ncia i permetre als estudiants universitaris aplicar i complementar els coneixements adquirits en la seva formaci\u00f3 acad\u00e8mica.<\/span><\/p>\n<p style=\"line-height: 14.4pt; background: white; margin: 0cm 0cm 9.6pt 0cm;\"><span style=\"font-family: 'Arial','sans-serif'; color: #333333; background: white;\">Aquestes pr\u00e0ctiques es realitzen en el marc de convenis de col\u00b7laboraci\u00f3 entre el Departament d\u2019Ensenyament i les universitats.\u00a0<\/span><\/p>\n","protected":false},"excerpt":{"rendered":"<p>La nostra escola col.labora des de fa alguns anys com a centre formador, amb l&#8217;objectiu de contribuir a la professionalitzaci\u00f3 de la doc\u00e8ncia i permetre als estudiants universitaris aplicar i complementar els coneixements adquirits en la seva formaci\u00f3 acad\u00e8mica.<br \/>\nAquestes pr\u00e0ctiques es realitzen en el marc&hellip;  <a href=\"https:\/\/agora.xtec.cat\/ceipelspins\/projectes\/escola-formadora\/\" title=\"Read ESCOLA FORMADORA\">Llegeix m\u00e9s\u00bb<\/a><\/p>\n","protected":false},"author":1,"featured_media":0,"parent":2879,"menu_order":9,"comment_status":"closed","ping_status":"closed","template":"page-templates\/side-menu.php","meta":{"_bbp_topic_count":0,"_bbp_reply_count":0,"_bbp_total_topic_count":0,"_bbp_total_reply_count":0,"_bbp_voice_count":0,"_bbp_anonymous_reply_count":0,"_bbp_topic_count_hidden":0,"_bbp_reply_count_hidden":0,"_bbp_forum_subforum_count":0,"footnotes":""},"class_list":["post-964","page","type-page","status-publish","hentry"],"post_mailing_queue_ids":[],"_links":{"self":[{"href":"https:\/\/agora.xtec.cat\/ceipelspins\/wp-json\/wp\/v2\/pages\/964","targetHints":{"allow":["GET"]}}],"collection":[{"href":"https:\/\/agora.xtec.cat\/ceipelspins\/wp-json\/wp\/v2\/pages"}],"about":[{"href":"https:\/\/agora.xtec.cat\/ceipelspins\/wp-json\/wp\/v2\/types\/page"}],"author":[{"embeddable":true,"href":"https:\/\/agora.xtec.cat\/ceipelspins\/wp-json\/wp\/v2\/users\/1"}],"replies":[{"embeddable":true,"href":"https:\/\/agora.xtec.cat\/ceipelspins\/wp-json\/wp\/v2\/comments?post=964"}],"version-history":[{"count":3,"href":"https:\/\/agora.xtec.cat\/ceipelspins\/wp-json\/wp\/v2\/pages\/964\/revisions"}],"predecessor-version":[{"id":19876,"href":"https:\/\/agora.xtec.cat\/ceipelspins\/wp-json\/wp\/v2\/pages\/964\/revisions\/19876"}],"up":[{"embeddable":true,"href":"https:\/\/agora.xtec.cat\/ceipelspins\/wp-json\/wp\/v2\/pages\/2879"}],"wp:attachment":[{"href":"https:\/\/agora.xtec.cat\/ceipelspins\/wp-json\/wp\/v2\/media?parent=964"}],"curies":[{"name":"wp","href":"https:\/\/api.w.org\/{rel}","templated":true}]}}