{"id":959,"date":"2017-10-24T12:23:58","date_gmt":"2017-10-24T10:23:58","guid":{"rendered":"http:\/\/agora.xtec.cat\/ceipelspins\/?page_id=959"},"modified":"2020-09-28T10:38:24","modified_gmt":"2020-09-28T08:38:24","slug":"claki","status":"publish","type":"page","link":"https:\/\/agora.xtec.cat\/ceipelspins\/projectes\/claki\/","title":{"rendered":"CLAKI"},"content":{"rendered":"<p><strong>El projecte Claki <\/strong>\u00e9s una iniciativa per recollir oli de cuina usat i reciclar-lo. Aquest projecte ha suposat la col\u00b7laboraci\u00f3 de tota la comunitat escolar. El fet de recollir els olis usats evita que aquests vagin a parar a les aig\u00fces residuals i que contaminin el medi natural. A m\u00e9s, aquests olis s\u2019utilitzen per a la fabricaci\u00f3 de combustibles alternatius, com el biodi\u00e8sel.<\/p>\n<p><span style=\"font-family: inherit; font-size: 1em;\">Els\u00a0<\/span><strong style=\"font-family: inherit; font-size: 1em;\">CLAKIS<\/strong><span style=\"font-family: inherit; font-size: 1em;\">, que cada fam\u00edlia s\u2019end\u00fa cap a casa, s\u00f3n les ampolles especialitzades on recollim l&#8217;oli. Quan l\u2019env\u00e0s est\u00e0 ple, es pot portar a l\u2019escola i substituir-lo per un claki net. Els divendres s\u00f3n els dies de recollida.\u00a0<\/span><\/p>\n<p><a href=\"https:\/\/www.claki.cat\">https:\/\/www.claki.cat<\/a><\/p>\n<p><img loading=\"lazy\" decoding=\"async\" class=\"aligncenter size-full wp-image-8518\" src=\"https:\/\/agora.xtec.cat\/ceipelspins\/wp-content\/uploads\/usu319\/2020\/09\/CLAKI-1.png\" alt=\"\" width=\"667\" height=\"815\" srcset=\"https:\/\/agora.xtec.cat\/ceipelspins\/wp-content\/uploads\/usu319\/2020\/09\/CLAKI-1.png 667w, https:\/\/agora.xtec.cat\/ceipelspins\/wp-content\/uploads\/usu319\/2020\/09\/CLAKI-1-246x300.png 246w\" sizes=\"auto, (max-width: 667px) 100vw, 667px\" \/><\/p>\n<p>&nbsp;<\/p>\n<div id=\"gtx-trans\" style=\"position: absolute; left: 149px; top: 241.82px;\">\n<div class=\"gtx-trans-icon\"><\/div>\n<\/div>\n","protected":false},"excerpt":{"rendered":"<p>El projecte Claki \u00e9s una iniciativa per recollir oli de cuina usat i reciclar-lo. Aquest projecte ha suposat la col\u00b7laboraci\u00f3 de tota la comunitat escolar. El fet de recollir els olis usats evita que aquests vagin a parar a les aig\u00fces residuals i que contaminin&hellip;  <a href=\"https:\/\/agora.xtec.cat\/ceipelspins\/projectes\/claki\/\" title=\"Read CLAKI\">Llegeix m\u00e9s\u00bb<\/a><\/p>\n","protected":false},"author":1,"featured_media":0,"parent":2879,"menu_order":7,"comment_status":"closed","ping_status":"closed","template":"page-templates\/side-menu.php","meta":{"_bbp_topic_count":0,"_bbp_reply_count":0,"_bbp_total_topic_count":0,"_bbp_total_reply_count":0,"_bbp_voice_count":0,"_bbp_anonymous_reply_count":0,"_bbp_topic_count_hidden":0,"_bbp_reply_count_hidden":0,"_bbp_forum_subforum_count":0,"footnotes":""},"class_list":["post-959","page","type-page","status-publish","hentry"],"post_mailing_queue_ids":[],"_links":{"self":[{"href":"https:\/\/agora.xtec.cat\/ceipelspins\/wp-json\/wp\/v2\/pages\/959","targetHints":{"allow":["GET"]}}],"collection":[{"href":"https:\/\/agora.xtec.cat\/ceipelspins\/wp-json\/wp\/v2\/pages"}],"about":[{"href":"https:\/\/agora.xtec.cat\/ceipelspins\/wp-json\/wp\/v2\/types\/page"}],"author":[{"embeddable":true,"href":"https:\/\/agora.xtec.cat\/ceipelspins\/wp-json\/wp\/v2\/users\/1"}],"replies":[{"embeddable":true,"href":"https:\/\/agora.xtec.cat\/ceipelspins\/wp-json\/wp\/v2\/comments?post=959"}],"version-history":[{"count":4,"href":"https:\/\/agora.xtec.cat\/ceipelspins\/wp-json\/wp\/v2\/pages\/959\/revisions"}],"predecessor-version":[{"id":8520,"href":"https:\/\/agora.xtec.cat\/ceipelspins\/wp-json\/wp\/v2\/pages\/959\/revisions\/8520"}],"up":[{"embeddable":true,"href":"https:\/\/agora.xtec.cat\/ceipelspins\/wp-json\/wp\/v2\/pages\/2879"}],"wp:attachment":[{"href":"https:\/\/agora.xtec.cat\/ceipelspins\/wp-json\/wp\/v2\/media?parent=959"}],"curies":[{"name":"wp","href":"https:\/\/api.w.org\/{rel}","templated":true}]}}