{"id":953,"date":"2017-10-24T12:18:40","date_gmt":"2017-10-24T10:18:40","guid":{"rendered":"http:\/\/agora.xtec.cat\/ceipelspins\/?page_id=953"},"modified":"2024-01-26T13:04:50","modified_gmt":"2024-01-26T12:04:50","slug":"projecte-socialitzador-de-llibres","status":"publish","type":"page","link":"https:\/\/agora.xtec.cat\/ceipelspins\/projectes\/projecte-socialitzador-de-llibres\/","title":{"rendered":"PROJECTE  LLIBRES"},"content":{"rendered":"<p>&nbsp;<\/p>\n<p>Benvolgudes fam\u00edlies,<\/p>\n<p>Des de l&#8217;AFA oferim un servei de compra conjunta per a totes les fam\u00edlies associades a l&#8217;AFA per tal de gaudir del descompte que ens proposen les editorials. Trobareu el llistat i l&#8217;import corresponents al curs vinent que far\u00e0 el vostre fill\/a en l&#8217;arxiu adjunt.<\/p>\n<p>Les fam\u00edlies que\u00a0<strong>S\u00cd<\/strong> que vulguin participar de la compra conjunta se&#8217;ls passar\u00e0 el c\u00e0rrec al <strong>JUNY <\/strong>de:<\/p>\n<p>&#8211; SOCI DE L&#8217;AMPA: 25 \u20ac per fam\u00edlia. C\u00e0rrec em\u00e8s per l&#8217;AMPA<\/p>\n<p>&#8211; LLIBRES I MATERIAL CURRICULAR (quadernets, projectes, llic\u00e8ncies digitals, etc.): import en funci\u00f3 del curs que far\u00e0 el vostre fill\/a. C\u00e0rrec em\u00e8s per l&#8217;escola.<\/p>\n<p>El material, com cada any, el trobaran els nostres fills i filles el primer dia de setembre a la seva classe i els llibres de text que fins ara hem socialitzat es quedaran tamb\u00e9 a l&#8217;aula per consulta.<\/p>\n<p>Qualsevol dubte o aclariment\u00a0\u00a0ens podeu trobar a\u00a0<a href=\"mailto:socialitzacioelspins@gmail.com\">socialitzacioelspins@gmail.com<\/a>.<\/p>\n","protected":false},"excerpt":{"rendered":"<p>&nbsp;<br \/>\nBenvolgudes fam\u00edlies,<br \/>\nDes de l&#8217;AFA oferim un servei de compra conjunta per a totes les fam\u00edlies associades a l&#8217;AFA per tal de gaudir del descompte que ens proposen les editorials. Trobareu el llistat i l&#8217;import corresponents al curs vinent que far\u00e0 el vostre fill\/a en l&#8217;arxiu&hellip;  <a href=\"https:\/\/agora.xtec.cat\/ceipelspins\/projectes\/projecte-socialitzador-de-llibres\/\" title=\"Read PROJECTE  LLIBRES\">Llegeix m\u00e9s\u00bb<\/a><\/p>\n","protected":false},"author":1,"featured_media":0,"parent":2879,"menu_order":5,"comment_status":"closed","ping_status":"closed","template":"page-templates\/side-menu.php","meta":{"_bbp_topic_count":0,"_bbp_reply_count":0,"_bbp_total_topic_count":0,"_bbp_total_reply_count":0,"_bbp_voice_count":0,"_bbp_anonymous_reply_count":0,"_bbp_topic_count_hidden":0,"_bbp_reply_count_hidden":0,"_bbp_forum_subforum_count":0,"footnotes":""},"class_list":["post-953","page","type-page","status-publish","hentry"],"post_mailing_queue_ids":[],"_links":{"self":[{"href":"https:\/\/agora.xtec.cat\/ceipelspins\/wp-json\/wp\/v2\/pages\/953","targetHints":{"allow":["GET"]}}],"collection":[{"href":"https:\/\/agora.xtec.cat\/ceipelspins\/wp-json\/wp\/v2\/pages"}],"about":[{"href":"https:\/\/agora.xtec.cat\/ceipelspins\/wp-json\/wp\/v2\/types\/page"}],"author":[{"embeddable":true,"href":"https:\/\/agora.xtec.cat\/ceipelspins\/wp-json\/wp\/v2\/users\/1"}],"replies":[{"embeddable":true,"href":"https:\/\/agora.xtec.cat\/ceipelspins\/wp-json\/wp\/v2\/comments?post=953"}],"version-history":[{"count":4,"href":"https:\/\/agora.xtec.cat\/ceipelspins\/wp-json\/wp\/v2\/pages\/953\/revisions"}],"predecessor-version":[{"id":19872,"href":"https:\/\/agora.xtec.cat\/ceipelspins\/wp-json\/wp\/v2\/pages\/953\/revisions\/19872"}],"up":[{"embeddable":true,"href":"https:\/\/agora.xtec.cat\/ceipelspins\/wp-json\/wp\/v2\/pages\/2879"}],"wp:attachment":[{"href":"https:\/\/agora.xtec.cat\/ceipelspins\/wp-json\/wp\/v2\/media?parent=953"}],"curies":[{"name":"wp","href":"https:\/\/api.w.org\/{rel}","templated":true}]}}