{"id":948,"date":"2017-10-24T12:09:36","date_gmt":"2017-10-24T10:09:36","guid":{"rendered":"http:\/\/agora.xtec.cat\/ceipelspins\/?page_id=948"},"modified":"2018-02-18T14:13:25","modified_gmt":"2018-02-18T13:13:25","slug":"projecte-5050","status":"publish","type":"page","link":"https:\/\/agora.xtec.cat\/ceipelspins\/projectes\/projecte-5050\/","title":{"rendered":"PROJECTE 50\/50"},"content":{"rendered":"<p>La Diputaci\u00f3 de Barcelona (a trav\u00e9s de l&#8217;\u00c0rea de Territori i Sostenibilitat) lidera el projecte<strong style=\"font-family: inherit; font-size: 1em;\"> EURONET 50\/50 max.<\/strong><\/p>\n<p><strong style=\"font-family: inherit; font-size: 1em;\">Euronet 50\/50<\/strong><span style=\"font-family: inherit; font-size: 1em;\"> max \u00e9s un projecte europeu que incentiva l&#8217;estalvi energ\u00e8tic en edificis p\u00fablics a partir de l&#8217;aplicaci\u00f3 de bones pr\u00e0ctiques en l&#8217;\u00fas i la gesti\u00f3 de l&#8217;energia. La metodologia que es fa servir \u00e9s el 50\/50, que consisteix en introduir incentius econ\u00f2mics a l&#8217;estalvi energ\u00e8tic aconseguit.<\/span><\/p>\n<p>La metodologia 50\/50 \u00e9s una metodologia de 9 passos enfocada a la consecuci\u00f3 de l&#8217;estalvi econ\u00f2mic i energ\u00e8tic en un edifici. Involucra activament als usuaris dels edificis en el proc\u00e9s de gesti\u00f3 de l&#8217;energia i els ensenya comportaments respectuosos amb el medi ambient a trav\u00e9s d&#8217;accions pr\u00e0ctiques.<\/p>\n<p><a href=\"http:\/\/euronet50-50max.eu\/ca\/area-for-schools\/area-for-schools\">WEB PROJECTE 50\/50<\/a><\/p>\n","protected":false},"excerpt":{"rendered":"<p>La Diputaci\u00f3 de Barcelona (a trav\u00e9s de l&#8217;\u00c0rea de Territori i Sostenibilitat) lidera el projecte EURONET 50\/50 max.<br \/>\nEuronet 50\/50 max \u00e9s un projecte europeu que incentiva l&#8217;estalvi energ\u00e8tic en edificis p\u00fablics a partir de l&#8217;aplicaci\u00f3 de bones pr\u00e0ctiques en l&#8217;\u00fas i la gesti\u00f3 de l&#8217;energia.&hellip;  <a href=\"https:\/\/agora.xtec.cat\/ceipelspins\/projectes\/projecte-5050\/\" title=\"Read PROJECTE 50\/50\">Llegeix m\u00e9s\u00bb<\/a><\/p>\n","protected":false},"author":1,"featured_media":0,"parent":2879,"menu_order":3,"comment_status":"closed","ping_status":"closed","template":"page-templates\/side-menu.php","meta":{"_bbp_topic_count":0,"_bbp_reply_count":0,"_bbp_total_topic_count":0,"_bbp_total_reply_count":0,"_bbp_voice_count":0,"_bbp_anonymous_reply_count":0,"_bbp_topic_count_hidden":0,"_bbp_reply_count_hidden":0,"_bbp_forum_subforum_count":0,"footnotes":""},"class_list":["post-948","page","type-page","status-publish","hentry"],"post_mailing_queue_ids":[],"_links":{"self":[{"href":"https:\/\/agora.xtec.cat\/ceipelspins\/wp-json\/wp\/v2\/pages\/948","targetHints":{"allow":["GET"]}}],"collection":[{"href":"https:\/\/agora.xtec.cat\/ceipelspins\/wp-json\/wp\/v2\/pages"}],"about":[{"href":"https:\/\/agora.xtec.cat\/ceipelspins\/wp-json\/wp\/v2\/types\/page"}],"author":[{"embeddable":true,"href":"https:\/\/agora.xtec.cat\/ceipelspins\/wp-json\/wp\/v2\/users\/1"}],"replies":[{"embeddable":true,"href":"https:\/\/agora.xtec.cat\/ceipelspins\/wp-json\/wp\/v2\/comments?post=948"}],"version-history":[{"count":3,"href":"https:\/\/agora.xtec.cat\/ceipelspins\/wp-json\/wp\/v2\/pages\/948\/revisions"}],"predecessor-version":[{"id":2886,"href":"https:\/\/agora.xtec.cat\/ceipelspins\/wp-json\/wp\/v2\/pages\/948\/revisions\/2886"}],"up":[{"embeddable":true,"href":"https:\/\/agora.xtec.cat\/ceipelspins\/wp-json\/wp\/v2\/pages\/2879"}],"wp:attachment":[{"href":"https:\/\/agora.xtec.cat\/ceipelspins\/wp-json\/wp\/v2\/media?parent=948"}],"curies":[{"name":"wp","href":"https:\/\/api.w.org\/{rel}","templated":true}]}}