{"id":946,"date":"2017-10-24T12:06:33","date_gmt":"2017-10-24T10:06:33","guid":{"rendered":"http:\/\/agora.xtec.cat\/ceipelspins\/?page_id=946"},"modified":"2018-02-18T13:22:14","modified_gmt":"2018-02-18T12:22:14","slug":"sharing-to-learn","status":"publish","type":"page","link":"https:\/\/agora.xtec.cat\/ceipelspins\/projectes\/sharing-to-learn\/","title":{"rendered":"SHARING TO LEARN"},"content":{"rendered":"<p>L\u2019objectiu principal \u00a0\u00e9s afavorir l\u2019intercanvi entre alumnat de diferents etapes educatives (ESO-BATXILLER-PRIM\u00c0RIA) i donar\u00a0suport a la millora de l\u2019expressi\u00f3 oral en llengua anglesa, per tal de facilitar l\u2019acc\u00e9s a entorns\u00a0pluriling\u00fces i pluriculturals a l\u2019alumnat participant.<\/p>\n<p>A la nostra escola aquest projecte est\u00e0 adre\u00e7at a l&#8217;alumnat de cicle superior. Els alumnes de l&#8217;institut Francesc Maci\u00e0 de Cornell\u00e0 de Llobregat, assisteixen a l&#8217;escola un cop a la setmana al tallers pl\u00e0stics de cicle superior. En aquest, conjuntament amb la mestra especialista en angl\u00e8s, els language assistants ajuden a preparar una obra de teatre en angl\u00e8s amb els nostres nens i nenes. Aquesta obra \u00e9s presenta a les fam\u00edlies en el nostre rac\u00f3 del conte, amb un escenari creat pel propi alumnat.<\/p>\n<p><a href=\"http:\/\/agora.xtec.cat\/ceipelspins\/wp-content\/uploads\/usu319\/2014\/09\/sharing_to_learn.pdf\">SHARING TO LEARN<\/a><\/p>\n<p><a href=\"http:\/\/compartirperaprendre.blogspot.com.es\/\">WEB RECURSOS SHARING TO LEARN<\/a><\/p>\n","protected":false},"excerpt":{"rendered":"<p>L\u2019objectiu principal \u00a0\u00e9s afavorir l\u2019intercanvi entre alumnat de diferents etapes educatives (ESO-BATXILLER-PRIM\u00c0RIA) i donar\u00a0suport a la millora de l\u2019expressi\u00f3 oral en llengua anglesa, per tal de facilitar l\u2019acc\u00e9s a entorns\u00a0pluriling\u00fces i pluriculturals a l\u2019alumnat participant.<br \/>\nA la nostra escola aquest projecte est\u00e0 adre\u00e7at a l&#8217;alumnat de&hellip;  <a href=\"https:\/\/agora.xtec.cat\/ceipelspins\/projectes\/sharing-to-learn\/\" title=\"Read SHARING TO LEARN\">Llegeix m\u00e9s\u00bb<\/a><\/p>\n","protected":false},"author":1,"featured_media":0,"parent":2879,"menu_order":2,"comment_status":"closed","ping_status":"closed","template":"page-templates\/side-menu.php","meta":{"_bbp_topic_count":0,"_bbp_reply_count":0,"_bbp_total_topic_count":0,"_bbp_total_reply_count":0,"_bbp_voice_count":0,"_bbp_anonymous_reply_count":0,"_bbp_topic_count_hidden":0,"_bbp_reply_count_hidden":0,"_bbp_forum_subforum_count":0,"footnotes":""},"class_list":["post-946","page","type-page","status-publish","hentry"],"post_mailing_queue_ids":[],"_links":{"self":[{"href":"https:\/\/agora.xtec.cat\/ceipelspins\/wp-json\/wp\/v2\/pages\/946","targetHints":{"allow":["GET"]}}],"collection":[{"href":"https:\/\/agora.xtec.cat\/ceipelspins\/wp-json\/wp\/v2\/pages"}],"about":[{"href":"https:\/\/agora.xtec.cat\/ceipelspins\/wp-json\/wp\/v2\/types\/page"}],"author":[{"embeddable":true,"href":"https:\/\/agora.xtec.cat\/ceipelspins\/wp-json\/wp\/v2\/users\/1"}],"replies":[{"embeddable":true,"href":"https:\/\/agora.xtec.cat\/ceipelspins\/wp-json\/wp\/v2\/comments?post=946"}],"version-history":[{"count":2,"href":"https:\/\/agora.xtec.cat\/ceipelspins\/wp-json\/wp\/v2\/pages\/946\/revisions"}],"predecessor-version":[{"id":2872,"href":"https:\/\/agora.xtec.cat\/ceipelspins\/wp-json\/wp\/v2\/pages\/946\/revisions\/2872"}],"up":[{"embeddable":true,"href":"https:\/\/agora.xtec.cat\/ceipelspins\/wp-json\/wp\/v2\/pages\/2879"}],"wp:attachment":[{"href":"https:\/\/agora.xtec.cat\/ceipelspins\/wp-json\/wp\/v2\/media?parent=946"}],"curies":[{"name":"wp","href":"https:\/\/api.w.org\/{rel}","templated":true}]}}