{"id":649,"date":"2017-02-24T09:12:09","date_gmt":"2017-02-24T08:12:09","guid":{"rendered":"http:\/\/agora.xtec.cat\/ceipelspins\/?page_id=649"},"modified":"2025-10-22T12:20:25","modified_gmt":"2025-10-22T10:20:25","slug":"lescola-2","status":"publish","type":"page","link":"https:\/\/agora.xtec.cat\/ceipelspins\/lescola-2\/","title":{"rendered":"LA NOSTRA ESCOLA"},"content":{"rendered":"<h5>L&#8217;escola Els Pins neix a l&#8217;any 1975 quan l&#8217;Ajuntament de Cornell\u00e0 va comprar la Masia anomenada &#8220;Casa Plena&#8221; constru\u00efda a l&#8217;any 1591.<\/h5>\n<h5>Els antics propietaris van prometre que els pins que hi havia aleshores no es tallarien i d&#8217;aqu\u00ed el nom actual de la nostra escola; fins l&#8217;any 1996, per\u00f2, l&#8217;escola rebia el nom de Pius XII fent honor al carrer on es troba,<\/h5>\n<h5>Est\u00e0 situada al barri Centre, nucli antic de la poblaci\u00f3 de Cornell\u00e0 de Llobregat, on es troben gran part de les institucions p\u00fabliques de la ciutat (Ajuntament, regidories,&#8230;).<\/h5>\n<h5>El nostre centre \u00e9s una escola p\u00fablica de doble l\u00ednia amb 25 alumnes per classe, que conformen un total de 450 alumnes. Disposem de 19 Unitats: 7 a Educaci\u00f3 Infantil (comptabilitzant la triplicaci\u00f3 dels grups de P3 amb 16\/17 alumnes per aula) i 12 d&#8217;Educaci\u00f3 Prim\u00e0ria.<\/h5>\n<p>&nbsp;<\/p>\n<p><a href=\"https:\/\/agora.xtec.cat\/ceipelspins\/wp-content\/uploads\/usu319\/2025\/10\/Copia-de-2023-Video-portes-obertes.jpg\"><img loading=\"lazy\" decoding=\"async\" class=\"aligncenter wp-image-24515\" src=\"https:\/\/agora.xtec.cat\/ceipelspins\/wp-content\/uploads\/usu319\/2025\/10\/Copia-de-2023-Video-portes-obertes.jpg\" alt=\"\" width=\"739\" height=\"416\" srcset=\"https:\/\/agora.xtec.cat\/ceipelspins\/wp-content\/uploads\/usu319\/2025\/10\/Copia-de-2023-Video-portes-obertes.jpg 1920w, https:\/\/agora.xtec.cat\/ceipelspins\/wp-content\/uploads\/usu319\/2025\/10\/Copia-de-2023-Video-portes-obertes-300x169.jpg 300w, https:\/\/agora.xtec.cat\/ceipelspins\/wp-content\/uploads\/usu319\/2025\/10\/Copia-de-2023-Video-portes-obertes-1024x576.jpg 1024w, https:\/\/agora.xtec.cat\/ceipelspins\/wp-content\/uploads\/usu319\/2025\/10\/Copia-de-2023-Video-portes-obertes-768x432.jpg 768w, https:\/\/agora.xtec.cat\/ceipelspins\/wp-content\/uploads\/usu319\/2025\/10\/Copia-de-2023-Video-portes-obertes-1536x864.jpg 1536w\" sizes=\"auto, (max-width: 739px) 100vw, 739px\" \/><\/a><\/p>\n","protected":false},"excerpt":{"rendered":"<p>L&#8217;escola Els Pins neix a l&#8217;any 1975 quan l&#8217;Ajuntament de Cornell\u00e0 va comprar la Masia anomenada &#8220;Casa Plena&#8221; constru\u00efda a l&#8217;any 1591.<br \/>\nEls antics propietaris van prometre que els pins que hi havia aleshores no es tallarien i d&#8217;aqu\u00ed el nom actual de la nostra escola;&hellip;  <a href=\"https:\/\/agora.xtec.cat\/ceipelspins\/lescola-2\/\" title=\"Read LA NOSTRA ESCOLA\">Llegeix m\u00e9s\u00bb<\/a><\/p>\n","protected":false},"author":1,"featured_media":0,"parent":0,"menu_order":0,"comment_status":"closed","ping_status":"closed","template":"page-templates\/side-menu.php","meta":{"_bbp_topic_count":0,"_bbp_reply_count":0,"_bbp_total_topic_count":0,"_bbp_total_reply_count":0,"_bbp_voice_count":0,"_bbp_anonymous_reply_count":0,"_bbp_topic_count_hidden":0,"_bbp_reply_count_hidden":0,"_bbp_forum_subforum_count":0,"footnotes":""},"class_list":["post-649","page","type-page","status-publish","hentry"],"post_mailing_queue_ids":[],"_links":{"self":[{"href":"https:\/\/agora.xtec.cat\/ceipelspins\/wp-json\/wp\/v2\/pages\/649","targetHints":{"allow":["GET"]}}],"collection":[{"href":"https:\/\/agora.xtec.cat\/ceipelspins\/wp-json\/wp\/v2\/pages"}],"about":[{"href":"https:\/\/agora.xtec.cat\/ceipelspins\/wp-json\/wp\/v2\/types\/page"}],"author":[{"embeddable":true,"href":"https:\/\/agora.xtec.cat\/ceipelspins\/wp-json\/wp\/v2\/users\/1"}],"replies":[{"embeddable":true,"href":"https:\/\/agora.xtec.cat\/ceipelspins\/wp-json\/wp\/v2\/comments?post=649"}],"version-history":[{"count":5,"href":"https:\/\/agora.xtec.cat\/ceipelspins\/wp-json\/wp\/v2\/pages\/649\/revisions"}],"predecessor-version":[{"id":24517,"href":"https:\/\/agora.xtec.cat\/ceipelspins\/wp-json\/wp\/v2\/pages\/649\/revisions\/24517"}],"wp:attachment":[{"href":"https:\/\/agora.xtec.cat\/ceipelspins\/wp-json\/wp\/v2\/media?parent=649"}],"curies":[{"name":"wp","href":"https:\/\/api.w.org\/{rel}","templated":true}]}}