{"id":627,"date":"2017-02-23T11:39:42","date_gmt":"2017-02-23T10:39:42","guid":{"rendered":"http:\/\/agora.xtec.cat\/ceipelspins\/?page_id=627"},"modified":"2023-10-02T10:37:04","modified_gmt":"2023-10-02T08:37:04","slug":"representants","status":"publish","type":"page","link":"https:\/\/agora.xtec.cat\/ceipelspins\/lescola-2\/consell-escolar-2\/representants\/","title":{"rendered":"REPRESENTANTS"},"content":{"rendered":"<p>&nbsp;<\/p>\n<table style=\"width: 42.9954%; height: 367px;\">\n<tbody>\n<tr style=\"height: 137px;\">\n<td style=\"height: 137px;\" width=\"288\"><strong>EQUIP DIRECTIU<\/strong><\/td>\n<td style=\"height: 137px;\" width=\"288\">Joaquim Gonz\u00e1lez (Director)<\/p>\n<p>M\u00aa Jos\u00e9 Ayerbe (Cap d\u2019estudis)<\/p>\n<p>S\u00edlvia L\u00f3pez (Secret\u00e0ria)<\/td>\n<\/tr>\n<tr style=\"height: 33px;\">\n<td style=\"height: 33px;\" colspan=\"2\" width=\"576\"><strong>SECTORS<\/strong><\/td>\n<\/tr>\n<tr style=\"height: 65px;\">\n<td style=\"height: 65px;\" width=\"288\"><strong>MESTRES<\/strong><\/td>\n<td style=\"height: 65px;\" width=\"288\">Marta Amigo &#8211; Alba C\u00e1rdenas &#8211; Silvia Carretero &#8211; Sara Martos &#8211; Sonia Moreno &#8211; Aida V\u00e1zquez.<\/td>\n<\/tr>\n<tr style=\"height: 33px;\">\n<td style=\"height: 33px;\" width=\"288\"><strong>FAM\u00cdLIES<\/strong><\/td>\n<td style=\"height: 33px;\" width=\"288\">Rosa Carretero &#8211;\u00a0 N\u00faria Pros.<\/p>\n<p><span style=\"color: #ff6600;\">(3 vacants fins a les properes eleccions)<\/span><\/td>\n<\/tr>\n<tr style=\"height: 33px;\">\n<td style=\"height: 33px;\" width=\"288\"><strong>REPRESENTANT DE L\u2019AFA<\/strong><\/td>\n<td style=\"height: 33px;\" width=\"288\">Gl\u00f2ria Tasinato.<\/td>\n<\/tr>\n<tr style=\"height: 33px;\">\n<td style=\"height: 33px;\" width=\"288\"><strong>AJUNTAMENT<\/strong><\/td>\n<td style=\"height: 33px;\" width=\"288\">Enrique Vanacloig.<\/td>\n<\/tr>\n<tr style=\"height: 33px;\">\n<td style=\"height: 33px;\" width=\"288\"><strong>SERVEIS I ADMINISTRACI\u00d3<\/strong><\/td>\n<td style=\"height: 33px;\" width=\"288\"><span style=\"color: #ff6600;\">Vacant fins a les properes eleccions.<\/span><\/td>\n<\/tr>\n<\/tbody>\n<\/table>\n<p>&nbsp;<\/p>\n<p><strong>COMISSIONS DEL CONSELL\u00a0 ESCOLAR:<\/strong><\/p>\n<ul>\n<li><strong>Permanent: <\/strong><\/li>\n<\/ul>\n<table style=\"width: 43.8655%;\" width=\"595\">\n<tbody>\n<tr>\n<td style=\"width: 16.3786%;\"><strong>Direcci\u00f3<\/strong><\/td>\n<td style=\"width: 22.0572%;\"><strong>Cap d\u2019estudis<\/strong><\/td>\n<td style=\"width: 19.4056%;\"><strong>Secret\u00e0ria<\/strong><\/td>\n<td style=\"width: 21.5852%;\"><strong>Mestres<\/strong><\/td>\n<td style=\"width: 20.7322%;\"><strong>Fam\u00edlies<\/strong><\/td>\n<\/tr>\n<tr>\n<td style=\"width: 16.3786%;\">Joaquim Gonz\u00e1lez<\/td>\n<td style=\"width: 22.0572%;\">M\u00aa Jos\u00e9 Ayerbe<\/td>\n<td style=\"width: 19.4056%;\">S\u00edlvia L\u00f3pez<\/td>\n<td style=\"width: 21.5852%;\">Silvia Carretero<\/td>\n<td style=\"width: 20.7322%;\"><span style=\"color: #ff6600;\">Vacant<\/span><\/td>\n<\/tr>\n<\/tbody>\n<\/table>\n<p>&nbsp;<\/p>\n<ul>\n<li><strong>Econ\u00f2mica<\/strong>:<\/li>\n<\/ul>\n<table style=\"width: 43.1126%;\" width=\"595\">\n<tbody>\n<tr>\n<td style=\"width: 138px;\" width=\"119\"><strong>Direcci\u00f3<\/strong><\/td>\n<td style=\"width: 147px;\" width=\"126\"><strong>Secret\u00e0ria<\/strong><\/td>\n<td style=\"width: 154px;\" width=\"132\"><strong>Mestres<\/strong><\/td>\n<td style=\"width: 144px;\" width=\"124\"><strong>Fam\u00edlies<\/strong><\/td>\n<\/tr>\n<tr>\n<td style=\"width: 138px;\" width=\"119\">Joaquim Gonz\u00e1lez<\/td>\n<td style=\"width: 147px;\" width=\"126\">S\u00edlvia L\u00f3pez<\/td>\n<td style=\"width: 154px;\" width=\"132\">Marta Amigo<\/td>\n<td style=\"width: 144px;\" width=\"124\">Gl\u00f2ria Tasinato (AFA)<\/p>\n<p>N\u00faria Pros<\/td>\n<\/tr>\n<\/tbody>\n<\/table>\n<p>&nbsp;<\/p>\n<ul>\n<li><strong>De conviv\u00e8ncia<\/strong><\/li>\n<\/ul>\n<table width=\"595\">\n<tbody>\n<tr>\n<td width=\"123\"><strong>Direcci\u00f3<\/strong><\/td>\n<td width=\"161\"><strong>Cap d\u2019estudis<\/strong><\/td>\n<td width=\"142\"><strong>Mestres<\/strong><\/td>\n<td width=\"170\"><strong>Fam\u00edlies<\/strong><\/td>\n<\/tr>\n<tr>\n<td width=\"123\">Joaquim Gonz\u00e1lez<\/td>\n<td width=\"161\">M\u00aa Jos\u00e9 Ayerbe<\/td>\n<td width=\"142\">Sonia Moreno<\/td>\n<td width=\"170\"><span style=\"color: #ff6600;\">Vacant<\/span><\/td>\n<\/tr>\n<\/tbody>\n<\/table>\n<p>&nbsp;<\/p>\n<ul>\n<li><strong>De menjador<\/strong><\/li>\n<\/ul>\n<table width=\"595\">\n<tbody>\n<tr>\n<td width=\"123\"><strong>Direcci\u00f3<\/strong><\/td>\n<td width=\"132\"><strong>Secret\u00e0ria<\/strong><\/td>\n<td width=\"115\"><strong>Mestres<\/strong><\/td>\n<td width=\"225\"><strong>Fam\u00edlies<\/strong><\/td>\n<\/tr>\n<tr>\n<td width=\"123\">Joaquim Gonz\u00e1lez<\/td>\n<td width=\"132\">S\u00edlvia L\u00f3pez<\/td>\n<td width=\"115\">Aida V\u00e1zquez<\/td>\n<td width=\"225\">Gl\u00f2ria Tasinato (AFA)<\/p>\n<p>Rosa Carretero<\/td>\n<\/tr>\n<\/tbody>\n<\/table>\n","protected":false},"excerpt":{"rendered":"<p>&nbsp;<\/p>\n<p>EQUIP DIRECTIU<br \/>\nJoaquim Gonz\u00e1lez (Director)<br \/>\nM\u00aa Jos\u00e9 Ayerbe (Cap d\u2019estudis)<br \/>\nS\u00edlvia L\u00f3pez (Secret\u00e0ria)<\/p>\n<p>SECTORS<\/p>\n<p>MESTRES<br \/>\nMarta Amigo &#8211; Alba C\u00e1rdenas &#8211; Silvia Carretero &#8211; Sara Martos &#8211; Sonia Moreno &#8211; Aida V\u00e1zquez.<\/p>\n<p>FAM\u00cdLIES<br \/>\nRosa Carretero &#8211;\u00a0 N\u00faria Pros.<br \/>\n(3 vacants fins a les properes eleccions)<\/p>\n<p>REPRESENTANT DE L\u2019AFA<br \/>\nGl\u00f2ria Tasinato.<\/p>\n<p>AJUNTAMENT<br \/>\nEnrique Vanacloig.<\/p>\n<p>SERVEIS I ADMINISTRACI\u00d3<br \/>\nVacant fins a les&hellip;  <a href=\"https:\/\/agora.xtec.cat\/ceipelspins\/lescola-2\/consell-escolar-2\/representants\/\" title=\"Read REPRESENTANTS\">Llegeix m\u00e9s\u00bb<\/a><\/p>\n","protected":false},"author":1,"featured_media":0,"parent":624,"menu_order":1,"comment_status":"closed","ping_status":"closed","template":"","meta":{"_bbp_topic_count":0,"_bbp_reply_count":0,"_bbp_total_topic_count":0,"_bbp_total_reply_count":0,"_bbp_voice_count":0,"_bbp_anonymous_reply_count":0,"_bbp_topic_count_hidden":0,"_bbp_reply_count_hidden":0,"_bbp_forum_subforum_count":0,"footnotes":""},"class_list":["post-627","page","type-page","status-publish","hentry"],"post_mailing_queue_ids":[],"_links":{"self":[{"href":"https:\/\/agora.xtec.cat\/ceipelspins\/wp-json\/wp\/v2\/pages\/627","targetHints":{"allow":["GET"]}}],"collection":[{"href":"https:\/\/agora.xtec.cat\/ceipelspins\/wp-json\/wp\/v2\/pages"}],"about":[{"href":"https:\/\/agora.xtec.cat\/ceipelspins\/wp-json\/wp\/v2\/types\/page"}],"author":[{"embeddable":true,"href":"https:\/\/agora.xtec.cat\/ceipelspins\/wp-json\/wp\/v2\/users\/1"}],"replies":[{"embeddable":true,"href":"https:\/\/agora.xtec.cat\/ceipelspins\/wp-json\/wp\/v2\/comments?post=627"}],"version-history":[{"count":7,"href":"https:\/\/agora.xtec.cat\/ceipelspins\/wp-json\/wp\/v2\/pages\/627\/revisions"}],"predecessor-version":[{"id":18766,"href":"https:\/\/agora.xtec.cat\/ceipelspins\/wp-json\/wp\/v2\/pages\/627\/revisions\/18766"}],"up":[{"embeddable":true,"href":"https:\/\/agora.xtec.cat\/ceipelspins\/wp-json\/wp\/v2\/pages\/624"}],"wp:attachment":[{"href":"https:\/\/agora.xtec.cat\/ceipelspins\/wp-json\/wp\/v2\/media?parent=627"}],"curies":[{"name":"wp","href":"https:\/\/api.w.org\/{rel}","templated":true}]}}