{"id":36,"date":"2014-09-18T12:33:11","date_gmt":"2014-09-18T11:33:11","guid":{"rendered":"http:\/\/agora.xtec.cat\/ceipelspins\/?page_id=36"},"modified":"2025-04-10T15:10:38","modified_gmt":"2025-04-10T13:10:38","slug":"material-escolar","status":"publish","type":"page","link":"https:\/\/agora.xtec.cat\/ceipelspins\/lescola-2\/material-escolar\/","title":{"rendered":"EQUIP DE TREBALL"},"content":{"rendered":"<p>En aquesta p\u00e0gina trobareu les graelles on figura l&#8217;equip docent, les coordinacions, les comissions i els professionals dels serveis externs del curs 2023-2024<\/p>\n<table>\n<tbody>\n<tr>\n<td>DIRECTOR<\/td>\n<td><strong>Quim Gonz\u00e1lez<\/strong><\/td>\n<\/tr>\n<tr>\n<td>CAP D&#8217;ESTUDIS<\/td>\n<td><strong>M\u00aa Jos\u00e9 Ayerbe<\/strong><\/td>\n<\/tr>\n<tr>\n<td>SECRET\u00c0RIA<\/td>\n<td><strong>S\u00edlvia L\u00f3pez<\/strong><\/td>\n<\/tr>\n<\/tbody>\n<\/table>\n<p><strong>TUTORIES- INFANTIL<\/strong><\/p>\n<table class=\" cc_cursor\" style=\"width: 67.7364%;\" width=\"680\">\n<tbody>\n<tr>\n<td style=\"width: 57.6626%;\">I-3 A: <strong>Silvia Carretero<\/strong><\/td>\n<td style=\"width: 42.8886%;\">I-3 B: <strong>Sonia Moreno<\/strong><\/td>\n<\/tr>\n<tr>\n<td style=\"width: 57.6626%;\">I-4 A: <strong>Sheila Garc\u00eda<\/strong><\/td>\n<td style=\"width: 42.8886%;\">I-4 B: <strong>Txell P\u00e9rez<\/strong><\/td>\n<\/tr>\n<tr>\n<td style=\"width: 57.6626%;\">I-5 A: <strong>\u00a0Ana M\u00aa Garc\u00eda<\/strong><\/td>\n<td style=\"width: 42.8886%;\">I-5 B: <strong>Ona Vendrell (Vanessa Rinc\u00f3n)<\/strong><\/td>\n<\/tr>\n<tr>\n<td style=\"width: 100.551%;\" colspan=\"2\">Refor\u00e7 Psicomotricitat: <strong>Marta Fuentes<\/strong><\/td>\n<\/tr>\n<tr>\n<td style=\"width: 100.551%;\" colspan=\"2\">TEI: <b>Mariam Molina<\/b><strong>\u00a0 \u00a0 \u00a0 \u00a0 \u00a0 \u00a0\u00a0<\/strong><\/td>\n<\/tr>\n<tr>\n<td style=\"width: 100.551%;\" colspan=\"2\">LLENGUA ANGLESA i ROB\u00d2TICA: <strong>Emma Romero<\/strong><\/td>\n<\/tr>\n<tr>\n<td style=\"width: 100.551%;\" colspan=\"2\">EDUCACI\u00d3 ESPECIAL I COORDINADORA DE CICLE: <b>M\u00aa Pilar Manzano<\/b><\/td>\n<\/tr>\n<\/tbody>\n<\/table>\n<p><strong>TUTORIES \u2013 PRIM\u00c0RIA<\/strong><\/p>\n<table style=\"width: 68.0631%;\" width=\"622\">\n<tbody>\n<tr>\n<td style=\"width: 50.3105%;\" width=\"338\">1r A: <strong>Diana Iglesias<\/strong><\/td>\n<td style=\"width: 82.8929%;\" width=\"283\">1r B: <strong>Laura S\u00e1nchez<\/strong><\/td>\n<\/tr>\n<tr>\n<td style=\"width: 50.3105%;\" width=\"338\">2n A: <strong>M\u00aa Carmen G\u00f3mez<\/strong><\/td>\n<td style=\"width: 82.8929%;\" width=\"283\">2n B: <strong>Llu\u00efsa Calvo<\/strong><\/td>\n<\/tr>\n<tr>\n<td style=\"width: 50.3105%;\" width=\"338\"><span style=\"font-weight: 400;\">EDUCACI\u00d3 F\u00cdSICA:<strong> Llu\u00efsa Calvo<\/strong><\/span><\/td>\n<td style=\"width: 82.8929%;\" width=\"283\"><span style=\"font-weight: 400;\">LLENGUA ANGLESA, SCIENCE I COORDINADORA DE CICLE: <b>Ana Navarro<\/b><\/span><\/td>\n<\/tr>\n<tr>\n<td style=\"width: 50.3105%;\" width=\"338\"><span style=\"font-weight: 400;\">M\u00daSICA: <strong>N\u00faria Iserte<\/strong><\/span><\/td>\n<td style=\"width: 82.8929%;\" width=\"283\"><span style=\"font-weight: 400;\">EDUCACI\u00d3 ESPECIAL: <strong>Esther Navarro<\/strong><\/span><\/td>\n<\/tr>\n<tr>\n<td style=\"width: 50.3105%;\"><span style=\"font-weight: 400;\">SUPORT: <strong>Quim Gonz\u00e1lez\u00a0 \u00a0 \u00a0 \u00a0 \u00a0 <\/strong>ROB\u00d2TICA<strong>: M\u00aa Jos\u00e9 Ayerbe<\/strong><\/span><\/td>\n<td style=\"width: 82.8929%;\"><span style=\"font-weight: 400;\">\u00a0<\/span><\/td>\n<\/tr>\n<\/tbody>\n<\/table>\n<table class=\" cc_cursor\" style=\"height: 124px; width: 68.0623%;\">\n<tbody>\n<tr style=\"height: 32px;\">\n<td style=\"height: 32px; width: 49.9872%;\">3r A: <strong>B\u00e1rbara Fern\u00e1ndez<\/strong><\/td>\n<td style=\"height: 32px; width: 88.9263%;\">3r B: <strong>Marina Bastardi<\/strong><\/td>\n<\/tr>\n<tr style=\"height: 32px;\">\n<td style=\"height: 22px; width: 49.9872%;\">4t A:\u00a0 <strong>Vicky C.<\/strong><\/td>\n<td style=\"height: 22px; width: 88.9263%;\">4t B: <strong>H\u00e9ctor S\u00e1nchez<\/strong><\/td>\n<\/tr>\n<tr style=\"height: 32px;\">\n<td style=\"height: 32px; width: 49.9872%;\">EDUCACI\u00d3 F\u00cdSICA: <strong>Daniel Caballo<\/strong><\/td>\n<td style=\"height: 32px; width: 88.9263%;\">LLENGUA ANGLESA,\u00a0 SCIENCE I COORDINADORA DE CICLE: <strong>Marta Amigo<\/strong><\/td>\n<\/tr>\n<tr style=\"height: 38px;\">\n<td style=\"height: 38px; width: 49.9872%;\">M\u00daSICA: <strong>N\u00faria Iserte<\/strong><\/td>\n<td style=\"height: 38px; width: 88.9263%;\">EDUCACI\u00d3 ESPECIAL: <strong>Laia Navarro<\/strong><\/td>\n<\/tr>\n<\/tbody>\n<\/table>\n<table style=\"width: 67.9165%; height: 33px;\">\n<tbody>\n<tr style=\"height: 33px;\">\n<td style=\"width: 50.8648%; height: 33px;\"><span style=\"font-weight: 400;\">SUPORT: <strong>Quim Gonz\u00e1lez\u00a0 \u00a0 \u00a0 \u00a0 \u00a0 <\/strong>ROB\u00d2TICA<strong>: M\u00aa Jos\u00e9 Ayerbe<\/strong><\/span><\/td>\n<td style=\"width: 135.29%; height: 33px;\"><span style=\"font-weight: 400;\">\u00a0AULA ACOLLIDA: <strong>Esther Navarro<\/strong><\/span><\/td>\n<\/tr>\n<\/tbody>\n<\/table>\n<table class=\" cc_cursor\" style=\"width: 67.8698%; height: 211px;\">\n<tbody>\n<tr>\n<td style=\"width: 50.5992%;\">5\u00e8 A: <strong>Sara Martos<\/strong><\/td>\n<td style=\"width: 84.7257%;\">5\u00e8 B: <strong>S\u00edlvia L\u00f3pez<\/strong><\/td>\n<\/tr>\n<tr>\n<td style=\"width: 50.5992%;\">6\u00e8 A: <strong>Clara M\u00e1rquez<\/strong><\/td>\n<td style=\"width: 84.7257%;\">6\u00e8 B: <strong>Aida V\u00e1zquez\u00a0<\/strong><\/td>\n<\/tr>\n<tr>\n<td style=\"width: 50.5992%;\">EDUCACI\u00d3 F\u00cdSICA: <strong>Daniel Caballo\u00a0<\/strong><\/td>\n<td style=\"width: 84.7257%;\">LLENGUA ANGLESA, EXPERIMENTS i COORDINADORA DE CICLE: <strong>Alba C\u00e1rdenas<\/strong><\/td>\n<\/tr>\n<tr>\n<td style=\"width: 50.5992%;\">M\u00daSICA: <strong>N\u00faria Iserte<\/strong><\/td>\n<td style=\"width: 84.7257%;\">EDUCACI\u00d3 ESPECIAL: <strong>Laia Navarro<\/strong><\/td>\n<\/tr>\n<tr>\n<td style=\"width: 50.5992%;\"><span style=\"font-weight: 400;\">SUPORT: <strong>Quim Gonz\u00e1lez\u00a0 \u00a0 \u00a0 \u00a0 \u00a0 <\/strong>ROB\u00d2TICA<strong>: M\u00aa Jos\u00e9 Ayerbe<\/strong><\/span><\/td>\n<td style=\"width: 84.7257%;\"><span style=\"font-weight: 400;\">AULA ACOLLIDA: <strong>Esther Navarro<\/strong><\/span><\/td>\n<\/tr>\n<tr>\n<td style=\"width: 50.5992%;\"><\/td>\n<td style=\"width: 84.7257%;\"><\/td>\n<\/tr>\n<\/tbody>\n<\/table>\n<p>&nbsp;<\/p>\n<p><b>COORDINACIONS<\/b><\/p>\n<table style=\"height: 168px;\" width=\"365\">\n<tbody>\n<tr style=\"height: 31px;\">\n<td style=\"height: 31px; width: 360px;\">\n<p style=\"text-align: justify;\"><strong>COORDINACIONS DE CICLE<\/strong><\/p>\n<\/td>\n<\/tr>\n<tr style=\"height: 34px;\">\n<td style=\"height: 48px; width: 360px;\"><strong>Coordinadora de cicle d\u2019infantil: <\/strong>M\u00aa Pilar Manzano<\/td>\n<\/tr>\n<tr style=\"height: 29px;\">\n<td style=\"height: 36px; width: 360px;\"><strong>Coordinador de cicle inicial: <\/strong><span style=\"font-weight: 400;\">Anna Navarro<\/span><\/td>\n<\/tr>\n<tr style=\"height: 35px;\">\n<td style=\"height: 43px; width: 360px;\"><strong>Coordinadora de cicle mitj\u00e0: <\/strong>Marta Amigo<\/td>\n<\/tr>\n<tr style=\"height: 56px;\">\n<td style=\"height: 10px; width: 360px;\"><strong>Coordinadora de cicle superior: <\/strong>Alba C\u00e1rdenas<\/td>\n<\/tr>\n<\/tbody>\n<\/table>\n<table style=\"height: 200px;\">\n<tbody>\n<tr style=\"height: 56px;\">\n<td style=\"height: 10px; width: 358.333px;\"><strong>ALTRES COORDINACIONS<\/strong><\/td>\n<\/tr>\n<tr style=\"height: 56px;\">\n<td style=\"height: 48px; width: 358.333px;\"><strong>Riscos Laborals:<\/strong> \u00a0M\u00aa Carmen G\u00f3mez<\/td>\n<\/tr>\n<tr style=\"height: 56px;\">\n<td style=\"height: 45px; width: 358.333px;\"><strong>DIGITAL: <\/strong>Daniel Caballo<\/td>\n<\/tr>\n<tr style=\"height: 56px;\">\n<td style=\"height: 42px; width: 358.333px;\">\u00a0<strong>LIC:<\/strong> Alba C\u00e1rdenas<\/td>\n<\/tr>\n<tr style=\"height: 40px;\">\n<td style=\"height: 55px; width: 358.333px;\"><strong>COCOBE:<\/strong> Silvia Carretero<\/td>\n<\/tr>\n<\/tbody>\n<\/table>\n<p><b>COMISSIONS PEDAG\u00d2GIQUES<\/b><strong>\u00a0<\/strong><strong>\u00a0<\/strong><\/p>\n<table width=\"650\">\n<tbody>\n<tr>\n<td colspan=\"2\" width=\"650\"><strong>COORDINACIONS DOCENTS\/COMISSIONS<\/strong><\/td>\n<\/tr>\n<tr>\n<td width=\"224\"><strong>CONSELL DIRECCI\u00d3<\/strong><\/td>\n<td width=\"426\">EQUIP DIRECTIU + COORDINADORS DE CICLE<\/td>\n<\/tr>\n<tr>\n<td width=\"224\"><strong>C.A.E.I<\/strong><\/td>\n<td width=\"426\">DIRECTOR, CAP D\u2019ESTUDIS, EAP, MESTRES E.E, COORDINADORS CICLE<\/td>\n<\/tr>\n<tr>\n<td width=\"224\"><strong>COMISSI\u00d3 SOCIAL<\/strong><\/td>\n<td width=\"426\">DIRECTOR, EAP, TREBALLADORA SOCIAL AJUNTAMENT, COORDINADORA COMISSI\u00d3 ED. ESPECIAL, SECRET\u00c0RIA.<\/td>\n<\/tr>\n<tr>\n<td width=\"224\"><strong>COMISSI\u00d3 L.I.C.<\/strong><\/td>\n<td width=\"426\"><strong>\u00c1LBA C\u00c1RDENAS<\/strong>, ANA NAVARRO, EMMA ROMERO, MARTA AMIGO (MESTRES LL. ANGLESA)<\/td>\n<\/tr>\n<tr>\n<td width=\"224\"><strong>COMISSIO COCOBE<\/strong><\/td>\n<td width=\"426\"><strong>SILVIA CARRETERO, <\/strong>S\u00cdLVIA L\u00d3PEZ, ANA M\u00aa GARC\u00cdA, MARINA BASTARDI.<\/td>\n<\/tr>\n<\/tbody>\n<\/table>\n<p><span style=\"color: #993366;\"><strong>SERVEIS EXTERNS<\/strong><\/span><\/p>\n<p><strong>AUXILIARS EDUCACI\u00d3 ESPECIAL (VETLLADORES)<\/strong>: Laura Garc\u00eda i Sara Reina<\/p>\n<p><strong>PSICOPEDAGOGA (EAP)<\/strong>: Gemma Carre\u00f1o<\/p>\n<p><strong>LOGOPEDA (CREDA)<\/strong>: Mar\u00eda Mo\u00f1ino Alonso<\/p>\n<p><strong>TREBALLADORA\u00a0 SOCIAL AJUNTAMENT CORNELL\u00c0<\/strong>: Ana Riopedre<\/p>\n","protected":false},"excerpt":{"rendered":"<p>En aquesta p\u00e0gina trobareu les graelles on figura l&#8217;equip docent, les coordinacions, les comissions i els professionals dels serveis externs del curs 2023-2024<\/p>\n<p>DIRECTOR<br \/>\nQuim Gonz\u00e1lez<\/p>\n<p>CAP D&#8217;ESTUDIS<br \/>\nM\u00aa Jos\u00e9 Ayerbe<\/p>\n<p>SECRET\u00c0RIA<br \/>\nS\u00edlvia L\u00f3pez<\/p>\n<p>TUTORIES- INFANTIL<\/p>\n<p>I-3 A: Silvia Carretero<br \/>\nI-3 B: Sonia Moreno<\/p>\n<p>I-4 A: Sheila Garc\u00eda<br \/>\nI-4 B: Txell P\u00e9rez<\/p>\n<p>I-5 A: \u00a0Ana M\u00aa Garc\u00eda<br \/>\nI-5&hellip;  <a href=\"https:\/\/agora.xtec.cat\/ceipelspins\/lescola-2\/material-escolar\/\" title=\"Read EQUIP DE TREBALL\">Llegeix m\u00e9s\u00bb<\/a><\/p>\n","protected":false},"author":1,"featured_media":0,"parent":649,"menu_order":4,"comment_status":"closed","ping_status":"closed","template":"page-templates\/side-menu.php","meta":{"_bbp_topic_count":0,"_bbp_reply_count":0,"_bbp_total_topic_count":0,"_bbp_total_reply_count":0,"_bbp_voice_count":0,"_bbp_anonymous_reply_count":0,"_bbp_topic_count_hidden":0,"_bbp_reply_count_hidden":0,"_bbp_forum_subforum_count":0,"footnotes":""},"class_list":["post-36","page","type-page","status-publish","hentry"],"post_mailing_queue_ids":[],"_links":{"self":[{"href":"https:\/\/agora.xtec.cat\/ceipelspins\/wp-json\/wp\/v2\/pages\/36","targetHints":{"allow":["GET"]}}],"collection":[{"href":"https:\/\/agora.xtec.cat\/ceipelspins\/wp-json\/wp\/v2\/pages"}],"about":[{"href":"https:\/\/agora.xtec.cat\/ceipelspins\/wp-json\/wp\/v2\/types\/page"}],"author":[{"embeddable":true,"href":"https:\/\/agora.xtec.cat\/ceipelspins\/wp-json\/wp\/v2\/users\/1"}],"replies":[{"embeddable":true,"href":"https:\/\/agora.xtec.cat\/ceipelspins\/wp-json\/wp\/v2\/comments?post=36"}],"version-history":[{"count":6,"href":"https:\/\/agora.xtec.cat\/ceipelspins\/wp-json\/wp\/v2\/pages\/36\/revisions"}],"predecessor-version":[{"id":23531,"href":"https:\/\/agora.xtec.cat\/ceipelspins\/wp-json\/wp\/v2\/pages\/36\/revisions\/23531"}],"up":[{"embeddable":true,"href":"https:\/\/agora.xtec.cat\/ceipelspins\/wp-json\/wp\/v2\/pages\/649"}],"wp:attachment":[{"href":"https:\/\/agora.xtec.cat\/ceipelspins\/wp-json\/wp\/v2\/media?parent=36"}],"curies":[{"name":"wp","href":"https:\/\/api.w.org\/{rel}","templated":true}]}}