{"id":30,"date":"2014-09-18T12:30:23","date_gmt":"2014-09-18T11:30:23","guid":{"rendered":"http:\/\/agora.xtec.cat\/ceipelspins\/?page_id=30"},"modified":"2024-01-26T13:01:58","modified_gmt":"2024-01-26T12:01:58","slug":"instal%c2%b7lacions","status":"publish","type":"page","link":"https:\/\/agora.xtec.cat\/ceipelspins\/lescola-2\/instal%c2%b7lacions\/","title":{"rendered":"INSTAL.LACIONS"},"content":{"rendered":"<p>L&#8217;escola compta amb un aula de llengua anglesa, una biblioteca, un gimn\u00e0s amb vestidors i dutxes, una aula de m\u00fasica, aules polivalents per fer ambients (role playing, moviment i foscor), un laboratori amb proc\u00e9s de transformaci\u00f3 mitjan\u00e7ant un Projecte presentat a l&#8217;Ajuntament el curs 2017-18, dues aules d&#8217;Educaci\u00f3 Especial, un rac\u00f3 TAC (Tecnologies de l&#8217;Aprenentatge i el Coneixement), dues aules TAC m\u00f2bils, una aula d&#8217;inform\u00e0tica en proc\u00e9s de reestructuraci\u00f3, diferents tutories i espais de material pels diferents cicles que conformen l&#8217;Educaci\u00f3 Prim\u00e0ria. A m\u00e9s a m\u00e9s, compta amb un menjador i cuina pr\u00f2pia.<\/p>\n<p>Totes les aules d&#8217;Educaci\u00f3 Infantil i Prim\u00e0ria compten amb pissarra digital i ordinador, aix\u00ed com tamb\u00e9 l&#8217;aula d&#8217;angl\u00e8s i m\u00fasica. Disposem de dues aules TAC m\u00f2bils amb dotaci\u00f3 de port\u00e0tils per treballar amb grups cooperatius i per projectes, un rac\u00f3 TAC format per ordinadors de sobretaula i tablets de renting per portar a terme el m\u00e8tode Snappet.<\/p>\n<p>Com espais exteriors, &#8216;escola compta amb dues pistes poliesportives adjacents per la pr\u00e0ctica de jocs i activitats esportives, un pati destinat a l&#8217;alumnat d&#8217;Educaci\u00f3 Infantil i uns porxos utilitzats per activitats puntuals i esbarjo. Tamb\u00e9 disposem d&#8217;un petit hort i una vivenda d&#8217;\u00fas personal de l&#8217;Ajuntament,<\/p>\n<p><strong><span style=\"color: #000000;\">REFORMES ESPAIS EXTERIORS DEL CENTRE (<em>Executades<\/em> <em>durant l&#8217;any 2021<\/em>):<\/span><\/strong><\/p>\n<ol>\n<li><a href=\"https:\/\/agora.xtec.cat\/ceipelspins\/wp-content\/uploads\/usu319\/2021\/02\/PROPOSTA-PATI-PRIM\u00c0RIA-AMB-TENDALLS.jpg\">PRESSUPOSTOS PARTICIPATIUS AJUNTAMENT 2018 (40.000 \u20ac) <\/a><strong><span style=\"color: #008000;\">TENDALS I REESTRUCTURACI\u00d3 PISTES POLIESPORTIVES<\/span><\/strong><\/li>\n<\/ol>\n<p><a href=\"https:\/\/agora.xtec.cat\/ceipelspins\/wp-content\/uploads\/usu319\/2021\/02\/PROPOSTA-PATI-EDUCACI\u00d3-INFANTIL.jpg\">2. PRESSUPOSTOS PARTICIPATIUS AJUNTAMENT 2019 (30.000 \u20ac)<\/a> <span style=\"color: #008000;\"><strong>MILLORA PATI EDUCACI\u00d3 INFANTIL\u00a0<\/strong><\/span><\/p>\n","protected":false},"excerpt":{"rendered":"<p>L&#8217;escola compta amb un aula de llengua anglesa, una biblioteca, un gimn\u00e0s amb vestidors i dutxes, una aula de m\u00fasica, aules polivalents per fer ambients (role playing, moviment i foscor), un laboratori amb proc\u00e9s de transformaci\u00f3 mitjan\u00e7ant un Projecte presentat a l&#8217;Ajuntament el curs 2017-18,&hellip;  <a href=\"https:\/\/agora.xtec.cat\/ceipelspins\/lescola-2\/instal%c2%b7lacions\/\" title=\"Read INSTAL.LACIONS\">Llegeix m\u00e9s\u00bb<\/a><\/p>\n","protected":false},"author":1,"featured_media":0,"parent":649,"menu_order":3,"comment_status":"closed","ping_status":"closed","template":"page-templates\/side-menu.php","meta":{"_bbp_topic_count":0,"_bbp_reply_count":0,"_bbp_total_topic_count":0,"_bbp_total_reply_count":0,"_bbp_voice_count":0,"_bbp_anonymous_reply_count":0,"_bbp_topic_count_hidden":0,"_bbp_reply_count_hidden":0,"_bbp_forum_subforum_count":0,"footnotes":""},"class_list":["post-30","page","type-page","status-publish","hentry"],"post_mailing_queue_ids":[],"_links":{"self":[{"href":"https:\/\/agora.xtec.cat\/ceipelspins\/wp-json\/wp\/v2\/pages\/30","targetHints":{"allow":["GET"]}}],"collection":[{"href":"https:\/\/agora.xtec.cat\/ceipelspins\/wp-json\/wp\/v2\/pages"}],"about":[{"href":"https:\/\/agora.xtec.cat\/ceipelspins\/wp-json\/wp\/v2\/types\/page"}],"author":[{"embeddable":true,"href":"https:\/\/agora.xtec.cat\/ceipelspins\/wp-json\/wp\/v2\/users\/1"}],"replies":[{"embeddable":true,"href":"https:\/\/agora.xtec.cat\/ceipelspins\/wp-json\/wp\/v2\/comments?post=30"}],"version-history":[{"count":5,"href":"https:\/\/agora.xtec.cat\/ceipelspins\/wp-json\/wp\/v2\/pages\/30\/revisions"}],"predecessor-version":[{"id":19871,"href":"https:\/\/agora.xtec.cat\/ceipelspins\/wp-json\/wp\/v2\/pages\/30\/revisions\/19871"}],"up":[{"embeddable":true,"href":"https:\/\/agora.xtec.cat\/ceipelspins\/wp-json\/wp\/v2\/pages\/649"}],"wp:attachment":[{"href":"https:\/\/agora.xtec.cat\/ceipelspins\/wp-json\/wp\/v2\/media?parent=30"}],"curies":[{"name":"wp","href":"https:\/\/api.w.org\/{rel}","templated":true}]}}