{"id":1004,"date":"2017-10-27T12:19:57","date_gmt":"2017-10-27T10:19:57","guid":{"rendered":"http:\/\/agora.xtec.cat\/ceipelspins\/?page_id=1004"},"modified":"2024-01-26T13:30:24","modified_gmt":"2024-01-26T12:30:24","slug":"edudansa","status":"publish","type":"page","link":"https:\/\/agora.xtec.cat\/ceipelspins\/projectes\/edudansa\/","title":{"rendered":"EDUDANSA"},"content":{"rendered":"<p>Aquest Projecte consisteix en ballar diferents danses tant de la ciutat, del Baix Llobregat, de Catalunya com d\u2019arreu del m\u00f3n. Cada centre balla una dansa individualment i posteriorment es passa a, en grups i de forma barrejada entre tots els centres, ballar una dansa en com\u00fa.<\/p>\n<div class=\"addtoany_share_save_container addtoany_content_bottom\">\n<p><strong><em>Edudansa a la pla\u00e7a<\/em><\/strong> \u00e9s una mostra de les danses que el grup Edudansa prepara la llarg del l\u2019any, que s\u2019ensenyen a cada centre i que al final de curs, normalment el mes de maig, es balla de forma conjunta i on participen la majoria de centres de la ciutat.<\/p>\n<p>La intenci\u00f3 de l\u2019activitat \u00e9s doble, d\u2019una banda ensenyar diferents danses a l\u2019alumnat i d\u2019altra compartir i gaudir, tots junts, d\u2019una jornada on familiars poden veure els seus fills ballar conjuntament amb d\u2019altres de la mateixa ciutat.<\/p>\n<p>L\u2019organitzaci\u00f3 de l\u2019activitat, donada la seva rellev\u00e0ncia i complexitat, es fa conjuntament amb els Ajuntaments, tant de Cornell\u00e0 de Llobregat com de Sant Joan Desp\u00ed.<\/p>\n<\/div>\n","protected":false},"excerpt":{"rendered":"<p>Aquest Projecte consisteix en ballar diferents danses tant de la ciutat, del Baix Llobregat, de Catalunya com d\u2019arreu del m\u00f3n. Cada centre balla una dansa individualment i posteriorment es passa a, en grups i de forma barrejada entre tots els centres, ballar una dansa en&hellip;  <a href=\"https:\/\/agora.xtec.cat\/ceipelspins\/projectes\/edudansa\/\" title=\"Read EDUDANSA\">Llegeix m\u00e9s\u00bb<\/a><\/p>\n","protected":false},"author":1,"featured_media":0,"parent":2879,"menu_order":12,"comment_status":"closed","ping_status":"closed","template":"page-templates\/side-menu.php","meta":{"_bbp_topic_count":0,"_bbp_reply_count":0,"_bbp_total_topic_count":0,"_bbp_total_reply_count":0,"_bbp_voice_count":0,"_bbp_anonymous_reply_count":0,"_bbp_topic_count_hidden":0,"_bbp_reply_count_hidden":0,"_bbp_forum_subforum_count":0,"footnotes":""},"class_list":["post-1004","page","type-page","status-publish","hentry"],"post_mailing_queue_ids":[],"_links":{"self":[{"href":"https:\/\/agora.xtec.cat\/ceipelspins\/wp-json\/wp\/v2\/pages\/1004","targetHints":{"allow":["GET"]}}],"collection":[{"href":"https:\/\/agora.xtec.cat\/ceipelspins\/wp-json\/wp\/v2\/pages"}],"about":[{"href":"https:\/\/agora.xtec.cat\/ceipelspins\/wp-json\/wp\/v2\/types\/page"}],"author":[{"embeddable":true,"href":"https:\/\/agora.xtec.cat\/ceipelspins\/wp-json\/wp\/v2\/users\/1"}],"replies":[{"embeddable":true,"href":"https:\/\/agora.xtec.cat\/ceipelspins\/wp-json\/wp\/v2\/comments?post=1004"}],"version-history":[{"count":3,"href":"https:\/\/agora.xtec.cat\/ceipelspins\/wp-json\/wp\/v2\/pages\/1004\/revisions"}],"predecessor-version":[{"id":19878,"href":"https:\/\/agora.xtec.cat\/ceipelspins\/wp-json\/wp\/v2\/pages\/1004\/revisions\/19878"}],"up":[{"embeddable":true,"href":"https:\/\/agora.xtec.cat\/ceipelspins\/wp-json\/wp\/v2\/pages\/2879"}],"wp:attachment":[{"href":"https:\/\/agora.xtec.cat\/ceipelspins\/wp-json\/wp\/v2\/media?parent=1004"}],"curies":[{"name":"wp","href":"https:\/\/api.w.org\/{rel}","templated":true}]}}