{"id":708,"date":"2015-12-03T16:07:40","date_gmt":"2015-12-03T15:07:40","guid":{"rendered":"http:\/\/agora.xtec.cat\/ceipelspins-castelldefels\/?page_id=708"},"modified":"2025-09-07T11:06:38","modified_gmt":"2025-09-07T09:06:38","slug":"organigrama","status":"publish","type":"page","link":"https:\/\/agora.xtec.cat\/ceipelspins-castelldefels\/organigrama\/","title":{"rendered":"Organigrama"},"content":{"rendered":"<h3 dir=\"ltr\"><strong>EQUIP DIRECTIU:<\/strong><\/h3>\n<p dir=\"ltr\">Directora: M\u00f2nica Rom\u00e1n<\/p>\n<p dir=\"ltr\">Cap d\u2019Estudis: Susanna Vil\u00e0<\/p>\n<p dir=\"ltr\">Secret\u00e0ria: Rosanna Cabau<\/p>\n<h3 dir=\"ltr\"><strong>EQUIP DE MESTRES DE CICLE:<\/strong><\/h3>\n<p>&nbsp;<\/p>\n<h3 dir=\"ltr\"><strong>INFANTIL<\/strong><\/h3>\n<h3 dir=\"ltr\"><strong>Mestres tutores:\u00a0<\/strong><\/h3>\n<p dir=\"ltr\">I3: Asun Palomares\u00a0 i Soraya Mart\u00edn \/ Laura Porras<\/p>\n<p dir=\"ltr\">I4: Brugu\u00e9s Pla i Yolanda Mart\u00edn<\/p>\n<p dir=\"ltr\">I5: Annabel Ballester (coordinadora Inf)\u00a0 i Maria Sequera<\/p>\n<h3 dir=\"ltr\"><strong>Altres mestres:\u00a0\u00a0<\/strong><\/h3>\n<p dir=\"ltr\">Anna Llobera\u00a0 (tallers, racons i psicomotricitat)<\/p>\n<p dir=\"ltr\">Noem\u00ed Bellanco\u00a0 (suport Infantil)<\/p>\n<p dir=\"ltr\">Rosanna Cabau (educaci\u00f3 especial)<\/p>\n<p dir=\"ltr\">Cristina Sanch\u00eds i Ma Jos\u00e9 Garcia (angl\u00e8s Infantil)<\/p>\n<p dir=\"ltr\">Ester Escofet (m\u00fasica)<\/p>\n<p dir=\"ltr\">TEI:\u00a0Sara Ferrer Soriano<\/p>\n<p dir=\"ltr\">Vetlladors: Joana Cobo\u00a0 i Gracia Mesa<\/p>\n<h3 dir=\"ltr\"><strong>PRIMER CICLE<\/strong><\/h3>\n<h3 dir=\"ltr\"><strong>Mestres tutors\/es:\u00a0<\/strong><\/h3>\n<p dir=\"ltr\">1r: \u00c0ngela Sumelzo (coord. RRLL)\u00a0 i Marian Artigot<\/p>\n<p dir=\"ltr\">2n: M\u00aa \u00c0ngels Molina i Mireia Romeu (coord LIC)<\/p>\n<p dir=\"ltr\">3r: Sandra Hoste i Sonia Guzm\u00e1n<\/p>\n<p dir=\"ltr\"><strong style=\"font-size: 1.6875em;\">Altres mestres:\u00a0\u00a0<\/strong><\/p>\n<p dir=\"ltr\">Cristina Sanch\u00eds (angl\u00e8s, TAC i coordinadora 1r Cicle)<\/p>\n<p dir=\"ltr\">Ester Escofet\u00a0 (m\u00fasica)<\/p>\n<p dir=\"ltr\">Marcel Culla (educaci\u00f3 f\u00edsica)<\/p>\n<p dir=\"ltr\">M\u00aa Jos\u00e9 Garc\u00eda (angl\u00e8s i suport)<\/p>\n<p dir=\"ltr\">Bego\u00f1a Cubero (religi\u00f3 i suport)<\/p>\n<p dir=\"ltr\">M\u00f2nica Rom\u00e1n (matem\u00e0tiques i suport)<\/p>\n<p dir=\"ltr\">Vetlladors: Daniel M\u00e1rquez i Gracia Mesa<\/p>\n<h3 dir=\"ltr\"><strong>SEGON CICLE<\/strong><\/h3>\n<h3 dir=\"ltr\"><strong>Mestres tutores:\u00a0<\/strong><\/h3>\n<p dir=\"ltr\">4t:\u00a0 Laia Parejo i Maite M\u00e9ndez<\/p>\n<p dir=\"ltr\">5\u00e8.: Iv\u00e1n Vilar (coordinador 2n cicle) i Nat\u00e0lia Arnau (coordinadora Projectes)<\/p>\n<p dir=\"ltr\">6\u00e8.:\u00a0 \u00a0Roser L\u00f3pez i Rosa Romero<\/p>\n<h3 dir=\"ltr\"><strong>Altres mestres:\u00a0\u00a0<\/strong><\/h3>\n<p dir=\"ltr\">Anna Buendia (Coordinadora Angl\u00e8s)<\/p>\n<p dir=\"ltr\">Ester Escofet\u00a0 (m\u00fasica)<\/p>\n<p dir=\"ltr\">Heidi \u00c1lvarez (educaci\u00f3 especial i coordinadora CoCoBE)<\/p>\n<p dir=\"ltr\">Andreu Pons (educaci\u00f3 f\u00edsica, projectes i coordinador Cultura Digital)<\/p>\n<p dir=\"ltr\">Susanna Vil\u00e0 ( suport)<\/p>\n<h3 dir=\"ltr\"><strong>PAS:<\/strong><\/h3>\n<p dir=\"ltr\">Administrativa: Pepi Mart\u00edn<\/p>\n<p dir=\"ltr\">Conserge: Xavi Mu\u00f1oz<\/p>\n<div class=\"yj6qo\"><\/div>\n","protected":false},"excerpt":{"rendered":"<p>EQUIP DIRECTIU: Directora: M\u00f2nica Rom\u00e1n Cap d\u2019Estudis: Susanna Vil\u00e0 Secret\u00e0ria: Rosanna Cabau EQUIP DE MESTRES DE CICLE: &nbsp; INFANTIL Mestres tutores:\u00a0 I3: Asun Palomares\u00a0 i Soraya Mart\u00edn \/ Laura Porras I4: Brugu\u00e9s Pla i Yolanda Mart\u00edn I5: Annabel Ballester (coordinadora Inf)\u00a0 i Maria Sequera Altres mestres:\u00a0\u00a0 Anna Llobera\u00a0 (tallers, racons i psicomotricitat) Noem\u00ed Bellanco\u00a0 (suport [&hellip;]<\/p>\n","protected":false},"author":1,"featured_media":0,"parent":0,"menu_order":0,"comment_status":"closed","ping_status":"closed","template":"","meta":{"_bbp_topic_count":0,"_bbp_reply_count":0,"_bbp_total_topic_count":0,"_bbp_total_reply_count":0,"_bbp_voice_count":0,"_bbp_anonymous_reply_count":0,"_bbp_topic_count_hidden":0,"_bbp_reply_count_hidden":0,"_bbp_forum_subforum_count":0,"site-sidebar-layout":"default","site-content-layout":"","ast-site-content-layout":"","site-content-style":"default","site-sidebar-style":"default","ast-global-header-display":"","ast-banner-title-visibility":"","ast-main-header-display":"","ast-hfb-above-header-display":"","ast-hfb-below-header-display":"","ast-hfb-mobile-header-display":"","site-post-title":"","ast-breadcrumbs-content":"","ast-featured-img":"","footer-sml-layout":"","theme-transparent-header-meta":"","adv-header-id-meta":"","stick-header-meta":"","header-above-stick-meta":"","header-main-stick-meta":"","header-below-stick-meta":"","astra-migrate-meta-layouts":"default","ast-page-background-enabled":"default","ast-page-background-meta":{"desktop":{"background-color":"var(--ast-global-color-4)","background-image":"","background-repeat":"repeat","background-position":"center center","background-size":"auto","background-attachment":"scroll","background-type":"","background-media":"","overlay-type":"","overlay-color":"","overlay-opacity":"","overlay-gradient":""},"tablet":{"background-color":"","background-image":"","background-repeat":"repeat","background-position":"center center","background-size":"auto","background-attachment":"scroll","background-type":"","background-media":"","overlay-type":"","overlay-color":"","overlay-opacity":"","overlay-gradient":""},"mobile":{"background-color":"","background-image":"","background-repeat":"repeat","background-position":"center center","background-size":"auto","background-attachment":"scroll","background-type":"","background-media":"","overlay-type":"","overlay-color":"","overlay-opacity":"","overlay-gradient":""}},"ast-content-background-meta":{"desktop":{"background-color":"var(--ast-global-color-5)","background-image":"","background-repeat":"repeat","background-position":"center center","background-size":"auto","background-attachment":"scroll","background-type":"","background-media":"","overlay-type":"","overlay-color":"","overlay-opacity":"","overlay-gradient":""},"tablet":{"background-color":"var(--ast-global-color-5)","background-image":"","background-repeat":"repeat","background-position":"center center","background-size":"auto","background-attachment":"scroll","background-type":"","background-media":"","overlay-type":"","overlay-color":"","overlay-opacity":"","overlay-gradient":""},"mobile":{"background-color":"var(--ast-global-color-5)","background-image":"","background-repeat":"repeat","background-position":"center center","background-size":"auto","background-attachment":"scroll","background-type":"","background-media":"","overlay-type":"","overlay-color":"","overlay-opacity":"","overlay-gradient":""}},"footnotes":""},"class_list":["post-708","page","type-page","status-publish","hentry"],"post_mailing_queue_ids":[],"_links":{"self":[{"href":"https:\/\/agora.xtec.cat\/ceipelspins-castelldefels\/wp-json\/wp\/v2\/pages\/708","targetHints":{"allow":["GET"]}}],"collection":[{"href":"https:\/\/agora.xtec.cat\/ceipelspins-castelldefels\/wp-json\/wp\/v2\/pages"}],"about":[{"href":"https:\/\/agora.xtec.cat\/ceipelspins-castelldefels\/wp-json\/wp\/v2\/types\/page"}],"author":[{"embeddable":true,"href":"https:\/\/agora.xtec.cat\/ceipelspins-castelldefels\/wp-json\/wp\/v2\/users\/1"}],"replies":[{"embeddable":true,"href":"https:\/\/agora.xtec.cat\/ceipelspins-castelldefels\/wp-json\/wp\/v2\/comments?post=708"}],"version-history":[{"count":6,"href":"https:\/\/agora.xtec.cat\/ceipelspins-castelldefels\/wp-json\/wp\/v2\/pages\/708\/revisions"}],"predecessor-version":[{"id":8661,"href":"https:\/\/agora.xtec.cat\/ceipelspins-castelldefels\/wp-json\/wp\/v2\/pages\/708\/revisions\/8661"}],"wp:attachment":[{"href":"https:\/\/agora.xtec.cat\/ceipelspins-castelldefels\/wp-json\/wp\/v2\/media?parent=708"}],"curies":[{"name":"wp","href":"https:\/\/api.w.org\/{rel}","templated":true}]}}