{"id":3820,"date":"2018-02-27T02:38:50","date_gmt":"2018-02-27T01:38:50","guid":{"rendered":"http:\/\/agora.xtec.cat\/ceipelspins-castelldefels\/?page_id=3820"},"modified":"2018-02-27T02:38:50","modified_gmt":"2018-02-27T01:38:50","slug":"plantejament-institucional","status":"publish","type":"page","link":"https:\/\/agora.xtec.cat\/ceipelspins-castelldefels\/plantejament-institucional\/","title":{"rendered":"Plantejament Institucional"},"content":{"rendered":"<p>Els Pins \u00e9s una escola p\u00fablica d\u2019educaci\u00f3 Infantil i Prim\u00e0ria ubicada al barri dels Canyars de<br \/>\nCastelldefels des del 2007. \u00c9s hereva de l\u2019antic CEIP Vista Alegre.<br \/>\nSom una escola de tots\/es i per a tots\/es. Tota la comunitat educativa treballa en equip i de<br \/>\nforma coordinada per tal d\u2019aconseguir una fita comuna. L\u2019esfor\u00e7, la participaci\u00f3, la motivaci\u00f3 i<br \/>\nla formaci\u00f3 constant s\u00f3n presents en tot moment.<br \/>\nSom una escola inclusiva i oberta, on tothom, sigui quina sigui la seva condici\u00f3 social o cultural,<br \/>\ns\u2019hi senti acollit. Treballem conjuntament amb la Comunitat Educativa per potenciar la cohesi\u00f3<br \/>\nsocial.<br \/>\nLa nostra llengua vehicular \u00e9s el catal\u00e0 i potenciem el pluriling\u00fcisme.<br \/>\nSom una escola activa implicada en projectes de transversalitat i d\u2019innovaci\u00f3.<br \/>\nSom una escola on els nens i nenes s\u00f3n els protagonistes implicant- se i participant de bon grat<br \/>\nen el seu propi proc\u00e9s educatiu.<br \/>\nSom una escola que transmet valors imprescindibles per al creixement i educaci\u00f3 dels infants:<br \/>\nla toler\u00e0ncia, el respecte, la solidaritat i la responsabilitat. Una escola que prepara futurs<br \/>\nciutadans d\u2019una societat en proc\u00e9s de canvi constant.<br \/>\nVolem ser una escola activa i innovadora que formi part de la societat del coneixement. On es<br \/>\nprioritzaran les estrat\u00e8gies necess\u00e0ries per adaptar-nos a les necessitats dels nens i les nenes.<br \/>\nAmb una metodologia funcional i significativa, fent \u00fas de les noves tecnologies.<br \/>\nVolem fomentar l\u2019esperit cr\u00edtic i ajudar als nens i nenes a esdevenir m\u00e9s aut\u00f2noms i<br \/>\ncompetents com a individus i membres d\u2019una societat i del seu entorn immediat.<br \/>\nAmb el pluriling\u00fcisme volem adquirir una bona compet\u00e8ncia comunicativa.<br \/>\nVolem potenciar la cultura de l\u2019esfor\u00e7 per millorar el rendiment escolar i mantenir la cohesi\u00f3<br \/>\nsocial.<\/p>\n<p>Volem ser una escola on s\u2019aprengui a aprendre d\u2019un mateix, de tot, de tots\/es i entre tots\/es.<\/p>\n","protected":false},"excerpt":{"rendered":"<p>Els Pins \u00e9s una escola p\u00fablica d\u2019educaci\u00f3 Infantil i Prim\u00e0ria ubicada al barri dels Canyars de Castelldefels des del 2007. \u00c9s hereva de l\u2019antic CEIP Vista Alegre. Som una escola de tots\/es i per a tots\/es. Tota la comunitat educativa treballa en equip i de forma coordinada per tal d\u2019aconseguir una fita comuna. L\u2019esfor\u00e7, la [&hellip;]<\/p>\n","protected":false},"author":1,"featured_media":0,"parent":0,"menu_order":0,"comment_status":"closed","ping_status":"closed","template":"","meta":{"_bbp_topic_count":0,"_bbp_reply_count":0,"_bbp_total_topic_count":0,"_bbp_total_reply_count":0,"_bbp_voice_count":0,"_bbp_anonymous_reply_count":0,"_bbp_topic_count_hidden":0,"_bbp_reply_count_hidden":0,"_bbp_forum_subforum_count":0,"site-sidebar-layout":"default","site-content-layout":"","ast-site-content-layout":"","site-content-style":"default","site-sidebar-style":"default","ast-global-header-display":"","ast-banner-title-visibility":"","ast-main-header-display":"","ast-hfb-above-header-display":"","ast-hfb-below-header-display":"","ast-hfb-mobile-header-display":"","site-post-title":"","ast-breadcrumbs-content":"","ast-featured-img":"","footer-sml-layout":"","theme-transparent-header-meta":"","adv-header-id-meta":"","stick-header-meta":"","header-above-stick-meta":"","header-main-stick-meta":"","header-below-stick-meta":"","astra-migrate-meta-layouts":"default","ast-page-background-enabled":"default","ast-page-background-meta":{"desktop":{"background-color":"var(--ast-global-color-4)","background-image":"","background-repeat":"repeat","background-position":"center center","background-size":"auto","background-attachment":"scroll","background-type":"","background-media":"","overlay-type":"","overlay-color":"","overlay-opacity":"","overlay-gradient":""},"tablet":{"background-color":"","background-image":"","background-repeat":"repeat","background-position":"center center","background-size":"auto","background-attachment":"scroll","background-type":"","background-media":"","overlay-type":"","overlay-color":"","overlay-opacity":"","overlay-gradient":""},"mobile":{"background-color":"","background-image":"","background-repeat":"repeat","background-position":"center center","background-size":"auto","background-attachment":"scroll","background-type":"","background-media":"","overlay-type":"","overlay-color":"","overlay-opacity":"","overlay-gradient":""}},"ast-content-background-meta":{"desktop":{"background-color":"var(--ast-global-color-5)","background-image":"","background-repeat":"repeat","background-position":"center center","background-size":"auto","background-attachment":"scroll","background-type":"","background-media":"","overlay-type":"","overlay-color":"","overlay-opacity":"","overlay-gradient":""},"tablet":{"background-color":"var(--ast-global-color-5)","background-image":"","background-repeat":"repeat","background-position":"center center","background-size":"auto","background-attachment":"scroll","background-type":"","background-media":"","overlay-type":"","overlay-color":"","overlay-opacity":"","overlay-gradient":""},"mobile":{"background-color":"var(--ast-global-color-5)","background-image":"","background-repeat":"repeat","background-position":"center center","background-size":"auto","background-attachment":"scroll","background-type":"","background-media":"","overlay-type":"","overlay-color":"","overlay-opacity":"","overlay-gradient":""}},"footnotes":""},"class_list":["post-3820","page","type-page","status-publish","hentry"],"post_mailing_queue_ids":[],"_links":{"self":[{"href":"https:\/\/agora.xtec.cat\/ceipelspins-castelldefels\/wp-json\/wp\/v2\/pages\/3820","targetHints":{"allow":["GET"]}}],"collection":[{"href":"https:\/\/agora.xtec.cat\/ceipelspins-castelldefels\/wp-json\/wp\/v2\/pages"}],"about":[{"href":"https:\/\/agora.xtec.cat\/ceipelspins-castelldefels\/wp-json\/wp\/v2\/types\/page"}],"author":[{"embeddable":true,"href":"https:\/\/agora.xtec.cat\/ceipelspins-castelldefels\/wp-json\/wp\/v2\/users\/1"}],"replies":[{"embeddable":true,"href":"https:\/\/agora.xtec.cat\/ceipelspins-castelldefels\/wp-json\/wp\/v2\/comments?post=3820"}],"version-history":[{"count":1,"href":"https:\/\/agora.xtec.cat\/ceipelspins-castelldefels\/wp-json\/wp\/v2\/pages\/3820\/revisions"}],"predecessor-version":[{"id":3821,"href":"https:\/\/agora.xtec.cat\/ceipelspins-castelldefels\/wp-json\/wp\/v2\/pages\/3820\/revisions\/3821"}],"wp:attachment":[{"href":"https:\/\/agora.xtec.cat\/ceipelspins-castelldefels\/wp-json\/wp\/v2\/media?parent=3820"}],"curies":[{"name":"wp","href":"https:\/\/api.w.org\/{rel}","templated":true}]}}