{"id":6363,"date":"2025-01-14T12:54:25","date_gmt":"2025-01-14T11:54:25","guid":{"rendered":"https:\/\/agora.xtec.cat\/ceipelsolell\/?page_id=6363"},"modified":"2025-01-21T09:59:44","modified_gmt":"2025-01-21T08:59:44","slug":"teatre","status":"publish","type":"page","link":"https:\/\/agora.xtec.cat\/ceipelsolell\/teatre\/","title":{"rendered":"Projecte Teatre"},"content":{"rendered":"\n<p class=\"has-text-align-left\"><strong>El projecte de teatre al Solell<\/strong> \u00e9s molt m\u00e9s que una activitat puntual d\u2019una jornada festiva; \u00e9s una iniciativa que s&#8217;ha consolidat, amb el pas dels anys, com <strong>un dels trets identitaris del nostre centre<\/strong>. Amb anys de traject\u00f2ria, aquest projecte ha crescut amb nosaltres, implicant cada cop m\u00e9s alumnes, fam\u00edlies i mestres, convertint-se en un motor de creativitat, expressi\u00f3 i cohesi\u00f3.<\/p>\n\n\n\n<figure class=\"wp-block-gallery has-nested-images columns-default is-cropped wp-block-gallery-1 is-layout-flex wp-block-gallery-is-layout-flex\">\n<figure class=\"wp-block-image size-large\"><img loading=\"lazy\" decoding=\"async\" width=\"482\" height=\"338\" data-id=\"6410\" src=\"https:\/\/agora.xtec.cat\/ceipelsolell\/wp-content\/uploads\/usu1368\/2025\/01\/WhatsApp-Image-2025-01-21-at-08.31.53.jpeg\" alt=\"\" class=\"wp-image-6410\" srcset=\"https:\/\/agora.xtec.cat\/ceipelsolell\/wp-content\/uploads\/usu1368\/2025\/01\/WhatsApp-Image-2025-01-21-at-08.31.53.jpeg 482w, https:\/\/agora.xtec.cat\/ceipelsolell\/wp-content\/uploads\/usu1368\/2025\/01\/WhatsApp-Image-2025-01-21-at-08.31.53-300x210.jpeg 300w\" sizes=\"auto, (max-width: 482px) 100vw, 482px\" \/><\/figure>\n\n\n\n<figure class=\"wp-block-image size-large\"><img loading=\"lazy\" decoding=\"async\" width=\"788\" height=\"482\" data-id=\"6409\" src=\"https:\/\/agora.xtec.cat\/ceipelsolell\/wp-content\/uploads\/usu1368\/2025\/01\/WhatsApp-Image-2025-01-21-at-08.43.50.jpeg\" alt=\"\" class=\"wp-image-6409\" srcset=\"https:\/\/agora.xtec.cat\/ceipelsolell\/wp-content\/uploads\/usu1368\/2025\/01\/WhatsApp-Image-2025-01-21-at-08.43.50.jpeg 788w, https:\/\/agora.xtec.cat\/ceipelsolell\/wp-content\/uploads\/usu1368\/2025\/01\/WhatsApp-Image-2025-01-21-at-08.43.50-300x184.jpeg 300w, https:\/\/agora.xtec.cat\/ceipelsolell\/wp-content\/uploads\/usu1368\/2025\/01\/WhatsApp-Image-2025-01-21-at-08.43.50-768x470.jpeg 768w\" sizes=\"auto, (max-width: 788px) 100vw, 788px\" \/><\/figure>\n\n\n\n<figure class=\"wp-block-image size-large\"><img loading=\"lazy\" decoding=\"async\" width=\"721\" height=\"440\" data-id=\"6408\" src=\"https:\/\/agora.xtec.cat\/ceipelsolell\/wp-content\/uploads\/usu1368\/2025\/01\/WhatsApp-Image-2025-01-21-at-08.48.00.jpeg\" alt=\"\" class=\"wp-image-6408\" srcset=\"https:\/\/agora.xtec.cat\/ceipelsolell\/wp-content\/uploads\/usu1368\/2025\/01\/WhatsApp-Image-2025-01-21-at-08.48.00.jpeg 721w, https:\/\/agora.xtec.cat\/ceipelsolell\/wp-content\/uploads\/usu1368\/2025\/01\/WhatsApp-Image-2025-01-21-at-08.48.00-300x183.jpeg 300w\" sizes=\"auto, (max-width: 721px) 100vw, 721px\" \/><\/figure>\n<\/figure>\n\n\n\n<h5 class=\"wp-block-heading\">Un cam\u00ed ple de beneficis<\/h5>\n\n\n\n<p>El nostre projecte aporta nombrosos beneficis als nostres infants. Des de <strong>millorar l&#8217;expressi\u00f3 oral i corporal a treballar l&#8217;empatia i les habilitats socials<\/strong>, el teatre \u00e9s una <strong>eina pedag\u00f2gica <\/strong>que <strong>fomenta el desenvolupament integral de l\u2019alumnat<\/strong>. Aquest projecte, contemplat dins l\u2019horari lectiu ens ofereix un espai per:<\/p>\n\n\n\n<ul class=\"wp-block-list\">\n<li><strong>Treballar la confian\u00e7a personal i l\u2019autoestima:<\/strong> Posar-se davant dels companys i companyes i del p\u00fablic \u00e9s un repte que ajuda els nens i nenes a creure en les seves capacitats.<\/li>\n\n\n\n<li><strong>Fomentar el treball en equip:<\/strong> Cada obra \u00e9s fruit de la col\u00b7laboraci\u00f3 entre actors, directors, t\u00e8cnics i altres membres del projecte.<\/li>\n\n\n\n<li><strong> Desenvolupar la creativitat i la improvisaci\u00f3:<\/strong> L\u2019\u00fas de la imaginaci\u00f3 \u00e9s essencial, tant en la creaci\u00f3 dels personatges com en la resoluci\u00f3 de situacions esc\u00e8niques.<\/li>\n\n\n\n<li><strong> Valorar l\u2019esfor\u00e7 i la const\u00e0ncia:<\/strong> Des dels primers assajos a l&#8217;estrena, els alumnes aprenen la import\u00e0ncia del comprom\u00eds i la superaci\u00f3 personal.<\/li>\n<\/ul>\n\n\n\n<h5 class=\"wp-block-heading\">Objectius del projecte<\/h5>\n\n\n\n<p>El projecte de teatre t\u00e9 com a finaalitat principal oferir a l\u2019alumnat una experi\u00e8ncia educativa completa, t<strong>reballant valors i compet\u00e8ncies com: l\u2019educaci\u00f3 emocional, l&#8217;expressi\u00f3 art\u00edstica i cultural, la sensibilitzaci\u00f3 envers les arts esc\u00e8niques i la capacitat de comunicar-se i relacionar-se<\/strong> amb els altres.<\/p>\n\n\n\n<h5 class=\"wp-block-heading\">Una traject\u00f2ria amb hist\u00f2ria<\/h5>\n\n\n\n<p>Aquest projecte va n\u00e9ixer fa diversos anys com una proposta innovadora d\u2019una jornada festiva cultural del nostre centre. Des d&#8217;aleshores, cada curs <strong>hem aconseguit superar-nos<\/strong>, presentant <strong>obres que no nom\u00e9s han emocionat el p\u00fablic, sin\u00f3 que tamb\u00e9 han estat una oportunitat per integrar diverses mat\u00e8ries curriculars<\/strong> com la llengua, la m\u00fasica, l\u2019educaci\u00f3 f\u00edsica i les arts visuals. Des d\u2019aleshores hem pogut gaudir amb hist\u00f2ries com: <strong>\u201cEl Flautista d&#8217;Hamel\u00edn\u201d, \u201cLa hist\u00f2ria del Drac Vader\u201d, \u201cJordi Potter i la Rosa Filosofal\u201d o \u201cWest Sant Jordi\u201d<\/strong>, entre moltes d&#8217;altres!<\/p>\n\n\n\n<figure class=\"wp-block-gallery has-nested-images columns-default is-cropped wp-block-gallery-2 is-layout-flex wp-block-gallery-is-layout-flex\">\n<figure class=\"wp-block-image size-large\"><img loading=\"lazy\" decoding=\"async\" width=\"557\" height=\"448\" data-id=\"6413\" src=\"https:\/\/agora.xtec.cat\/ceipelsolell\/wp-content\/uploads\/usu1368\/2025\/01\/WhatsApp-Image-2025-01-21-at-08.49.07.jpeg\" alt=\"\" class=\"wp-image-6413\" srcset=\"https:\/\/agora.xtec.cat\/ceipelsolell\/wp-content\/uploads\/usu1368\/2025\/01\/WhatsApp-Image-2025-01-21-at-08.49.07.jpeg 557w, https:\/\/agora.xtec.cat\/ceipelsolell\/wp-content\/uploads\/usu1368\/2025\/01\/WhatsApp-Image-2025-01-21-at-08.49.07-300x241.jpeg 300w\" sizes=\"auto, (max-width: 557px) 100vw, 557px\" \/><\/figure>\n\n\n\n<figure class=\"wp-block-image size-large\"><img loading=\"lazy\" decoding=\"async\" width=\"1024\" height=\"517\" data-id=\"6412\" src=\"https:\/\/agora.xtec.cat\/ceipelsolell\/wp-content\/uploads\/usu1368\/2025\/01\/WhatsApp-Image-2025-01-21-at-08.30.56-1024x517.jpeg\" alt=\"\" class=\"wp-image-6412\" srcset=\"https:\/\/agora.xtec.cat\/ceipelsolell\/wp-content\/uploads\/usu1368\/2025\/01\/WhatsApp-Image-2025-01-21-at-08.30.56-1024x517.jpeg 1024w, https:\/\/agora.xtec.cat\/ceipelsolell\/wp-content\/uploads\/usu1368\/2025\/01\/WhatsApp-Image-2025-01-21-at-08.30.56-300x152.jpeg 300w, https:\/\/agora.xtec.cat\/ceipelsolell\/wp-content\/uploads\/usu1368\/2025\/01\/WhatsApp-Image-2025-01-21-at-08.30.56-768x388.jpeg 768w, https:\/\/agora.xtec.cat\/ceipelsolell\/wp-content\/uploads\/usu1368\/2025\/01\/WhatsApp-Image-2025-01-21-at-08.30.56.jpeg 1130w\" sizes=\"auto, (max-width: 1024px) 100vw, 1024px\" \/><\/figure>\n\n\n\n<figure class=\"wp-block-image size-large\"><img loading=\"lazy\" decoding=\"async\" width=\"1024\" height=\"602\" data-id=\"6411\" src=\"https:\/\/agora.xtec.cat\/ceipelsolell\/wp-content\/uploads\/usu1368\/2025\/01\/WhatsApp-Image-2025-01-21-at-08.31.05-1024x602.jpeg\" alt=\"\" class=\"wp-image-6411\" srcset=\"https:\/\/agora.xtec.cat\/ceipelsolell\/wp-content\/uploads\/usu1368\/2025\/01\/WhatsApp-Image-2025-01-21-at-08.31.05-1024x602.jpeg 1024w, https:\/\/agora.xtec.cat\/ceipelsolell\/wp-content\/uploads\/usu1368\/2025\/01\/WhatsApp-Image-2025-01-21-at-08.31.05-300x176.jpeg 300w, https:\/\/agora.xtec.cat\/ceipelsolell\/wp-content\/uploads\/usu1368\/2025\/01\/WhatsApp-Image-2025-01-21-at-08.31.05-768x451.jpeg 768w, https:\/\/agora.xtec.cat\/ceipelsolell\/wp-content\/uploads\/usu1368\/2025\/01\/WhatsApp-Image-2025-01-21-at-08.31.05.jpeg 1208w\" sizes=\"auto, (max-width: 1024px) 100vw, 1024px\" \/><\/figure>\n<\/figure>\n\n\n\n<h5 class=\"wp-block-heading\">Un projecte per a tothom<\/h5>\n\n\n\n<p>Un altre punt fort del projecte \u00e9s la seva<strong> inclusivitat<\/strong>. Tots els alumnes, independentment de les seves habilitats o prefer\u00e8ncies, troben el seu lloc al teatre: a l\u2019escenari, a l\u2019equip t\u00e8cnic o en tasques de suport. Aix\u00f2 fa que tothom se senti part d\u2019una gran fam\u00edlia.<\/p>\n\n\n\n<h5 class=\"wp-block-heading\">Una experi\u00e8ncia per a recordar<\/h5>\n\n\n\n<p>Al Solell, <strong>el teatre est\u00e0 present al llarg de tot el curs<\/strong>; al concert de Nadal [6\u00e8], al Carnaval amb el tradicional Preg\u00f3 [4t] i el posterior Judici de Sa Majestat [6\u00e8], a la Diada de Sant Jordi[5\u00e8] i, fins i tot, a la festa de final de curs [6\u00e8], <strong>el teatre sempre esdev\u00e9 protagonista<\/strong>. A m\u00e9s, l\u2019alumnat de Prim\u00e0ria 1 [1r, 2n i 3r] representa petites <strong>obres en catal\u00e0, castell\u00e0 i angl\u00e8s<\/strong> per als m\u00e9s petits, els d\u2019Infantil, <strong>fomentant no nom\u00e9s la creativitat, sin\u00f3 tamb\u00e9 el respecte i l\u2019admiraci\u00f3 per la cultura.<\/strong> A m\u00e9s, <strong>el teatre tamb\u00e9 ha arrelat<\/strong> profundament <strong>entre les fam\u00edlies<\/strong>, que participen activament amb una representaci\u00f3 especial durant la xocolatada solid\u00e0ria, <strong>i entre els mestres,<\/strong> que ofereixen una actuaci\u00f3 \u00fanica per acomiadar l&#8217;alumnat de sis\u00e8!<br>Cada estrena <strong>\u00e9s un moment m\u00e0gic<\/strong>, tant <strong>per l\u2019alumnat com per a les seves fam\u00edlies<\/strong>. Els somriures, els aplaudiments i l\u2019orgull de veure l\u2019esfor\u00e7 reflectit sobre l\u2019escenari s\u00f3n una recompensa inoblidable que omple de sentit aquest projecte. A la nostra escola, <strong>el teatre \u00e9s molt m\u00e9s que actuar; \u00e9s una eina per educar, cr\u00e9ixer i somiar junts<\/strong>. <br><br>Us convidem a <strong>seguir de prop aquest projecte i a gaudir de les nostres futures representacions<\/strong>!<\/p>\n","protected":false},"excerpt":{"rendered":"<p>El projecte de teatre al Solell \u00e9s molt m\u00e9s que una activitat puntual d\u2019una jornada festiva; \u00e9s una iniciativa que [&hellip;]<\/p>\n","protected":false},"author":1,"featured_media":0,"parent":0,"menu_order":0,"comment_status":"closed","ping_status":"close","template":"","meta":{"_bbp_topic_count":0,"_bbp_reply_count":0,"_bbp_total_topic_count":0,"_bbp_total_reply_count":0,"_bbp_voice_count":0,"_bbp_anonymous_reply_count":0,"_bbp_topic_count_hidden":0,"_bbp_reply_count_hidden":0,"_bbp_forum_subforum_count":0,"site-sidebar-layout":"default","site-content-layout":"","ast-site-content-layout":"default","site-content-style":"default","site-sidebar-style":"default","ast-global-header-display":"","ast-banner-title-visibility":"","ast-main-header-display":"","ast-hfb-above-header-display":"","ast-hfb-below-header-display":"","ast-hfb-mobile-header-display":"","site-post-title":"","ast-breadcrumbs-content":"","ast-featured-img":"","footer-sml-layout":"","theme-transparent-header-meta":"","adv-header-id-meta":"","stick-header-meta":"","header-above-stick-meta":"","header-main-stick-meta":"","header-below-stick-meta":"","astra-migrate-meta-layouts":"set","ast-page-background-enabled":"default","ast-page-background-meta":{"desktop":{"background-color":"var(--ast-global-color-4)","background-image":"","background-repeat":"repeat","background-position":"center center","background-size":"auto","background-attachment":"scroll","background-type":"","background-media":"","overlay-type":"","overlay-color":"","overlay-opacity":"","overlay-gradient":""},"tablet":{"background-color":"","background-image":"","background-repeat":"repeat","background-position":"center center","background-size":"auto","background-attachment":"scroll","background-type":"","background-media":"","overlay-type":"","overlay-color":"","overlay-opacity":"","overlay-gradient":""},"mobile":{"background-color":"","background-image":"","background-repeat":"repeat","background-position":"center center","background-size":"auto","background-attachment":"scroll","background-type":"","background-media":"","overlay-type":"","overlay-color":"","overlay-opacity":"","overlay-gradient":""}},"ast-content-background-meta":{"desktop":{"background-color":"var(--ast-global-color-5)","background-image":"","background-repeat":"repeat","background-position":"center center","background-size":"auto","background-attachment":"scroll","background-type":"","background-media":"","overlay-type":"","overlay-color":"","overlay-opacity":"","overlay-gradient":""},"tablet":{"background-color":"var(--ast-global-color-5)","background-image":"","background-repeat":"repeat","background-position":"center center","background-size":"auto","background-attachment":"scroll","background-type":"","background-media":"","overlay-type":"","overlay-color":"","overlay-opacity":"","overlay-gradient":""},"mobile":{"background-color":"var(--ast-global-color-5)","background-image":"","background-repeat":"repeat","background-position":"center center","background-size":"auto","background-attachment":"scroll","background-type":"","background-media":"","overlay-type":"","overlay-color":"","overlay-opacity":"","overlay-gradient":""}},"footnotes":""},"class_list":["post-6363","page","type-page","status-publish","hentry"],"post_mailing_queue_ids":[],"_links":{"self":[{"href":"https:\/\/agora.xtec.cat\/ceipelsolell\/wp-json\/wp\/v2\/pages\/6363","targetHints":{"allow":["GET"]}}],"collection":[{"href":"https:\/\/agora.xtec.cat\/ceipelsolell\/wp-json\/wp\/v2\/pages"}],"about":[{"href":"https:\/\/agora.xtec.cat\/ceipelsolell\/wp-json\/wp\/v2\/types\/page"}],"author":[{"embeddable":true,"href":"https:\/\/agora.xtec.cat\/ceipelsolell\/wp-json\/wp\/v2\/users\/1"}],"replies":[{"embeddable":true,"href":"https:\/\/agora.xtec.cat\/ceipelsolell\/wp-json\/wp\/v2\/comments?post=6363"}],"version-history":[{"count":6,"href":"https:\/\/agora.xtec.cat\/ceipelsolell\/wp-json\/wp\/v2\/pages\/6363\/revisions"}],"predecessor-version":[{"id":6431,"href":"https:\/\/agora.xtec.cat\/ceipelsolell\/wp-json\/wp\/v2\/pages\/6363\/revisions\/6431"}],"wp:attachment":[{"href":"https:\/\/agora.xtec.cat\/ceipelsolell\/wp-json\/wp\/v2\/media?parent=6363"}],"curies":[{"name":"wp","href":"https:\/\/api.w.org\/{rel}","templated":true}]}}