{"id":54,"date":"2013-02-05T08:58:07","date_gmt":"2013-02-05T08:58:07","guid":{"rendered":"http:\/\/phobos.xtec.cat\/ceipelsolell\/?page_id=54"},"modified":"2025-04-10T09:17:38","modified_gmt":"2025-04-10T07:17:38","slug":"documents-de-centre","status":"publish","type":"page","link":"https:\/\/agora.xtec.cat\/ceipelsolell\/documents-de-centre\/","title":{"rendered":"Documents de Centre"},"content":{"rendered":"\n<figure class=\"wp-block-table\"><table><tbody><tr><td colspan=\"4\"><a href=\"http:\/\/agora.xtec.cat\/ceipelsolell\/wp-content\/uploads\/usu1368\/2013\/02\/llibreblau.jpg\"><img loading=\"lazy\" decoding=\"async\" width=\"70\" height=\"73\" class=\"wp-image-132 alignleft\" src=\"http:\/\/agora.xtec.cat\/ceipelsolell\/wp-content\/uploads\/usu1368\/2013\/02\/llibreblau.jpg\" alt=\"llibreblau\"><\/a><strong><a title=\"Projecte Educatiu de Centre\" href=\"https:\/\/www.dropbox.com\/s\/ncylo1rhc9rhg47\/PEC_14.pdf\" target=\"_blank\" rel=\"noopener noreferrer\"><br><\/a><br><a href=\"https:\/\/drive.google.com\/file\/d\/1jIUkqgg9EH8LGdBwTKkCy8fUTiivgQbV\/view?usp=sharing\" target=\"_blank\" rel=\"noreferrer noopener\">Projecte Educatiu de Centre<\/a><\/strong><\/td><\/tr><tr><td colspan=\"4\"><a href=\"http:\/\/agora.xtec.cat\/ceipelsolell\/wp-content\/uploads\/usu1368\/2013\/02\/llibrevermell-e1360695964594.jpg\"><img loading=\"lazy\" decoding=\"async\" width=\"73\" height=\"76\" class=\"wp-image-138 alignleft\" src=\"http:\/\/agora.xtec.cat\/ceipelsolell\/wp-content\/uploads\/usu1368\/2013\/02\/llibrevermell-e1360695964594.jpg\" alt=\"\"><\/a><br><p><a href=\"https:\/\/drive.google.com\/file\/d\/1FLqzaIUeKJ3qazSEJzxXFpWRkowI3fEK\/view?usp=sharing\" target=\"_blank\" rel=\"noopener\">Normes d&#8217;Organitzaci\u00f3 i Funcionament de Centres<\/a><a title=\"Projecte Educatiu de Centre\" href=\"https:\/\/www.dropbox.com\/s\/ncylo1rhc9rhg47\/PEC_14.pdf\" target=\"_blank\" rel=\"noopener noreferrer\"><br><\/a><\/p><\/td><\/tr><tr><td colspan=\"4\"><img loading=\"lazy\" decoding=\"async\" width=\"58\" height=\"76\" class=\"alignleft\" src=\"https:\/\/agora.xtec.cat\/ceipelsolell\/wp-content\/uploads\/usu1368\/2018\/12\/Captura.png\"><br><p><a href=\"https:\/\/drive.google.com\/file\/d\/10orPQz8jTAe7QZi3-93D1Irjgd1FVIpq\/view?usp=sharing\" target=\"_blank\" rel=\"noopener noreferrer\">Projecte Ling\u00fc\u00edstic de Centre<\/a><\/p><\/td><\/tr><tr><td colspan=\"4\"><a href=\"http:\/\/agora.xtec.cat\/ceipelsolell\/wp-content\/uploads\/usu1368\/2013\/02\/llibreblau.jpg\" target=\"_blank\" rel=\"noopener noreferrer\"><img loading=\"lazy\" decoding=\"async\" class=\"aligncenter wp-image-132 \" style=\"margin: 0px 5px 5px 0px; float: left;\" src=\"http:\/\/agora.xtec.cat\/ceipelsolell\/wp-content\/uploads\/usu1368\/2013\/02\/llibreblau.jpg\" alt=\"\" width=\"70\" height=\"72\"><\/a><br><strong><br><a href=\"https:\/\/drive.google.com\/file\/d\/1pjDFPxFWyN3E-yv-t_AHNoRLOmRyllab\/view?usp=sharing\" target=\"_blank\" rel=\"noopener noreferrer\">Protocol Resoluci\u00f3 Conflictes<\/a> <\/strong><\/td><\/tr><tr><td colspan=\"4\"><a href=\"http:\/\/agora.xtec.cat\/ceipelsolell\/wp-content\/uploads\/usu1368\/2013\/02\/llibretaronja.jpg\" target=\"_blank\" rel=\"noopener noreferrer\"><img loading=\"lazy\" decoding=\"async\" class=\"aligncenter wp-image-136 \" style=\"margin: 0px 5px 5px 0px; float: left;\" src=\"http:\/\/agora.xtec.cat\/ceipelsolell\/wp-content\/uploads\/usu1368\/2013\/02\/llibretaronja.jpg\" alt=\"\" width=\"70\" height=\"72\"><\/a><br><strong><br><a href=\"https:\/\/drive.google.com\/a\/escolaelsolell.cat\/file\/d\/0B36Iyhq8o6PbcVNtQ3BhX1B4eE0\/view?usp=sharing\" target=\"_blank\" rel=\"noopener noreferrer\">Projecte Biblioteca (PuntEdu)<\/a> <\/strong><\/td><\/tr><tr><td colspan=\"4\"><a href=\"http:\/\/agora.xtec.cat\/ceipelsolell\/wp-content\/uploads\/usu1368\/2013\/02\/llibrerosa.jpg\" target=\"_blank\" rel=\"noopener noreferrer\"><img loading=\"lazy\" decoding=\"async\" class=\"aligncenter wp-image-135 \" style=\"margin: 0px 5px 5px 0px; float: left;\" src=\"http:\/\/agora.xtec.cat\/ceipelsolell\/wp-content\/uploads\/usu1368\/2013\/02\/llibrerosa.jpg\" alt=\"\" width=\"70\" height=\"72\"><\/a><br><strong><br><a href=\"https:\/\/drive.google.com\/a\/escolaelsolell.cat\/file\/d\/0B36Iyhq8o6PbaHhQMVFyMXkweXM\/view?usp=sharing\" target=\"_blank\" rel=\"noopener noreferrer\">Projecte Angl\u00e8s al Solell&nbsp;<\/a> <\/strong><\/td><\/tr><tr><td colspan=\"4\"><a href=\"http:\/\/agora.xtec.cat\/ceipelsolell\/wp-content\/uploads\/usu1368\/2013\/02\/llibrelila.jpg\" target=\"_blank\" rel=\"noopener noreferrer\"><img loading=\"lazy\" decoding=\"async\" class=\"aligncenter wp-image-134 \" style=\"margin: 0px 5px 5px 0px; float: left;\" src=\"http:\/\/agora.xtec.cat\/ceipelsolell\/wp-content\/uploads\/usu1368\/2013\/02\/llibrelila.jpg\" alt=\"\" width=\"70\" height=\"72\"><\/a><a href=\"http:\/\/dl.dropbox.com\/u\/14497137\/20010-11\/M%C3%BAsica%20i%20TAC%20al%20Solell.pdf\" target=\"_blank\" rel=\"noopener noreferrer\"><br><\/a><strong><br><a href=\"https:\/\/drive.google.com\/a\/escolaelsolell.cat\/file\/d\/0B36Iyhq8o6PbcVk4aXltU21Sb0U\/view?usp=sharing\" target=\"_blank\" rel=\"noopener noreferrer\">Projecte M\u00fasica i TAC<\/a><\/strong><\/td><\/tr><tr><td colspan=\"4\"><a href=\"http:\/\/agora.xtec.cat\/ceipelsolell\/wp-content\/uploads\/usu1368\/2013\/02\/llibregroc.jpg\" target=\"_blank\" rel=\"noopener noreferrer\"><img loading=\"lazy\" decoding=\"async\" class=\"aligncenter wp-image-133 \" style=\"margin: 0px 5px 5px 0px; float: left;\" src=\"http:\/\/agora.xtec.cat\/ceipelsolell\/wp-content\/uploads\/usu1368\/2013\/02\/llibregroc.jpg\" alt=\"\" width=\"70\" height=\"72\"><\/a><br><strong><br><a href=\"https:\/\/drive.google.com\/a\/escolaelsolell.cat\/file\/d\/0B36Iyhq8o6PbeE9RWWd2UU1kRmc\/view?usp=sharing\" target=\"_blank\" rel=\"noopener noreferrer\">Projecte Escolta&#8217;m<\/a> <\/strong><\/td><\/tr><tr><td colspan=\"4\"><a href=\"http:\/\/agora.xtec.cat\/ceipelsolell\/wp-content\/uploads\/usu1368\/2013\/02\/llibreblau.jpg\" target=\"_blank\" rel=\"noopener noreferrer\"><img loading=\"lazy\" decoding=\"async\" class=\"aligncenter wp-image-132 \" style=\"margin: 0px 5px 5px 0px; float: left;\" src=\"http:\/\/agora.xtec.cat\/ceipelsolell\/wp-content\/uploads\/usu1368\/2013\/02\/llibreblau.jpg\" alt=\"\" width=\"70\" height=\"72\"><\/a><br><strong><br><a href=\"https:\/\/drive.google.com\/file\/d\/16NxuoTRgcVLYPqJCj0JSgB5B0pfpcKqm\/view?usp=sharing\" target=\"_blank\" rel=\"noopener noreferrer\">Projecte Conviv\u00e8ncia<\/a> <\/strong><\/td><\/tr><tr><td colspan=\"4\"><img loading=\"lazy\" decoding=\"async\" width=\"65\" height=\"67\" class=\"alignleft\" src=\"http:\/\/agora.xtec.cat\/ceipelsolell\/wp-content\/uploads\/usu1368\/2013\/02\/llibreverd.jpg\"><strong><a href=\"https:\/\/drive.google.com\/a\/escolaelsolell.cat\/file\/d\/0B36Iyhq8o6PbWWowS3JkV0phQWc\/view?usp=sharing\" target=\"_blank\" rel=\"noopener noreferrer\">&nbsp;<\/a><\/strong><br><p><strong><a href=\"https:\/\/drive.google.com\/a\/escolaelsolell.cat\/file\/d\/0B36Iyhq8o6PbWWowS3JkV0phQWc\/view?usp=sharing\" target=\"_blank\" rel=\"noopener noreferrer\">Projecte Reutilitzaci\u00f3 de Llibres<\/a><\/strong><\/p><\/td><\/tr><tr><td colspan=\"4\"><a href=\"http:\/\/agora.xtec.cat\/ceipelsolell\/wp-content\/uploads\/usu1368\/2013\/02\/carta.jpg\" target=\"_blank\" rel=\"noopener noreferrer\"><img loading=\"lazy\" decoding=\"async\" class=\"aligncenter wp-image-139 \" style=\"margin: 0px; float: left;\" src=\"http:\/\/agora.xtec.cat\/ceipelsolell\/wp-content\/uploads\/usu1368\/2013\/02\/carta.jpg\" alt=\"\" width=\"75\" height=\"74\"><\/a><br><strong><a href=\"https:\/\/drive.google.com\/file\/d\/13DwEacJYM5dPf1lxMAeDqdAGB943R1V8\/view?usp=sharing\" target=\"_blank\" rel=\"noopener noreferrer\">Carta de Comprom\u00eds Educatiu<\/a><\/strong><\/td><\/tr><\/tbody><\/table><\/figure>\n","protected":false},"excerpt":{"rendered":"<p>Projecte Educatiu de Centre Normes d&#8217;Organitzaci\u00f3 i Funcionament de Centres Projecte Ling\u00fc\u00edstic de Centre Protocol Resoluci\u00f3 Conflictes Projecte Biblioteca (PuntEdu) [&hellip;]<\/p>\n","protected":false},"author":1,"featured_media":0,"parent":0,"menu_order":0,"comment_status":"closed","ping_status":"open","template":"","meta":{"_bbp_topic_count":0,"_bbp_reply_count":0,"_bbp_total_topic_count":0,"_bbp_total_reply_count":0,"_bbp_voice_count":0,"_bbp_anonymous_reply_count":0,"_bbp_topic_count_hidden":0,"_bbp_reply_count_hidden":0,"_bbp_forum_subforum_count":0,"site-sidebar-layout":"default","site-content-layout":"","ast-site-content-layout":"default","site-content-style":"default","site-sidebar-style":"default","ast-global-header-display":"","ast-banner-title-visibility":"","ast-main-header-display":"","ast-hfb-above-header-display":"","ast-hfb-below-header-display":"","ast-hfb-mobile-header-display":"","site-post-title":"","ast-breadcrumbs-content":"","ast-featured-img":"","footer-sml-layout":"","theme-transparent-header-meta":"","adv-header-id-meta":"","stick-header-meta":"","header-above-stick-meta":"","header-main-stick-meta":"","header-below-stick-meta":"","astra-migrate-meta-layouts":"set","ast-page-background-enabled":"default","ast-page-background-meta":{"desktop":{"background-color":"var(--ast-global-color-4)","background-image":"","background-repeat":"repeat","background-position":"center center","background-size":"auto","background-attachment":"scroll","background-type":"","background-media":"","overlay-type":"","overlay-color":"","overlay-opacity":"","overlay-gradient":""},"tablet":{"background-color":"","background-image":"","background-repeat":"repeat","background-position":"center center","background-size":"auto","background-attachment":"scroll","background-type":"","background-media":"","overlay-type":"","overlay-color":"","overlay-opacity":"","overlay-gradient":""},"mobile":{"background-color":"","background-image":"","background-repeat":"repeat","background-position":"center center","background-size":"auto","background-attachment":"scroll","background-type":"","background-media":"","overlay-type":"","overlay-color":"","overlay-opacity":"","overlay-gradient":""}},"ast-content-background-meta":{"desktop":{"background-color":"var(--ast-global-color-5)","background-image":"","background-repeat":"repeat","background-position":"center center","background-size":"auto","background-attachment":"scroll","background-type":"","background-media":"","overlay-type":"","overlay-color":"","overlay-opacity":"","overlay-gradient":""},"tablet":{"background-color":"var(--ast-global-color-5)","background-image":"","background-repeat":"repeat","background-position":"center center","background-size":"auto","background-attachment":"scroll","background-type":"","background-media":"","overlay-type":"","overlay-color":"","overlay-opacity":"","overlay-gradient":""},"mobile":{"background-color":"var(--ast-global-color-5)","background-image":"","background-repeat":"repeat","background-position":"center center","background-size":"auto","background-attachment":"scroll","background-type":"","background-media":"","overlay-type":"","overlay-color":"","overlay-opacity":"","overlay-gradient":""}},"footnotes":""},"class_list":["post-54","page","type-page","status-publish","hentry"],"post_mailing_queue_ids":[],"_links":{"self":[{"href":"https:\/\/agora.xtec.cat\/ceipelsolell\/wp-json\/wp\/v2\/pages\/54","targetHints":{"allow":["GET"]}}],"collection":[{"href":"https:\/\/agora.xtec.cat\/ceipelsolell\/wp-json\/wp\/v2\/pages"}],"about":[{"href":"https:\/\/agora.xtec.cat\/ceipelsolell\/wp-json\/wp\/v2\/types\/page"}],"author":[{"embeddable":true,"href":"https:\/\/agora.xtec.cat\/ceipelsolell\/wp-json\/wp\/v2\/users\/1"}],"replies":[{"embeddable":true,"href":"https:\/\/agora.xtec.cat\/ceipelsolell\/wp-json\/wp\/v2\/comments?post=54"}],"version-history":[{"count":6,"href":"https:\/\/agora.xtec.cat\/ceipelsolell\/wp-json\/wp\/v2\/pages\/54\/revisions"}],"predecessor-version":[{"id":7099,"href":"https:\/\/agora.xtec.cat\/ceipelsolell\/wp-json\/wp\/v2\/pages\/54\/revisions\/7099"}],"wp:attachment":[{"href":"https:\/\/agora.xtec.cat\/ceipelsolell\/wp-json\/wp\/v2\/media?parent=54"}],"curies":[{"name":"wp","href":"https:\/\/api.w.org\/{rel}","templated":true}]}}