{"id":5043,"date":"2023-12-14T11:30:42","date_gmt":"2023-12-14T10:30:42","guid":{"rendered":"https:\/\/agora.xtec.cat\/ceipelsolell\/?page_id=5043"},"modified":"2025-03-17T11:01:44","modified_gmt":"2025-03-17T10:01:44","slug":"podcats-el-solell","status":"publish","type":"page","link":"https:\/\/agora.xtec.cat\/ceipelsolell\/podcats-el-solell\/","title":{"rendered":"Podcast El Solell"},"content":{"rendered":"\n<p><strong>Projecte Podcast a l&#8217;Escola:<\/strong> Connectant Coneixement i Creativitat<\/p>\n\n\n\n<p>Estem emocionats d&#8217;anunciar l&#8217;inici del nostre projecte de Podcast a l&#8217;Escola, una nova iniciativa que <strong>uneix l&#8217;aprenentatge amb la creativitat i la tecnologia<\/strong>. El projecte pret\u00e9n anar involucrant, progressivament, a un nombre de cursos cada cop m\u00e9s gran. Amb aquest projecte, tenim diversos objectius clars:<\/p>\n\n\n\n<p><strong>1.Fomentar la creativitat dels alumnes:<\/strong> El podcast \u00e9s una plataforma vers\u00e0til que permet als estudiants expressar-se de manera \u00fanica. Amb aquest projecte, volem donar-los l&#8217;oportunitat d&#8217;explorar i desenvolupar les seves habilitats creatives mentre comparteixen el seu coneixement i les seves passions amb el m\u00f3n.<\/p>\n\n\n\n<p><strong>2. Promoure l&#8217;aprenentatge actiu:<\/strong> A trav\u00e9s de la investigaci\u00f3, l&#8217;escriptura de gui\u00f3, la producci\u00f3 d&#8217;\u00e0udio i la presentaci\u00f3, els alumnes estan immersos en un proc\u00e9s d&#8217;aprenentatge actiu que els permet aprofundir en temes d&#8217;inter\u00e8s i adquirir habilitats ling\u00fc\u00edstiques molt valuoses!<\/p>\n\n\n\n<p><strong>3.Crear contingut de valor:<\/strong> Tot i que ara ens estem iniciant, estem compromesos i compromeses a proporcionar contingut que sigui engrescador, informatiu i d&#8217;utilitat per als i les nostres oients. Mitjan\u00e7ant entrevistes, an\u00e0lisis, narracions i altres formats, aspirem a oferir una experi\u00e8ncia de podcast enriquidora i entretinguda.<\/p>\n\n\n\n<p><strong>4.Construir una comunitat en l\u00ednia<\/strong>: Amb el temps, esperem que el nostre podcast es converteixi en una font d&#8217;inspiraci\u00f3 i coneixement per a una \u00e0mplia audi\u00e8ncia. <strong>Volem connectar amb els nostres alumnes, pares, personal i la comunitat<\/strong> en general, creant una plataforma on es pugui compartir idees, perspectives i experi\u00e8ncies.<\/p>\n\n\n\n<p>Confiant en la creativitat i el talent dels nostres alumnes, esperem que aquest projecte de podcast no nom\u00e9s sigui una experi\u00e8ncia educativa enriquidora, sin\u00f3 tamb\u00e9 un recurs valu\u00f3s per a tothom que vulgui aprendre, explorar i connectar-se amb el m\u00f3n que ens envolta.<\/p>\n\n\n\n<p><strong>Acompanyeu-nos en aquest emocionant viatge<\/strong> mentre donem vida a les nostres hist\u00f2ries i compartim el nostre coneixement amb el m\u00f3n.<\/p>\n\n\n\n<h5 class=\"wp-block-heading has-ast-global-color-0-color has-text-color has-link-color wp-elements-e32650f9b92382e21820e74e74c30eee\">TEMPORADA 1<\/h5>\n\n\n\n<div class=\"wp-block-buttons alignfull is-horizontal is-layout-flex wp-block-buttons-is-layout-flex\">\n<div class=\"wp-block-button\"><a class=\"wp-block-button__link has-white-color has-vivid-purple-background-color has-text-color has-background has-link-color wp-element-button\" href=\"https:\/\/drive.google.com\/file\/d\/1m81trD5G578Cde_I_ts-M40eR0_Ks8_i\/view?usp=sharing\" target=\"_blank\" rel=\"noreferrer noopener\">EP  1<\/a><\/div>\n\n\n\n<div class=\"wp-block-button\"><a class=\"wp-block-button__link has-white-color has-vivid-purple-background-color has-text-color has-background has-link-color wp-element-button\" href=\"https:\/\/drive.google.com\/file\/d\/1nFG_TyFvvMBNEXfgB2wcl_eXcNxmPMw9\/view?usp=sharing\" target=\"_blank\" rel=\"noreferrer noopener\">EP  2<\/a><\/div>\n\n\n\n<div class=\"wp-block-button\"><a class=\"wp-block-button__link has-white-color has-vivid-purple-background-color has-text-color has-background has-link-color wp-element-button\" href=\"https:\/\/drive.google.com\/file\/d\/16Zk0LnqCZBt-bhfh4SToXjK6z1XkzPAh\/view?usp=sharing\" target=\"_blank\" rel=\"noreferrer noopener\">EP  3<\/a><\/div>\n\n\n\n<div class=\"wp-block-button\"><a class=\"wp-block-button__link has-white-color has-vivid-purple-background-color has-text-color has-background has-link-color wp-element-button\" href=\"https:\/\/drive.google.com\/file\/d\/1mEXPeZlwJB6u313Tc0ekkhwRU12JkpwJ\/view?usp=sharinging\" target=\"_blank\" rel=\"noreferrer noopener\">EP  4<\/a><\/div>\n\n\n\n<div class=\"wp-block-button\"><a class=\"wp-block-button__link has-white-color has-vivid-purple-background-color has-text-color has-background has-link-color wp-element-button\" href=\"https:\/\/drive.google.com\/file\/d\/1PIS6qaMybaAkXReDJzFQFPBBMpMI9jZd\/view?usp=sharing\" target=\"_blank\" rel=\"noreferrer noopener\">EP  5<\/a><\/div>\n\n\n\n<div class=\"wp-block-button\"><a class=\"wp-block-button__link has-white-color has-vivid-purple-background-color has-text-color has-background has-link-color wp-element-button\" href=\"https:\/\/drive.google.com\/file\/d\/1kBu5uzVkPKjlgZC87bPb7gbyqVffvVAZ\/view?usp=sharing\" target=\"_blank\" rel=\"noreferrer noopener\">EP  6<\/a><\/div>\n\n\n\n<div class=\"wp-block-button\"><a class=\"wp-block-button__link has-white-color has-vivid-purple-background-color has-text-color has-background has-link-color wp-element-button\" href=\"https:\/\/drive.google.com\/file\/d\/1u26l5Lvh6Ep9DJjqeVgxrXsJZqwZLk97\/view?usp=sharing\" target=\"_blank\" rel=\"noreferrer noopener\">EP  7<\/a><\/div>\n\n\n\n<div class=\"wp-block-button\"><a class=\"wp-block-button__link has-white-color has-vivid-purple-background-color has-text-color has-background has-link-color wp-element-button\" href=\"https:\/\/drive.google.com\/file\/d\/1Sd_kEc7RR1gCfE4PLKVLKYcVfg4ujHzE\/view?usp=sharing\" target=\"_blank\" rel=\"noreferrer noopener\">EP  8<\/a><\/div>\n\n\n\n<div class=\"wp-block-button\"><a class=\"wp-block-button__link has-white-color has-vivid-purple-background-color has-text-color has-background has-link-color wp-element-button\" href=\"https:\/\/drive.google.com\/file\/d\/19RbNLa2Ckts9G9yQsztNL_drbF3uev-K\/view?usp=sharing\" target=\"_blank\" rel=\"noreferrer noopener\">EP  9<\/a><\/div>\n\n\n\n<div class=\"wp-block-button\"><a class=\"wp-block-button__link has-white-color has-vivid-purple-background-color has-text-color has-background has-link-color wp-element-button\" href=\"https:\/\/drive.google.com\/file\/d\/1xjsYUSK0zwZyAY7AFIkeqfd9ycj8aPAU\/view?usp=sharing\" target=\"_blank\" rel=\"noreferrer noopener\">EP 10<\/a><\/div>\n\n\n\n<div class=\"wp-block-button\"><a class=\"wp-block-button__link has-white-color has-vivid-purple-background-color has-text-color has-background has-link-color wp-element-button\" href=\"https:\/\/drive.google.com\/file\/d\/1pENjwT-x8U5bTB4Bl-aq675akeV6Z89A\/view?usp=sharing\" target=\"_blank\" rel=\"noreferrer noopener\">EP 11<\/a><\/div>\n\n\n\n<div class=\"wp-block-button\"><a class=\"wp-block-button__link has-white-color has-vivid-purple-background-color has-text-color has-background has-link-color wp-element-button\" href=\"https:\/\/drive.google.com\/file\/d\/124UTQcRTQdJfL-Eji17naVEfGncJouz-\/view?usp=sharing\" target=\"_blank\" rel=\"noreferrer noopener\">EP 12<\/a><\/div>\n\n\n\n<div class=\"wp-block-button\"><a class=\"wp-block-button__link has-white-color has-vivid-purple-background-color has-text-color has-background has-link-color wp-element-button\" href=\"https:\/\/drive.google.com\/file\/d\/1DoFNyuq_u76MgdeHPqlVolMQ29SAb6D_\/view?usp=sharing\" target=\"_blank\" rel=\"noreferrer noopener\">EP 13<\/a><\/div>\n\n\n\n<div class=\"wp-block-button\"><a class=\"wp-block-button__link has-white-color has-ast-global-color-0-background-color has-text-color has-background has-link-color wp-element-button\">EP 14<\/a><\/div>\n\n\n\n<div class=\"wp-block-button\"><a class=\"wp-block-button__link has-white-color has-ast-global-color-0-background-color has-text-color has-background has-link-color wp-element-button\">EP 15<\/a><\/div>\n\n\n\n<div class=\"wp-block-button\"><a class=\"wp-block-button__link has-white-color has-ast-global-color-0-background-color has-text-color has-background has-link-color wp-element-button\">EP 16<\/a><\/div>\n<\/div>\n","protected":false},"excerpt":{"rendered":"<p>Projecte Podcast a l&#8217;Escola: Connectant Coneixement i Creativitat Estem emocionats d&#8217;anunciar l&#8217;inici del nostre projecte de Podcast a l&#8217;Escola, una [&hellip;]<\/p>\n","protected":false},"author":1,"featured_media":0,"parent":0,"menu_order":0,"comment_status":"closed","ping_status":"closed","template":"","meta":{"_bbp_topic_count":0,"_bbp_reply_count":0,"_bbp_total_topic_count":0,"_bbp_total_reply_count":0,"_bbp_voice_count":0,"_bbp_anonymous_reply_count":0,"_bbp_topic_count_hidden":0,"_bbp_reply_count_hidden":0,"_bbp_forum_subforum_count":0,"site-sidebar-layout":"default","site-content-layout":"","ast-site-content-layout":"default","site-content-style":"default","site-sidebar-style":"default","ast-global-header-display":"","ast-banner-title-visibility":"","ast-main-header-display":"","ast-hfb-above-header-display":"","ast-hfb-below-header-display":"","ast-hfb-mobile-header-display":"","site-post-title":"","ast-breadcrumbs-content":"","ast-featured-img":"","footer-sml-layout":"","theme-transparent-header-meta":"","adv-header-id-meta":"","stick-header-meta":"","header-above-stick-meta":"","header-main-stick-meta":"","header-below-stick-meta":"","astra-migrate-meta-layouts":"set","ast-page-background-enabled":"default","ast-page-background-meta":{"desktop":{"background-color":"var(--ast-global-color-4)","background-image":"","background-repeat":"repeat","background-position":"center center","background-size":"auto","background-attachment":"scroll","background-type":"","background-media":"","overlay-type":"","overlay-color":"","overlay-opacity":"","overlay-gradient":""},"tablet":{"background-color":"","background-image":"","background-repeat":"repeat","background-position":"center center","background-size":"auto","background-attachment":"scroll","background-type":"","background-media":"","overlay-type":"","overlay-color":"","overlay-opacity":"","overlay-gradient":""},"mobile":{"background-color":"","background-image":"","background-repeat":"repeat","background-position":"center center","background-size":"auto","background-attachment":"scroll","background-type":"","background-media":"","overlay-type":"","overlay-color":"","overlay-opacity":"","overlay-gradient":""}},"ast-content-background-meta":{"desktop":{"background-color":"var(--ast-global-color-5)","background-image":"","background-repeat":"repeat","background-position":"center center","background-size":"auto","background-attachment":"scroll","background-type":"","background-media":"","overlay-type":"","overlay-color":"","overlay-opacity":"","overlay-gradient":""},"tablet":{"background-color":"var(--ast-global-color-5)","background-image":"","background-repeat":"repeat","background-position":"center center","background-size":"auto","background-attachment":"scroll","background-type":"","background-media":"","overlay-type":"","overlay-color":"","overlay-opacity":"","overlay-gradient":""},"mobile":{"background-color":"var(--ast-global-color-5)","background-image":"","background-repeat":"repeat","background-position":"center center","background-size":"auto","background-attachment":"scroll","background-type":"","background-media":"","overlay-type":"","overlay-color":"","overlay-opacity":"","overlay-gradient":""}},"footnotes":""},"class_list":["post-5043","page","type-page","status-publish","hentry"],"post_mailing_queue_ids":[],"_links":{"self":[{"href":"https:\/\/agora.xtec.cat\/ceipelsolell\/wp-json\/wp\/v2\/pages\/5043","targetHints":{"allow":["GET"]}}],"collection":[{"href":"https:\/\/agora.xtec.cat\/ceipelsolell\/wp-json\/wp\/v2\/pages"}],"about":[{"href":"https:\/\/agora.xtec.cat\/ceipelsolell\/wp-json\/wp\/v2\/types\/page"}],"author":[{"embeddable":true,"href":"https:\/\/agora.xtec.cat\/ceipelsolell\/wp-json\/wp\/v2\/users\/1"}],"replies":[{"embeddable":true,"href":"https:\/\/agora.xtec.cat\/ceipelsolell\/wp-json\/wp\/v2\/comments?post=5043"}],"version-history":[{"count":6,"href":"https:\/\/agora.xtec.cat\/ceipelsolell\/wp-json\/wp\/v2\/pages\/5043\/revisions"}],"predecessor-version":[{"id":6890,"href":"https:\/\/agora.xtec.cat\/ceipelsolell\/wp-json\/wp\/v2\/pages\/5043\/revisions\/6890"}],"wp:attachment":[{"href":"https:\/\/agora.xtec.cat\/ceipelsolell\/wp-json\/wp\/v2\/media?parent=5043"}],"curies":[{"name":"wp","href":"https:\/\/api.w.org\/{rel}","templated":true}]}}