{"id":4918,"date":"2023-12-12T13:06:03","date_gmt":"2023-12-12T12:06:03","guid":{"rendered":"https:\/\/agora.xtec.cat\/ceipelsolell\/?page_id=4918"},"modified":"2024-05-13T22:07:33","modified_gmt":"2024-05-13T20:07:33","slug":"recursos","status":"publish","type":"page","link":"https:\/\/agora.xtec.cat\/ceipelsolell\/recursos\/","title":{"rendered":"Repassem tots junts!"},"content":{"rendered":"<table style=\"width: 100%; border-collapse: collapse; background-color: #f19ff5; height: 43px;\">\n<tbody>\n<tr style=\"height: 43px;\">\n<td style=\"width: 100%; height: 43px;\">\n<h6><strong>CALCULEM TOTS JUNTS!<\/strong><\/h6>\n<\/td>\n<\/tr>\n<\/tbody>\n<\/table>\n<table style=\"height: 100%; width: 100%; border-collapse: collapse; background-color: #9bf051;\">\n<tbody>\n<tr>\n<td style=\"width: 1019.9px; vertical-align: middle; text-align: center;\"><span style=\"font-size: 12.25px; background-color: #f9f9f9;\">1r i 2n<\/span><\/td>\n<td style=\"width: 1019.9px; vertical-align: middle; text-align: center;\"><span style=\"background-color: #f9f9f9;\">3r i 4t<\/span><\/td>\n<td style=\"width: 33.875px; vertical-align: middle; text-align: center;\"><span style=\"background-color: #f9f9f9;\">5e i 6e<\/span><\/td>\n<\/tr>\n<tr>\n<td style=\"width: 33%; text-align: center; vertical-align: top;\">Sumem saltant!<\/p>\n<div class=\"ast-oembed-container \" style=\"height: 100%;\"><iframe loading=\"lazy\" title=\"Sumem saltant - Estrat\u00e8gies en 2 minuts | Prim\u00e0ria | Cicle Inicial (1r i 2n)\" width=\"500\" height=\"281\" src=\"https:\/\/www.youtube.com\/embed\/ycBawp8Fo5s?feature=oembed\" frameborder=\"0\" allow=\"accelerometer; autoplay; clipboard-write; encrypted-media; gyroscope; picture-in-picture; web-share\" referrerpolicy=\"strict-origin-when-cross-origin\" allowfullscreen><\/iframe><\/div>\n<p>Restem saltant!<\/p>\n<div class=\"ast-oembed-container \" style=\"height: 100%;\"><iframe loading=\"lazy\" title=\"Restem saltant - Estrat\u00e8gies en 2 minuts | Prim\u00e0ria | Cicle Inicial (1r i 2n)\" width=\"500\" height=\"281\" src=\"https:\/\/www.youtube.com\/embed\/DZcjw_kVxDU?feature=oembed\" frameborder=\"0\" allow=\"accelerometer; autoplay; clipboard-write; encrypted-media; gyroscope; picture-in-picture; web-share\" referrerpolicy=\"strict-origin-when-cross-origin\" allowfullscreen><\/iframe><\/div>\n<p>Sumem descomponent!<\/p>\n<div class=\"ast-oembed-container \" style=\"height: 100%;\"><iframe loading=\"lazy\" title=\"Sumem descomponent - Estrat\u00e8gies en 2 minuts | Prim\u00e0ria | Cicle Inicial (1r i 2n)\" width=\"500\" height=\"281\" src=\"https:\/\/www.youtube.com\/embed\/VlyZa--cIQo?feature=oembed\" frameborder=\"0\" allow=\"accelerometer; autoplay; clipboard-write; encrypted-media; gyroscope; picture-in-picture; web-share\" referrerpolicy=\"strict-origin-when-cross-origin\" allowfullscreen><\/iframe><\/div>\n<p>Restem descomponent!<\/p>\n<div class=\"ast-oembed-container \" style=\"height: 100%;\"><iframe loading=\"lazy\" title=\"Restem descomponent - Estrat\u00e8gies en 2 minuts | Prim\u00e0ria | Cicle Inicial (1r i 2n)\" width=\"500\" height=\"281\" src=\"https:\/\/www.youtube.com\/embed\/iRdarU-y70Q?feature=oembed\" frameborder=\"0\" allow=\"accelerometer; autoplay; clipboard-write; encrypted-media; gyroscope; picture-in-picture; web-share\" referrerpolicy=\"strict-origin-when-cross-origin\" allowfullscreen><\/iframe><\/div>\n<p>Derivem fets!<\/p>\n<div class=\"ast-oembed-container \" style=\"height: 100%;\"><iframe loading=\"lazy\" title=\"Derivem fets - Estrat\u00e8gies en 2 minuts | Prim\u00e0ria | Cicle Inicial (1r i 2n)\" width=\"500\" height=\"281\" src=\"https:\/\/www.youtube.com\/embed\/Fhc6t0am-Ys?feature=oembed\" frameborder=\"0\" allow=\"accelerometer; autoplay; clipboard-write; encrypted-media; gyroscope; picture-in-picture; web-share\" referrerpolicy=\"strict-origin-when-cross-origin\" allowfullscreen><\/iframe><\/div>\n<p>Estimem!<\/p>\n<div class=\"ast-oembed-container \" style=\"height: 100%;\"><iframe loading=\"lazy\" title=\"Estimem - Estrat\u00e8gies en 2 minuts | Prim\u00e0ria | Cicle Inicial (1r i 2n)\" width=\"500\" height=\"281\" src=\"https:\/\/www.youtube.com\/embed\/t3y4MzaOAB0?feature=oembed\" frameborder=\"0\" allow=\"accelerometer; autoplay; clipboard-write; encrypted-media; gyroscope; picture-in-picture; web-share\" referrerpolicy=\"strict-origin-when-cross-origin\" allowfullscreen><\/iframe><\/div>\n<\/td>\n<td style=\"width: 33%; text-align: center; vertical-align: top;\">Sumem i restem saltant!<\/p>\n<div class=\"ast-oembed-container \" style=\"height: 100%;\"><iframe loading=\"lazy\" title=\"Sumem i restem saltant - Estrat\u00e8gies en 2 minuts | Prim\u00e0ria | Cicle Mitj\u00e0 (3r i 4t)\" width=\"500\" height=\"281\" src=\"https:\/\/www.youtube.com\/embed\/3G_DZdzVvtI?feature=oembed\" frameborder=\"0\" allow=\"accelerometer; autoplay; clipboard-write; encrypted-media; gyroscope; picture-in-picture; web-share\" referrerpolicy=\"strict-origin-when-cross-origin\" allowfullscreen><\/iframe><\/div>\n<p>Sumem descomponent!<\/p>\n<div class=\"ast-oembed-container \" style=\"height: 100%;\"><iframe loading=\"lazy\" title=\"Sumem descomponent - Estrat\u00e8gies en 2 minuts | Prim\u00e0ria | Cicle Mitj\u00e0 (3r i 4t)\" width=\"500\" height=\"281\" src=\"https:\/\/www.youtube.com\/embed\/OcIuM2gut2s?feature=oembed\" frameborder=\"0\" allow=\"accelerometer; autoplay; clipboard-write; encrypted-media; gyroscope; picture-in-picture; web-share\" referrerpolicy=\"strict-origin-when-cross-origin\" allowfullscreen><\/iframe><\/div>\n<p>Restem descomponent!<\/p>\n<div class=\"ast-oembed-container \" style=\"height: 100%;\"><iframe loading=\"lazy\" title=\"Restem descomponent - Estrat\u00e8gies en 2 minuts | Prim\u00e0ria | Cicle Mitj\u00e0 (3r i 4t)\" width=\"500\" height=\"281\" src=\"https:\/\/www.youtube.com\/embed\/XHcZ1V9paYc?feature=oembed\" frameborder=\"0\" allow=\"accelerometer; autoplay; clipboard-write; encrypted-media; gyroscope; picture-in-picture; web-share\" referrerpolicy=\"strict-origin-when-cross-origin\" allowfullscreen><\/iframe><\/div>\n<p>Taules de multiplicar!<\/p>\n<div class=\"ast-oembed-container \" style=\"height: 100%;\"><iframe loading=\"lazy\" title=\"Constru\u00efm les taules de multiplicar - Estrat\u00e8gies en 2 minuts | Prim\u00e0ria | Cicle Mitj\u00e0 (3r i 4t)\" width=\"500\" height=\"281\" src=\"https:\/\/www.youtube.com\/embed\/fkN2m8MAAg4?feature=oembed\" frameborder=\"0\" allow=\"accelerometer; autoplay; clipboard-write; encrypted-media; gyroscope; picture-in-picture; web-share\" referrerpolicy=\"strict-origin-when-cross-origin\" allowfullscreen><\/iframe><\/div>\n<p>Multipliquem!<\/p>\n<div class=\"ast-oembed-container \" style=\"height: 100%;\"><iframe loading=\"lazy\" title=\"Multipliquem amb el model rectangular - Estrat\u00e8gies en 2 minuts | Prim\u00e0ria | Cicle Mitj\u00e0 (3r i 4t)\" width=\"500\" height=\"281\" src=\"https:\/\/www.youtube.com\/embed\/uNEHHKRFOQ0?feature=oembed\" frameborder=\"0\" allow=\"accelerometer; autoplay; clipboard-write; encrypted-media; gyroscope; picture-in-picture; web-share\" referrerpolicy=\"strict-origin-when-cross-origin\" allowfullscreen><\/iframe><\/div>\n<p>Dividim!<\/p>\n<div class=\"ast-oembed-container \" style=\"height: 100%;\"><iframe loading=\"lazy\" title=\"Dividim - Estrat\u00e8gies en 2 minuts | Prim\u00e0ria | Cicle Mitj\u00e0 (3r i 4t)\" width=\"500\" height=\"281\" src=\"https:\/\/www.youtube.com\/embed\/XR7jinkgcy4?feature=oembed\" frameborder=\"0\" allow=\"accelerometer; autoplay; clipboard-write; encrypted-media; gyroscope; picture-in-picture; web-share\" referrerpolicy=\"strict-origin-when-cross-origin\" allowfullscreen><\/iframe><\/div>\n<p>Derivem fets!<\/p>\n<div class=\"ast-oembed-container \" style=\"height: 100%;\"><iframe loading=\"lazy\" title=\"Derivem fets - Estrat\u00e8gies en 2 minuts | Prim\u00e0ria | Cicle Mitj\u00e0 (3r i 4t)\" width=\"500\" height=\"281\" src=\"https:\/\/www.youtube.com\/embed\/glwKqcwOnfg?feature=oembed\" frameborder=\"0\" allow=\"accelerometer; autoplay; clipboard-write; encrypted-media; gyroscope; picture-in-picture; web-share\" referrerpolicy=\"strict-origin-when-cross-origin\" allowfullscreen><\/iframe><\/div>\n<p>Estimem!<\/p>\n<div class=\"ast-oembed-container \" style=\"height: 100%;\"><iframe loading=\"lazy\" title=\"Estimem - Estrat\u00e8gies en 2 minuts | Prim\u00e0ria | Cicle Mitj\u00e0 (3r i 4t)\" width=\"500\" height=\"281\" src=\"https:\/\/www.youtube.com\/embed\/UUXb5kKcsPQ?feature=oembed\" frameborder=\"0\" allow=\"accelerometer; autoplay; clipboard-write; encrypted-media; gyroscope; picture-in-picture; web-share\" referrerpolicy=\"strict-origin-when-cross-origin\" allowfullscreen><\/iframe><\/div>\n<p>&nbsp;<\/td>\n<td style=\"text-align: center; vertical-align: top;\">Sumem i restem saltant!<\/p>\n<div class=\"ast-oembed-container \" style=\"height: 100%;\"><iframe loading=\"lazy\" title=\"Sumem i restem saltant - Estrat\u00e8gies en 2 minuts | Prim\u00e0ria | Cicle Superior (5\u00e8 i 6\u00e8)\" width=\"500\" height=\"281\" src=\"https:\/\/www.youtube.com\/embed\/_SGtPeAgmJk?feature=oembed\" frameborder=\"0\" allow=\"accelerometer; autoplay; clipboard-write; encrypted-media; gyroscope; picture-in-picture; web-share\" referrerpolicy=\"strict-origin-when-cross-origin\" allowfullscreen><\/iframe><\/div>\n<p>Sumem y restem!<\/p>\n<div class=\"ast-oembed-container \" style=\"height: 100%;\"><iframe loading=\"lazy\" title=\"Sumem i restem descomponent - Estrat\u00e8gies en 2 minuts | Prim\u00e0ria | Cicle Superior (5\u00e8 i 6\u00e8)\" width=\"500\" height=\"281\" src=\"https:\/\/www.youtube.com\/embed\/Bq4xf39zy9k?feature=oembed\" frameborder=\"0\" allow=\"accelerometer; autoplay; clipboard-write; encrypted-media; gyroscope; picture-in-picture; web-share\" referrerpolicy=\"strict-origin-when-cross-origin\" allowfullscreen><\/iframe><\/div>\n<p>Fem percentatges!<\/p>\n<div class=\"ast-oembed-container \" style=\"height: 100%;\"><iframe loading=\"lazy\" title=\"Fem percentatges - Estrat\u00e8gies en 2 minuts | Prim\u00e0ria | Cicle Superior (5\u00e8 i 6\u00e8)\" width=\"500\" height=\"281\" src=\"https:\/\/www.youtube.com\/embed\/QBt2c75lVWc?feature=oembed\" frameborder=\"0\" allow=\"accelerometer; autoplay; clipboard-write; encrypted-media; gyroscope; picture-in-picture; web-share\" referrerpolicy=\"strict-origin-when-cross-origin\" allowfullscreen><\/iframe><\/div>\n<p>Derivem fets!<\/p>\n<div class=\"ast-oembed-container \" style=\"height: 100%;\"><iframe loading=\"lazy\" title=\"Derivem fets - Estrat\u00e8gies en 2 minuts | Prim\u00e0ria | Cicle Superior (5\u00e8 i 6\u00e8)\" width=\"500\" height=\"281\" src=\"https:\/\/www.youtube.com\/embed\/BfcWhHFhMv0?feature=oembed\" frameborder=\"0\" allow=\"accelerometer; autoplay; clipboard-write; encrypted-media; gyroscope; picture-in-picture; web-share\" referrerpolicy=\"strict-origin-when-cross-origin\" allowfullscreen><\/iframe><\/div>\n<p>&nbsp;<\/p>\n<p>&nbsp;<\/p>\n<p>&nbsp;<\/td>\n<\/tr>\n<\/tbody>\n<\/table>\n<p>&nbsp;<\/p>\n<table style=\"width: 100%; border-collapse: collapse; background-color: #f291f1;\">\n<tbody>\n<tr>\n<td style=\"width: 100%;\">REPASSEM LLENGUA CATALANA<\/td>\n<\/tr>\n<\/tbody>\n<\/table>\n<table style=\"width: 100%; border-collapse: collapse; background-color: #adf07a; height: 128px;\">\n<tbody>\n<tr style=\"height: 32px;\">\n<td style=\"width: 33.3333%; height: 32px;\">1r i 2n<\/td>\n<td style=\"width: 33.3333%; height: 32px;\">3r i 4t<\/td>\n<td style=\"width: 33.3333%; height: 32px;\">5\u00e8 i 6\u00e8<\/td>\n<\/tr>\n<tr style=\"height: 96px;\">\n<td style=\"width: 33.3333%; height: 96px;\"><a href=\"https:\/\/edu365.cat\/primaria\/catala\/entrena\/index.html\">Entrena&#8217;t a llegir<\/a><\/p>\n<p><a href=\"https:\/\/edu365.cat\/primaria\/catala\/sillabes\/index.htm\">Compta s\u00edl\u00b7labes!<\/a><\/p>\n<p><a href=\"https:\/\/www.vallegim.cat\/\">Inici a la lectura<\/a><\/td>\n<td style=\"width: 33.3333%; height: 96px;\"><a href=\"https:\/\/www.edu365.cat\/workshop\/joc\/agent\/index.html\">Treballa l&#8217;ortografia!<\/a><\/p>\n<p><a href=\"https:\/\/edu365.cat\/primaria\/catala\/diftong\/index.htm\">Els diftongs!<\/a><\/td>\n<td style=\"width: 33.3333%; height: 96px;\"><a href=\"http:\/\/Ortografia\">Treballa l&#8217;ortografia!<\/a><\/p>\n<p><a href=\"https:\/\/www.auladecatala.com\/\">Rep\u00e0s de bon nivell<\/a><\/td>\n<\/tr>\n<\/tbody>\n<\/table>\n<table style=\"width: 100%; border-collapse: collapse; background-color: #f291f2;\">\n<tbody>\n<tr>\n<td style=\"width: 100%;\">REPASSEM LLENGUA CASTELLANA<\/td>\n<\/tr>\n<\/tbody>\n<\/table>\n<table style=\"width: 100%; border-collapse: collapse; background-color: #adf274;\">\n<tbody>\n<tr>\n<td style=\"width: 33.3333%; text-align: center;\">1r i 2n<\/td>\n<td style=\"width: 33.3333%; text-align: center;\">3r i 4t<\/td>\n<td style=\"width: 33.3333%; text-align: center;\">5\u00e8 i 6\u00e8<\/td>\n<\/tr>\n<tr>\n<td style=\"width: 33.3333%;\"><a href=\"https:\/\/www.mundoprimaria.com\/juegos-educativos\/juegos-lenguaje\/gramatica\/gra-primero\">Repaso para primer curso.<\/a><\/p>\n<p><a href=\"https:\/\/www.mundoprimaria.com\/juegos-educativos\/juegos-lenguaje\/gramatica\/gra-segundo\">Repaso para segundo curso.<\/a><\/td>\n<td style=\"width: 33.3333%;\"><a href=\"https:\/\/www.mundoprimaria.com\/juegos-educativos\/juegos-lenguaje\/gramatica\/gra-tercero\">Repaso para tercer curso.<\/a><\/p>\n<p><a href=\"https:\/\/www.mundoprimaria.com\/juegos-educativos\/juegos-lenguaje\/gramatica\/gra-cuarto\">Repaso para cuarto curso.<\/a><\/td>\n<td style=\"width: 33.3333%;\"><a href=\"https:\/\/www.mundoprimaria.com\/juegos-educativos\/juegos-lenguaje\/gramatica\/gra-quinto\">Repaso para quinto curso.<\/a><\/p>\n<p><a href=\"https:\/\/www.mundoprimaria.com\/juegos-educativos\/juegos-lenguaje\/gramatica\/gra-sexto\">Repaso para sexto curso.<\/a><\/td>\n<\/tr>\n<\/tbody>\n<\/table>\n<table style=\"width: 100%; border-collapse: collapse; background-color: #f294ef;\">\n<tbody>\n<tr>\n<td style=\"width: 100%;\">PRACTIQUEM LA LLENGUA ANGLESA<\/td>\n<\/tr>\n<\/tbody>\n<\/table>\n<table style=\"width: 100%; border-collapse: collapse; background-color: #93f27e;\">\n<tbody>\n<tr>\n<td style=\"width: 33.3333%;\">1r i 2n<\/td>\n<td style=\"width: 33.3333%;\">3r i 4t<\/td>\n<td style=\"width: 33.3333%;\">5\u00e8 i 6\u00e8<\/td>\n<\/tr>\n<tr>\n<td style=\"width: 33.3333%;\"><a href=\"https:\/\/www.adaptedmind.com\/Math-Worksheets.html?utm_medium=cpc&amp;utm_source=google&amp;campaignid=893889055&amp;campaign_type=display&amp;placement=d&amp;utm_content=&amp;adid=687584612521&amp;adset_id=50314579171&amp;utm_term=&amp;ad_position=&amp;device=c&amp;gclid=EAIaIQobChMIzrPppO_agwMVurgnAh3q8QkhEAEYASAAEgKSvPD_BwE\">1rst Grade<\/a><\/p>\n<p><a href=\"https:\/\/www.adaptedmind.com\/Math-Worksheets.html?utm_medium=cpc&amp;utm_source=google&amp;campaignid=893889055&amp;campaign_type=display&amp;placement=d&amp;utm_content=&amp;adid=687584612521&amp;adset_id=50314579171&amp;utm_term=&amp;ad_position=&amp;device=c&amp;gclid=EAIaIQobChMIzrPppO_agwMVurgnAh3q8QkhEAEYASAAEgKSvPD_BwE\">2nd Grade<\/a><\/td>\n<td style=\"width: 33.3333%;\"><a href=\"https:\/\/www.adaptedmind.com\/Math-Worksheets.html?utm_medium=cpc&amp;utm_source=google&amp;campaignid=893889055&amp;campaign_type=display&amp;placement=d&amp;utm_content=&amp;adid=687584612521&amp;adset_id=50314579171&amp;utm_term=&amp;ad_position=&amp;device=c&amp;gclid=EAIaIQobChMIzrPppO_agwMVurgnAh3q8QkhEAEYASAAEgKSvPD_BwE\">3rd Grade<\/a><\/p>\n<p><a href=\"https:\/\/www.adaptedmind.com\/Math-Worksheets.html?utm_medium=cpc&amp;utm_source=google&amp;campaignid=893889055&amp;campaign_type=display&amp;placement=d&amp;utm_content=&amp;adid=687584612521&amp;adset_id=50314579171&amp;utm_term=&amp;ad_position=&amp;device=c&amp;gclid=EAIaIQobChMIzrPppO_agwMVurgnAh3q8QkhEAEYASAAEgKSvPD_BwE\">4th Grade<\/a><\/td>\n<td style=\"width: 33.3333%;\"><a href=\"https:\/\/www.adaptedmind.com\/Math-Worksheets.html?utm_medium=cpc&amp;utm_source=google&amp;campaignid=893889055&amp;campaign_type=display&amp;placement=d&amp;utm_content=&amp;adid=687584612521&amp;adset_id=50314579171&amp;utm_term=&amp;ad_position=&amp;device=c&amp;gclid=EAIaIQobChMIzrPppO_agwMVurgnAh3q8QkhEAEYASAAEgKSvPD_BwE\">5th Grade<\/a><\/p>\n<p><a href=\"https:\/\/www.adaptedmind.com\/Math-Worksheets.html?utm_medium=cpc&amp;utm_source=google&amp;campaignid=893889055&amp;campaign_type=display&amp;placement=d&amp;utm_content=&amp;adid=687584612521&amp;adset_id=50314579171&amp;utm_term=&amp;ad_position=&amp;device=c&amp;gclid=EAIaIQobChMIzrPppO_agwMVurgnAh3q8QkhEAEYASAAEgKSvPD_BwE\">6th Grade<\/a><\/td>\n<\/tr>\n<\/tbody>\n<\/table>\n<table style=\"width: 100%; border-collapse: collapse; background-color: #eda4ed;\">\n<tbody>\n<tr>\n<td style=\"width: 100%;\">ESTIGUES AL DIA<\/td>\n<\/tr>\n<\/tbody>\n<\/table>\n<table style=\"border-collapse: collapse; width: 100%;\">\n<tbody>\n<tr>\n<td style=\"width: 100%;\"><a href=\"https:\/\/www.ccma.cat\/tv3\/sx3\/infok\/\">https:\/\/www.ccma.cat\/tv3\/sx3\/infok\/<\/a><\/p>\n<p>\/<a href=\"https:\/\/www.ccma.cat\/tv3\/sx3\/supercampus\/\">https:\/\/www.ccma.cat\/tv3\/sx3\/supercampus\/<\/a><\/p>\n<p><a href=\"https:\/\/www.ccma.cat\/tv3\/sx3\/\">https:\/\/www.ccma.cat\/tv3\/sx3\/<\/a><\/td>\n<\/tr>\n<\/tbody>\n<\/table>\n<p>&nbsp;<\/p>\n","protected":false},"excerpt":{"rendered":"<p>CALCULEM TOTS JUNTS! 1r i 2n 3r i 4t 5e i 6e Sumem saltant! Restem saltant! Sumem descomponent! Restem descomponent! [&hellip;]<\/p>\n","protected":false},"author":1,"featured_media":0,"parent":0,"menu_order":0,"comment_status":"closed","ping_status":"closed","template":"","meta":{"_bbp_topic_count":0,"_bbp_reply_count":0,"_bbp_total_topic_count":0,"_bbp_total_reply_count":0,"_bbp_voice_count":0,"_bbp_anonymous_reply_count":0,"_bbp_topic_count_hidden":0,"_bbp_reply_count_hidden":0,"_bbp_forum_subforum_count":0,"site-sidebar-layout":"default","site-content-layout":"","ast-site-content-layout":"","site-content-style":"default","site-sidebar-style":"default","ast-global-header-display":"","ast-banner-title-visibility":"","ast-main-header-display":"","ast-hfb-above-header-display":"","ast-hfb-below-header-display":"","ast-hfb-mobile-header-display":"","site-post-title":"","ast-breadcrumbs-content":"","ast-featured-img":"","footer-sml-layout":"","theme-transparent-header-meta":"","adv-header-id-meta":"","stick-header-meta":"","header-above-stick-meta":"","header-main-stick-meta":"","header-below-stick-meta":"","astra-migrate-meta-layouts":"default","ast-page-background-enabled":"default","ast-page-background-meta":{"desktop":{"background-color":"var(--ast-global-color-4)","background-image":"","background-repeat":"repeat","background-position":"center center","background-size":"auto","background-attachment":"scroll","background-type":"","background-media":"","overlay-type":"","overlay-color":"","overlay-opacity":"","overlay-gradient":""},"tablet":{"background-color":"","background-image":"","background-repeat":"repeat","background-position":"center center","background-size":"auto","background-attachment":"scroll","background-type":"","background-media":"","overlay-type":"","overlay-color":"","overlay-opacity":"","overlay-gradient":""},"mobile":{"background-color":"","background-image":"","background-repeat":"repeat","background-position":"center center","background-size":"auto","background-attachment":"scroll","background-type":"","background-media":"","overlay-type":"","overlay-color":"","overlay-opacity":"","overlay-gradient":""}},"ast-content-background-meta":{"desktop":{"background-color":"var(--ast-global-color-5)","background-image":"","background-repeat":"repeat","background-position":"center center","background-size":"auto","background-attachment":"scroll","background-type":"","background-media":"","overlay-type":"","overlay-color":"","overlay-opacity":"","overlay-gradient":""},"tablet":{"background-color":"var(--ast-global-color-5)","background-image":"","background-repeat":"repeat","background-position":"center center","background-size":"auto","background-attachment":"scroll","background-type":"","background-media":"","overlay-type":"","overlay-color":"","overlay-opacity":"","overlay-gradient":""},"mobile":{"background-color":"var(--ast-global-color-5)","background-image":"","background-repeat":"repeat","background-position":"center center","background-size":"auto","background-attachment":"scroll","background-type":"","background-media":"","overlay-type":"","overlay-color":"","overlay-opacity":"","overlay-gradient":""}},"footnotes":""},"class_list":["post-4918","page","type-page","status-publish","hentry"],"post_mailing_queue_ids":[],"_links":{"self":[{"href":"https:\/\/agora.xtec.cat\/ceipelsolell\/wp-json\/wp\/v2\/pages\/4918","targetHints":{"allow":["GET"]}}],"collection":[{"href":"https:\/\/agora.xtec.cat\/ceipelsolell\/wp-json\/wp\/v2\/pages"}],"about":[{"href":"https:\/\/agora.xtec.cat\/ceipelsolell\/wp-json\/wp\/v2\/types\/page"}],"author":[{"embeddable":true,"href":"https:\/\/agora.xtec.cat\/ceipelsolell\/wp-json\/wp\/v2\/users\/1"}],"replies":[{"embeddable":true,"href":"https:\/\/agora.xtec.cat\/ceipelsolell\/wp-json\/wp\/v2\/comments?post=4918"}],"version-history":[{"count":6,"href":"https:\/\/agora.xtec.cat\/ceipelsolell\/wp-json\/wp\/v2\/pages\/4918\/revisions"}],"predecessor-version":[{"id":5786,"href":"https:\/\/agora.xtec.cat\/ceipelsolell\/wp-json\/wp\/v2\/pages\/4918\/revisions\/5786"}],"wp:attachment":[{"href":"https:\/\/agora.xtec.cat\/ceipelsolell\/wp-json\/wp\/v2\/media?parent=4918"}],"curies":[{"name":"wp","href":"https:\/\/api.w.org\/{rel}","templated":true}]}}