{"id":4301,"date":"2023-05-22T09:58:14","date_gmt":"2023-05-22T07:58:14","guid":{"rendered":"https:\/\/agora.xtec.cat\/ceipelsolell\/?page_id=4301"},"modified":"2023-06-27T11:01:29","modified_gmt":"2023-06-27T09:01:29","slug":"diagnosi","status":"publish","type":"page","link":"https:\/\/agora.xtec.cat\/ceipelsolell\/estrategia-digital-de-centre-edc\/estrategia-digital\/diagnosi\/","title":{"rendered":"Diagnosi"},"content":{"rendered":"<p><span style=\"font-weight: 400;\">Per tal de detectar els punts forts del centre i els punts febles a millorar, s&#8217;ha realitzat una diagnosi completa i acurada, sempre tenint en compte l&#8217;opini\u00f3 de la majoria dels agents implicats en el nostre centre. Aquesta diagnosi permet determinar el grau d\u2019assoliment de les compet\u00e8ncies digitals en refer\u00e8ncia als tres eixos del PEDC: alumnat, equip docent i centre.<\/span><\/p>\n<p>&nbsp;<\/p>\n<p><span style=\"font-weight: 400;\">Per recollir la informaci\u00f3 corresponent sobre la maduresa digital del centre i poder fer la diagnosi, l\u2019escola ha utilitzat els seg\u00fcents recursos:<\/span><\/p>\n<ul>\n<li style=\"font-weight: 400;\" aria-level=\"1\"><span style=\"font-weight: 400;\"><strong>Eina SELFIE:<\/strong> \u00e9s una eina creada per la Comissi\u00f3 Europea per ajudar als centres educatius a fer una diagnosi, a partir d&#8217;una enquesta, sobre l&#8217;\u00fas pedag\u00f2gic de les tecnologies al centre. Aquesta, s&#8217;ha dut a terme amb l&#8217;alumnat de cicle superior, professorat i equip directiu.\u00a0<\/span><\/li>\n<li style=\"font-weight: 400;\" aria-level=\"1\"><span style=\"font-weight: 400;\"><strong>Eina SELFIE for teachers:<\/strong> \u00e9s una eina elaborada i gestionada des de la Comissi\u00f3 Europea per donar suport a les compet\u00e8ncies digitals dels docents, a trav\u00e9s d\u2019una enquesta. Aquesta, s\u2019ha dut a terme per l\u2019equip docent del centre.<\/span><\/li>\n<li style=\"font-weight: 400;\" aria-level=\"1\"><span style=\"font-weight: 400;\"><strong>Formulari de Google per a les fam\u00edlies del centre<\/strong>, relacionat amb l\u2019\u00fas de les tecnologies tant al centre com a casa.<\/span><\/li>\n<\/ul>\n<h2><span style=\"font-weight: 400;\">Punts forts\u00a0<\/span><\/h2>\n<ol>\n<li style=\"font-weight: 400;\" aria-level=\"1\"><span style=\"font-weight: 400;\">Al centre la infraestructura digital recolza l&#8217;ensenyament i aprenentatge amb tecnologies digitals.<\/span><\/li>\n<li style=\"font-weight: 400;\" aria-level=\"1\"><span style=\"font-weight: 400;\">Al centre hi ha dispositius digitals per al seu \u00fas en l&#8217;ensenyament.<\/span><\/li>\n<li style=\"font-weight: 400;\" aria-level=\"1\"><span style=\"font-weight: 400;\">Al centre es facilita acc\u00e9s a internet per a l&#8217;ensenyament i l&#8217;aprenentatge.<\/span><\/li>\n<li style=\"font-weight: 400;\" aria-level=\"1\"><span style=\"font-weight: 400;\">El professorat del centre crea recursos digitals per a refor\u00e7ar la seva labor d&#8217;ensenyament.<\/span><\/li>\n<li style=\"font-weight: 400;\" aria-level=\"1\"><span style=\"font-weight: 400;\">El professorat del centre utilitza tecnologies digitals per a la comunicaci\u00f3 relacionada amb el centre educatiu.<\/span><\/li>\n<li style=\"font-weight: 400;\" aria-level=\"1\"><span style=\"font-weight: 400;\">El professorat utilitza tecnologies digitals per facilitar la col\u00b7laboraci\u00f3 entre l&#8217;alumnat.<\/span><\/li>\n<li style=\"font-weight: 400;\" aria-level=\"1\"><span style=\"font-weight: 400;\">Al centre l&#8217;alumnat apr\u00e8n a crear continguts digitals.<\/span><\/li>\n<\/ol>\n<h2><span style=\"font-weight: 400;\">Punts febles\u00a0<\/span><\/h2>\n<ol>\n<li style=\"font-weight: 400;\" aria-level=\"1\"><span style=\"font-weight: 400;\">Increment de recursos per fer el manteniment de les incid\u00e8ncies t\u00e8cniques (empresa externa de manteniment).<\/span><\/li>\n<li style=\"font-weight: 400;\" aria-level=\"1\"><span style=\"font-weight: 400;\">Avaluaci\u00f3 (desplegament recursos digitals a totes les etapes: Additio, CoRubrics)<\/span><\/li>\n<li style=\"font-weight: 400;\" aria-level=\"1\"><span style=\"font-weight: 400;\">Intercanvi d&#8217;experi\u00e8ncies pedag\u00f2giques (reunions mensuals, trimestrals, trobades).<\/span><\/li>\n<li style=\"font-weight: 400;\" aria-level=\"1\"><span style=\"font-weight: 400;\">Gradaci\u00f3 de l\u2019avaluaci\u00f3 de la compet\u00e8ncia digital de l\u2019alumnat (desgranar i proposar una programaci\u00f3 vertical).\u00a0<\/span><\/li>\n<li style=\"font-weight: 400;\" aria-level=\"1\"><span style=\"font-weight: 400;\">Actualitzar el web trimestralment. Cal anar actualitzant la web (imatges, enlla\u00e7os\u2026 aprofitant recursos, com ara les xarxes socials &#8211; Instagram.)<\/span><\/li>\n<li style=\"font-weight: 400;\" aria-level=\"1\"><span style=\"font-weight: 400;\">Digitalitzar documents de centre com ara els informes, les incid\u00e8ncies inform\u00e0tiques, abs\u00e8ncies de l\u2019alumnat.<\/span><\/li>\n<li style=\"font-weight: 400;\" aria-level=\"1\"><span style=\"font-weight: 400;\">Dinamitzaci\u00f3 de les xarxes socials com principal motor del dia a dia de l&#8217;escola.<\/span><\/li>\n<\/ol>\n","protected":false},"excerpt":{"rendered":"<p>Per tal de detectar els punts forts del centre i els punts febles a millorar, s&#8217;ha realitzat una diagnosi completa [&hellip;]<\/p>\n","protected":false},"author":1,"featured_media":0,"parent":4273,"menu_order":0,"comment_status":"closed","ping_status":"closed","template":"page-templates\/side-menu.php","meta":{"_bbp_topic_count":0,"_bbp_reply_count":0,"_bbp_total_topic_count":0,"_bbp_total_reply_count":0,"_bbp_voice_count":0,"_bbp_anonymous_reply_count":0,"_bbp_topic_count_hidden":0,"_bbp_reply_count_hidden":0,"_bbp_forum_subforum_count":0,"site-sidebar-layout":"default","site-content-layout":"","ast-site-content-layout":"","site-content-style":"default","site-sidebar-style":"default","ast-global-header-display":"","ast-banner-title-visibility":"","ast-main-header-display":"","ast-hfb-above-header-display":"","ast-hfb-below-header-display":"","ast-hfb-mobile-header-display":"","site-post-title":"","ast-breadcrumbs-content":"","ast-featured-img":"","footer-sml-layout":"","theme-transparent-header-meta":"","adv-header-id-meta":"","stick-header-meta":"","header-above-stick-meta":"","header-main-stick-meta":"","header-below-stick-meta":"","astra-migrate-meta-layouts":"default","ast-page-background-enabled":"default","ast-page-background-meta":{"desktop":{"background-color":"var(--ast-global-color-4)","background-image":"","background-repeat":"repeat","background-position":"center center","background-size":"auto","background-attachment":"scroll","background-type":"","background-media":"","overlay-type":"","overlay-color":"","overlay-opacity":"","overlay-gradient":""},"tablet":{"background-color":"","background-image":"","background-repeat":"repeat","background-position":"center center","background-size":"auto","background-attachment":"scroll","background-type":"","background-media":"","overlay-type":"","overlay-color":"","overlay-opacity":"","overlay-gradient":""},"mobile":{"background-color":"","background-image":"","background-repeat":"repeat","background-position":"center center","background-size":"auto","background-attachment":"scroll","background-type":"","background-media":"","overlay-type":"","overlay-color":"","overlay-opacity":"","overlay-gradient":""}},"ast-content-background-meta":{"desktop":{"background-color":"var(--ast-global-color-5)","background-image":"","background-repeat":"repeat","background-position":"center center","background-size":"auto","background-attachment":"scroll","background-type":"","background-media":"","overlay-type":"","overlay-color":"","overlay-opacity":"","overlay-gradient":""},"tablet":{"background-color":"var(--ast-global-color-5)","background-image":"","background-repeat":"repeat","background-position":"center center","background-size":"auto","background-attachment":"scroll","background-type":"","background-media":"","overlay-type":"","overlay-color":"","overlay-opacity":"","overlay-gradient":""},"mobile":{"background-color":"var(--ast-global-color-5)","background-image":"","background-repeat":"repeat","background-position":"center center","background-size":"auto","background-attachment":"scroll","background-type":"","background-media":"","overlay-type":"","overlay-color":"","overlay-opacity":"","overlay-gradient":""}},"footnotes":""},"class_list":["post-4301","page","type-page","status-publish","hentry"],"post_mailing_queue_ids":[],"_links":{"self":[{"href":"https:\/\/agora.xtec.cat\/ceipelsolell\/wp-json\/wp\/v2\/pages\/4301","targetHints":{"allow":["GET"]}}],"collection":[{"href":"https:\/\/agora.xtec.cat\/ceipelsolell\/wp-json\/wp\/v2\/pages"}],"about":[{"href":"https:\/\/agora.xtec.cat\/ceipelsolell\/wp-json\/wp\/v2\/types\/page"}],"author":[{"embeddable":true,"href":"https:\/\/agora.xtec.cat\/ceipelsolell\/wp-json\/wp\/v2\/users\/1"}],"replies":[{"embeddable":true,"href":"https:\/\/agora.xtec.cat\/ceipelsolell\/wp-json\/wp\/v2\/comments?post=4301"}],"version-history":[{"count":3,"href":"https:\/\/agora.xtec.cat\/ceipelsolell\/wp-json\/wp\/v2\/pages\/4301\/revisions"}],"predecessor-version":[{"id":4526,"href":"https:\/\/agora.xtec.cat\/ceipelsolell\/wp-json\/wp\/v2\/pages\/4301\/revisions\/4526"}],"up":[{"embeddable":true,"href":"https:\/\/agora.xtec.cat\/ceipelsolell\/wp-json\/wp\/v2\/pages\/4273"}],"wp:attachment":[{"href":"https:\/\/agora.xtec.cat\/ceipelsolell\/wp-json\/wp\/v2\/media?parent=4301"}],"curies":[{"name":"wp","href":"https:\/\/api.w.org\/{rel}","templated":true}]}}