{"id":3634,"date":"2020-04-29T10:20:05","date_gmt":"2020-04-29T08:20:05","guid":{"rendered":"http:\/\/agora.xtec.cat\/ceipelsolell\/?page_id=3634"},"modified":"2025-01-12T10:33:16","modified_gmt":"2025-01-12T09:33:16","slug":"context","status":"publish","type":"page","link":"https:\/\/agora.xtec.cat\/ceipelsolell\/lescola\/context\/","title":{"rendered":"Context"},"content":{"rendered":"<p>Actualment la poblaci\u00f3 de La Palma \u00e9s de 3.048 habitants. D\u2019aquests 226 procedeixen de diferents pa\u00efsos de la resta del m\u00f3n, i en general podem dir que \u00e9s una poblaci\u00f3 relativament jove, ja que nom\u00e9s 490 habitants es troben per sobre de 65 anys.<\/p>\n<p>La majoria dels infants, amb edats compreses entre 3 i 12 anys s\u00f3n alumnes de l\u2019Escola. Concretament, amb dades actualitzades del 2024, hi ha 421 nens i nenes censats en el grup d\u2019edat de 0 a 14 anys, dels quals 202 s\u00f3n alumnes del nostre centre.<\/p>\n<p>Amb l&#8217;arribada de la COVID, aproximadament, hem anat experimentat una disminuci\u00f3 significativa del nombre d\u2019alumnes, que no coincideix amb el creixement de la poblaci\u00f3 que es mant\u00e9 m\u00e9s o menys constant des de fa uns anys. No es preveu un creixement demogr\u00e0fic important de la poblaci\u00f3 de La Palma, com vam tenir l\u2019any 2002, la qual cosa havia provocat un increment de grups i, al mateix temps, la conseq\u00fcent necessitat d\u2019ampliaci\u00f3 del nostre centre, aprovada pel Departament d\u2019Educaci\u00f3 i que es va fer efectiva el curs 2012 \u2013 13. Justament, en aquell mateix curs, es va comen\u00e7ar novament a deixar sentir una reducci\u00f3 a la matr\u00edcula de l\u2019alumnat de 3 anys, que coincideix amb la din\u00e0mica poblacional de tot Catalunya a l\u2019actualitat.<\/p>\n<p>Es tracta, en s\u00edntesi, d\u2019un municipi petit, en qu\u00e8 la major part de la poblaci\u00f3 t\u00e9 un nivell econ\u00f2mic mitj\u00e0 \u2013 alt, en qu\u00e8 la major part de les fam\u00edlies es troben molt arrelades a l\u2019entorn i s\u2019impliquen socialment, participant en les activitats del poble i amb les institucions que hi col\u00b7laboren.<\/p>\n<p>Hist\u00f2ricament ha estat aix\u00ed, la qual cosa ha repercutit sempre positivament a la nostra escola, l\u00f2gicament. Ara b\u00e9, la crisi econ\u00f2mica que hem patit des de fa anys tamb\u00e9 s\u2019ha deixat sentir en el nostre territori, de manera que si agafem, per exemple, com a indicador, el nombre d\u2019ajuts econ\u00f2mics a les fam\u00edlies (menjador, sortides, material), podem dir que s\u2019ha incrementat des d\u2019un 3 % aproximadament (una desena d\u2019alumnes dels 290 alumnes en total que hi havia a l\u2019escola) al 25 % aproximadament actual (uns 50 alumnes), de la totalitat de l\u2019alumnat. Aquest increment de necessitats socioecon\u00f2miques, per\u00f2, encara no s\u2019ha fet pal\u00e8s a nivell de disminuci\u00f3 del rendiment acad\u00e8mic. De fet, podem afirmar que no hi ha pr\u00e0cticament cap alumne en aquesta situaci\u00f3.<\/p>\n<p>Encara \u00e9s menor el percentatge d\u2019alumnat amb n.e.e. associades a trastorns greus, nouvinguts, etc. En aquesta situaci\u00f3 tenim aproximadament un 1,5 % de l\u2019alumnat, de manera que l\u2019afectaci\u00f3 per a l\u2019assoliment dels objectius, sobretot acad\u00e8mics, d\u2019escola \u00e9s m\u00ednima.<\/p>\n<p>En definitiva, \u00e9s un centre arrelat a l\u2019entorn, amb una forta i positiva participaci\u00f3 de les fam\u00edlies i on els aspectes socioecon\u00f2mics i culturals, fins al moment, no influeixen negativament en el seu rendiment, ans al contrari.<\/p>\n","protected":false},"excerpt":{"rendered":"<p>Actualment la poblaci\u00f3 de La Palma \u00e9s de 3.048 habitants. D\u2019aquests 226 procedeixen de diferents pa\u00efsos de la resta del [&hellip;]<\/p>\n","protected":false},"author":1,"featured_media":0,"parent":22,"menu_order":0,"comment_status":"closed","ping_status":"closed","template":"","meta":{"_bbp_topic_count":0,"_bbp_reply_count":0,"_bbp_total_topic_count":0,"_bbp_total_reply_count":0,"_bbp_voice_count":0,"_bbp_anonymous_reply_count":0,"_bbp_topic_count_hidden":0,"_bbp_reply_count_hidden":0,"_bbp_forum_subforum_count":0,"site-sidebar-layout":"default","site-content-layout":"","ast-site-content-layout":"default","site-content-style":"default","site-sidebar-style":"default","ast-global-header-display":"","ast-banner-title-visibility":"","ast-main-header-display":"","ast-hfb-above-header-display":"","ast-hfb-below-header-display":"","ast-hfb-mobile-header-display":"","site-post-title":"","ast-breadcrumbs-content":"","ast-featured-img":"","footer-sml-layout":"","theme-transparent-header-meta":"","adv-header-id-meta":"","stick-header-meta":"","header-above-stick-meta":"","header-main-stick-meta":"","header-below-stick-meta":"","astra-migrate-meta-layouts":"set","ast-page-background-enabled":"default","ast-page-background-meta":{"desktop":{"background-color":"var(--ast-global-color-4)","background-image":"","background-repeat":"repeat","background-position":"center center","background-size":"auto","background-attachment":"scroll","background-type":"","background-media":"","overlay-type":"","overlay-color":"","overlay-opacity":"","overlay-gradient":""},"tablet":{"background-color":"","background-image":"","background-repeat":"repeat","background-position":"center center","background-size":"auto","background-attachment":"scroll","background-type":"","background-media":"","overlay-type":"","overlay-color":"","overlay-opacity":"","overlay-gradient":""},"mobile":{"background-color":"","background-image":"","background-repeat":"repeat","background-position":"center center","background-size":"auto","background-attachment":"scroll","background-type":"","background-media":"","overlay-type":"","overlay-color":"","overlay-opacity":"","overlay-gradient":""}},"ast-content-background-meta":{"desktop":{"background-color":"var(--ast-global-color-5)","background-image":"","background-repeat":"repeat","background-position":"center center","background-size":"auto","background-attachment":"scroll","background-type":"","background-media":"","overlay-type":"","overlay-color":"","overlay-opacity":"","overlay-gradient":""},"tablet":{"background-color":"var(--ast-global-color-5)","background-image":"","background-repeat":"repeat","background-position":"center center","background-size":"auto","background-attachment":"scroll","background-type":"","background-media":"","overlay-type":"","overlay-color":"","overlay-opacity":"","overlay-gradient":""},"mobile":{"background-color":"var(--ast-global-color-5)","background-image":"","background-repeat":"repeat","background-position":"center center","background-size":"auto","background-attachment":"scroll","background-type":"","background-media":"","overlay-type":"","overlay-color":"","overlay-opacity":"","overlay-gradient":""}},"footnotes":""},"class_list":["post-3634","page","type-page","status-publish","hentry"],"post_mailing_queue_ids":[],"_links":{"self":[{"href":"https:\/\/agora.xtec.cat\/ceipelsolell\/wp-json\/wp\/v2\/pages\/3634","targetHints":{"allow":["GET"]}}],"collection":[{"href":"https:\/\/agora.xtec.cat\/ceipelsolell\/wp-json\/wp\/v2\/pages"}],"about":[{"href":"https:\/\/agora.xtec.cat\/ceipelsolell\/wp-json\/wp\/v2\/types\/page"}],"author":[{"embeddable":true,"href":"https:\/\/agora.xtec.cat\/ceipelsolell\/wp-json\/wp\/v2\/users\/1"}],"replies":[{"embeddable":true,"href":"https:\/\/agora.xtec.cat\/ceipelsolell\/wp-json\/wp\/v2\/comments?post=3634"}],"version-history":[{"count":5,"href":"https:\/\/agora.xtec.cat\/ceipelsolell\/wp-json\/wp\/v2\/pages\/3634\/revisions"}],"predecessor-version":[{"id":6360,"href":"https:\/\/agora.xtec.cat\/ceipelsolell\/wp-json\/wp\/v2\/pages\/3634\/revisions\/6360"}],"up":[{"embeddable":true,"href":"https:\/\/agora.xtec.cat\/ceipelsolell\/wp-json\/wp\/v2\/pages\/22"}],"wp:attachment":[{"href":"https:\/\/agora.xtec.cat\/ceipelsolell\/wp-json\/wp\/v2\/media?parent=3634"}],"curies":[{"name":"wp","href":"https:\/\/api.w.org\/{rel}","templated":true}]}}