{"id":359,"date":"2013-04-15T07:10:27","date_gmt":"2013-04-15T07:10:27","guid":{"rendered":"http:\/\/phobos.xtec.cat\/ceipelsolell\/?page_id=359"},"modified":"2025-03-31T15:18:59","modified_gmt":"2025-03-31T13:18:59","slug":"presentacio","status":"publish","type":"page","link":"https:\/\/agora.xtec.cat\/ceipelsolell\/presentacio\/","title":{"rendered":"Presentaci\u00f3"},"content":{"rendered":"\n<p class=\"has-ast-global-color-8-color has-white-background-color has-text-color has-background has-link-color wp-elements-01207a8ad85c6b09c91cfd33c0ea87cb\"><strong>SOM<\/strong><\/p>\n\n\n\n<p class=\"has-white-color has-vivid-purple-background-color has-text-color has-background has-link-color has-medium-font-size wp-elements-97f2f957e2b187e5f0e99f6dbc6b68c6\">una escola p\u00fablica, catalana, integradora i activa, que busca la construcci\u00f3 del coneixement per part del propi alumne.<\/p>\n\n\n\n<p><strong>TREBALLEM<\/strong><\/p>\n\n\n\n<blockquote class=\"wp-block-quote has-white-color has-vivid-purple-background-color has-text-color has-background has-link-color wp-elements-ffe3b42875e6340c2d2464c90e2bc21c is-layout-flow wp-container-core-quote-is-layout-1 wp-block-quote-is-layout-flow\">\n<p class=\"has-medium-font-size\">seguint un projecte d\u2019escola que ens uniexi i ens coordina vertical i transversalment.<\/p>\n<\/blockquote>\n\n\n\n<p><strong>PRIORITZEM<\/strong><\/p>\n\n\n\n<blockquote class=\"wp-block-quote is-layout-flow wp-block-quote-is-layout-flow\">\n<p class=\"has-white-color has-vivid-purple-background-color has-text-color has-background has-link-color has-medium-font-size wp-elements-19fd4e726b74e827b322e19590e031bc\">les TIC (Tecnologies de la Informaci\u00f3 i la Comunicaci\u00f3) i les TAC (Tecnologies per l\u2019Aprenentatge i el Coneixement), incorporant-les en el treball escolar quotidi\u00e0.<\/p>\n<\/blockquote>\n\n\n\n<p><strong>POTENCIEM<\/strong><\/p>\n\n\n\n<blockquote class=\"wp-block-quote is-layout-flow wp-block-quote-is-layout-flow\">\n<p class=\"has-white-color has-vivid-purple-background-color has-text-color has-background has-link-color has-medium-font-size wp-elements-298a2bb4ba41fa9b1e6309b565441654\">la relaci\u00f3 amb l\u2019entorn proper a trav\u00e9s de les sortides de camp pel nostre municipi i tamb\u00e9 la col.laboraci\u00f3 amb les diverses institucions.<\/p>\n<\/blockquote>\n\n\n\n<p><strong>FEM VEURE<\/strong><\/p>\n\n\n\n<blockquote class=\"wp-block-quote is-layout-flow wp-block-quote-is-layout-flow\">\n<p class=\"has-white-color has-vivid-purple-background-color has-text-color has-background has-link-color has-medium-font-size wp-elements-ad9d54c33f6d4797a9e3038c6016471f\">als nostres nens\/es el valor de la solidaritat participant en activitats conjuntes amb la gent gran del poble i amb els nostres apadrinaments.<\/p>\n<\/blockquote>\n\n\n\n<p><strong>GAUDIM<\/strong><\/p>\n\n\n\n<blockquote class=\"wp-block-quote is-layout-flow wp-block-quote-is-layout-flow\">\n<p class=\"has-white-color has-vivid-purple-background-color has-text-color has-background has-link-color has-medium-font-size wp-elements-daeaceb11070b8e84e8094dbaf931efd\">les festes tradicionals a fons i busquem la participaci\u00f3 activa de pares\/mares per Nadal, Sant Jordi i la Festa de Fi de Curs.<\/p>\n<\/blockquote>\n\n\n\n<p><strong>APLIQUEM<\/strong><\/p>\n\n\n\n<blockquote class=\"wp-block-quote is-layout-flow wp-block-quote-is-layout-flow\">\n<p class=\"has-white-color has-vivid-purple-background-color has-text-color has-background has-link-color has-medium-font-size wp-elements-ec9075c9eac6db2e32bc6e7bcf376b66\">una din\u00e0mica activa amb agrupaments flexibles de diferents tipus (Tallers, Racons, Desdoblaments\u2026) aix\u00ed com una acurada planificaci\u00f3 de Sortides pedag\u00f2giques i col\u00f2nies.<\/p>\n<\/blockquote>\n\n\n\n<p><strong>ORIENTEM<\/strong><\/p>\n\n\n\n<blockquote class=\"wp-block-quote is-layout-flow wp-block-quote-is-layout-flow\">\n<p class=\"has-white-color has-vivid-purple-background-color has-text-color has-background has-link-color has-medium-font-size wp-elements-30133ad70cd4ef1744b328bd104bf5e9\">de forma individual i grupal des de la funci\u00f3 tutorial en el proc\u00e9s de transici\u00f3 dels alumnes de Prim\u00e0ria a l\u2019ESO.<\/p>\n<\/blockquote>\n\n\n\n<p><strong>PARTICIPEM<\/strong><\/p>\n\n\n\n<blockquote class=\"wp-block-quote is-layout-flow wp-block-quote-is-layout-flow\">\n<p class=\"has-white-color has-vivid-purple-background-color has-text-color has-background has-link-color has-medium-font-size wp-elements-aeba2edec7f08693a64e2860b5ed59ab\">en diversos cursos del Pla de Formaci\u00f3 de Professorat per tal de reciclar-nos en la nostra funci\u00f3 docent.<\/p>\n<\/blockquote>\n","protected":false},"excerpt":{"rendered":"<p>SOM una escola p\u00fablica, catalana, integradora i activa, que busca la construcci\u00f3 del coneixement per part del propi alumne. TREBALLEM [&hellip;]<\/p>\n","protected":false},"author":1,"featured_media":0,"parent":0,"menu_order":0,"comment_status":"closed","ping_status":"open","template":"","meta":{"_bbp_topic_count":0,"_bbp_reply_count":0,"_bbp_total_topic_count":0,"_bbp_total_reply_count":0,"_bbp_voice_count":0,"_bbp_anonymous_reply_count":0,"_bbp_topic_count_hidden":0,"_bbp_reply_count_hidden":0,"_bbp_forum_subforum_count":0,"site-sidebar-layout":"default","site-content-layout":"","ast-site-content-layout":"default","site-content-style":"default","site-sidebar-style":"default","ast-global-header-display":"","ast-banner-title-visibility":"","ast-main-header-display":"","ast-hfb-above-header-display":"","ast-hfb-below-header-display":"","ast-hfb-mobile-header-display":"","site-post-title":"","ast-breadcrumbs-content":"","ast-featured-img":"","footer-sml-layout":"","theme-transparent-header-meta":"","adv-header-id-meta":"","stick-header-meta":"","header-above-stick-meta":"","header-main-stick-meta":"","header-below-stick-meta":"","astra-migrate-meta-layouts":"set","ast-page-background-enabled":"default","ast-page-background-meta":{"desktop":{"background-color":"var(--ast-global-color-4)","background-image":"","background-repeat":"repeat","background-position":"center center","background-size":"auto","background-attachment":"scroll","background-type":"","background-media":"","overlay-type":"","overlay-color":"","overlay-opacity":"","overlay-gradient":""},"tablet":{"background-color":"","background-image":"","background-repeat":"repeat","background-position":"center center","background-size":"auto","background-attachment":"scroll","background-type":"","background-media":"","overlay-type":"","overlay-color":"","overlay-opacity":"","overlay-gradient":""},"mobile":{"background-color":"","background-image":"","background-repeat":"repeat","background-position":"center center","background-size":"auto","background-attachment":"scroll","background-type":"","background-media":"","overlay-type":"","overlay-color":"","overlay-opacity":"","overlay-gradient":""}},"ast-content-background-meta":{"desktop":{"background-color":"var(--ast-global-color-5)","background-image":"","background-repeat":"repeat","background-position":"center center","background-size":"auto","background-attachment":"scroll","background-type":"","background-media":"","overlay-type":"","overlay-color":"","overlay-opacity":"","overlay-gradient":""},"tablet":{"background-color":"var(--ast-global-color-5)","background-image":"","background-repeat":"repeat","background-position":"center center","background-size":"auto","background-attachment":"scroll","background-type":"","background-media":"","overlay-type":"","overlay-color":"","overlay-opacity":"","overlay-gradient":""},"mobile":{"background-color":"var(--ast-global-color-5)","background-image":"","background-repeat":"repeat","background-position":"center center","background-size":"auto","background-attachment":"scroll","background-type":"","background-media":"","overlay-type":"","overlay-color":"","overlay-opacity":"","overlay-gradient":""}},"footnotes":""},"class_list":["post-359","page","type-page","status-publish","hentry"],"post_mailing_queue_ids":[],"_links":{"self":[{"href":"https:\/\/agora.xtec.cat\/ceipelsolell\/wp-json\/wp\/v2\/pages\/359","targetHints":{"allow":["GET"]}}],"collection":[{"href":"https:\/\/agora.xtec.cat\/ceipelsolell\/wp-json\/wp\/v2\/pages"}],"about":[{"href":"https:\/\/agora.xtec.cat\/ceipelsolell\/wp-json\/wp\/v2\/types\/page"}],"author":[{"embeddable":true,"href":"https:\/\/agora.xtec.cat\/ceipelsolell\/wp-json\/wp\/v2\/users\/1"}],"replies":[{"embeddable":true,"href":"https:\/\/agora.xtec.cat\/ceipelsolell\/wp-json\/wp\/v2\/comments?post=359"}],"version-history":[{"count":6,"href":"https:\/\/agora.xtec.cat\/ceipelsolell\/wp-json\/wp\/v2\/pages\/359\/revisions"}],"predecessor-version":[{"id":6990,"href":"https:\/\/agora.xtec.cat\/ceipelsolell\/wp-json\/wp\/v2\/pages\/359\/revisions\/6990"}],"wp:attachment":[{"href":"https:\/\/agora.xtec.cat\/ceipelsolell\/wp-json\/wp\/v2\/media?parent=359"}],"curies":[{"name":"wp","href":"https:\/\/api.w.org\/{rel}","templated":true}]}}