{"id":293,"date":"2013-02-04T16:53:01","date_gmt":"2013-02-04T16:53:01","guid":{"rendered":"http:\/\/phobos.xtec.cat\/ceipelsolell\/?page_id=2"},"modified":"2013-02-04T16:53:01","modified_gmt":"2013-02-04T16:53:01","slug":"pagina-exemple-2","status":"publish","type":"page","link":"https:\/\/agora.xtec.cat\/ceipelsolell\/pagina-exemple-2\/","title":{"rendered":"L&#8217;Escola"},"content":{"rendered":"<p><a href=\"http:\/\/phobos.xtec.cat\/ceipelsolell\/wp-content\/uploads\/2013\/02\/logo_el_solell2NOUcolor3.jpg\"><img decoding=\"async\" class=\"alignleft size-full wp-image-179\" style=\"margin: 0px 5px 5px 0px; float: left;\" alt=\"logo_el_solell2NOUcolor3\" src=\"http:\/\/phobos.xtec.cat\/ceipelsolell\/wp-content\/uploads\/2013\/02\/logo_el_solell2NOUcolor3.jpg\" width=\"150\" srcset=\"https:\/\/agora.xtec.cat\/ceipelsolell\/wp-content\/uploads\/usu1368\/2013\/02\/logo_el_solell2NOUcolor3.jpg 513w, https:\/\/agora.xtec.cat\/ceipelsolell\/wp-content\/uploads\/usu1368\/2013\/02\/logo_el_solell2NOUcolor3-300x178.jpg 300w\" sizes=\"(max-width: 513px) 100vw, 513px\" \/><\/a><\/p>\n<p><span style=\"font-size: 20px;\"><strong>Escola El Solell<\/strong><\/span><br \/>\ncarrer Alberes, 9 (<a href=\"#arribar\">com arribar a l&#8217;escola el Solell?<\/a>)<br \/>\n08756 La Palma de Cervell\u00f3 &#8211; Tel\u00e8fon 93 672 0150 ceipelsolell@xtec.cat<\/p>\n<p>L&#8217;Escola El Solell \u00e9s l&#8217;escola d&#8217;Educaci\u00f3 Infantil i Prim\u00e0ria de la Palma de Cervell\u00f3.<\/p>\n<p><span style=\"font-size: 18px;\"><strong>SOM<\/strong><\/span><\/p>\n<blockquote><p><span style=\"font-size: 15px;\">una escola p\u00fablica, catalana, integradora i activa, que busca la construcci\u00f3 del coneixement per part del propi alumne.<\/span><\/p><\/blockquote>\n<p><span style=\"font-size: 20px;\"><strong>TREBALLEM<\/strong><\/span><\/p>\n<blockquote><p><strong><\/strong>seguint un projecte d&#8217;escola que ens uniexi i ens coordina vertical i transversalment.<\/p><\/blockquote>\n<p><span style=\"font-size: 20px;\"><strong>PRIORITZEM<\/strong><\/span><\/p>\n<blockquote><p>les TIC (Tecnologies de la Informaci\u00f3 i la Comunicaci\u00f3) i les TAC (Tecnologies per l&#8217;Aprenentatge i el Coneixement), incorporant-les en el treball escolar quotidi\u00e0.<\/p><\/blockquote>\n<p><span style=\"font-size: 20px;\"><strong>POTENCIEM<\/strong><\/span><\/p>\n<blockquote><p>la relaci\u00f3 amb l&#8217;entorn proper a trav\u00e9s de les sortides de camp pel nostre municipi i tamb\u00e9 la col.laboraci\u00f3 amb les diverses institucions.<\/p><\/blockquote>\n<p><span style=\"font-size: 20px;\"><strong>FEM VEURE<\/strong><\/span><\/p>\n<blockquote><p>als nostres nens\/es el valor de la solidaritat participant en activitats conjuntes amb la gent gran del poble i amb els nostres apadrinaments.<\/p><\/blockquote>\n<p><span style=\"font-size: 20px;\"><strong>GAUDIM<\/strong><\/span><\/p>\n<blockquote><p>les festes tradicionals a fons i busquem la participaci\u00f3 activa de pares\/mares per Nadal, Sant Jordi i la Festa de Fi de Curs.<\/p><\/blockquote>\n<p><span style=\"font-size: 20px;\"><strong>APLIQUEM<\/strong><\/span><\/p>\n<blockquote><p>una din\u00e0mica activa amb agrupaments flexibles de diferents tipus (Tallers, Racons, Desdoblaments&#8230;) aix\u00ed com una acurada planificaci\u00f3 de Sortides pedag\u00f2giques i col\u00f2nies.<\/p><\/blockquote>\n<p><span style=\"font-size: 20px;\"><strong>ORIENTEM<\/strong><\/span><\/p>\n<blockquote><p>de forma individual i grupal des de la funci\u00f3 tutorial en el proc\u00e9s de transici\u00f3 dels alumnes de Prim\u00e0ria a l&#8217;ESO.<\/p><\/blockquote>\n<p><span style=\"font-size: 20px;\"><strong>PARTICIPEM<\/strong><\/span><\/p>\n<blockquote><p>en diversos cursos del Pla de Formaci\u00f3 de Professorat per tal de reciclar-nos en la nostra funci\u00f3 docent.<\/p><\/blockquote>\n<p>&nbsp;<\/p>\n<ul style=\"list-style-type: disc;\">\n<li><span style=\"font-size: 15px;\"><a name=\"arribar\"><\/a>Com arribar a l&#8217;Escola El Solell:<\/span><\/li>\n<\/ul>\n<p>Malgrat pugui semblar complicat, arribar a la Palma \u00e9s ben senzill: es tracta d\u2019agafar l\u2019antiga N-340 des del pont de Molins de Rei, per despr\u00e9s, a la rotonda que hi ha sota la nova variant, seguir els indicadors que et duran cap al poble en menys de cinc minuts (sempre que el tr\u00e0nsit ho permeti!).<\/p>\n<p>Un cop arribats a la Palma cal estar atents, doncs s\u2019ha de girar a la dreta, just passat l\u2019esgl\u00e8sia, pel primer carrer. \u00c9s petit i fa una mica de pujada. Compte amb el pas de vianants que hi trobar\u00e0s! Continuarem per aquest carrer fins passar el poliesportiu, moment en que caldr\u00e0 tombar a la dreta un altre cop. Despr\u00e9s, gir de 180\u00ba cap a l\u2019esquerra, i continuarem fins que trobem un carrer a l\u2019esquerra amb una baixada pronunciada. Si en aquests moments no veus l\u2019escola, vol dir que t\u2019has perdut!<\/p>\n<p><iframe loading=\"lazy\" src=\"http:\/\/www.konfraria.org\/mapes\/ElSolell\/Solell.html\" height=\"400\" width=\"300\" frameborder=\"1\" marginwidth=\"0\" marginheight=\"0\" scrolling=\"no\"><\/iframe><\/p>\n<p><center><a href=\"http:\/\/www.konfraria.org\/mapes\/ElSolell\/Solell.html\" target=\"_blank\">Veure el mapa a pantalla sencera<\/a><\/center><\/p>\n","protected":false},"excerpt":{"rendered":"<p>Escola El Solell carrer Alberes, 9 (com arribar a l&#8217;escola el Solell?) 08756 La Palma de Cervell\u00f3 &#8211; Tel\u00e8fon 93 [&hellip;]<\/p>\n","protected":false},"author":1,"featured_media":0,"parent":0,"menu_order":1,"comment_status":"closed","ping_status":"closed","template":"","meta":{"_bbp_topic_count":0,"_bbp_reply_count":0,"_bbp_total_topic_count":0,"_bbp_total_reply_count":0,"_bbp_voice_count":0,"_bbp_anonymous_reply_count":0,"_bbp_topic_count_hidden":0,"_bbp_reply_count_hidden":0,"_bbp_forum_subforum_count":0,"site-sidebar-layout":"default","site-content-layout":"","ast-site-content-layout":"","site-content-style":"default","site-sidebar-style":"default","ast-global-header-display":"","ast-banner-title-visibility":"","ast-main-header-display":"","ast-hfb-above-header-display":"","ast-hfb-below-header-display":"","ast-hfb-mobile-header-display":"","site-post-title":"","ast-breadcrumbs-content":"","ast-featured-img":"","footer-sml-layout":"","theme-transparent-header-meta":"","adv-header-id-meta":"","stick-header-meta":"","header-above-stick-meta":"","header-main-stick-meta":"","header-below-stick-meta":"","astra-migrate-meta-layouts":"default","ast-page-background-enabled":"default","ast-page-background-meta":{"desktop":{"background-color":"var(--ast-global-color-4)","background-image":"","background-repeat":"repeat","background-position":"center center","background-size":"auto","background-attachment":"scroll","background-type":"","background-media":"","overlay-type":"","overlay-color":"","overlay-opacity":"","overlay-gradient":""},"tablet":{"background-color":"","background-image":"","background-repeat":"repeat","background-position":"center center","background-size":"auto","background-attachment":"scroll","background-type":"","background-media":"","overlay-type":"","overlay-color":"","overlay-opacity":"","overlay-gradient":""},"mobile":{"background-color":"","background-image":"","background-repeat":"repeat","background-position":"center center","background-size":"auto","background-attachment":"scroll","background-type":"","background-media":"","overlay-type":"","overlay-color":"","overlay-opacity":"","overlay-gradient":""}},"ast-content-background-meta":{"desktop":{"background-color":"var(--ast-global-color-5)","background-image":"","background-repeat":"repeat","background-position":"center center","background-size":"auto","background-attachment":"scroll","background-type":"","background-media":"","overlay-type":"","overlay-color":"","overlay-opacity":"","overlay-gradient":""},"tablet":{"background-color":"var(--ast-global-color-5)","background-image":"","background-repeat":"repeat","background-position":"center center","background-size":"auto","background-attachment":"scroll","background-type":"","background-media":"","overlay-type":"","overlay-color":"","overlay-opacity":"","overlay-gradient":""},"mobile":{"background-color":"var(--ast-global-color-5)","background-image":"","background-repeat":"repeat","background-position":"center center","background-size":"auto","background-attachment":"scroll","background-type":"","background-media":"","overlay-type":"","overlay-color":"","overlay-opacity":"","overlay-gradient":""}},"footnotes":""},"class_list":["post-293","page","type-page","status-publish","hentry"],"post_mailing_queue_ids":[],"_links":{"self":[{"href":"https:\/\/agora.xtec.cat\/ceipelsolell\/wp-json\/wp\/v2\/pages\/293","targetHints":{"allow":["GET"]}}],"collection":[{"href":"https:\/\/agora.xtec.cat\/ceipelsolell\/wp-json\/wp\/v2\/pages"}],"about":[{"href":"https:\/\/agora.xtec.cat\/ceipelsolell\/wp-json\/wp\/v2\/types\/page"}],"author":[{"embeddable":true,"href":"https:\/\/agora.xtec.cat\/ceipelsolell\/wp-json\/wp\/v2\/users\/1"}],"replies":[{"embeddable":true,"href":"https:\/\/agora.xtec.cat\/ceipelsolell\/wp-json\/wp\/v2\/comments?post=293"}],"version-history":[{"count":0,"href":"https:\/\/agora.xtec.cat\/ceipelsolell\/wp-json\/wp\/v2\/pages\/293\/revisions"}],"wp:attachment":[{"href":"https:\/\/agora.xtec.cat\/ceipelsolell\/wp-json\/wp\/v2\/media?parent=293"}],"curies":[{"name":"wp","href":"https:\/\/api.w.org\/{rel}","templated":true}]}}