{"id":24,"date":"2014-09-18T12:23:15","date_gmt":"2014-09-18T11:23:15","guid":{"rendered":"http:\/\/agora.xtec.cat\/ceipelsolell\/?page_id=24"},"modified":"2025-03-31T15:24:17","modified_gmt":"2025-03-31T13:24:17","slug":"on-som","status":"publish","type":"page","link":"https:\/\/agora.xtec.cat\/ceipelsolell\/lescola\/on-som\/","title":{"rendered":"On som"},"content":{"rendered":"\n<p class=\"has-white-color has-vivid-purple-background-color has-text-color has-background has-link-color has-medium-font-size wp-elements-2c779122f1c3a035d674962934db47d7\"><strong>Escola El Solell<\/strong><br>Carrer Alberes, s\/n<br>08756 La Palma de Cervell\u00f3<\/p>\n\n\n\n<p class=\"has-text-align-center has-white-color has-vivid-purple-background-color has-text-color has-background has-link-color has-medium-font-size wp-elements-4d0e9ac770b104d5f2f6c6b39e2712c2\">Tel. 93.672.01.50<br>ceipelsolell@xtec.cat<\/p>\n\n\n\n<p class=\"has-text-align-center\"><a href=\"http:\/\/iframe%20src=https:\/\/www.google.com\/maps\/embed?pb=!1m18!1m12!1m3!1d2444.508377695953!2d1.9678363528779699!3d41.412978946905056!2m3!1f0!2f0!3f0!3m2!1i1024!2i768!4f13.1!3m3!1m2!1s0x12a485682ca5e5cd%3A0x5dce8bdbb1b8311a!2s08756+La+Palma+de+Cervell%C3%B3%2C+Barcelona!5e0!3m2!1sca!2ses!4v1467198531023%20width=600%20height=450%20frameborder=0%20style=border:0%20allowfullscreen\/iframe\"><iframe loading=\"lazy\" style=\"border: 0;\" src=\"https:\/\/www.google.com\/maps\/embed?pb=!1m18!1m12!1m3!1d2444.508377695953!2d1.9678363528779699!3d41.412978946905056!2m3!1f0!2f0!3f0!3m2!1i1024!2i768!4f13.1!3m3!1m2!1s0x12a485682ca5e5cd%3A0x5dce8bdbb1b8311a!2s08756+La+Palma+de+Cervell%C3%B3%2C+Barcelona!5e0!3m2!1sca!2ses!4v1467198531023\" width=\"600\" height=\"450\" frameborder=\"0\" allowfullscreen=\"allowfullscreen\"><\/iframe><\/a><\/p>\n\n\n\n<p class=\"has-white-color has-vivid-purple-background-color has-text-color has-background has-link-color wp-elements-d35234e81ff4a4075bf988101fedef3d\"><strong>Com arribar-hi:<\/strong><br><strong>Bus:<\/strong> <a href=\"http:\/\/www.autocorb.com\" target=\"_blank\" rel=\"noopener\">www.autocorb.com<\/a><\/p>\n\n\n\n<p class=\"has-white-color has-vivid-purple-background-color has-text-color has-background has-link-color has-medium-font-size wp-elements-8baf5471951f38cb6f3c382edbd51039\">Malgrat pugui semblar complicat, arribar a la Palma \u00e9s ben senzill: es tracta d\u2019agafar l\u2019antiga N-340 des del pont de Molins de Rei, per despr\u00e9s, a la rotonda que hi ha sota la nova variant, seguir els indicadors que et duran cap al poble en menys de cinc minuts (sempre que el tr\u00e0nsit ho permeti!).<\/p>\n\n\n\n<p class=\"has-white-color has-vivid-purple-background-color has-text-color has-background has-link-color has-medium-font-size wp-elements-68cdc91b2c0ede5d23bee81a15746706\">Un cop arribats a la Palma cal estar atents, doncs s\u2019ha de girar a la dreta, just passat l\u2019esgl\u00e8sia, pel primer carrer. \u00c9s petit i fa una mica de pujada. Compte amb el pas de vianants que hi trobar\u00e0s! Continuarem per aquest carrer fins passar el poliesportiu, moment en que caldr\u00e0 tombar a la dreta un altre cop. Despr\u00e9s, gir de 180\u00ba cap a l\u2019esquerra, i continuarem fins que trobem un carrer a l\u2019esquerra amb una baixada pronunciada. Si en aquests moments no veus l\u2019escola, vol dir que t\u2019has perdut!<\/p>\n","protected":false},"excerpt":{"rendered":"<p>Escola El SolellCarrer Alberes, s\/n08756 La Palma de Cervell\u00f3 Tel. 93.672.01.50ceipelsolell@xtec.cat Com arribar-hi:Bus: www.autocorb.com Malgrat pugui semblar complicat, arribar a [&hellip;]<\/p>\n","protected":false},"author":1,"featured_media":0,"parent":22,"menu_order":11,"comment_status":"closed","ping_status":"closed","template":"","meta":{"_bbp_topic_count":0,"_bbp_reply_count":0,"_bbp_total_topic_count":0,"_bbp_total_reply_count":0,"_bbp_voice_count":0,"_bbp_anonymous_reply_count":0,"_bbp_topic_count_hidden":0,"_bbp_reply_count_hidden":0,"_bbp_forum_subforum_count":0,"site-sidebar-layout":"default","site-content-layout":"","ast-site-content-layout":"default","site-content-style":"default","site-sidebar-style":"default","ast-global-header-display":"","ast-banner-title-visibility":"","ast-main-header-display":"","ast-hfb-above-header-display":"","ast-hfb-below-header-display":"","ast-hfb-mobile-header-display":"","site-post-title":"","ast-breadcrumbs-content":"","ast-featured-img":"","footer-sml-layout":"","theme-transparent-header-meta":"","adv-header-id-meta":"","stick-header-meta":"","header-above-stick-meta":"","header-main-stick-meta":"","header-below-stick-meta":"","astra-migrate-meta-layouts":"set","ast-page-background-enabled":"default","ast-page-background-meta":{"desktop":{"background-color":"var(--ast-global-color-4)","background-image":"","background-repeat":"repeat","background-position":"center center","background-size":"auto","background-attachment":"scroll","background-type":"","background-media":"","overlay-type":"","overlay-color":"","overlay-opacity":"","overlay-gradient":""},"tablet":{"background-color":"","background-image":"","background-repeat":"repeat","background-position":"center center","background-size":"auto","background-attachment":"scroll","background-type":"","background-media":"","overlay-type":"","overlay-color":"","overlay-opacity":"","overlay-gradient":""},"mobile":{"background-color":"","background-image":"","background-repeat":"repeat","background-position":"center center","background-size":"auto","background-attachment":"scroll","background-type":"","background-media":"","overlay-type":"","overlay-color":"","overlay-opacity":"","overlay-gradient":""}},"ast-content-background-meta":{"desktop":{"background-color":"var(--ast-global-color-5)","background-image":"","background-repeat":"repeat","background-position":"center center","background-size":"auto","background-attachment":"scroll","background-type":"","background-media":"","overlay-type":"","overlay-color":"","overlay-opacity":"","overlay-gradient":""},"tablet":{"background-color":"var(--ast-global-color-5)","background-image":"","background-repeat":"repeat","background-position":"center center","background-size":"auto","background-attachment":"scroll","background-type":"","background-media":"","overlay-type":"","overlay-color":"","overlay-opacity":"","overlay-gradient":""},"mobile":{"background-color":"var(--ast-global-color-5)","background-image":"","background-repeat":"repeat","background-position":"center center","background-size":"auto","background-attachment":"scroll","background-type":"","background-media":"","overlay-type":"","overlay-color":"","overlay-opacity":"","overlay-gradient":""}},"footnotes":""},"class_list":["post-24","page","type-page","status-publish","hentry"],"post_mailing_queue_ids":[],"_links":{"self":[{"href":"https:\/\/agora.xtec.cat\/ceipelsolell\/wp-json\/wp\/v2\/pages\/24","targetHints":{"allow":["GET"]}}],"collection":[{"href":"https:\/\/agora.xtec.cat\/ceipelsolell\/wp-json\/wp\/v2\/pages"}],"about":[{"href":"https:\/\/agora.xtec.cat\/ceipelsolell\/wp-json\/wp\/v2\/types\/page"}],"author":[{"embeddable":true,"href":"https:\/\/agora.xtec.cat\/ceipelsolell\/wp-json\/wp\/v2\/users\/1"}],"replies":[{"embeddable":true,"href":"https:\/\/agora.xtec.cat\/ceipelsolell\/wp-json\/wp\/v2\/comments?post=24"}],"version-history":[{"count":6,"href":"https:\/\/agora.xtec.cat\/ceipelsolell\/wp-json\/wp\/v2\/pages\/24\/revisions"}],"predecessor-version":[{"id":6995,"href":"https:\/\/agora.xtec.cat\/ceipelsolell\/wp-json\/wp\/v2\/pages\/24\/revisions\/6995"}],"up":[{"embeddable":true,"href":"https:\/\/agora.xtec.cat\/ceipelsolell\/wp-json\/wp\/v2\/pages\/22"}],"wp:attachment":[{"href":"https:\/\/agora.xtec.cat\/ceipelsolell\/wp-json\/wp\/v2\/media?parent=24"}],"curies":[{"name":"wp","href":"https:\/\/api.w.org\/{rel}","templated":true}]}}