{"id":9770,"date":"2026-01-29T09:25:13","date_gmt":"2026-01-29T08:25:13","guid":{"rendered":"https:\/\/agora.xtec.cat\/ceipelsitjar\/?page_id=9770"},"modified":"2026-01-29T09:25:13","modified_gmt":"2026-01-29T08:25:13","slug":"com-treballem-les-tecnologies-a-lescola","status":"publish","type":"page","link":"https:\/\/agora.xtec.cat\/ceipelsitjar\/lescola\/estrategia-digital-de-centre\/com-treballem-les-tecnologies-a-lescola\/","title":{"rendered":"Com treballem les tecnologies a l&#8217;escola?"},"content":{"rendered":"<p>En aquesta secci\u00f3 us deixem una presentaci\u00f3 on parlem dels aspectes m\u00e9s importants sobre com treballem les tecnologies a l&#8217;escola. Ho fem de manera segura i acompanyada, amb un sentit i finalitat pedag\u00f2gics i adaptats als nostres infants i a les seves necessitats.<\/p>\n<p><iframe loading=\"lazy\" src=\"https:\/\/docs.google.com\/presentation\/d\/e\/2PACX-1vQBfKWxwG2q3WCITqnUWTBoq6KugW7k5DBjNd4QNVa1UAFkiSqYhhAplxA7aLUnAQ\/pubembed?start=false&amp;loop=false&amp;delayms=3000\" width=\"960\" height=\"569\" frameborder=\"0\" allowfullscreen=\"allowfullscreen\"><\/iframe><\/p>\n<p>Tamb\u00e9, us mostrem una infografia amb consells b\u00e0sics que ofereix el departament en el seu document del Pla de Digitalitzaci\u00f3 responsable, perqu\u00e8 pugueu acompanyar als vostres fills i filles en aquest m\u00f3n tecnol\u00f2gic en qu\u00e8 vivim.<\/p>\n<p><a href=\"https:\/\/agora.xtec.cat\/ceipelsitjar\/wp-content\/uploads\/usu1354\/2026\/01\/unnamed-6-1-2.png\"><img loading=\"lazy\" decoding=\"async\" class=\"alignnone size-large wp-image-9773\" src=\"https:\/\/agora.xtec.cat\/ceipelsitjar\/wp-content\/uploads\/usu1354\/2026\/01\/unnamed-6-1-2-1024x572.png\" alt=\"\" width=\"1024\" height=\"572\" srcset=\"https:\/\/agora.xtec.cat\/ceipelsitjar\/wp-content\/uploads\/usu1354\/2026\/01\/unnamed-6-1-2-1024x572.png 1024w, https:\/\/agora.xtec.cat\/ceipelsitjar\/wp-content\/uploads\/usu1354\/2026\/01\/unnamed-6-1-2-300x167.png 300w, https:\/\/agora.xtec.cat\/ceipelsitjar\/wp-content\/uploads\/usu1354\/2026\/01\/unnamed-6-1-2-768x429.png 768w, https:\/\/agora.xtec.cat\/ceipelsitjar\/wp-content\/uploads\/usu1354\/2026\/01\/unnamed-6-1-2-1536x857.png 1536w, https:\/\/agora.xtec.cat\/ceipelsitjar\/wp-content\/uploads\/usu1354\/2026\/01\/unnamed-6-1-2-2048x1143.png 2048w\" sizes=\"auto, (max-width: 1024px) 100vw, 1024px\" \/><\/a><\/p>\n<p style=\"text-align: center;\"><a href=\"https:\/\/agora.xtec.cat\/ceipelsitjar\/wp-content\/uploads\/usu1354\/2026\/01\/guia-families.pdf\" target=\"_blank\" rel=\"noopener\">Pla de Digitalitzaci\u00f3 Responsables per a les fam\u00edlies<\/a><\/p>\n<p>Recordeu que tamb\u00e9 podeu consultar el pla d&#8217;acollida digital per a fam\u00edlies al seg\u00fcent <a href=\"https:\/\/agora.xtec.cat\/ceipelsitjar\/lescola\/estrategia-digital-de-centre\/cultura-digital\/documents\/\" target=\"_blank\" rel=\"noopener\">enlla\u00e7<\/a>.<\/p>\n","protected":false},"excerpt":{"rendered":"<p>En aquesta secci\u00f3 us deixem una presentaci\u00f3 on parlem dels aspectes m\u00e9s importants sobre com treballem les tecnologies a l&#8217;escola. [&hellip;]<\/p>\n","protected":false},"author":80,"featured_media":0,"parent":5653,"menu_order":0,"comment_status":"closed","ping_status":"closed","template":"","meta":{"_bbp_topic_count":0,"_bbp_reply_count":0,"_bbp_total_topic_count":0,"_bbp_total_reply_count":0,"_bbp_voice_count":0,"_bbp_anonymous_reply_count":0,"_bbp_topic_count_hidden":0,"_bbp_reply_count_hidden":0,"_bbp_forum_subforum_count":0,"site-sidebar-layout":"default","site-content-layout":"","ast-site-content-layout":"default","site-content-style":"default","site-sidebar-style":"default","ast-global-header-display":"","ast-banner-title-visibility":"","ast-main-header-display":"","ast-hfb-above-header-display":"","ast-hfb-below-header-display":"","ast-hfb-mobile-header-display":"","site-post-title":"","ast-breadcrumbs-content":"","ast-featured-img":"","footer-sml-layout":"","theme-transparent-header-meta":"default","adv-header-id-meta":"","stick-header-meta":"","header-above-stick-meta":"","header-main-stick-meta":"","header-below-stick-meta":"","astra-migrate-meta-layouts":"set","ast-page-background-enabled":"default","ast-page-background-meta":{"desktop":{"background-color":"var(--ast-global-color-4)","background-image":"","background-repeat":"repeat","background-position":"center center","background-size":"auto","background-attachment":"scroll","background-type":"","background-media":"","overlay-type":"","overlay-color":"","overlay-opacity":"","overlay-gradient":""},"tablet":{"background-color":"","background-image":"","background-repeat":"repeat","background-position":"center center","background-size":"auto","background-attachment":"scroll","background-type":"","background-media":"","overlay-type":"","overlay-color":"","overlay-opacity":"","overlay-gradient":""},"mobile":{"background-color":"","background-image":"","background-repeat":"repeat","background-position":"center center","background-size":"auto","background-attachment":"scroll","background-type":"","background-media":"","overlay-type":"","overlay-color":"","overlay-opacity":"","overlay-gradient":""}},"ast-content-background-meta":{"desktop":{"background-color":"var(--ast-global-color-5)","background-image":"","background-repeat":"repeat","background-position":"center center","background-size":"auto","background-attachment":"scroll","background-type":"","background-media":"","overlay-type":"","overlay-color":"","overlay-opacity":"","overlay-gradient":""},"tablet":{"background-color":"var(--ast-global-color-5)","background-image":"","background-repeat":"repeat","background-position":"center center","background-size":"auto","background-attachment":"scroll","background-type":"","background-media":"","overlay-type":"","overlay-color":"","overlay-opacity":"","overlay-gradient":""},"mobile":{"background-color":"var(--ast-global-color-5)","background-image":"","background-repeat":"repeat","background-position":"center center","background-size":"auto","background-attachment":"scroll","background-type":"","background-media":"","overlay-type":"","overlay-color":"","overlay-opacity":"","overlay-gradient":""}},"footnotes":""},"class_list":["post-9770","page","type-page","status-publish","hentry"],"post_mailing_queue_ids":[],"_links":{"self":[{"href":"https:\/\/agora.xtec.cat\/ceipelsitjar\/wp-json\/wp\/v2\/pages\/9770","targetHints":{"allow":["GET"]}}],"collection":[{"href":"https:\/\/agora.xtec.cat\/ceipelsitjar\/wp-json\/wp\/v2\/pages"}],"about":[{"href":"https:\/\/agora.xtec.cat\/ceipelsitjar\/wp-json\/wp\/v2\/types\/page"}],"author":[{"embeddable":true,"href":"https:\/\/agora.xtec.cat\/ceipelsitjar\/wp-json\/wp\/v2\/users\/80"}],"replies":[{"embeddable":true,"href":"https:\/\/agora.xtec.cat\/ceipelsitjar\/wp-json\/wp\/v2\/comments?post=9770"}],"version-history":[{"count":3,"href":"https:\/\/agora.xtec.cat\/ceipelsitjar\/wp-json\/wp\/v2\/pages\/9770\/revisions"}],"predecessor-version":[{"id":9776,"href":"https:\/\/agora.xtec.cat\/ceipelsitjar\/wp-json\/wp\/v2\/pages\/9770\/revisions\/9776"}],"up":[{"embeddable":true,"href":"https:\/\/agora.xtec.cat\/ceipelsitjar\/wp-json\/wp\/v2\/pages\/5653"}],"wp:attachment":[{"href":"https:\/\/agora.xtec.cat\/ceipelsitjar\/wp-json\/wp\/v2\/media?parent=9770"}],"curies":[{"name":"wp","href":"https:\/\/api.w.org\/{rel}","templated":true}]}}