{"id":84,"date":"2014-09-18T14:11:31","date_gmt":"2014-09-18T13:11:31","guid":{"rendered":"http:\/\/agora.xtec.cat\/ceipelsitjar\/?page_id=84"},"modified":"2025-09-08T13:15:38","modified_gmt":"2025-09-08T11:15:38","slug":"activitats-extraescolars","status":"publish","type":"page","link":"https:\/\/agora.xtec.cat\/ceipelsitjar\/ampa\/activitats-extraescolars\/","title":{"rendered":"Activitats extraescolars"},"content":{"rendered":"<p>A l&#8217;escola el Sitjar s&#8217;ofereixen activitats extraescolars per a tot l&#8217;alumnat. Aquestes, estan gestionades des de l&#8217;empres Qu\u00e0lia. A continuaci\u00f3, us deixem l&#8217;oferta d&#8217;activitats i l&#8217;enlla\u00e7 a la seva p\u00e0gina web per a m\u00e9s informaci\u00f3.<\/p>\n<p><a href=\"https:\/\/agora.xtec.cat\/ceipelsitjar\/wp-content\/uploads\/usu1354\/2025\/09\/Captura-de-pantalla-2025-09-08-131502.png\"><img loading=\"lazy\" decoding=\"async\" class=\"alignnone size-large wp-image-9010\" src=\"https:\/\/agora.xtec.cat\/ceipelsitjar\/wp-content\/uploads\/usu1354\/2025\/09\/Captura-de-pantalla-2025-09-08-131502-1024x595.png\" alt=\"\" width=\"1024\" height=\"595\" srcset=\"https:\/\/agora.xtec.cat\/ceipelsitjar\/wp-content\/uploads\/usu1354\/2025\/09\/Captura-de-pantalla-2025-09-08-131502-1024x595.png 1024w, https:\/\/agora.xtec.cat\/ceipelsitjar\/wp-content\/uploads\/usu1354\/2025\/09\/Captura-de-pantalla-2025-09-08-131502-300x174.png 300w, https:\/\/agora.xtec.cat\/ceipelsitjar\/wp-content\/uploads\/usu1354\/2025\/09\/Captura-de-pantalla-2025-09-08-131502-768x446.png 768w, https:\/\/agora.xtec.cat\/ceipelsitjar\/wp-content\/uploads\/usu1354\/2025\/09\/Captura-de-pantalla-2025-09-08-131502.png 1168w\" sizes=\"auto, (max-width: 1024px) 100vw, 1024px\" \/><\/a><\/p>\n<p style=\"text-align: center;\">Fes clic a la imatge per anar a la seva p\u00e0gina web.<a href=\"https:\/\/lleurequalia.cat\/ca\/c\/home-escola-elsitjar-161\" target=\"_blank\" rel=\"noopener\"><br \/>\n<img loading=\"lazy\" decoding=\"async\" class=\"wp-image-7326 aligncenter\" src=\"https:\/\/agora.xtec.cat\/ceipelsitjar\/wp-content\/uploads\/usu1354\/2024\/11\/17.gif\" alt=\"\" width=\"139\" height=\"70\" \/><\/a><\/p>\n","protected":false},"excerpt":{"rendered":"<p>A l&#8217;escola el Sitjar s&#8217;ofereixen activitats extraescolars per a tot l&#8217;alumnat. Aquestes, estan gestionades des de l&#8217;empres Qu\u00e0lia. A continuaci\u00f3, [&hellip;]<\/p>\n","protected":false},"author":1,"featured_media":0,"parent":730,"menu_order":60,"comment_status":"closed","ping_status":"closed","template":"","meta":{"_bbp_topic_count":0,"_bbp_reply_count":0,"_bbp_total_topic_count":0,"_bbp_total_reply_count":0,"_bbp_voice_count":0,"_bbp_anonymous_reply_count":0,"_bbp_topic_count_hidden":0,"_bbp_reply_count_hidden":0,"_bbp_forum_subforum_count":0,"site-sidebar-layout":"default","site-content-layout":"","ast-site-content-layout":"default","site-content-style":"default","site-sidebar-style":"default","ast-global-header-display":"","ast-banner-title-visibility":"","ast-main-header-display":"","ast-hfb-above-header-display":"","ast-hfb-below-header-display":"","ast-hfb-mobile-header-display":"","site-post-title":"","ast-breadcrumbs-content":"","ast-featured-img":"","footer-sml-layout":"","theme-transparent-header-meta":"default","adv-header-id-meta":"","stick-header-meta":"","header-above-stick-meta":"","header-main-stick-meta":"","header-below-stick-meta":"","astra-migrate-meta-layouts":"set","ast-page-background-enabled":"default","ast-page-background-meta":{"desktop":{"background-color":"var(--ast-global-color-4)","background-image":"","background-repeat":"repeat","background-position":"center center","background-size":"auto","background-attachment":"scroll","background-type":"","background-media":"","overlay-type":"","overlay-color":"","overlay-opacity":"","overlay-gradient":""},"tablet":{"background-color":"","background-image":"","background-repeat":"repeat","background-position":"center center","background-size":"auto","background-attachment":"scroll","background-type":"","background-media":"","overlay-type":"","overlay-color":"","overlay-opacity":"","overlay-gradient":""},"mobile":{"background-color":"","background-image":"","background-repeat":"repeat","background-position":"center center","background-size":"auto","background-attachment":"scroll","background-type":"","background-media":"","overlay-type":"","overlay-color":"","overlay-opacity":"","overlay-gradient":""}},"ast-content-background-meta":{"desktop":{"background-color":"var(--ast-global-color-5)","background-image":"","background-repeat":"repeat","background-position":"center center","background-size":"auto","background-attachment":"scroll","background-type":"","background-media":"","overlay-type":"","overlay-color":"","overlay-opacity":"","overlay-gradient":""},"tablet":{"background-color":"var(--ast-global-color-5)","background-image":"","background-repeat":"repeat","background-position":"center center","background-size":"auto","background-attachment":"scroll","background-type":"","background-media":"","overlay-type":"","overlay-color":"","overlay-opacity":"","overlay-gradient":""},"mobile":{"background-color":"var(--ast-global-color-5)","background-image":"","background-repeat":"repeat","background-position":"center center","background-size":"auto","background-attachment":"scroll","background-type":"","background-media":"","overlay-type":"","overlay-color":"","overlay-opacity":"","overlay-gradient":""}},"footnotes":""},"class_list":["post-84","page","type-page","status-publish","hentry"],"post_mailing_queue_ids":[],"_links":{"self":[{"href":"https:\/\/agora.xtec.cat\/ceipelsitjar\/wp-json\/wp\/v2\/pages\/84","targetHints":{"allow":["GET"]}}],"collection":[{"href":"https:\/\/agora.xtec.cat\/ceipelsitjar\/wp-json\/wp\/v2\/pages"}],"about":[{"href":"https:\/\/agora.xtec.cat\/ceipelsitjar\/wp-json\/wp\/v2\/types\/page"}],"author":[{"embeddable":true,"href":"https:\/\/agora.xtec.cat\/ceipelsitjar\/wp-json\/wp\/v2\/users\/1"}],"replies":[{"embeddable":true,"href":"https:\/\/agora.xtec.cat\/ceipelsitjar\/wp-json\/wp\/v2\/comments?post=84"}],"version-history":[{"count":5,"href":"https:\/\/agora.xtec.cat\/ceipelsitjar\/wp-json\/wp\/v2\/pages\/84\/revisions"}],"predecessor-version":[{"id":9011,"href":"https:\/\/agora.xtec.cat\/ceipelsitjar\/wp-json\/wp\/v2\/pages\/84\/revisions\/9011"}],"up":[{"embeddable":true,"href":"https:\/\/agora.xtec.cat\/ceipelsitjar\/wp-json\/wp\/v2\/pages\/730"}],"wp:attachment":[{"href":"https:\/\/agora.xtec.cat\/ceipelsitjar\/wp-json\/wp\/v2\/media?parent=84"}],"curies":[{"name":"wp","href":"https:\/\/api.w.org\/{rel}","templated":true}]}}