{"id":730,"date":"2019-11-12T16:25:18","date_gmt":"2019-11-12T15:25:18","guid":{"rendered":"http:\/\/agora.xtec.cat\/ceipelsitjar\/?page_id=730"},"modified":"2025-07-03T10:00:48","modified_gmt":"2025-07-03T08:00:48","slug":"ampa","status":"publish","type":"page","link":"https:\/\/agora.xtec.cat\/ceipelsitjar\/ampa\/","title":{"rendered":"AFA"},"content":{"rendered":"<p style=\"text-align: center;\"><a href=\"https:\/\/forms.gle\/2ESQt1H36iGFKCZG7\" target=\"_blank\" rel=\"noopener\">FORMULARI D&#8217;INSCRIPCI\u00d3 A L&#8217;AFA (ONLINE)<\/a><\/p>\n<div class=\"ff2\" style=\"text-align: left;\"><\/div>\n<div style=\"text-align: left;\"><\/div>\n<div style=\"text-align: left;\"><\/div>\n<div>\n<div class=\"text_layer\" style=\"text-align: left;\">\n<div class=\"ie_fix\">\n<div class=\"ff4\">\n<p><strong>Qu\u00e8 \u00e9s l\u2019AFA?<\/strong><\/p>\n<p>L\u2019Associaci\u00f3 de Fam\u00edlies d\u2019Alumnes \u00e9s una associaci\u00f3 sense \u00e0nim de lucre que t\u00e9 com a principals\u00a0objectius:<\/p>\n<ul>\n<li>Donar suport i assist\u00e8ncia als membres de l\u2019associaci\u00f3 en tot el que fa\u00a0refer\u00e8ncia a l\u2019educaci\u00f3\u00a0dels seus fills\/es.<\/li>\n<li>Col\u00b7laborar en la millora de l\u2019educaci\u00f3 dels nostres fills\/es i aconseguir un\u00a0centre p\u00fablic de\u00a0qualitat.<\/li>\n<li>Ajudar a\u00a0desenvolupar tasques educatives\u00a0i participar en\u00a0la bona traject\u00f2ria del\u00a0centre.<\/li>\n<li>Potenciar\u00a0la\u00a0participaci\u00f3\u00a0de\u00a0les\u00a0fam\u00edlies.<\/li>\n<\/ul>\n<p>&nbsp;<\/p>\n<p><strong>Com ens organitzem?<\/strong><\/p>\n<ul>\n<li>C\u00e0rrecs personals: president\/a, vicepresident\/a, tresorer\/a, secretari\/\u00e0ria i vocals.<\/li>\n<li>Realitzaci\u00f3 de reunions mensuals o bimensuals, assemblea anual i assemblees extraordin\u00e0ries.<\/li>\n<\/ul>\n<p>&nbsp;<\/p>\n<p><strong>Quines tasques realitzem?<\/strong><\/p>\n<ul>\n<li>Gesti\u00f3 d\u2019activitats\u00a0extraescolars i acollides conjuntament amb la cooperativa de lleure Qu\u00e0lia i diferents empreses.<\/li>\n<li>Gesti\u00f3 de\u00a0la\u00a0compra i\u00a0venda\u00a0de xandalls\u00a0per a\u00a0totes les\u00a0edats.<\/li>\n<li>Participaci\u00f3\u00a0en\u00a0el\u00a0Consell\u00a0Escolar.<\/li>\n<li>Participaci\u00f3\u00a0en\u00a0les\u00a0activitats\u00a0organitzades\u00a0al\u00a0centre.<\/li>\n<li>Actuaci\u00f3\u00a0d\u2019enlla\u00e7 entre les fam\u00edlies i l\u2019escola.<\/li>\n<li>Organitzaci\u00f3\u00a0de les\u00a0festes\u00a0de Nadal\u00a0i\u00a0final\u00a0de\u00a0curs.<\/li>\n<li>Foment de l\u2019esport organitzant\u00a0la bicicletada.<\/li>\n<li>Tramitaci\u00f3\u00a0de\u00a0subvencions\u00a0a\u00a0entitats\u00a0p\u00fabliques.<\/li>\n<\/ul>\n<p>&nbsp;<\/p>\n<p><strong>Quant costa fer-se membre de l\u2019AFA?<\/strong><\/p>\n<p>La quota per curs escolar \u00e9s de 25 euros, en cas de ser dos o m\u00e9s germans\/es la quota\u00a0s\u2019incrementa en 5\u20ac per infant.<\/p>\n<p>&nbsp;<\/p>\n<p><strong>On van destinades les aportacions dels socis?<\/strong><\/p>\n<ul>\n<li>Ajuden a sostenir l\u2019associaci\u00f3 i les seves\u00a0activitats.<\/li>\n<li>L\u2019associaci\u00f3 no t\u00e9 \u00e0nim de lucre, els membres de la junta no perceben cap prestaci\u00f3\u00a0econ\u00f2mica.<\/li>\n<li>El gruix m\u00e9s important de les aportacions va destinat a l\u2019equipament de l\u2019escola com ara\u00a0material inform\u00e0tic (ordinadors, pantalles, tauletes), joguines i diferent material pedag\u00f2gic.<\/li>\n<li>Contractaci\u00f3\u00a0de tallers, grups musicals o\u00a0altres en les\u00a0diferents\u00a0festes (Carnaval, Setmana Cultural, etc).<\/li>\n<li>Asseguran\u00e7a pels vostres fills\/es en qualsevol acte que organitzi l\u2019AFA.<\/li>\n<\/ul>\n<p>&nbsp;<\/p>\n<p><strong>Quins s\u00f3n els canals de comunicaci\u00f3 de l\u2019AFA el Sitjar?<\/strong><\/p>\n<ul>\n<li>Correu electr\u00f2nic: <strong>afaelsitjar@gmail.com<\/strong><\/li>\n<li>Canal Ebando AFA ESCOLA EL SITJAR<\/li>\n<li>Grup de difusi\u00f3 de whatsapp per cursos, amb gesti\u00f3 conjunta amb les respectives delegades\/ts.<\/li>\n<li>Butllet\u00ed\u00a0informatiu L\u2019AFA Informa, enviat al correu electr\u00f2nic dels socis.<\/li>\n<li>Per qualsevol dubte que tingueu us podeu adre\u00e7ar als membres de la junta de forma personal.<\/li>\n<\/ul>\n<p>&nbsp;<\/p>\n<p><strong>Com em puc fer soci\/a?<\/strong><\/p>\n<ul>\n<li>La via preferent per fer-se soci\/a de l\u2019AFA \u00e9s la inscripci\u00f3 electr\u00f2nica a trav\u00e9s del formulari online d\u2019aquesta p\u00e0gina.<\/li>\n<\/ul>\n<\/div>\n<div class=\"ff1\"><\/div>\n<\/div>\n<\/div>\n<div class=\"link_layer\" style=\"text-align: left;\">\n<div class=\"ie_fix\"><\/div>\n<\/div>\n<div class=\"image_layer\">\n<div class=\"ie_fix\" style=\"text-align: left;\"><\/div>\n<\/div>\n<\/div>\n","protected":false},"excerpt":{"rendered":"<p>FORMULARI D&#8217;INSCRIPCI\u00d3 A L&#8217;AFA (ONLINE) Qu\u00e8 \u00e9s l\u2019AFA? L\u2019Associaci\u00f3 de Fam\u00edlies d\u2019Alumnes \u00e9s una associaci\u00f3 sense \u00e0nim de lucre que [&hellip;]<\/p>\n","protected":false},"author":78,"featured_media":0,"parent":0,"menu_order":0,"comment_status":"closed","ping_status":"closed","template":"","meta":{"_bbp_topic_count":0,"_bbp_reply_count":0,"_bbp_total_topic_count":0,"_bbp_total_reply_count":0,"_bbp_voice_count":0,"_bbp_anonymous_reply_count":0,"_bbp_topic_count_hidden":0,"_bbp_reply_count_hidden":0,"_bbp_forum_subforum_count":0,"site-sidebar-layout":"default","site-content-layout":"","ast-site-content-layout":"default","site-content-style":"default","site-sidebar-style":"default","ast-global-header-display":"","ast-banner-title-visibility":"","ast-main-header-display":"","ast-hfb-above-header-display":"","ast-hfb-below-header-display":"","ast-hfb-mobile-header-display":"","site-post-title":"","ast-breadcrumbs-content":"","ast-featured-img":"","footer-sml-layout":"","theme-transparent-header-meta":"default","adv-header-id-meta":"","stick-header-meta":"","header-above-stick-meta":"","header-main-stick-meta":"","header-below-stick-meta":"","astra-migrate-meta-layouts":"set","ast-page-background-enabled":"default","ast-page-background-meta":{"desktop":{"background-color":"var(--ast-global-color-4)","background-image":"","background-repeat":"repeat","background-position":"center center","background-size":"auto","background-attachment":"scroll","background-type":"","background-media":"","overlay-type":"","overlay-color":"","overlay-opacity":"","overlay-gradient":""},"tablet":{"background-color":"","background-image":"","background-repeat":"repeat","background-position":"center center","background-size":"auto","background-attachment":"scroll","background-type":"","background-media":"","overlay-type":"","overlay-color":"","overlay-opacity":"","overlay-gradient":""},"mobile":{"background-color":"","background-image":"","background-repeat":"repeat","background-position":"center center","background-size":"auto","background-attachment":"scroll","background-type":"","background-media":"","overlay-type":"","overlay-color":"","overlay-opacity":"","overlay-gradient":""}},"ast-content-background-meta":{"desktop":{"background-color":"var(--ast-global-color-5)","background-image":"","background-repeat":"repeat","background-position":"center center","background-size":"auto","background-attachment":"scroll","background-type":"","background-media":"","overlay-type":"","overlay-color":"","overlay-opacity":"","overlay-gradient":""},"tablet":{"background-color":"var(--ast-global-color-5)","background-image":"","background-repeat":"repeat","background-position":"center center","background-size":"auto","background-attachment":"scroll","background-type":"","background-media":"","overlay-type":"","overlay-color":"","overlay-opacity":"","overlay-gradient":""},"mobile":{"background-color":"var(--ast-global-color-5)","background-image":"","background-repeat":"repeat","background-position":"center center","background-size":"auto","background-attachment":"scroll","background-type":"","background-media":"","overlay-type":"","overlay-color":"","overlay-opacity":"","overlay-gradient":""}},"footnotes":""},"class_list":["post-730","page","type-page","status-publish","hentry"],"post_mailing_queue_ids":[],"_links":{"self":[{"href":"https:\/\/agora.xtec.cat\/ceipelsitjar\/wp-json\/wp\/v2\/pages\/730","targetHints":{"allow":["GET"]}}],"collection":[{"href":"https:\/\/agora.xtec.cat\/ceipelsitjar\/wp-json\/wp\/v2\/pages"}],"about":[{"href":"https:\/\/agora.xtec.cat\/ceipelsitjar\/wp-json\/wp\/v2\/types\/page"}],"author":[{"embeddable":true,"href":"https:\/\/agora.xtec.cat\/ceipelsitjar\/wp-json\/wp\/v2\/users\/78"}],"replies":[{"embeddable":true,"href":"https:\/\/agora.xtec.cat\/ceipelsitjar\/wp-json\/wp\/v2\/comments?post=730"}],"version-history":[{"count":7,"href":"https:\/\/agora.xtec.cat\/ceipelsitjar\/wp-json\/wp\/v2\/pages\/730\/revisions"}],"predecessor-version":[{"id":8981,"href":"https:\/\/agora.xtec.cat\/ceipelsitjar\/wp-json\/wp\/v2\/pages\/730\/revisions\/8981"}],"wp:attachment":[{"href":"https:\/\/agora.xtec.cat\/ceipelsitjar\/wp-json\/wp\/v2\/media?parent=730"}],"curies":[{"name":"wp","href":"https:\/\/api.w.org\/{rel}","templated":true}]}}