{"id":5653,"date":"2023-06-14T18:20:50","date_gmt":"2023-06-14T16:20:50","guid":{"rendered":"https:\/\/agora.xtec.cat\/ceipelsitjar\/?page_id=5653"},"modified":"2025-10-28T19:31:33","modified_gmt":"2025-10-28T18:31:33","slug":"estrategia-digital-de-centre","status":"publish","type":"page","link":"https:\/\/agora.xtec.cat\/ceipelsitjar\/lescola\/estrategia-digital-de-centre\/","title":{"rendered":"Estrat\u00e8gia digital de centre"},"content":{"rendered":"<p dir=\"ltr\"><a href=\"https:\/\/agora.xtec.cat\/ceipelsitjar\/wp-content\/uploads\/usu1354\/2025\/10\/edc.png\"><img loading=\"lazy\" decoding=\"async\" class=\"alignnone wp-image-9216 size-large\" src=\"https:\/\/agora.xtec.cat\/ceipelsitjar\/wp-content\/uploads\/usu1354\/2025\/10\/edc-e1761663578135-1024x120.png\" alt=\"\" width=\"1024\" height=\"120\" srcset=\"https:\/\/agora.xtec.cat\/ceipelsitjar\/wp-content\/uploads\/usu1354\/2025\/10\/edc-e1761663578135-1024x120.png 1024w, https:\/\/agora.xtec.cat\/ceipelsitjar\/wp-content\/uploads\/usu1354\/2025\/10\/edc-e1761663578135-300x35.png 300w, https:\/\/agora.xtec.cat\/ceipelsitjar\/wp-content\/uploads\/usu1354\/2025\/10\/edc-e1761663578135-768x90.png 768w, https:\/\/agora.xtec.cat\/ceipelsitjar\/wp-content\/uploads\/usu1354\/2025\/10\/edc-e1761663578135.png 1472w\" sizes=\"auto, (max-width: 1024px) 100vw, 1024px\" \/><\/a><\/p>\n<p dir=\"ltr\"><strong>QU\u00c8 \u00c9S L&#8217;ESTRAT\u00c8GIA DIGITAL DE CENTRE?<\/strong><\/p>\n<p class=\"zfr3Q CDt4Ke \" dir=\"ltr\"><span class=\"C9DxTc \">L&#8217;<\/span><span class=\"C9DxTc \">estrat\u00e8gia digital de centre<\/span><span class=\"C9DxTc \">\u00a0(EDC) defineix i concreta les l\u00ednies d&#8217;actuaci\u00f3 d&#8217;un centre que fan possible que docents, alumnat i centre assoleixin la compet\u00e8ncia digital. Per aconseguir aquesta compet\u00e8ncia digital, l&#8217;EDC\u00a0<\/span><span class=\"C9DxTc \">compr\u00e8n tots els \u00e0mbits del centre<\/span><span class=\"C9DxTc \">: organitzatius, metodol\u00f2gics, curriculars i comunicatius, els quals s&#8217;han de veure necess\u00e0riament implicats i, si escau, transformats, des d\u2019una perspectiva d&#8217;innovaci\u00f3 i de millora cont\u00ednua.<\/span><\/p>\n<p class=\"zfr3Q CDt4Ke \" dir=\"ltr\"><span class=\"C9DxTc \">Els\u00a0<\/span><span class=\"C9DxTc \">objectius<\/span><span class=\"C9DxTc \">\u00a0de l&#8217;EDC es poden agrupar en cinc \u00e0mbits, que tenen com a fita el m\u00e0xim assoliment de la compet\u00e8ncia digital de l\u2019alumnat, del professorat i del centre:<\/span><\/p>\n<ul class=\"n8H08c UVNKR \">\n<li class=\"zfr3Q TYR86d eD0Rn \" dir=\"ltr\">\n<p class=\"zfr3Q CDt4Ke \" dir=\"ltr\" role=\"presentation\"><span class=\"C9DxTc \">Assoliment de la compet\u00e8ncia digital<\/span><\/p>\n<\/li>\n<li class=\"zfr3Q TYR86d eD0Rn \" dir=\"ltr\">\n<p class=\"zfr3Q CDt4Ke \" dir=\"ltr\" role=\"presentation\"><span class=\"C9DxTc \">Planificaci\u00f3 estrat\u00e8gica i organitzaci\u00f3<\/span><\/p>\n<\/li>\n<li class=\"zfr3Q TYR86d eD0Rn \" dir=\"ltr\">\n<p class=\"zfr3Q CDt4Ke \" dir=\"ltr\" role=\"presentation\"><span class=\"C9DxTc \">Metodologies did\u00e0ctiques i innovaci\u00f3<\/span><\/p>\n<\/li>\n<li class=\"zfr3Q TYR86d eD0Rn \" dir=\"ltr\">\n<p class=\"zfr3Q CDt4Ke \" dir=\"ltr\" role=\"presentation\"><span class=\"C9DxTc \">Inclusi\u00f3 digital i de g\u00e8nere<\/span><\/p>\n<\/li>\n<li class=\"zfr3Q TYR86d eD0Rn \" dir=\"ltr\">\n<p class=\"zfr3Q CDt4Ke \" dir=\"ltr\" role=\"presentation\"><span class=\"C9DxTc \">Seguretat i protecci\u00f3 de dades<\/span><\/p>\n<\/li>\n<\/ul>\n<p>Per tal de con\u00e8ixer l\u2019Estrat\u00e8gia Digital del Centre podeu consultar els seg\u00fcents apartats:<\/p>\n<table style=\"width: 100%; border-collapse: collapse;\">\n<tbody>\n<tr>\n<td style=\"width: 50%; text-align: center;\"><a href=\"https:\/\/agora.xtec.cat\/ceipelsitjar\/wp-content\/uploads\/usu1354\/2025\/10\/Captura-de-pantalla-2025-10-28-155551.png\"><img loading=\"lazy\" decoding=\"async\" class=\"alignnone wp-image-9218\" src=\"https:\/\/agora.xtec.cat\/ceipelsitjar\/wp-content\/uploads\/usu1354\/2025\/10\/Captura-de-pantalla-2025-10-28-155551.png\" alt=\"\" width=\"173\" height=\"148\" \/><\/a><\/td>\n<td style=\"width: 50%; text-align: center;\"><a href=\"https:\/\/agora.xtec.cat\/ceipelsitjar\/wp-content\/uploads\/usu1354\/2025\/10\/Captura-de-pantalla-2025-10-28-155537.png\"><img loading=\"lazy\" decoding=\"async\" class=\"alignnone wp-image-9219\" src=\"https:\/\/agora.xtec.cat\/ceipelsitjar\/wp-content\/uploads\/usu1354\/2025\/10\/Captura-de-pantalla-2025-10-28-155537.png\" alt=\"\" width=\"156\" height=\"140\" \/><\/a><\/td>\n<\/tr>\n<tr>\n<td style=\"width: 50%; text-align: center;\"><a href=\"https:\/\/agora.xtec.cat\/ceipelsitjar\/lescola\/estrategia-digital-de-centre\/estrategia\/\">ESTRAT\u00c8GIA<\/a><\/td>\n<td style=\"width: 50%; text-align: center;\"><a href=\"https:\/\/agora.xtec.cat\/ceipelsitjar\/lescola\/estrategia-digital-de-centre\/cultura-digital\/\">CULTURA DIGITAL<\/a><\/td>\n<\/tr>\n<\/tbody>\n<\/table>\n","protected":false},"excerpt":{"rendered":"<p>QU\u00c8 \u00c9S L&#8217;ESTRAT\u00c8GIA DIGITAL DE CENTRE? L&#8217;estrat\u00e8gia digital de centre\u00a0(EDC) defineix i concreta les l\u00ednies d&#8217;actuaci\u00f3 d&#8217;un centre que fan [&hellip;]<\/p>\n","protected":false},"author":78,"featured_media":0,"parent":22,"menu_order":0,"comment_status":"closed","ping_status":"closed","template":"","meta":{"_bbp_topic_count":0,"_bbp_reply_count":0,"_bbp_total_topic_count":0,"_bbp_total_reply_count":0,"_bbp_voice_count":0,"_bbp_anonymous_reply_count":0,"_bbp_topic_count_hidden":0,"_bbp_reply_count_hidden":0,"_bbp_forum_subforum_count":0,"site-sidebar-layout":"default","site-content-layout":"","ast-site-content-layout":"default","site-content-style":"default","site-sidebar-style":"default","ast-global-header-display":"","ast-banner-title-visibility":"","ast-main-header-display":"","ast-hfb-above-header-display":"","ast-hfb-below-header-display":"","ast-hfb-mobile-header-display":"","site-post-title":"","ast-breadcrumbs-content":"","ast-featured-img":"","footer-sml-layout":"","theme-transparent-header-meta":"default","adv-header-id-meta":"","stick-header-meta":"","header-above-stick-meta":"","header-main-stick-meta":"","header-below-stick-meta":"","astra-migrate-meta-layouts":"set","ast-page-background-enabled":"default","ast-page-background-meta":{"desktop":{"background-color":"var(--ast-global-color-4)","background-image":"","background-repeat":"repeat","background-position":"center center","background-size":"auto","background-attachment":"scroll","background-type":"","background-media":"","overlay-type":"","overlay-color":"","overlay-opacity":"","overlay-gradient":""},"tablet":{"background-color":"","background-image":"","background-repeat":"repeat","background-position":"center center","background-size":"auto","background-attachment":"scroll","background-type":"","background-media":"","overlay-type":"","overlay-color":"","overlay-opacity":"","overlay-gradient":""},"mobile":{"background-color":"","background-image":"","background-repeat":"repeat","background-position":"center center","background-size":"auto","background-attachment":"scroll","background-type":"","background-media":"","overlay-type":"","overlay-color":"","overlay-opacity":"","overlay-gradient":""}},"ast-content-background-meta":{"desktop":{"background-color":"var(--ast-global-color-5)","background-image":"","background-repeat":"repeat","background-position":"center center","background-size":"auto","background-attachment":"scroll","background-type":"","background-media":"","overlay-type":"","overlay-color":"","overlay-opacity":"","overlay-gradient":""},"tablet":{"background-color":"var(--ast-global-color-5)","background-image":"","background-repeat":"repeat","background-position":"center center","background-size":"auto","background-attachment":"scroll","background-type":"","background-media":"","overlay-type":"","overlay-color":"","overlay-opacity":"","overlay-gradient":""},"mobile":{"background-color":"var(--ast-global-color-5)","background-image":"","background-repeat":"repeat","background-position":"center center","background-size":"auto","background-attachment":"scroll","background-type":"","background-media":"","overlay-type":"","overlay-color":"","overlay-opacity":"","overlay-gradient":""}},"footnotes":""},"class_list":["post-5653","page","type-page","status-publish","hentry"],"post_mailing_queue_ids":[],"_links":{"self":[{"href":"https:\/\/agora.xtec.cat\/ceipelsitjar\/wp-json\/wp\/v2\/pages\/5653","targetHints":{"allow":["GET"]}}],"collection":[{"href":"https:\/\/agora.xtec.cat\/ceipelsitjar\/wp-json\/wp\/v2\/pages"}],"about":[{"href":"https:\/\/agora.xtec.cat\/ceipelsitjar\/wp-json\/wp\/v2\/types\/page"}],"author":[{"embeddable":true,"href":"https:\/\/agora.xtec.cat\/ceipelsitjar\/wp-json\/wp\/v2\/users\/78"}],"replies":[{"embeddable":true,"href":"https:\/\/agora.xtec.cat\/ceipelsitjar\/wp-json\/wp\/v2\/comments?post=5653"}],"version-history":[{"count":5,"href":"https:\/\/agora.xtec.cat\/ceipelsitjar\/wp-json\/wp\/v2\/pages\/5653\/revisions"}],"predecessor-version":[{"id":9231,"href":"https:\/\/agora.xtec.cat\/ceipelsitjar\/wp-json\/wp\/v2\/pages\/5653\/revisions\/9231"}],"up":[{"embeddable":true,"href":"https:\/\/agora.xtec.cat\/ceipelsitjar\/wp-json\/wp\/v2\/pages\/22"}],"wp:attachment":[{"href":"https:\/\/agora.xtec.cat\/ceipelsitjar\/wp-json\/wp\/v2\/media?parent=5653"}],"curies":[{"name":"wp","href":"https:\/\/api.w.org\/{rel}","templated":true}]}}