{"id":515,"date":"2016-07-21T09:29:22","date_gmt":"2016-07-21T08:29:22","guid":{"rendered":"http:\/\/agora.xtec.cat\/ceipelsitjar\/?page_id=515"},"modified":"2019-12-21T12:51:06","modified_gmt":"2019-12-21T11:51:06","slug":"blogs","status":"publish","type":"page","link":"https:\/\/agora.xtec.cat\/ceipelsitjar\/blogs\/","title":{"rendered":"BLOCS ANTERIORS (fins a 2019)"},"content":{"rendered":"<p>BLOCS DE L&#8217;ESCOLA:<\/p>\n<ul>\n<li><a href=\"http:\/\/blocs.xtec.cat\/elsitjar\/\" target=\"_blank\" rel=\"noopener noreferrer\">Bloc de l&#8217;escola<\/a><\/li>\n<li><a href=\"http:\/\/blocs.xtec.cat\/elsitjarinfantil\/\" target=\"_blank\" rel=\"noopener noreferrer\">Educaci\u00f3 Infantil<\/a><\/li>\n<li><a href=\"http:\/\/blocs.xtec.cat\/elsitjarcicleinicial\/\" target=\"_blank\" rel=\"noopener noreferrer\">Cicle Inicial<\/a><\/li>\n<li><a href=\"http:\/\/blocs.xtec.cat\/ceipelsitjarcm\/\" target=\"_blank\" rel=\"noopener noreferrer\">Cicle Mitj\u00e0<\/a><\/li>\n<li><a href=\"http:\/\/blocs.xtec.cat\/ceipelsitjar\/\" target=\"_blank\" rel=\"noopener noreferrer\">Cicle Superior<\/a><\/li>\n<li><a href=\"http:\/\/blocs.xtec.cat\/elsitjarenglishblog\/\" target=\"_blank\" rel=\"noopener noreferrer\">English Blog<\/a><\/li>\n<li><a href=\"http:\/\/blocs.xtec.cat\/elsitjaref\/\" target=\"_blank\" rel=\"noopener noreferrer\">Educaci\u00f3 F\u00edsica<\/a><\/li>\n<li><a href=\"http:\/\/blocs.xtec.cat\/elsitjarmusica\/\" target=\"_blank\" rel=\"noopener noreferrer\">M\u00fasica<\/a><\/li>\n<li><a href=\"http:\/\/blocs.xtec.cat\/bibliositjar\/\" target=\"_blank\" rel=\"noopener noreferrer\">Biblioteca<\/a><\/li>\n<li><a href=\"http:\/\/blocs.xtec.cat\/elsitjarmestres\/\" target=\"_blank\" rel=\"noopener noreferrer\">Mestres<\/a><\/li>\n<li><a href=\"http:\/\/elsitjar-escolaverda.blogspot.com.es\/\" target=\"_blank\" rel=\"noopener noreferrer\">Escola Verda<\/a><\/li>\n<li><a href=\"http:\/\/blocs.xtec.cat\/patrimonilinyola\/\" target=\"_blank\" rel=\"noopener noreferrer\">Patrimoni de Linyola<\/a><\/li>\n<\/ul>\n","protected":false},"excerpt":{"rendered":"<p>BLOCS DE L&#8217;ESCOLA: Bloc de l&#8217;escola Educaci\u00f3 Infantil Cicle Inicial Cicle Mitj\u00e0 Cicle Superior English Blog Educaci\u00f3 F\u00edsica M\u00fasica Biblioteca [&hellip;]<\/p>\n","protected":false},"author":1,"featured_media":0,"parent":0,"menu_order":0,"comment_status":"closed","ping_status":"closed","template":"","meta":{"_bbp_topic_count":0,"_bbp_reply_count":0,"_bbp_total_topic_count":0,"_bbp_total_reply_count":0,"_bbp_voice_count":0,"_bbp_anonymous_reply_count":0,"_bbp_topic_count_hidden":0,"_bbp_reply_count_hidden":0,"_bbp_forum_subforum_count":0,"site-sidebar-layout":"default","site-content-layout":"","ast-site-content-layout":"","site-content-style":"default","site-sidebar-style":"default","ast-global-header-display":"","ast-banner-title-visibility":"","ast-main-header-display":"","ast-hfb-above-header-display":"","ast-hfb-below-header-display":"","ast-hfb-mobile-header-display":"","site-post-title":"","ast-breadcrumbs-content":"","ast-featured-img":"","footer-sml-layout":"","theme-transparent-header-meta":"","adv-header-id-meta":"","stick-header-meta":"","header-above-stick-meta":"","header-main-stick-meta":"","header-below-stick-meta":"","astra-migrate-meta-layouts":"default","ast-page-background-enabled":"default","ast-page-background-meta":{"desktop":{"background-color":"var(--ast-global-color-4)","background-image":"","background-repeat":"repeat","background-position":"center center","background-size":"auto","background-attachment":"scroll","background-type":"","background-media":"","overlay-type":"","overlay-color":"","overlay-opacity":"","overlay-gradient":""},"tablet":{"background-color":"","background-image":"","background-repeat":"repeat","background-position":"center center","background-size":"auto","background-attachment":"scroll","background-type":"","background-media":"","overlay-type":"","overlay-color":"","overlay-opacity":"","overlay-gradient":""},"mobile":{"background-color":"","background-image":"","background-repeat":"repeat","background-position":"center center","background-size":"auto","background-attachment":"scroll","background-type":"","background-media":"","overlay-type":"","overlay-color":"","overlay-opacity":"","overlay-gradient":""}},"ast-content-background-meta":{"desktop":{"background-color":"var(--ast-global-color-5)","background-image":"","background-repeat":"repeat","background-position":"center center","background-size":"auto","background-attachment":"scroll","background-type":"","background-media":"","overlay-type":"","overlay-color":"","overlay-opacity":"","overlay-gradient":""},"tablet":{"background-color":"var(--ast-global-color-5)","background-image":"","background-repeat":"repeat","background-position":"center center","background-size":"auto","background-attachment":"scroll","background-type":"","background-media":"","overlay-type":"","overlay-color":"","overlay-opacity":"","overlay-gradient":""},"mobile":{"background-color":"var(--ast-global-color-5)","background-image":"","background-repeat":"repeat","background-position":"center center","background-size":"auto","background-attachment":"scroll","background-type":"","background-media":"","overlay-type":"","overlay-color":"","overlay-opacity":"","overlay-gradient":""}},"footnotes":""},"class_list":["post-515","page","type-page","status-publish","hentry"],"post_mailing_queue_ids":[],"_links":{"self":[{"href":"https:\/\/agora.xtec.cat\/ceipelsitjar\/wp-json\/wp\/v2\/pages\/515","targetHints":{"allow":["GET"]}}],"collection":[{"href":"https:\/\/agora.xtec.cat\/ceipelsitjar\/wp-json\/wp\/v2\/pages"}],"about":[{"href":"https:\/\/agora.xtec.cat\/ceipelsitjar\/wp-json\/wp\/v2\/types\/page"}],"author":[{"embeddable":true,"href":"https:\/\/agora.xtec.cat\/ceipelsitjar\/wp-json\/wp\/v2\/users\/1"}],"replies":[{"embeddable":true,"href":"https:\/\/agora.xtec.cat\/ceipelsitjar\/wp-json\/wp\/v2\/comments?post=515"}],"version-history":[{"count":4,"href":"https:\/\/agora.xtec.cat\/ceipelsitjar\/wp-json\/wp\/v2\/pages\/515\/revisions"}],"predecessor-version":[{"id":968,"href":"https:\/\/agora.xtec.cat\/ceipelsitjar\/wp-json\/wp\/v2\/pages\/515\/revisions\/968"}],"wp:attachment":[{"href":"https:\/\/agora.xtec.cat\/ceipelsitjar\/wp-json\/wp\/v2\/media?parent=515"}],"curies":[{"name":"wp","href":"https:\/\/api.w.org\/{rel}","templated":true}]}}