{"id":1395,"date":"2020-03-10T15:06:50","date_gmt":"2020-03-10T14:06:50","guid":{"rendered":"http:\/\/agora.xtec.cat\/ceipelsitjar\/?page_id=1395"},"modified":"2020-03-10T15:06:50","modified_gmt":"2020-03-10T14:06:50","slug":"salut","status":"publish","type":"page","link":"https:\/\/agora.xtec.cat\/ceipelsitjar\/lescola\/salut\/","title":{"rendered":"Salut"},"content":{"rendered":"<h4>Vacunacions<\/h4>\n<p>L&#8217;administraci\u00f3 de vacunes als infants de sis\u00e8 curs d&#8217;educaci\u00f3 prim\u00e0ria obligat\u00f2ria.<\/p>\n<h4>Polls<\/h4>\n<p>Us avisem si es detecta algun cas d&#8217;alumne amb polls al cap per tal que reviseu el cap dels vostres fills i filles i aplicar, si \u00e9s el cas, les mesures corresponents per tal d&#8217;eliminar-los i evitar el contagi.<\/p>\n<p><strong>Us agrair\u00edem que l&#8217;alumnat afectat amb polls o ll\u00e9menes es quedessin a casa fins no tenir cap par\u00e0sit per tal de prevenir el contagi als altres.<\/strong><\/p>\n<h4>Administraci\u00f3 de medicaments<\/h4>\n<p>Seguint les recomanacions del Departament de Salut, a l&#8217;escola disposem de paracetamol a la farmaciola escolar per\u00f2 nom\u00e9s es podr\u00e0 subministrar si el centre disposa de l&#8217;autoritzaci\u00f3 signada per part de la fam\u00edlia o tutors\/es legals (&#8220;Autoritzaci\u00f3 per al subministrament de paracetamol&#8221; disponible a l&#8217;apartat Documents).<\/p>\n<p>Per poder administrar medicaments a l&#8217;alumnat nom\u00e9s es far\u00e0 sempre que sigui imprescindible fer-ho en horari lectiu. Per poder-ho fer cal que la fam\u00edlia o tutors\/es legals aportin al centre un informe m\u00e8dic on consti el nom de l&#8217;alumne i del medicament aix\u00ed com tamb\u00e9 la pauta d&#8217;administraci\u00f3. A m\u00e9s, es necessari presentar l&#8217;autoritzaci\u00f3 pel subministrament de medicaci\u00f3 degudament signada per la fam\u00edlia o tutors\/es legals. (&#8220;Autoritzaci\u00f3 per al subministrament de medicaci\u00f3&#8221; disponible a l&#8217;apartat Documents).<\/p>\n<h4>Altres consideracions<\/h4>\n<p>L&#8217;alumnat no ha d&#8217;assistir al centre en estat febril, conjuntivitis, diarrea&#8230; pot ser perill\u00f3s pel propi nen o nena i pels seus companys.<\/p>\n<p>&nbsp;<\/p>\n<p>&nbsp;<\/p>\n","protected":false},"excerpt":{"rendered":"<p>Vacunacions L&#8217;administraci\u00f3 de vacunes als infants de sis\u00e8 curs d&#8217;educaci\u00f3 prim\u00e0ria obligat\u00f2ria. Polls Us avisem si es detecta algun cas [&hellip;]<\/p>\n","protected":false},"author":26,"featured_media":0,"parent":22,"menu_order":2,"comment_status":"closed","ping_status":"closed","template":"","meta":{"_bbp_topic_count":0,"_bbp_reply_count":0,"_bbp_total_topic_count":0,"_bbp_total_reply_count":0,"_bbp_voice_count":0,"_bbp_anonymous_reply_count":0,"_bbp_topic_count_hidden":0,"_bbp_reply_count_hidden":0,"_bbp_forum_subforum_count":0,"site-sidebar-layout":"default","site-content-layout":"","ast-site-content-layout":"","site-content-style":"default","site-sidebar-style":"default","ast-global-header-display":"","ast-banner-title-visibility":"","ast-main-header-display":"","ast-hfb-above-header-display":"","ast-hfb-below-header-display":"","ast-hfb-mobile-header-display":"","site-post-title":"","ast-breadcrumbs-content":"","ast-featured-img":"","footer-sml-layout":"","theme-transparent-header-meta":"","adv-header-id-meta":"","stick-header-meta":"","header-above-stick-meta":"","header-main-stick-meta":"","header-below-stick-meta":"","astra-migrate-meta-layouts":"default","ast-page-background-enabled":"default","ast-page-background-meta":{"desktop":{"background-color":"var(--ast-global-color-4)","background-image":"","background-repeat":"repeat","background-position":"center center","background-size":"auto","background-attachment":"scroll","background-type":"","background-media":"","overlay-type":"","overlay-color":"","overlay-opacity":"","overlay-gradient":""},"tablet":{"background-color":"","background-image":"","background-repeat":"repeat","background-position":"center center","background-size":"auto","background-attachment":"scroll","background-type":"","background-media":"","overlay-type":"","overlay-color":"","overlay-opacity":"","overlay-gradient":""},"mobile":{"background-color":"","background-image":"","background-repeat":"repeat","background-position":"center center","background-size":"auto","background-attachment":"scroll","background-type":"","background-media":"","overlay-type":"","overlay-color":"","overlay-opacity":"","overlay-gradient":""}},"ast-content-background-meta":{"desktop":{"background-color":"var(--ast-global-color-5)","background-image":"","background-repeat":"repeat","background-position":"center center","background-size":"auto","background-attachment":"scroll","background-type":"","background-media":"","overlay-type":"","overlay-color":"","overlay-opacity":"","overlay-gradient":""},"tablet":{"background-color":"var(--ast-global-color-5)","background-image":"","background-repeat":"repeat","background-position":"center center","background-size":"auto","background-attachment":"scroll","background-type":"","background-media":"","overlay-type":"","overlay-color":"","overlay-opacity":"","overlay-gradient":""},"mobile":{"background-color":"var(--ast-global-color-5)","background-image":"","background-repeat":"repeat","background-position":"center center","background-size":"auto","background-attachment":"scroll","background-type":"","background-media":"","overlay-type":"","overlay-color":"","overlay-opacity":"","overlay-gradient":""}},"footnotes":""},"class_list":["post-1395","page","type-page","status-publish","hentry"],"post_mailing_queue_ids":[],"_links":{"self":[{"href":"https:\/\/agora.xtec.cat\/ceipelsitjar\/wp-json\/wp\/v2\/pages\/1395","targetHints":{"allow":["GET"]}}],"collection":[{"href":"https:\/\/agora.xtec.cat\/ceipelsitjar\/wp-json\/wp\/v2\/pages"}],"about":[{"href":"https:\/\/agora.xtec.cat\/ceipelsitjar\/wp-json\/wp\/v2\/types\/page"}],"author":[{"embeddable":true,"href":"https:\/\/agora.xtec.cat\/ceipelsitjar\/wp-json\/wp\/v2\/users\/26"}],"replies":[{"embeddable":true,"href":"https:\/\/agora.xtec.cat\/ceipelsitjar\/wp-json\/wp\/v2\/comments?post=1395"}],"version-history":[{"count":3,"href":"https:\/\/agora.xtec.cat\/ceipelsitjar\/wp-json\/wp\/v2\/pages\/1395\/revisions"}],"predecessor-version":[{"id":1400,"href":"https:\/\/agora.xtec.cat\/ceipelsitjar\/wp-json\/wp\/v2\/pages\/1395\/revisions\/1400"}],"up":[{"embeddable":true,"href":"https:\/\/agora.xtec.cat\/ceipelsitjar\/wp-json\/wp\/v2\/pages\/22"}],"wp:attachment":[{"href":"https:\/\/agora.xtec.cat\/ceipelsitjar\/wp-json\/wp\/v2\/media?parent=1395"}],"curies":[{"name":"wp","href":"https:\/\/api.w.org\/{rel}","templated":true}]}}