{"id":1168,"date":"2020-02-18T14:13:34","date_gmt":"2020-02-18T13:13:34","guid":{"rendered":"http:\/\/agora.xtec.cat\/ceipelsitjar\/?page_id=1168"},"modified":"2026-02-06T09:21:51","modified_gmt":"2026-02-06T08:21:51","slug":"equip-docent","status":"publish","type":"page","link":"https:\/\/agora.xtec.cat\/ceipelsitjar\/lescola\/equip-docent\/","title":{"rendered":"Equip hum\u00e0 2025-2026"},"content":{"rendered":"<h2 style=\"text-align: center;\"><a href=\"https:\/\/agora.xtec.cat\/ceipelsitjar\/wp-content\/uploads\/usu1354\/2025\/09\/IMG_4252-1-scaled.jpg\"><img loading=\"lazy\" decoding=\"async\" class=\"alignnone size-large wp-image-9016\" src=\"https:\/\/agora.xtec.cat\/ceipelsitjar\/wp-content\/uploads\/usu1354\/2025\/09\/IMG_4252-1-1024x768.jpg\" alt=\"\" width=\"1024\" height=\"768\" srcset=\"https:\/\/agora.xtec.cat\/ceipelsitjar\/wp-content\/uploads\/usu1354\/2025\/09\/IMG_4252-1-1024x768.jpg 1024w, https:\/\/agora.xtec.cat\/ceipelsitjar\/wp-content\/uploads\/usu1354\/2025\/09\/IMG_4252-1-300x225.jpg 300w, https:\/\/agora.xtec.cat\/ceipelsitjar\/wp-content\/uploads\/usu1354\/2025\/09\/IMG_4252-1-768x576.jpg 768w, https:\/\/agora.xtec.cat\/ceipelsitjar\/wp-content\/uploads\/usu1354\/2025\/09\/IMG_4252-1-1536x1152.jpg 1536w, https:\/\/agora.xtec.cat\/ceipelsitjar\/wp-content\/uploads\/usu1354\/2025\/09\/IMG_4252-1-2048x1536.jpg 2048w\" sizes=\"auto, (max-width: 1024px) 100vw, 1024px\" \/><\/a><a href=\"https:\/\/agora.xtec.cat\/ceipelsitjar\/wp-content\/uploads\/usu1354\/2023\/09\/IMG_1049.heic\"><img loading=\"lazy\" decoding=\"async\" class=\"alignnone size-large wp-image-5847\" src=\"https:\/\/agora.xtec.cat\/ceipelsitjar\/wp-content\/uploads\/usu1354\/2023\/09\/IMG_1049.heic\" alt=\"\" width=\"1\" height=\"1\" \/><\/a><a href=\"https:\/\/agora.xtec.cat\/ceipelsitjar\/wp-content\/uploads\/usu1354\/2023\/09\/IMG_1049.heic\"><img loading=\"lazy\" decoding=\"async\" class=\"alignnone size-large wp-image-5847\" src=\"https:\/\/agora.xtec.cat\/ceipelsitjar\/wp-content\/uploads\/usu1354\/2023\/09\/IMG_1049.heic\" alt=\"\" width=\"1\" height=\"1\" \/><\/a><\/h2>\n<p>&nbsp;<\/p>\n<h2 style=\"text-align: center;\"><a href=\"https:\/\/agora.xtec.cat\/ceipelsitjar\/wp-content\/uploads\/usu1354\/2025\/09\/Organigrama-SITJAR.png\"><img loading=\"lazy\" decoding=\"async\" class=\"alignnone wp-image-9002\" src=\"https:\/\/agora.xtec.cat\/ceipelsitjar\/wp-content\/uploads\/usu1354\/2025\/09\/Organigrama-SITJAR-724x1024.png\" alt=\"\" width=\"558\" height=\"789\" srcset=\"https:\/\/agora.xtec.cat\/ceipelsitjar\/wp-content\/uploads\/usu1354\/2025\/09\/Organigrama-SITJAR-724x1024.png 724w, https:\/\/agora.xtec.cat\/ceipelsitjar\/wp-content\/uploads\/usu1354\/2025\/09\/Organigrama-SITJAR-212x300.png 212w, https:\/\/agora.xtec.cat\/ceipelsitjar\/wp-content\/uploads\/usu1354\/2025\/09\/Organigrama-SITJAR-768x1086.png 768w, https:\/\/agora.xtec.cat\/ceipelsitjar\/wp-content\/uploads\/usu1354\/2025\/09\/Organigrama-SITJAR-1086x1536.png 1086w, https:\/\/agora.xtec.cat\/ceipelsitjar\/wp-content\/uploads\/usu1354\/2025\/09\/Organigrama-SITJAR-1448x2048.png 1448w, https:\/\/agora.xtec.cat\/ceipelsitjar\/wp-content\/uploads\/usu1354\/2025\/09\/Organigrama-SITJAR.png 1587w\" sizes=\"auto, (max-width: 558px) 100vw, 558px\" \/><\/a>\u00a0<a href=\"https:\/\/agora.xtec.cat\/ceipelsitjar\/wp-content\/uploads\/usu1354\/2023\/09\/IMG_1049-1.heic\"><img loading=\"lazy\" decoding=\"async\" class=\"alignnone size-large wp-image-5849\" src=\"https:\/\/agora.xtec.cat\/ceipelsitjar\/wp-content\/uploads\/usu1354\/2023\/09\/IMG_1049-1.heic\" alt=\"\" width=\"1\" height=\"1\" \/><\/a><\/h2>\n<p style=\"text-align: center;\"><strong>SERVEIS EDUCATIUS<\/strong><\/p>\n<p style=\"text-align: center;\">Psicopedagoga EAP: <strong>Carme Past\u00f3<\/strong><\/p>\n<p style=\"text-align: center;\">Logopeda CREDA: <strong>Pilar Ruiz<\/strong><\/p>\n<p style=\"text-align: center;\">Treballadora Social EAP: <strong>Empar Gin\u00e9<\/strong><\/p>\n<p style=\"text-align: center;\"><strong>PERSONAL D&#8217;ADMINISTRACI\u00d3 I SERVEIS<\/strong><\/p>\n<p style=\"text-align: center;\">Administrativa: <strong>Montse Castells<\/strong><\/p>\n<p style=\"text-align: center;\">TEI:<strong> Ester Font<\/strong><\/p>\n<p style=\"text-align: center;\"><strong>PERSONAL DE SUPORT I ESPAI DE MIGDIA<\/strong><\/p>\n<p style=\"text-align: center;\">Vetlladora: <strong>Dolors Sanfeliu<\/strong><\/p>\n<p style=\"text-align: center;\">Cuinera: <strong>Maribel Celemin<\/strong><\/p>\n<p style=\"text-align: center;\">Monitoratge<strong>: Paula Calasanz, N\u00faria Nebra, Merc\u00e8 Ribes, Mariona Mart\u00ednez, Ivet Trepat i Marie<\/strong><\/p>\n","protected":false},"excerpt":{"rendered":"<p>&nbsp; \u00a0 SERVEIS EDUCATIUS Psicopedagoga EAP: Carme Past\u00f3 Logopeda CREDA: Pilar Ruiz Treballadora Social EAP: Empar Gin\u00e9 PERSONAL D&#8217;ADMINISTRACI\u00d3 I [&hellip;]<\/p>\n","protected":false},"author":26,"featured_media":0,"parent":22,"menu_order":0,"comment_status":"closed","ping_status":"closed","template":"","meta":{"_bbp_topic_count":0,"_bbp_reply_count":0,"_bbp_total_topic_count":0,"_bbp_total_reply_count":0,"_bbp_voice_count":0,"_bbp_anonymous_reply_count":0,"_bbp_topic_count_hidden":0,"_bbp_reply_count_hidden":0,"_bbp_forum_subforum_count":0,"site-sidebar-layout":"default","site-content-layout":"","ast-site-content-layout":"default","site-content-style":"default","site-sidebar-style":"default","ast-global-header-display":"","ast-banner-title-visibility":"","ast-main-header-display":"","ast-hfb-above-header-display":"","ast-hfb-below-header-display":"","ast-hfb-mobile-header-display":"","site-post-title":"","ast-breadcrumbs-content":"","ast-featured-img":"","footer-sml-layout":"","theme-transparent-header-meta":"default","adv-header-id-meta":"","stick-header-meta":"","header-above-stick-meta":"","header-main-stick-meta":"","header-below-stick-meta":"","astra-migrate-meta-layouts":"set","ast-page-background-enabled":"default","ast-page-background-meta":{"desktop":{"background-color":"var(--ast-global-color-4)","background-image":"","background-repeat":"repeat","background-position":"center center","background-size":"auto","background-attachment":"scroll","background-type":"","background-media":"","overlay-type":"","overlay-color":"","overlay-opacity":"","overlay-gradient":""},"tablet":{"background-color":"","background-image":"","background-repeat":"repeat","background-position":"center center","background-size":"auto","background-attachment":"scroll","background-type":"","background-media":"","overlay-type":"","overlay-color":"","overlay-opacity":"","overlay-gradient":""},"mobile":{"background-color":"","background-image":"","background-repeat":"repeat","background-position":"center center","background-size":"auto","background-attachment":"scroll","background-type":"","background-media":"","overlay-type":"","overlay-color":"","overlay-opacity":"","overlay-gradient":""}},"ast-content-background-meta":{"desktop":{"background-color":"var(--ast-global-color-5)","background-image":"","background-repeat":"repeat","background-position":"center center","background-size":"auto","background-attachment":"scroll","background-type":"","background-media":"","overlay-type":"","overlay-color":"","overlay-opacity":"","overlay-gradient":""},"tablet":{"background-color":"var(--ast-global-color-5)","background-image":"","background-repeat":"repeat","background-position":"center center","background-size":"auto","background-attachment":"scroll","background-type":"","background-media":"","overlay-type":"","overlay-color":"","overlay-opacity":"","overlay-gradient":""},"mobile":{"background-color":"var(--ast-global-color-5)","background-image":"","background-repeat":"repeat","background-position":"center center","background-size":"auto","background-attachment":"scroll","background-type":"","background-media":"","overlay-type":"","overlay-color":"","overlay-opacity":"","overlay-gradient":""}},"footnotes":""},"class_list":["post-1168","page","type-page","status-publish","hentry"],"post_mailing_queue_ids":[],"_links":{"self":[{"href":"https:\/\/agora.xtec.cat\/ceipelsitjar\/wp-json\/wp\/v2\/pages\/1168","targetHints":{"allow":["GET"]}}],"collection":[{"href":"https:\/\/agora.xtec.cat\/ceipelsitjar\/wp-json\/wp\/v2\/pages"}],"about":[{"href":"https:\/\/agora.xtec.cat\/ceipelsitjar\/wp-json\/wp\/v2\/types\/page"}],"author":[{"embeddable":true,"href":"https:\/\/agora.xtec.cat\/ceipelsitjar\/wp-json\/wp\/v2\/users\/26"}],"replies":[{"embeddable":true,"href":"https:\/\/agora.xtec.cat\/ceipelsitjar\/wp-json\/wp\/v2\/comments?post=1168"}],"version-history":[{"count":9,"href":"https:\/\/agora.xtec.cat\/ceipelsitjar\/wp-json\/wp\/v2\/pages\/1168\/revisions"}],"predecessor-version":[{"id":9903,"href":"https:\/\/agora.xtec.cat\/ceipelsitjar\/wp-json\/wp\/v2\/pages\/1168\/revisions\/9903"}],"up":[{"embeddable":true,"href":"https:\/\/agora.xtec.cat\/ceipelsitjar\/wp-json\/wp\/v2\/pages\/22"}],"wp:attachment":[{"href":"https:\/\/agora.xtec.cat\/ceipelsitjar\/wp-json\/wp\/v2\/media?parent=1168"}],"curies":[{"name":"wp","href":"https:\/\/api.w.org\/{rel}","templated":true}]}}