{"id":753,"date":"2016-10-26T23:30:35","date_gmt":"2016-10-26T21:30:35","guid":{"rendered":"http:\/\/agora.xtec.cat\/ceipelscingles\/?page_id=753"},"modified":"2020-11-25T11:36:28","modified_gmt":"2020-11-25T10:36:28","slug":"educacio-del-gest-grafic","status":"publish","type":"page","link":"https:\/\/agora.xtec.cat\/ceipelscingles\/projecte-educatiu\/educacio-del-gest-grafic\/","title":{"rendered":"Grafomotricitat"},"content":{"rendered":"<h2><a href=\"https:\/\/drive.google.com\/file\/d\/1ZSEdewcttxLsDTNiDqcZ8SA1E8a-Enj4\/view?usp=sharing\"><img loading=\"lazy\" decoding=\"async\" class=\"wp-image-2550 size-medium alignright\" src=\"https:\/\/agora.xtec.cat\/ceipelscingles\/wp-content\/uploads\/usu1196\/2018\/04\/unnamed-234x300.jpg\" alt=\"\" width=\"234\" height=\"300\" srcset=\"https:\/\/agora.xtec.cat\/ceipelscingles\/wp-content\/uploads\/usu1196\/2018\/04\/unnamed-234x300.jpg 234w, https:\/\/agora.xtec.cat\/ceipelscingles\/wp-content\/uploads\/usu1196\/2018\/04\/unnamed.jpg 499w\" sizes=\"auto, (max-width: 234px) 100vw, 234px\" \/><\/a><\/h2>\n<h6 style=\"text-align: justify;\">La nostra escola ha format part d&#8217;un estudi sobre els efectes del desenvolupament psicomotor i seq\u00fc\u00e8ncia de l\u2019escriptura i en l\u2019aprenentatge global. Com a escola participar d\u2019aquest estudi ens ha comportat fer una formaci\u00f3 i ens ha suposat un replantejament del treball sobretot a l\u2019educaci\u00f3 infantil i cicle inicial per\u00f2 que aix\u00f2 ha creat una base del posterior treball als cursos dels mitjans i grans. Les dues professionals que l&#8217;han dut a terme s\u00f3n la Monica Gallerani, professora de la UAB, graf\u00f2loga i educadora de l\u2019escriptura entre d\u2019altres, i la Teresa Feliu, pedagoga, mestra i logopeda entre d\u2019altres.<\/h6>\n<h6 style=\"text-align: justify;\">Si cliqueu damunt la imatge podreu aprofundir m\u00e9s sobre aquest projecte.<\/h6>\n<p>&nbsp;<\/p>\n<p>&nbsp;<\/p>\n<p>&nbsp;<\/p>\n<div class=\"ast-oembed-container \" style=\"height: 100%;\"><iframe loading=\"lazy\" title=\"GRAFISME\" width=\"500\" height=\"281\" src=\"https:\/\/www.youtube.com\/embed\/7mzcgGBIQxM?feature=oembed\" frameborder=\"0\" allow=\"accelerometer; autoplay; clipboard-write; encrypted-media; gyroscope; picture-in-picture; web-share\" referrerpolicy=\"strict-origin-when-cross-origin\" allowfullscreen><\/iframe><\/div>\n<p>&nbsp;<\/p>\n<p>&nbsp;<\/p>\n","protected":false},"excerpt":{"rendered":"<p>La nostra escola ha format part d&#8217;un estudi sobre els efectes del desenvolupament psicomotor i seq\u00fc\u00e8ncia de l\u2019escriptura i en l\u2019aprenentatge global. Com a escola participar d\u2019aquest estudi ens ha comportat fer una formaci\u00f3 i ens ha suposat un replantejament del treball sobretot a l\u2019educaci\u00f3 infantil i cicle inicial per\u00f2 que aix\u00f2 ha creat una [&hellip;]<\/p>\n","protected":false},"author":1,"featured_media":0,"parent":64,"menu_order":1,"comment_status":"closed","ping_status":"closed","template":"page-templates\/side-menu.php","meta":{"_bbp_topic_count":0,"_bbp_reply_count":0,"_bbp_total_topic_count":0,"_bbp_total_reply_count":0,"_bbp_voice_count":0,"_bbp_anonymous_reply_count":0,"_bbp_topic_count_hidden":0,"_bbp_reply_count_hidden":0,"_bbp_forum_subforum_count":0,"site-sidebar-layout":"default","site-content-layout":"","ast-site-content-layout":"","site-content-style":"default","site-sidebar-style":"default","ast-global-header-display":"","ast-banner-title-visibility":"","ast-main-header-display":"","ast-hfb-above-header-display":"","ast-hfb-below-header-display":"","ast-hfb-mobile-header-display":"","site-post-title":"","ast-breadcrumbs-content":"","ast-featured-img":"","footer-sml-layout":"","theme-transparent-header-meta":"","adv-header-id-meta":"","stick-header-meta":"","header-above-stick-meta":"","header-main-stick-meta":"","header-below-stick-meta":"","astra-migrate-meta-layouts":"default","ast-page-background-enabled":"default","ast-page-background-meta":{"desktop":{"background-color":"var(--ast-global-color-4)","background-image":"","background-repeat":"repeat","background-position":"center center","background-size":"auto","background-attachment":"scroll","background-type":"","background-media":"","overlay-type":"","overlay-color":"","overlay-opacity":"","overlay-gradient":""},"tablet":{"background-color":"","background-image":"","background-repeat":"repeat","background-position":"center center","background-size":"auto","background-attachment":"scroll","background-type":"","background-media":"","overlay-type":"","overlay-color":"","overlay-opacity":"","overlay-gradient":""},"mobile":{"background-color":"","background-image":"","background-repeat":"repeat","background-position":"center center","background-size":"auto","background-attachment":"scroll","background-type":"","background-media":"","overlay-type":"","overlay-color":"","overlay-opacity":"","overlay-gradient":""}},"ast-content-background-meta":{"desktop":{"background-color":"var(--ast-global-color-5)","background-image":"","background-repeat":"repeat","background-position":"center center","background-size":"auto","background-attachment":"scroll","background-type":"","background-media":"","overlay-type":"","overlay-color":"","overlay-opacity":"","overlay-gradient":""},"tablet":{"background-color":"var(--ast-global-color-5)","background-image":"","background-repeat":"repeat","background-position":"center center","background-size":"auto","background-attachment":"scroll","background-type":"","background-media":"","overlay-type":"","overlay-color":"","overlay-opacity":"","overlay-gradient":""},"mobile":{"background-color":"var(--ast-global-color-5)","background-image":"","background-repeat":"repeat","background-position":"center center","background-size":"auto","background-attachment":"scroll","background-type":"","background-media":"","overlay-type":"","overlay-color":"","overlay-opacity":"","overlay-gradient":""}},"footnotes":""},"class_list":["post-753","page","type-page","status-publish","hentry"],"post_mailing_queue_ids":[],"_links":{"self":[{"href":"https:\/\/agora.xtec.cat\/ceipelscingles\/wp-json\/wp\/v2\/pages\/753","targetHints":{"allow":["GET"]}}],"collection":[{"href":"https:\/\/agora.xtec.cat\/ceipelscingles\/wp-json\/wp\/v2\/pages"}],"about":[{"href":"https:\/\/agora.xtec.cat\/ceipelscingles\/wp-json\/wp\/v2\/types\/page"}],"author":[{"embeddable":true,"href":"https:\/\/agora.xtec.cat\/ceipelscingles\/wp-json\/wp\/v2\/users\/1"}],"replies":[{"embeddable":true,"href":"https:\/\/agora.xtec.cat\/ceipelscingles\/wp-json\/wp\/v2\/comments?post=753"}],"version-history":[{"count":4,"href":"https:\/\/agora.xtec.cat\/ceipelscingles\/wp-json\/wp\/v2\/pages\/753\/revisions"}],"predecessor-version":[{"id":8601,"href":"https:\/\/agora.xtec.cat\/ceipelscingles\/wp-json\/wp\/v2\/pages\/753\/revisions\/8601"}],"up":[{"embeddable":true,"href":"https:\/\/agora.xtec.cat\/ceipelscingles\/wp-json\/wp\/v2\/pages\/64"}],"wp:attachment":[{"href":"https:\/\/agora.xtec.cat\/ceipelscingles\/wp-json\/wp\/v2\/media?parent=753"}],"curies":[{"name":"wp","href":"https:\/\/api.w.org\/{rel}","templated":true}]}}