{"id":751,"date":"2016-10-26T23:30:12","date_gmt":"2016-10-26T21:30:12","guid":{"rendered":"http:\/\/agora.xtec.cat\/ceipelscingles\/?page_id=751"},"modified":"2020-11-25T12:06:44","modified_gmt":"2020-11-25T11:06:44","slug":"les-nostres-emocions","status":"publish","type":"page","link":"https:\/\/agora.xtec.cat\/ceipelscingles\/projecte-educatiu\/les-nostres-emocions\/","title":{"rendered":"Altres activitats: Les nostres emocions"},"content":{"rendered":"<h6><strong><em> <a href=\"http:\/\/agora.xtec.cat\/ceipelscingles\/wp-content\/uploads\/usu1196\/2016\/10\/IMG_0434.jpg\"><img loading=\"lazy\" decoding=\"async\" class=\"wp-image-1132 alignright\" src=\"http:\/\/agora.xtec.cat\/ceipelscingles\/wp-content\/uploads\/usu1196\/2016\/10\/IMG_0434.jpg\" alt=\"img_0434\" width=\"280\" height=\"210\" srcset=\"https:\/\/agora.xtec.cat\/ceipelscingles\/wp-content\/uploads\/usu1196\/2016\/10\/IMG_0434.jpg 640w, https:\/\/agora.xtec.cat\/ceipelscingles\/wp-content\/uploads\/usu1196\/2016\/10\/IMG_0434-300x225.jpg 300w, https:\/\/agora.xtec.cat\/ceipelscingles\/wp-content\/uploads\/usu1196\/2016\/10\/IMG_0434-200x150.jpg 200w\" sizes=\"auto, (max-width: 280px) 100vw, 280px\" \/><\/a> \u00a0\u00a0\u00a0<\/em><\/strong><strong><em>Les emocions<\/em><\/strong> s\u00f3n una re<a href=\"http:\/\/agora.xtec.cat\/ceipelscingles\/wp-content\/uploads\/usu1196\/2016\/10\/IMG_0433.jpg\"><img loading=\"lazy\" decoding=\"async\" class=\"wp-image-1131 alignleft\" src=\"http:\/\/agora.xtec.cat\/ceipelscingles\/wp-content\/uploads\/usu1196\/2016\/10\/IMG_0433.jpg\" alt=\"img_0433\" width=\"291\" height=\"218\" srcset=\"https:\/\/agora.xtec.cat\/ceipelscingles\/wp-content\/uploads\/usu1196\/2016\/10\/IMG_0433.jpg 640w, https:\/\/agora.xtec.cat\/ceipelscingles\/wp-content\/uploads\/usu1196\/2016\/10\/IMG_0433-300x225.jpg 300w, https:\/\/agora.xtec.cat\/ceipelscingles\/wp-content\/uploads\/usu1196\/2016\/10\/IMG_0433-200x150.jpg 200w\" sizes=\"auto, (max-width: 291px) 100vw, 291px\" \/><\/a>acci\u00f3 afectiva, en general intensa, provocada per un factor extern o pel pensament, que es manifesta per una commoci\u00f3 org\u00e0nica m\u00e9s o menys visible. (IEC)<\/h6>\n<h6>Ens acompanyen des del naixement i en un principi van lligades a les necessitats b\u00e0siques. De mica en mica aquestes emocions es van multiplicant i es van fent complexes. Cada individu les viu de forma particular i diferent, depenent de les seves experi\u00e8ncies, aprenentatges, el car\u00e0cter,&#8230; El coneixement de les pr\u00f2pies emocions ajuda a treballar l<strong><em>\u2019autoconeixement<\/em><\/strong> i millora l\u2019<strong><em>autoestima<\/em><\/strong> del nen\/a i aix\u00f2 el porta a augmentar la seva <strong><em>autonomia<\/em><\/strong> perqu\u00e8 l\u2019infant se sent capa\u00e7 de fer les coses per si mateix ja que confia en les seves capacitats. Est\u00e0 demostrat que un bon treball de les emocions en l\u2019educaci\u00f3 infantil, condueix a gestionar millor les emocions a l\u2019hora de la resoldre conflictes i que els portar\u00e0, m\u00e9s endavant, cap a l\u2019aparici\u00f3 de la <strong><em>intel\u00b7lig\u00e8ncia emocional<\/em><\/strong>.<\/h6>\n<h6><strong><em>\u201cEducar la ment sense educar el cor, no \u00e9s educaci\u00f3 en absolut\u201d\u00a0\u00a0 <\/em><\/strong>Arist\u00f2til<\/h6>\n<p>&nbsp;<\/p>\n","protected":false},"excerpt":{"rendered":"<p>\u00a0\u00a0\u00a0Les emocions s\u00f3n una reacci\u00f3 afectiva, en general intensa, provocada per un factor extern o pel pensament, que es manifesta per una commoci\u00f3 org\u00e0nica m\u00e9s o menys visible. (IEC) Ens acompanyen des del naixement i en un principi van lligades a les necessitats b\u00e0siques. De mica en mica aquestes emocions es van multiplicant i es [&hellip;]<\/p>\n","protected":false},"author":1,"featured_media":1132,"parent":64,"menu_order":9,"comment_status":"closed","ping_status":"closed","template":"page-templates\/side-menu.php","meta":{"_bbp_topic_count":0,"_bbp_reply_count":0,"_bbp_total_topic_count":0,"_bbp_total_reply_count":0,"_bbp_voice_count":0,"_bbp_anonymous_reply_count":0,"_bbp_topic_count_hidden":0,"_bbp_reply_count_hidden":0,"_bbp_forum_subforum_count":0,"site-sidebar-layout":"default","site-content-layout":"","ast-site-content-layout":"","site-content-style":"default","site-sidebar-style":"default","ast-global-header-display":"","ast-banner-title-visibility":"","ast-main-header-display":"","ast-hfb-above-header-display":"","ast-hfb-below-header-display":"","ast-hfb-mobile-header-display":"","site-post-title":"","ast-breadcrumbs-content":"","ast-featured-img":"","footer-sml-layout":"","theme-transparent-header-meta":"","adv-header-id-meta":"","stick-header-meta":"","header-above-stick-meta":"","header-main-stick-meta":"","header-below-stick-meta":"","astra-migrate-meta-layouts":"default","ast-page-background-enabled":"default","ast-page-background-meta":{"desktop":{"background-color":"var(--ast-global-color-4)","background-image":"","background-repeat":"repeat","background-position":"center center","background-size":"auto","background-attachment":"scroll","background-type":"","background-media":"","overlay-type":"","overlay-color":"","overlay-opacity":"","overlay-gradient":""},"tablet":{"background-color":"","background-image":"","background-repeat":"repeat","background-position":"center center","background-size":"auto","background-attachment":"scroll","background-type":"","background-media":"","overlay-type":"","overlay-color":"","overlay-opacity":"","overlay-gradient":""},"mobile":{"background-color":"","background-image":"","background-repeat":"repeat","background-position":"center center","background-size":"auto","background-attachment":"scroll","background-type":"","background-media":"","overlay-type":"","overlay-color":"","overlay-opacity":"","overlay-gradient":""}},"ast-content-background-meta":{"desktop":{"background-color":"var(--ast-global-color-5)","background-image":"","background-repeat":"repeat","background-position":"center center","background-size":"auto","background-attachment":"scroll","background-type":"","background-media":"","overlay-type":"","overlay-color":"","overlay-opacity":"","overlay-gradient":""},"tablet":{"background-color":"var(--ast-global-color-5)","background-image":"","background-repeat":"repeat","background-position":"center center","background-size":"auto","background-attachment":"scroll","background-type":"","background-media":"","overlay-type":"","overlay-color":"","overlay-opacity":"","overlay-gradient":""},"mobile":{"background-color":"var(--ast-global-color-5)","background-image":"","background-repeat":"repeat","background-position":"center center","background-size":"auto","background-attachment":"scroll","background-type":"","background-media":"","overlay-type":"","overlay-color":"","overlay-opacity":"","overlay-gradient":""}},"footnotes":""},"class_list":["post-751","page","type-page","status-publish","has-post-thumbnail","hentry"],"post_mailing_queue_ids":[],"_links":{"self":[{"href":"https:\/\/agora.xtec.cat\/ceipelscingles\/wp-json\/wp\/v2\/pages\/751","targetHints":{"allow":["GET"]}}],"collection":[{"href":"https:\/\/agora.xtec.cat\/ceipelscingles\/wp-json\/wp\/v2\/pages"}],"about":[{"href":"https:\/\/agora.xtec.cat\/ceipelscingles\/wp-json\/wp\/v2\/types\/page"}],"author":[{"embeddable":true,"href":"https:\/\/agora.xtec.cat\/ceipelscingles\/wp-json\/wp\/v2\/users\/1"}],"replies":[{"embeddable":true,"href":"https:\/\/agora.xtec.cat\/ceipelscingles\/wp-json\/wp\/v2\/comments?post=751"}],"version-history":[{"count":3,"href":"https:\/\/agora.xtec.cat\/ceipelscingles\/wp-json\/wp\/v2\/pages\/751\/revisions"}],"predecessor-version":[{"id":8610,"href":"https:\/\/agora.xtec.cat\/ceipelscingles\/wp-json\/wp\/v2\/pages\/751\/revisions\/8610"}],"up":[{"embeddable":true,"href":"https:\/\/agora.xtec.cat\/ceipelscingles\/wp-json\/wp\/v2\/pages\/64"}],"wp:featuredmedia":[{"embeddable":true,"href":"https:\/\/agora.xtec.cat\/ceipelscingles\/wp-json\/wp\/v2\/media\/1132"}],"wp:attachment":[{"href":"https:\/\/agora.xtec.cat\/ceipelscingles\/wp-json\/wp\/v2\/media?parent=751"}],"curies":[{"name":"wp","href":"https:\/\/api.w.org\/{rel}","templated":true}]}}