{"id":603,"date":"2016-10-18T16:51:17","date_gmt":"2016-10-18T15:51:17","guid":{"rendered":"http:\/\/agora.xtec.cat\/ceipelscingles\/?page_id=603"},"modified":"2023-01-24T21:02:32","modified_gmt":"2023-01-24T20:02:32","slug":"coral-els-cingles","status":"publish","type":"page","link":"https:\/\/agora.xtec.cat\/ceipelscingles\/projecte-educatiu\/coral-els-cingles\/","title":{"rendered":"Coral Els Cingles"},"content":{"rendered":"<h6><span style=\"color: #000000;\"><em><a style=\"color: #000000;\" href=\"https:\/\/agora.xtec.cat\/ceipelscingles\/wp-content\/uploads\/usu1196\/2014\/09\/Imagen16.jpg\"><img loading=\"lazy\" decoding=\"async\" class=\"size-medium wp-image-729 alignright\" src=\"https:\/\/agora.xtec.cat\/ceipelscingles\/wp-content\/uploads\/usu1196\/2014\/09\/Imagen16-300x225.jpg\" alt=\"\" width=\"300\" height=\"225\" srcset=\"https:\/\/agora.xtec.cat\/ceipelscingles\/wp-content\/uploads\/usu1196\/2014\/09\/Imagen16-300x225.jpg 300w, https:\/\/agora.xtec.cat\/ceipelscingles\/wp-content\/uploads\/usu1196\/2014\/09\/Imagen16-200x150.jpg 200w, https:\/\/agora.xtec.cat\/ceipelscingles\/wp-content\/uploads\/usu1196\/2014\/09\/Imagen16.jpg 638w\" sizes=\"auto, (max-width: 300px) 100vw, 300px\" \/><\/a><\/em><\/span><\/h6>\n<h6><strong>La m\u00fasica \u00e9s un element essencial en el desenvolupament i l\u2019aprenentatge dels nens i nenes. D\u00f3na unes viv\u00e8ncies i potencia unes habilitats diferents de les que pot donar qualsevol altra activitat. La nostra escola, anem una mica m\u00e9s enll\u00e0 i volem compartir tot aquest aprenentatge. Per Santa Cec\u00edlia fem festa grossa i al llarg de la setmana oferim concerts a les fam\u00edlies. A mesura que s\u2019acosta el Nadal, cada setmana cantem nadales tradicionals a l\u2019entrada de l\u2019escola. El darrer dissabte del primer trimestre escolar oferim a les fam\u00edlies de l\u2019escola i a la gent de l\u2019Ametlla un concert nadalenc i ho fem a trav\u00e9s de la <em>Coral infantil Els Cingles, <\/em>la nostra cirereta musical que est\u00e0 formada pels nens i nenes de 5\u00e8. El repertori de la coral \u00e9s molt variat per\u00f2 posa \u00e8mfasi en les can\u00e7ons tradicionals del nostre pa\u00eds. Aquestes can\u00e7ons tamb\u00e9 les oferim als avis del nostre poble. Els darrers cursos hem anat a la resid\u00e8ncia Millet i Francesca Roig i aquest any tamb\u00e9 compartirem dues experi\u00e8ncies noves visitant la resid\u00e8ncia Assistida per a gent gran de l\u2019Ametlla del Vall\u00e8s i rebent a l\u2019escola els avis de la resid\u00e8ncia Can Camp. Tamb\u00e9, des de l\u2019any 2001, la coral participa en el projecte <em>Cant\u00e0nia<\/em>, organitzat per l\u2019auditori de Barcelona que aplega milers de cantaires de les escoles de prim\u00e0ria de tot el pa\u00eds.<\/strong><\/h6>\n<h6><strong>\u00a0<\/strong><\/h6>\n<h6><strong>Ja veieu que la m\u00fasica ens d\u00f3na molta vida!<\/strong><\/h6>\n<h4><\/h4>\n<h4><\/h4>\n<p>CONCERT DE NADAL<\/p>\n<p><iframe loading=\"lazy\" src=\"\/\/www.youtube.com\/embed\/Fe7h9kLl8bw\" width=\"560\" height=\"314\" allowfullscreen=\"allowfullscreen\"><\/iframe><\/p>\n<h4>CURS 2018-2019<\/h4>\n<p>CONCERT DE NADAL<\/p>\n<p><iframe loading=\"lazy\" src=\"\/\/www.youtube.com\/embed\/Ny5CrzTeqI8\" width=\"560\" height=\"314\"><\/iframe><\/p>\n<p>SANTA CEC\u00cdLIA 2018<\/p>\n<p>&nbsp;<\/p>\n<h4><\/h4>\n<h4>CURS 2017-2018<\/h4>\n<p>CANT\u00c0NIA 2018<\/p>\n<p><iframe loading=\"lazy\" src=\"\/\/www.youtube.com\/embed\/UTEgAMeSKzQ\" width=\"560\" height=\"314\"><\/iframe><\/p>\n<p>CONCERT NADAL<\/p>\n<p><iframe loading=\"lazy\" src=\"\/\/www.youtube.com\/embed\/2Zp31tsSfxI\" width=\"560\" height=\"314\"><\/iframe><\/p>\n<h4 style=\"text-align: left;\"><\/h4>\n<h4><\/h4>\n<p>&nbsp;<\/p>\n","protected":false},"excerpt":{"rendered":"<p>La m\u00fasica \u00e9s un element essencial en el desenvolupament i l\u2019aprenentatge dels nens i nenes. D\u00f3na unes viv\u00e8ncies i potencia unes habilitats diferents de les que pot donar qualsevol altra activitat. La nostra escola, anem una mica m\u00e9s enll\u00e0 i volem compartir tot aquest aprenentatge. Per Santa Cec\u00edlia fem festa grossa i al llarg de [&hellip;]<\/p>\n","protected":false},"author":1,"featured_media":0,"parent":64,"menu_order":5,"comment_status":"closed","ping_status":"closed","template":"page-templates\/side-menu.php","meta":{"_bbp_topic_count":0,"_bbp_reply_count":0,"_bbp_total_topic_count":0,"_bbp_total_reply_count":0,"_bbp_voice_count":0,"_bbp_anonymous_reply_count":0,"_bbp_topic_count_hidden":0,"_bbp_reply_count_hidden":0,"_bbp_forum_subforum_count":0,"site-sidebar-layout":"default","site-content-layout":"","ast-site-content-layout":"","site-content-style":"default","site-sidebar-style":"default","ast-global-header-display":"","ast-banner-title-visibility":"","ast-main-header-display":"","ast-hfb-above-header-display":"","ast-hfb-below-header-display":"","ast-hfb-mobile-header-display":"","site-post-title":"","ast-breadcrumbs-content":"","ast-featured-img":"","footer-sml-layout":"","theme-transparent-header-meta":"","adv-header-id-meta":"","stick-header-meta":"","header-above-stick-meta":"","header-main-stick-meta":"","header-below-stick-meta":"","astra-migrate-meta-layouts":"default","ast-page-background-enabled":"default","ast-page-background-meta":{"desktop":{"background-color":"var(--ast-global-color-4)","background-image":"","background-repeat":"repeat","background-position":"center center","background-size":"auto","background-attachment":"scroll","background-type":"","background-media":"","overlay-type":"","overlay-color":"","overlay-opacity":"","overlay-gradient":""},"tablet":{"background-color":"","background-image":"","background-repeat":"repeat","background-position":"center center","background-size":"auto","background-attachment":"scroll","background-type":"","background-media":"","overlay-type":"","overlay-color":"","overlay-opacity":"","overlay-gradient":""},"mobile":{"background-color":"","background-image":"","background-repeat":"repeat","background-position":"center center","background-size":"auto","background-attachment":"scroll","background-type":"","background-media":"","overlay-type":"","overlay-color":"","overlay-opacity":"","overlay-gradient":""}},"ast-content-background-meta":{"desktop":{"background-color":"var(--ast-global-color-5)","background-image":"","background-repeat":"repeat","background-position":"center center","background-size":"auto","background-attachment":"scroll","background-type":"","background-media":"","overlay-type":"","overlay-color":"","overlay-opacity":"","overlay-gradient":""},"tablet":{"background-color":"var(--ast-global-color-5)","background-image":"","background-repeat":"repeat","background-position":"center center","background-size":"auto","background-attachment":"scroll","background-type":"","background-media":"","overlay-type":"","overlay-color":"","overlay-opacity":"","overlay-gradient":""},"mobile":{"background-color":"var(--ast-global-color-5)","background-image":"","background-repeat":"repeat","background-position":"center center","background-size":"auto","background-attachment":"scroll","background-type":"","background-media":"","overlay-type":"","overlay-color":"","overlay-opacity":"","overlay-gradient":""}},"footnotes":""},"class_list":["post-603","page","type-page","status-publish","hentry"],"post_mailing_queue_ids":[],"_links":{"self":[{"href":"https:\/\/agora.xtec.cat\/ceipelscingles\/wp-json\/wp\/v2\/pages\/603","targetHints":{"allow":["GET"]}}],"collection":[{"href":"https:\/\/agora.xtec.cat\/ceipelscingles\/wp-json\/wp\/v2\/pages"}],"about":[{"href":"https:\/\/agora.xtec.cat\/ceipelscingles\/wp-json\/wp\/v2\/types\/page"}],"author":[{"embeddable":true,"href":"https:\/\/agora.xtec.cat\/ceipelscingles\/wp-json\/wp\/v2\/users\/1"}],"replies":[{"embeddable":true,"href":"https:\/\/agora.xtec.cat\/ceipelscingles\/wp-json\/wp\/v2\/comments?post=603"}],"version-history":[{"count":4,"href":"https:\/\/agora.xtec.cat\/ceipelscingles\/wp-json\/wp\/v2\/pages\/603\/revisions"}],"predecessor-version":[{"id":647,"href":"https:\/\/agora.xtec.cat\/ceipelscingles\/wp-json\/wp\/v2\/pages\/603\/revisions\/647"}],"up":[{"embeddable":true,"href":"https:\/\/agora.xtec.cat\/ceipelscingles\/wp-json\/wp\/v2\/pages\/64"}],"wp:attachment":[{"href":"https:\/\/agora.xtec.cat\/ceipelscingles\/wp-json\/wp\/v2\/media?parent=603"}],"curies":[{"name":"wp","href":"https:\/\/api.w.org\/{rel}","templated":true}]}}