{"id":597,"date":"2016-10-18T16:44:09","date_gmt":"2016-10-18T15:44:09","guid":{"rendered":"http:\/\/agora.xtec.cat\/ceipelscingles\/?page_id=597"},"modified":"2022-10-26T16:58:33","modified_gmt":"2022-10-26T14:58:33","slug":"salutacio-matinal","status":"publish","type":"page","link":"https:\/\/agora.xtec.cat\/ceipelscingles\/projecte-educatiu\/salutacio-matinal\/","title":{"rendered":"Diari Els Cingles"},"content":{"rendered":"<!--[if lt IE 9]><script>document.createElement('audio');<\/script><![endif]-->\n<audio class=\"wp-audio-shortcode\" id=\"audio-597-1\" preload=\"none\" style=\"width: 100%;\" controls=\"controls\"><source type=\"audio\/mpeg\" src=\"http:\/\/agora.xtec.cat\/ceipelscingles\/wp-content\/uploads\/usu1196\/2016\/10\/Bondia-2.m4a?_=1\" \/><a href=\"http:\/\/agora.xtec.cat\/ceipelscingles\/wp-content\/uploads\/usu1196\/2016\/10\/Bondia-2.m4a\">http:\/\/agora.xtec.cat\/ceipelscingles\/wp-content\/uploads\/usu1196\/2016\/10\/Bondia-2.m4a<\/a><\/audio>\n<h2><span style=\"color: #ff6600;\"><strong><a href=\"http:\/\/agora.xtec.cat\/ceipelscingles\/wp-content\/uploads\/usu1196\/2016\/10\/33kzu3d.jpg\"><img loading=\"lazy\" decoding=\"async\" class=\"wp-image-938 alignright\" src=\"http:\/\/agora.xtec.cat\/ceipelscingles\/wp-content\/uploads\/usu1196\/2016\/10\/33kzu3d.jpg\" alt=\"33kzu3d\" width=\"117\" height=\"123\" srcset=\"https:\/\/agora.xtec.cat\/ceipelscingles\/wp-content\/uploads\/usu1196\/2016\/10\/33kzu3d.jpg 567w, https:\/\/agora.xtec.cat\/ceipelscingles\/wp-content\/uploads\/usu1196\/2016\/10\/33kzu3d-284x300.jpg 284w\" sizes=\"auto, (max-width: 117px) 100vw, 117px\" \/><\/a>QU\u00c8 \u00c9S?<\/strong><\/span><\/h2>\n<h6 style=\"text-align: justify;\">\u00c9s un projecte que s&#8217;inicia amb l&#8217;escola Els Cingles. Darrera aquesta salutaci\u00f3 hi ha tot un treball de llengua oral i escrita amb el qual l&#8217;alumnat de prim\u00e0ria transmet als seus companys i companyes aquelles not\u00edcies que vol compartir.<\/h6>\n","protected":false},"excerpt":{"rendered":"<p>QU\u00c8 \u00c9S? \u00c9s un projecte que s&#8217;inicia amb l&#8217;escola Els Cingles. Darrera aquesta salutaci\u00f3 hi ha tot un treball de llengua oral i escrita amb el qual l&#8217;alumnat de prim\u00e0ria transmet als seus companys i companyes aquelles not\u00edcies que vol compartir.<\/p>\n","protected":false},"author":1,"featured_media":0,"parent":64,"menu_order":6,"comment_status":"closed","ping_status":"closed","template":"page-templates\/side-menu.php","meta":{"_bbp_topic_count":0,"_bbp_reply_count":0,"_bbp_total_topic_count":0,"_bbp_total_reply_count":0,"_bbp_voice_count":0,"_bbp_anonymous_reply_count":0,"_bbp_topic_count_hidden":0,"_bbp_reply_count_hidden":0,"_bbp_forum_subforum_count":0,"site-sidebar-layout":"default","site-content-layout":"","ast-site-content-layout":"","site-content-style":"default","site-sidebar-style":"default","ast-global-header-display":"","ast-banner-title-visibility":"","ast-main-header-display":"","ast-hfb-above-header-display":"","ast-hfb-below-header-display":"","ast-hfb-mobile-header-display":"","site-post-title":"","ast-breadcrumbs-content":"","ast-featured-img":"","footer-sml-layout":"","theme-transparent-header-meta":"","adv-header-id-meta":"","stick-header-meta":"","header-above-stick-meta":"","header-main-stick-meta":"","header-below-stick-meta":"","astra-migrate-meta-layouts":"default","ast-page-background-enabled":"default","ast-page-background-meta":{"desktop":{"background-color":"var(--ast-global-color-4)","background-image":"","background-repeat":"repeat","background-position":"center center","background-size":"auto","background-attachment":"scroll","background-type":"","background-media":"","overlay-type":"","overlay-color":"","overlay-opacity":"","overlay-gradient":""},"tablet":{"background-color":"","background-image":"","background-repeat":"repeat","background-position":"center center","background-size":"auto","background-attachment":"scroll","background-type":"","background-media":"","overlay-type":"","overlay-color":"","overlay-opacity":"","overlay-gradient":""},"mobile":{"background-color":"","background-image":"","background-repeat":"repeat","background-position":"center center","background-size":"auto","background-attachment":"scroll","background-type":"","background-media":"","overlay-type":"","overlay-color":"","overlay-opacity":"","overlay-gradient":""}},"ast-content-background-meta":{"desktop":{"background-color":"var(--ast-global-color-5)","background-image":"","background-repeat":"repeat","background-position":"center center","background-size":"auto","background-attachment":"scroll","background-type":"","background-media":"","overlay-type":"","overlay-color":"","overlay-opacity":"","overlay-gradient":""},"tablet":{"background-color":"var(--ast-global-color-5)","background-image":"","background-repeat":"repeat","background-position":"center center","background-size":"auto","background-attachment":"scroll","background-type":"","background-media":"","overlay-type":"","overlay-color":"","overlay-opacity":"","overlay-gradient":""},"mobile":{"background-color":"var(--ast-global-color-5)","background-image":"","background-repeat":"repeat","background-position":"center center","background-size":"auto","background-attachment":"scroll","background-type":"","background-media":"","overlay-type":"","overlay-color":"","overlay-opacity":"","overlay-gradient":""}},"footnotes":""},"class_list":["post-597","page","type-page","status-publish","hentry"],"post_mailing_queue_ids":[],"_links":{"self":[{"href":"https:\/\/agora.xtec.cat\/ceipelscingles\/wp-json\/wp\/v2\/pages\/597","targetHints":{"allow":["GET"]}}],"collection":[{"href":"https:\/\/agora.xtec.cat\/ceipelscingles\/wp-json\/wp\/v2\/pages"}],"about":[{"href":"https:\/\/agora.xtec.cat\/ceipelscingles\/wp-json\/wp\/v2\/types\/page"}],"author":[{"embeddable":true,"href":"https:\/\/agora.xtec.cat\/ceipelscingles\/wp-json\/wp\/v2\/users\/1"}],"replies":[{"embeddable":true,"href":"https:\/\/agora.xtec.cat\/ceipelscingles\/wp-json\/wp\/v2\/comments?post=597"}],"version-history":[{"count":3,"href":"https:\/\/agora.xtec.cat\/ceipelscingles\/wp-json\/wp\/v2\/pages\/597\/revisions"}],"predecessor-version":[{"id":11607,"href":"https:\/\/agora.xtec.cat\/ceipelscingles\/wp-json\/wp\/v2\/pages\/597\/revisions\/11607"}],"up":[{"embeddable":true,"href":"https:\/\/agora.xtec.cat\/ceipelscingles\/wp-json\/wp\/v2\/pages\/64"}],"wp:attachment":[{"href":"https:\/\/agora.xtec.cat\/ceipelscingles\/wp-json\/wp\/v2\/media?parent=597"}],"curies":[{"name":"wp","href":"https:\/\/api.w.org\/{rel}","templated":true}]}}