{"id":594,"date":"2016-10-18T16:43:09","date_gmt":"2016-10-18T15:43:09","guid":{"rendered":"http:\/\/agora.xtec.cat\/ceipelscingles\/?page_id=594"},"modified":"2020-11-25T11:41:30","modified_gmt":"2020-11-25T10:41:30","slug":"coral","status":"publish","type":"page","link":"https:\/\/agora.xtec.cat\/ceipelscingles\/projecte-educatiu\/coral\/","title":{"rendered":"Pla catal\u00e0 de l&#8217;esport"},"content":{"rendered":"<h2><span style=\"color: #ff6600;\"><strong><a href=\"http:\/\/agora.xtec.cat\/ceipelscingles\/wp-content\/uploads\/usu1196\/2014\/09\/Imagen21.jpg\"><img loading=\"lazy\" decoding=\"async\" class=\"wp-image-733 alignright\" src=\"http:\/\/agora.xtec.cat\/ceipelscingles\/wp-content\/uploads\/usu1196\/2014\/09\/Imagen21.jpg\" alt=\"imagen21\" width=\"233\" height=\"310\" srcset=\"https:\/\/agora.xtec.cat\/ceipelscingles\/wp-content\/uploads\/usu1196\/2014\/09\/Imagen21.jpg 427w, https:\/\/agora.xtec.cat\/ceipelscingles\/wp-content\/uploads\/usu1196\/2014\/09\/Imagen21-225x300.jpg 225w\" sizes=\"auto, (max-width: 233px) 100vw, 233px\" \/><\/a><\/strong><\/span><\/h2>\n<h2><span style=\"color: #ff6600;\"><strong>EN QU\u00c8 CONSISTEIX?<\/strong><\/span><\/h2>\n<h6>Aquest pla \u00e9s un projecte del Departament d\u2019Ensenyament i de la Secretaria General de l\u2019Esport. L\u2019objectiu que es persegueix \u00e9s que el centre, m\u00e9s enll\u00e0 de la jornada lectiva tradicional, sigui capa\u00e7 d\u2019oferir al seu alumnat i a les fam\u00edlies una oferta de jornada escolar m\u00e9s complerta, de manera que trobin a l\u2019escola les activitats que necessiten per a completar la formaci\u00f3 de l\u2019alumnat i per utilitzar d\u2019una manera educativa i saludable el seu temps lliure. Implantar en el centre la pr\u00e0ctica d\u2019activitats esportives fora de l\u2019horari escolar, permet completar el proc\u00e9s educatiu de l\u2019alumnat, desenvolupant les virtuts educatives que aporta la pr\u00e0ctica de l\u2019esport per al desenvolupament personal (esfor\u00e7, coeducaci\u00f3, disciplina, dedicaci\u00f3, sacrifici, solidaritat, etc.) i al mateix temps introduir h\u00e0bits de vida saludable.<\/h6>\n<h6>Les modalitats esportives que es practiquen s\u00f3n molt diverses i diferents a les curriculars: activitats i jocs pre-esportius amb l\u2019alumnat de cicle inicial i a partir de cicle mitj\u00e0\u00a0 hem practicat jocs i activitats amb patins, diferents tipologies de ball, capoeira, Korfbal, hoquei, tennis taula, activitats de circ&#8230;<\/h6>\n<h6>Totes aquestes activitats es duen a terme gr\u00e0cies a la col\u00b7laboraci\u00f3 econ\u00f2mica de l\u2019AMPA de l\u2019escola i l\u2019ajuntament.\u00a0Salut i esport!<\/h6>\n<p><ins datetime=\"2016-10-21T15:24:50+00:00\"><iframe loading=\"lazy\" src=\"https:\/\/www.youtube.com\/embed\/T13iK1dMGkw\" width=\"560\" height=\"315\" frameborder=\"0\"><\/iframe><\/ins><\/p>\n<p>&nbsp;<\/p>\n<p>&nbsp;<\/p>\n<p>&nbsp;<\/p>\n<p>&nbsp;<\/p>\n","protected":false},"excerpt":{"rendered":"<p>EN QU\u00c8 CONSISTEIX? Aquest pla \u00e9s un projecte del Departament d\u2019Ensenyament i de la Secretaria General de l\u2019Esport. L\u2019objectiu que es persegueix \u00e9s que el centre, m\u00e9s enll\u00e0 de la jornada lectiva tradicional, sigui capa\u00e7 d\u2019oferir al seu alumnat i a les fam\u00edlies una oferta de jornada escolar m\u00e9s complerta, de manera que trobin a [&hellip;]<\/p>\n","protected":false},"author":1,"featured_media":0,"parent":64,"menu_order":3,"comment_status":"closed","ping_status":"closed","template":"page-templates\/side-menu.php","meta":{"_bbp_topic_count":0,"_bbp_reply_count":0,"_bbp_total_topic_count":0,"_bbp_total_reply_count":0,"_bbp_voice_count":0,"_bbp_anonymous_reply_count":0,"_bbp_topic_count_hidden":0,"_bbp_reply_count_hidden":0,"_bbp_forum_subforum_count":0,"site-sidebar-layout":"default","site-content-layout":"","ast-site-content-layout":"","site-content-style":"default","site-sidebar-style":"default","ast-global-header-display":"","ast-banner-title-visibility":"","ast-main-header-display":"","ast-hfb-above-header-display":"","ast-hfb-below-header-display":"","ast-hfb-mobile-header-display":"","site-post-title":"","ast-breadcrumbs-content":"","ast-featured-img":"","footer-sml-layout":"","theme-transparent-header-meta":"","adv-header-id-meta":"","stick-header-meta":"","header-above-stick-meta":"","header-main-stick-meta":"","header-below-stick-meta":"","astra-migrate-meta-layouts":"default","ast-page-background-enabled":"default","ast-page-background-meta":{"desktop":{"background-color":"var(--ast-global-color-4)","background-image":"","background-repeat":"repeat","background-position":"center center","background-size":"auto","background-attachment":"scroll","background-type":"","background-media":"","overlay-type":"","overlay-color":"","overlay-opacity":"","overlay-gradient":""},"tablet":{"background-color":"","background-image":"","background-repeat":"repeat","background-position":"center center","background-size":"auto","background-attachment":"scroll","background-type":"","background-media":"","overlay-type":"","overlay-color":"","overlay-opacity":"","overlay-gradient":""},"mobile":{"background-color":"","background-image":"","background-repeat":"repeat","background-position":"center center","background-size":"auto","background-attachment":"scroll","background-type":"","background-media":"","overlay-type":"","overlay-color":"","overlay-opacity":"","overlay-gradient":""}},"ast-content-background-meta":{"desktop":{"background-color":"var(--ast-global-color-5)","background-image":"","background-repeat":"repeat","background-position":"center center","background-size":"auto","background-attachment":"scroll","background-type":"","background-media":"","overlay-type":"","overlay-color":"","overlay-opacity":"","overlay-gradient":""},"tablet":{"background-color":"var(--ast-global-color-5)","background-image":"","background-repeat":"repeat","background-position":"center center","background-size":"auto","background-attachment":"scroll","background-type":"","background-media":"","overlay-type":"","overlay-color":"","overlay-opacity":"","overlay-gradient":""},"mobile":{"background-color":"var(--ast-global-color-5)","background-image":"","background-repeat":"repeat","background-position":"center center","background-size":"auto","background-attachment":"scroll","background-type":"","background-media":"","overlay-type":"","overlay-color":"","overlay-opacity":"","overlay-gradient":""}},"footnotes":""},"class_list":["post-594","page","type-page","status-publish","hentry"],"post_mailing_queue_ids":[],"_links":{"self":[{"href":"https:\/\/agora.xtec.cat\/ceipelscingles\/wp-json\/wp\/v2\/pages\/594","targetHints":{"allow":["GET"]}}],"collection":[{"href":"https:\/\/agora.xtec.cat\/ceipelscingles\/wp-json\/wp\/v2\/pages"}],"about":[{"href":"https:\/\/agora.xtec.cat\/ceipelscingles\/wp-json\/wp\/v2\/types\/page"}],"author":[{"embeddable":true,"href":"https:\/\/agora.xtec.cat\/ceipelscingles\/wp-json\/wp\/v2\/users\/1"}],"replies":[{"embeddable":true,"href":"https:\/\/agora.xtec.cat\/ceipelscingles\/wp-json\/wp\/v2\/comments?post=594"}],"version-history":[{"count":4,"href":"https:\/\/agora.xtec.cat\/ceipelscingles\/wp-json\/wp\/v2\/pages\/594\/revisions"}],"predecessor-version":[{"id":8604,"href":"https:\/\/agora.xtec.cat\/ceipelscingles\/wp-json\/wp\/v2\/pages\/594\/revisions\/8604"}],"up":[{"embeddable":true,"href":"https:\/\/agora.xtec.cat\/ceipelscingles\/wp-json\/wp\/v2\/pages\/64"}],"wp:attachment":[{"href":"https:\/\/agora.xtec.cat\/ceipelscingles\/wp-json\/wp\/v2\/media?parent=594"}],"curies":[{"name":"wp","href":"https:\/\/api.w.org\/{rel}","templated":true}]}}