{"id":586,"date":"2016-10-18T16:38:34","date_gmt":"2016-10-18T15:38:34","guid":{"rendered":"http:\/\/agora.xtec.cat\/ceipelscingles\/?page_id=586"},"modified":"2024-01-26T10:30:03","modified_gmt":"2024-01-26T09:30:03","slug":"historia-dels-cingles","status":"publish","type":"page","link":"https:\/\/agora.xtec.cat\/ceipelscingles\/lescola\/historia-dels-cingles\/","title":{"rendered":"Instal\u00b7lacions"},"content":{"rendered":"<p style=\"text-align: justify;\">L\u2019edifici actual es va estrenar el setembre del 2005, despr\u00e9s de cinc cursos ubicats en m\u00f2duls prefabricats. Les instal\u00b7lacions s\u00f3n molt correctes, sense barreres arquitect\u00f2niques i adequades a la finalitat que li \u00e9s pr\u00f2pia. El centre disposa de divuit aules ordin\u00e0ries, una aula d&#8217;atenci\u00f3 a la diversitat, un espai de &#8220;botiga&#8221;, una aula de psicomotricitat, <span style=\"font-family: inherit; font-size: 1em;\">una aula de m\u00fasica, <\/span><span style=\"font-family: inherit; font-size: 1em;\">una aula d\u2019idiomes, <\/span><span style=\"font-family: inherit; font-size: 1em;\">una biblioteca, <\/span><span style=\"font-family: inherit; font-size: 1em;\">una aula polivalent,\u00a0<\/span>una sala polivalent, quatre zones de lavabos, una cuina, <span style=\"font-family: inherit; font-size: 1em;\">un menjador, <\/span><span style=\"font-family: inherit; font-size: 1em;\">un pati d\u2019educaci\u00f3 infantil i un pati de prim\u00e0ria.<\/span><\/p>\n<p style=\"text-align: justify;\">Per desenvolupar les tasques pr\u00f2pies del professorat i de l\u2019equip directiu es disposen de diferents espais,\u00a0 tutories, un despatx d&#8217;equip directiu, un despatx d&#8217;administraci\u00f3, dues sala de reunions i una sala de reprografia.<\/p>\n<p style=\"text-align: justify;\">Al centre tamb\u00e9 hi ha d\u2019altres espais destinats a magatzem i arxiu.<\/p>\n<p style=\"text-align: justify;\">L\u2019AFA t\u00e9 un espai propi on reunir-se amb acc\u00e9s des de l\u2019exterior de l\u2019edifici.<\/p>\n<p style=\"text-align: justify;\">Tots els espais de treball del centre tenen acc\u00e9s a la xarxa a trav\u00e9s de cablejat i wifi.<\/p>\n","protected":false},"excerpt":{"rendered":"<p>L\u2019edifici actual es va estrenar el setembre del 2005, despr\u00e9s de cinc cursos ubicats en m\u00f2duls prefabricats. Les instal\u00b7lacions s\u00f3n molt correctes, sense barreres arquitect\u00f2niques i adequades a la finalitat que li \u00e9s pr\u00f2pia. El centre disposa de divuit aules ordin\u00e0ries, una aula d&#8217;atenci\u00f3 a la diversitat, un espai de &#8220;botiga&#8221;, una aula de psicomotricitat, [&hellip;]<\/p>\n","protected":false},"author":1,"featured_media":0,"parent":22,"menu_order":2,"comment_status":"closed","ping_status":"closed","template":"page-templates\/side-menu.php","meta":{"_bbp_topic_count":0,"_bbp_reply_count":0,"_bbp_total_topic_count":0,"_bbp_total_reply_count":0,"_bbp_voice_count":0,"_bbp_anonymous_reply_count":0,"_bbp_topic_count_hidden":0,"_bbp_reply_count_hidden":0,"_bbp_forum_subforum_count":0,"site-sidebar-layout":"default","site-content-layout":"","ast-site-content-layout":"","site-content-style":"default","site-sidebar-style":"default","ast-global-header-display":"","ast-banner-title-visibility":"","ast-main-header-display":"","ast-hfb-above-header-display":"","ast-hfb-below-header-display":"","ast-hfb-mobile-header-display":"","site-post-title":"","ast-breadcrumbs-content":"","ast-featured-img":"","footer-sml-layout":"","theme-transparent-header-meta":"","adv-header-id-meta":"","stick-header-meta":"","header-above-stick-meta":"","header-main-stick-meta":"","header-below-stick-meta":"","astra-migrate-meta-layouts":"default","ast-page-background-enabled":"default","ast-page-background-meta":{"desktop":{"background-color":"var(--ast-global-color-4)","background-image":"","background-repeat":"repeat","background-position":"center center","background-size":"auto","background-attachment":"scroll","background-type":"","background-media":"","overlay-type":"","overlay-color":"","overlay-opacity":"","overlay-gradient":""},"tablet":{"background-color":"","background-image":"","background-repeat":"repeat","background-position":"center center","background-size":"auto","background-attachment":"scroll","background-type":"","background-media":"","overlay-type":"","overlay-color":"","overlay-opacity":"","overlay-gradient":""},"mobile":{"background-color":"","background-image":"","background-repeat":"repeat","background-position":"center center","background-size":"auto","background-attachment":"scroll","background-type":"","background-media":"","overlay-type":"","overlay-color":"","overlay-opacity":"","overlay-gradient":""}},"ast-content-background-meta":{"desktop":{"background-color":"var(--ast-global-color-5)","background-image":"","background-repeat":"repeat","background-position":"center center","background-size":"auto","background-attachment":"scroll","background-type":"","background-media":"","overlay-type":"","overlay-color":"","overlay-opacity":"","overlay-gradient":""},"tablet":{"background-color":"var(--ast-global-color-5)","background-image":"","background-repeat":"repeat","background-position":"center center","background-size":"auto","background-attachment":"scroll","background-type":"","background-media":"","overlay-type":"","overlay-color":"","overlay-opacity":"","overlay-gradient":""},"mobile":{"background-color":"var(--ast-global-color-5)","background-image":"","background-repeat":"repeat","background-position":"center center","background-size":"auto","background-attachment":"scroll","background-type":"","background-media":"","overlay-type":"","overlay-color":"","overlay-opacity":"","overlay-gradient":""}},"footnotes":""},"class_list":["post-586","page","type-page","status-publish","hentry"],"post_mailing_queue_ids":[],"_links":{"self":[{"href":"https:\/\/agora.xtec.cat\/ceipelscingles\/wp-json\/wp\/v2\/pages\/586","targetHints":{"allow":["GET"]}}],"collection":[{"href":"https:\/\/agora.xtec.cat\/ceipelscingles\/wp-json\/wp\/v2\/pages"}],"about":[{"href":"https:\/\/agora.xtec.cat\/ceipelscingles\/wp-json\/wp\/v2\/types\/page"}],"author":[{"embeddable":true,"href":"https:\/\/agora.xtec.cat\/ceipelscingles\/wp-json\/wp\/v2\/users\/1"}],"replies":[{"embeddable":true,"href":"https:\/\/agora.xtec.cat\/ceipelscingles\/wp-json\/wp\/v2\/comments?post=586"}],"version-history":[{"count":4,"href":"https:\/\/agora.xtec.cat\/ceipelscingles\/wp-json\/wp\/v2\/pages\/586\/revisions"}],"predecessor-version":[{"id":13237,"href":"https:\/\/agora.xtec.cat\/ceipelscingles\/wp-json\/wp\/v2\/pages\/586\/revisions\/13237"}],"up":[{"embeddable":true,"href":"https:\/\/agora.xtec.cat\/ceipelscingles\/wp-json\/wp\/v2\/pages\/22"}],"wp:attachment":[{"href":"https:\/\/agora.xtec.cat\/ceipelscingles\/wp-json\/wp\/v2\/media?parent=586"}],"curies":[{"name":"wp","href":"https:\/\/api.w.org\/{rel}","templated":true}]}}