{"id":3796,"date":"2019-06-19T10:49:57","date_gmt":"2019-06-19T08:49:57","guid":{"rendered":"http:\/\/agora.xtec.cat\/ceipelscingles\/?page_id=3796"},"modified":"2026-02-19T20:06:52","modified_gmt":"2026-02-19T19:06:52","slug":"documentacio-dinteres","status":"publish","type":"page","link":"https:\/\/agora.xtec.cat\/ceipelscingles\/ampa\/documentacio-dinteres\/","title":{"rendered":"Documentaci\u00f3 d&#8217;inter\u00e8s referent a l&#8217;AFA"},"content":{"rendered":"<p><img loading=\"lazy\" decoding=\"async\" class=\"aligncenter\" src=\"https:\/\/agora.xtec.cat\/ceipelscingles\/wp-content\/uploads\/usu1196\/2023\/08\/afa-taronja.png\" alt=\"AFA Els Cingles\" width=\"176\" height=\"176\" \/><\/p>\n<p style=\"padding-left: 40px;\"><a style=\"color: #000080;\" href=\"https:\/\/afaelscingles.cat\/public\/assamblea.php\" target=\"_blank\" rel=\"noopener\"><strong>Mem\u00f2ries i altres documents relacionats amb l&#8217;assemblea<\/strong><\/a><\/p>\n<p style=\"padding-left: 40px;\"><a href=\"https:\/\/afaelscingles.cat\/public\/estatuts.php\" target=\"_blank\" rel=\"noopener\">Estatus de l&#8217;Associaci\u00f3<\/a><\/p>\n<p style=\"padding-left: 40px;\"><a href=\"https:\/\/drive.google.com\/file\/d\/1-2DGikUlB7Bt6bT7JqJu7777STJoj6gm\/view?usp=sharing\" target=\"_blank\" rel=\"noopener\">Alta d&#8217;afiliaci\u00f3 a l&#8217;AFA<\/a><\/p>\n<p style=\"padding-left: 40px;\"><a href=\"https:\/\/afaelscingles.cat\/public\/EX_reglament.php\" target=\"_blank\" rel=\"noopener\">Reglament extraescolars<\/a><\/p>\n\n\n<p><\/p>\n","protected":false},"excerpt":{"rendered":"<p>Mem\u00f2ries i altres documents relacionats amb l&#8217;assemblea Estatus de l&#8217;Associaci\u00f3 Alta d&#8217;afiliaci\u00f3 a l&#8217;AFA Reglament extraescolars<\/p>\n","protected":false},"author":5,"featured_media":0,"parent":1217,"menu_order":12,"comment_status":"closed","ping_status":"closed","template":"page-templates\/side-menu.php","meta":{"_bbp_topic_count":0,"_bbp_reply_count":0,"_bbp_total_topic_count":0,"_bbp_total_reply_count":0,"_bbp_voice_count":0,"_bbp_anonymous_reply_count":0,"_bbp_topic_count_hidden":0,"_bbp_reply_count_hidden":0,"_bbp_forum_subforum_count":0,"site-sidebar-layout":"default","site-content-layout":"","ast-site-content-layout":"default","site-content-style":"default","site-sidebar-style":"default","ast-global-header-display":"","ast-banner-title-visibility":"","ast-main-header-display":"","ast-hfb-above-header-display":"","ast-hfb-below-header-display":"","ast-hfb-mobile-header-display":"","site-post-title":"","ast-breadcrumbs-content":"","ast-featured-img":"","footer-sml-layout":"","theme-transparent-header-meta":"","adv-header-id-meta":"","stick-header-meta":"","header-above-stick-meta":"","header-main-stick-meta":"","header-below-stick-meta":"","astra-migrate-meta-layouts":"set","ast-page-background-enabled":"default","ast-page-background-meta":{"desktop":{"background-color":"var(--ast-global-color-4)","background-image":"","background-repeat":"repeat","background-position":"center center","background-size":"auto","background-attachment":"scroll","background-type":"","background-media":"","overlay-type":"","overlay-color":"","overlay-opacity":"","overlay-gradient":""},"tablet":{"background-color":"","background-image":"","background-repeat":"repeat","background-position":"center center","background-size":"auto","background-attachment":"scroll","background-type":"","background-media":"","overlay-type":"","overlay-color":"","overlay-opacity":"","overlay-gradient":""},"mobile":{"background-color":"","background-image":"","background-repeat":"repeat","background-position":"center center","background-size":"auto","background-attachment":"scroll","background-type":"","background-media":"","overlay-type":"","overlay-color":"","overlay-opacity":"","overlay-gradient":""}},"ast-content-background-meta":{"desktop":{"background-color":"var(--ast-global-color-5)","background-image":"","background-repeat":"repeat","background-position":"center center","background-size":"auto","background-attachment":"scroll","background-type":"","background-media":"","overlay-type":"","overlay-color":"","overlay-opacity":"","overlay-gradient":""},"tablet":{"background-color":"var(--ast-global-color-5)","background-image":"","background-repeat":"repeat","background-position":"center center","background-size":"auto","background-attachment":"scroll","background-type":"","background-media":"","overlay-type":"","overlay-color":"","overlay-opacity":"","overlay-gradient":""},"mobile":{"background-color":"var(--ast-global-color-5)","background-image":"","background-repeat":"repeat","background-position":"center center","background-size":"auto","background-attachment":"scroll","background-type":"","background-media":"","overlay-type":"","overlay-color":"","overlay-opacity":"","overlay-gradient":""}},"footnotes":""},"class_list":["post-3796","page","type-page","status-publish","hentry"],"post_mailing_queue_ids":[],"_links":{"self":[{"href":"https:\/\/agora.xtec.cat\/ceipelscingles\/wp-json\/wp\/v2\/pages\/3796","targetHints":{"allow":["GET"]}}],"collection":[{"href":"https:\/\/agora.xtec.cat\/ceipelscingles\/wp-json\/wp\/v2\/pages"}],"about":[{"href":"https:\/\/agora.xtec.cat\/ceipelscingles\/wp-json\/wp\/v2\/types\/page"}],"author":[{"embeddable":true,"href":"https:\/\/agora.xtec.cat\/ceipelscingles\/wp-json\/wp\/v2\/users\/5"}],"replies":[{"embeddable":true,"href":"https:\/\/agora.xtec.cat\/ceipelscingles\/wp-json\/wp\/v2\/comments?post=3796"}],"version-history":[{"count":6,"href":"https:\/\/agora.xtec.cat\/ceipelscingles\/wp-json\/wp\/v2\/pages\/3796\/revisions"}],"predecessor-version":[{"id":14012,"href":"https:\/\/agora.xtec.cat\/ceipelscingles\/wp-json\/wp\/v2\/pages\/3796\/revisions\/14012"}],"up":[{"embeddable":true,"href":"https:\/\/agora.xtec.cat\/ceipelscingles\/wp-json\/wp\/v2\/pages\/1217"}],"wp:attachment":[{"href":"https:\/\/agora.xtec.cat\/ceipelscingles\/wp-json\/wp\/v2\/media?parent=3796"}],"curies":[{"name":"wp","href":"https:\/\/api.w.org\/{rel}","templated":true}]}}