{"id":3754,"date":"2019-06-18T16:35:28","date_gmt":"2019-06-18T14:35:28","guid":{"rendered":"http:\/\/agora.xtec.cat\/ceipelscingles\/?page_id=3754"},"modified":"2026-02-19T20:01:23","modified_gmt":"2026-02-19T19:01:23","slug":"activitats-extraescolars-inscripcions","status":"publish","type":"page","link":"https:\/\/agora.xtec.cat\/ceipelscingles\/ampa\/activitats-extraescolars-inscripcions\/","title":{"rendered":"Inscripcions a les activitats extraescolars"},"content":{"rendered":"<hr \/>\n<p style=\"text-align: center; font-size: small;\">podeu fer-nos arribar els vostres dubtes o incid\u00e8ncies a <a href=\"mailto:extraescolarselscingles@gmail.com\">extraescolarselscingles@gmail.com <\/a><\/p>\n<p style=\"text-align: center;\">Feu clic a l&#8217;enlla\u00e7 del formulari per accedir-hi:<\/p>\n<ul style=\"list-style-type: none;\">\n<li style=\"text-align: center; font-size: 1.5em;\"><a href=\"https:\/\/afaelscingles.cat\/main\/forms\/EX_Alta.php\" target=\"_blank\" rel=\"noopener\"><strong>Inscripci\u00f3 i gestions a afaelscingles.cat<\/strong><\/a><\/li>\n<li style=\"text-align: center;\"><a href=\"https:\/\/afaelscingles.cat\/main\/forms\/EX_Alta.php\" target=\"_blank\" rel=\"noopener\">Inscripci\u00f3 (No afiliats)<\/a><\/li>\n<li style=\"text-align: center;\"><a href=\"https:\/\/afaelscingles.cat\/main\/forms\/EX_Modif.php\" target=\"_blank\" rel=\"noopener\">Modificaci\u00f3 d&#8217;una inscripci\u00f3 (No afiliats)<\/a><\/li>\n<\/ul>\n<hr \/>\n<p style=\"text-align: center;\">A la tarda, l&#8217;alumnat t\u00e9 un descans de mitja hora per poder berenar abans de comen\u00e7ar l&#8217;activitat.<\/p>\n<p><iframe loading=\"lazy\" title=\"horari\" src=\"https:\/\/afaelscingles.cat\/main\/page\/EX_Horari.php\" width=\"100%\" height=\"2000\"><\/iframe><\/p>\n<h4 style=\"text-align: center;\"><a href=\"https:\/\/afaelscingles.cat\/\" target=\"_blank\" rel=\"noopener\">Aplicaci\u00f3 web de l&#8217;AFA per gestions:\u00a0 afaelscingles.cat<\/a><\/h4>\n<hr \/>\n<h3 style=\"text-align: center; color: #ff6600;\">ACTIVITATS EXTRAESCOLARS FORA DEL CENTRE<\/h3>\n<table style=\"border-collapse: collapse; width: 80%; margin: 0px auto; height: 280px;\">\n<tbody>\n<tr style=\"height: 32px;\">\n<td style=\"text-align: center; height: 32px;\" colspan=\"4\"><strong>City Sports<\/strong> <a href=\"http:\/\/www.citysports.cat\/escola-base\/\">+\u00ecnfo<\/a><\/td>\n<\/tr>\n<tr style=\"height: 32px;\">\n<td style=\"width: 35%; height: 32px;\">P\u00e0del<\/td>\n<td style=\"width: 15%; height: 32px;\"><a href=\"https:\/\/citysports.cat\/inscripcio-padel\/\" target=\"_blank\" rel=\"noopener\">inscripci\u00f3<\/a><\/td>\n<td style=\"width: 35%; height: 32px;\">Tennis<\/td>\n<td style=\"width: 15%; height: 32px;\"><a href=\"https:\/\/citysports.cat\/inscripcio-tennis\/\" target=\"_blank\" rel=\"noopener\">inscripci\u00f3<\/a><\/td>\n<\/tr>\n<tr>\n<td style=\"height: 151px;\" colspan=\"2\">\n<table class=\"aligncenter\" style=\"width: 94%; border-collapse: collapse;\">\n<tbody>\n<tr style=\"height: 28px;\">\n<td style=\"width: 25%; height: 28px;\"><\/td>\n<td style=\"width: 25%; border-style: solid; border-color: #919191; height: 28px;\"><em>Iniciaci\u00f3<\/em><\/td>\n<td style=\"width: 25%; border-style: solid; border-color: #919191; height: 28px;\"><em>Perfeccionamet<\/em><\/td>\n<\/tr>\n<tr style=\"height: 28px;\">\n<td style=\"width: 25%; border-style: solid; border-color: #919191; height: 28px;\"><em>1 dia<\/em><\/td>\n<td style=\"width: 25%; border-style: solid; border-color: #919191; height: 28px;\">42\u20ac<\/td>\n<td style=\"width: 25%; border-style: solid; border-color: #919191; height: 28px;\">63\u20ac<\/td>\n<\/tr>\n<tr style=\"height: 28px;\">\n<td style=\"width: 25%; border-style: solid; border-color: #919191; height: 28px;\"><em>2 dies<\/em><\/td>\n<td style=\"width: 25%; border-style: solid; border-color: #919191; height: 28px;\">76\u20ac<\/td>\n<td style=\"width: 25%; border-style: solid; border-color: #919191; height: 28px;\">114\u20ac<\/td>\n<\/tr>\n<\/tbody>\n<\/table>\n<p style=\"font-size: small;\">De dilluns a divendres, iniciaci\u00f3 de 17 a 18:30h i perfeccionament de 18 a 19:30.<\/p>\n<\/td>\n<td style=\"height: 151px;\" colspan=\"2\">\n<table class=\"aligncenter\" style=\"width: 94%; border-collapse: collapse;\">\n<tbody>\n<tr>\n<td style=\"width: 25%;\"><\/td>\n<td style=\"width: 25%; border-style: solid; border-color: #919191;\"><em>MiniTennis<\/em><\/td>\n<td style=\"width: 25%; border-style: solid; border-color: #919191;\"><em>Iniciaci\u00f3<\/em><\/td>\n<td style=\"width: 25%; border-style: solid; border-color: #919191;\"><em>Perfeccionamet<\/em><\/td>\n<\/tr>\n<tr>\n<td style=\"width: 25%; border-style: solid; border-color: #919191;\"><em>1 dia<\/em><\/td>\n<td style=\"width: 25%; border-style: solid; border-color: #919191;\">38\u20ac<\/td>\n<td style=\"width: 25%; border-style: solid; border-color: #919191;\">55\u20ac<\/td>\n<td style=\"width: 25%; border-style: solid; border-color: #919191;\">65\u20ac<\/td>\n<\/tr>\n<tr>\n<td style=\"width: 25%; border-style: solid; border-color: #919191;\"><em>2 dies<\/em><\/td>\n<td style=\"width: 25%; border-style: solid; border-color: #919191;\">65\u20ac<\/td>\n<td style=\"width: 25%; border-style: solid; border-color: #919191;\">90\u20ac<\/td>\n<td style=\"width: 25%; border-style: solid; border-color: #919191;\">114\u20ac<\/td>\n<\/tr>\n<\/tbody>\n<\/table>\n<p style=\"font-size: small;\">Tots els grups de dilluns a divendres. Horaris a determinar (entre les 17 i 19h)<\/p>\n<\/td>\n<\/tr>\n<tr style=\"height: 65px;\">\n<td style=\"height: 65px; text-align: center;\" colspan=\"4\">A la inscripci\u00f3 cal escriure que \u00e9s de l&#8217;Escola Els Cingles.<\/td>\n<\/tr>\n<\/tbody>\n<\/table>\n","protected":false},"excerpt":{"rendered":"<p>podeu fer-nos arribar els vostres dubtes o incid\u00e8ncies a extraescolarselscingles@gmail.com Feu clic a l&#8217;enlla\u00e7 del formulari per accedir-hi: Inscripci\u00f3 i gestions a afaelscingles.cat Inscripci\u00f3 (No afiliats) Modificaci\u00f3 d&#8217;una inscripci\u00f3 (No afiliats) A la tarda, l&#8217;alumnat t\u00e9 un descans de mitja hora per poder berenar abans de comen\u00e7ar l&#8217;activitat. Aplicaci\u00f3 web de l&#8217;AFA per gestions:\u00a0 afaelscingles.cat [&hellip;]<\/p>\n","protected":false},"author":5,"featured_media":0,"parent":1217,"menu_order":0,"comment_status":"closed","ping_status":"closed","template":"page-templates\/side-menu.php","meta":{"_bbp_topic_count":0,"_bbp_reply_count":0,"_bbp_total_topic_count":0,"_bbp_total_reply_count":0,"_bbp_voice_count":0,"_bbp_anonymous_reply_count":0,"_bbp_topic_count_hidden":0,"_bbp_reply_count_hidden":0,"_bbp_forum_subforum_count":0,"site-sidebar-layout":"default","site-content-layout":"","ast-site-content-layout":"default","site-content-style":"default","site-sidebar-style":"default","ast-global-header-display":"","ast-banner-title-visibility":"","ast-main-header-display":"","ast-hfb-above-header-display":"","ast-hfb-below-header-display":"","ast-hfb-mobile-header-display":"","site-post-title":"","ast-breadcrumbs-content":"","ast-featured-img":"","footer-sml-layout":"","theme-transparent-header-meta":"","adv-header-id-meta":"","stick-header-meta":"","header-above-stick-meta":"","header-main-stick-meta":"","header-below-stick-meta":"","astra-migrate-meta-layouts":"set","ast-page-background-enabled":"default","ast-page-background-meta":{"desktop":{"background-color":"var(--ast-global-color-4)","background-image":"","background-repeat":"repeat","background-position":"center center","background-size":"auto","background-attachment":"scroll","background-type":"","background-media":"","overlay-type":"","overlay-color":"","overlay-opacity":"","overlay-gradient":""},"tablet":{"background-color":"","background-image":"","background-repeat":"repeat","background-position":"center center","background-size":"auto","background-attachment":"scroll","background-type":"","background-media":"","overlay-type":"","overlay-color":"","overlay-opacity":"","overlay-gradient":""},"mobile":{"background-color":"","background-image":"","background-repeat":"repeat","background-position":"center center","background-size":"auto","background-attachment":"scroll","background-type":"","background-media":"","overlay-type":"","overlay-color":"","overlay-opacity":"","overlay-gradient":""}},"ast-content-background-meta":{"desktop":{"background-color":"var(--ast-global-color-5)","background-image":"","background-repeat":"repeat","background-position":"center center","background-size":"auto","background-attachment":"scroll","background-type":"","background-media":"","overlay-type":"","overlay-color":"","overlay-opacity":"","overlay-gradient":""},"tablet":{"background-color":"var(--ast-global-color-5)","background-image":"","background-repeat":"repeat","background-position":"center center","background-size":"auto","background-attachment":"scroll","background-type":"","background-media":"","overlay-type":"","overlay-color":"","overlay-opacity":"","overlay-gradient":""},"mobile":{"background-color":"var(--ast-global-color-5)","background-image":"","background-repeat":"repeat","background-position":"center center","background-size":"auto","background-attachment":"scroll","background-type":"","background-media":"","overlay-type":"","overlay-color":"","overlay-opacity":"","overlay-gradient":""}},"footnotes":""},"class_list":["post-3754","page","type-page","status-publish","hentry"],"post_mailing_queue_ids":[],"_links":{"self":[{"href":"https:\/\/agora.xtec.cat\/ceipelscingles\/wp-json\/wp\/v2\/pages\/3754","targetHints":{"allow":["GET"]}}],"collection":[{"href":"https:\/\/agora.xtec.cat\/ceipelscingles\/wp-json\/wp\/v2\/pages"}],"about":[{"href":"https:\/\/agora.xtec.cat\/ceipelscingles\/wp-json\/wp\/v2\/types\/page"}],"author":[{"embeddable":true,"href":"https:\/\/agora.xtec.cat\/ceipelscingles\/wp-json\/wp\/v2\/users\/5"}],"replies":[{"embeddable":true,"href":"https:\/\/agora.xtec.cat\/ceipelscingles\/wp-json\/wp\/v2\/comments?post=3754"}],"version-history":[{"count":6,"href":"https:\/\/agora.xtec.cat\/ceipelscingles\/wp-json\/wp\/v2\/pages\/3754\/revisions"}],"predecessor-version":[{"id":14011,"href":"https:\/\/agora.xtec.cat\/ceipelscingles\/wp-json\/wp\/v2\/pages\/3754\/revisions\/14011"}],"up":[{"embeddable":true,"href":"https:\/\/agora.xtec.cat\/ceipelscingles\/wp-json\/wp\/v2\/pages\/1217"}],"wp:attachment":[{"href":"https:\/\/agora.xtec.cat\/ceipelscingles\/wp-json\/wp\/v2\/media?parent=3754"}],"curies":[{"name":"wp","href":"https:\/\/api.w.org\/{rel}","templated":true}]}}