{"id":1481,"date":"2017-05-04T12:50:37","date_gmt":"2017-05-04T10:50:37","guid":{"rendered":"http:\/\/agora.xtec.cat\/ceipelscingles\/?page_id=1481"},"modified":"2025-06-11T08:40:45","modified_gmt":"2025-06-11T06:40:45","slug":"socialitzacio-de-llibres","status":"publish","type":"page","link":"https:\/\/agora.xtec.cat\/ceipelscingles\/ampa\/socialitzacio-de-llibres\/","title":{"rendered":"Servei de Socialitzaci\u00f3 i compra de recursos bibliogr\u00e0fics i digitals"},"content":{"rendered":"<p><img loading=\"lazy\" decoding=\"async\" class=\"wp-image-3886 alignleft\" src=\"https:\/\/agora.xtec.cat\/ceipelscingles\/wp-content\/uploads\/usu1196\/2023\/08\/afa-taronja.png\" alt=\"AFA Els Cingles\" width=\"241\" height=\"241\" \/><\/p>\n<p>&nbsp;<\/p>\n<p><img loading=\"lazy\" decoding=\"async\" class=\"size-full wp-image-3898 alignnone\" src=\"https:\/\/agora.xtec.cat\/ceipelscingles\/wp-content\/uploads\/usu1196\/2019\/07\/nin\u0303os1.png\" alt=\"\" width=\"500\" height=\"648\" srcset=\"https:\/\/agora.xtec.cat\/ceipelscingles\/wp-content\/uploads\/usu1196\/2019\/07\/nin\u0303os1.png 500w, https:\/\/agora.xtec.cat\/ceipelscingles\/wp-content\/uploads\/usu1196\/2019\/07\/nin\u0303os1-231x300.png 231w\" sizes=\"auto, (max-width: 500px) 100vw, 500px\" \/><\/p>\n<p>Benvingudes fam\u00edlies:<\/p>\n<p>Ens adrecem a vosaltres per informar-vos del <strong>servei de socialitzaci\u00f3 i compra col\u00b7lectiva de recursos<\/strong><br \/>\n<strong>bibliogr\u00e0fics i digitals<\/strong>, que v\u00e0rem iniciar el curs 2006-2007, avalat i aprovat pel Consell Escolar del<br \/>\ncentre.<br \/>\nAquest servei nom\u00e9s \u00e9s accessible per a les fam\u00edlies membres de l\u2018AFA, i s\u2019ofereix de forma gratu\u00efta.<\/p>\n<p><strong>Qu\u00e8 fem?<\/strong><\/p>\n<p>\u25cf La planificaci\u00f3 i compra col\u00b7lectiva de recursos bibliogr\u00e0fics i digitals que necessiten els alumnes<br \/>\ninscrits al servei.<br \/>\n\u25cf La gesti\u00f3 de la reutilitzaci\u00f3 dels llibres de text que s\u00f3n de consulta i\/o lectura, i que tenen una<br \/>\nvida \u00fatil m\u00e9s enll\u00e0 d\u2019un curs escolar (socialitzaci\u00f3).<br \/>\n\u25cf La recepci\u00f3 i distribuci\u00f3 cada inici de curs a totes les aules dels llibres dels alumnes inscrits al<br \/>\nservei.<\/p>\n<p><strong>Quins s\u00f3n els objectius?<\/strong><\/p>\n<p><strong>\u25cf L\u2019estalvi econ\u00f2mic:<\/strong><br \/>\n\u25cb <strong>en la compra de llibres<\/strong>, at\u00e8s que per volum podem comprar directament al distribu\u00efdor a<br \/>\nun preu m\u00e9s competitiu, concretament un 25% de descompte sobre el preu de venta<br \/>\n(PVP).<br \/>\n<strong>\u25cb en la socialitzaci\u00f3<\/strong>, at\u00e8s que nom\u00e9s es repercuteix per cada alumne un 25% del cost<br \/>\ndel llibre socialitzat i un 10% del material de consulta.<br \/>\n\u25cf Fomentar els valors positius com la responsabilitat, la capacitat de compartir, el respecte al b\u00e9<br \/>\ncom\u00fa i al medi ambient.<br \/>\n\u25cf Facilitar el dia a dia de les fam\u00edlies, que no s\u2019han de preocupar de buscar, comprar i portar els<br \/>\nllibres a l\u2019escola.<\/p>\n<p><strong>Com funciona?<\/strong><\/p>\n<p>\u25cf Els alumnes que es matriculen per primera vegada al centre i que vulguin adherir-se al servei,<br \/>\nhauran d\u2019omplir el full d\u2019alta.<br \/>\n\u25cf Per als alumnes ja matriculats al centre que ja disposen del servei (que ja socialitzen) i no volen<br \/>\ncontinuar, caldr\u00e0 omplir el full d\u2019alta\/baixa, indicant BAIXA.<br \/>\n\u25cf Per als alumnes ja matriculats al centre que no disposen del servei (que no socialitzen) i volen<br \/>\ngaudir-ne, caldr\u00e0 omplir el full d\u2019alta\/baixa, indicant ALTA.<br \/>\n\u25cf Els pagaments dels llibres es gestiona, com tots els altres serveis, a trav\u00e9s de l\u2019escola mitjan\u00e7ant<br \/>\nTPV.<br \/>\n\u25cf El primer dia de curs els alumnes inscrits al servei tindran els seus llibres a l\u2019aula i les fam\u00edlies no<br \/>\nhauran de fer res.<\/p>\n<p>Com sempre, estem a la vostre disposici\u00f3 al correu electr\u00f2nic: afa@escolaelscingles.cat<\/p>\n<p>Ben cordialment,<br \/>\nLa Comissi\u00f3 de Socialitzaci\u00f3<\/p>\n<p>&nbsp;<\/p>\n<div>L\u2019escola us comunicar\u00e0 els terminis de pagament del sistema TPV, aix\u00ed com de la quota de l\u2019AFA,<\/div>\n<div>imprescindible per accedir al servei de socialitzaci\u00f3 i compra col\u00b7lectiva de llibres de text.<\/div>\n<div><\/div>\n<h3><span style=\"color: #000080;\"><a style=\"color: #000080;\" href=\"https:\/\/afaelscingles.cat\/main\/forms\/SOC_Alta.php\" target=\"_blank\" rel=\"noopener\">Formulari Alta Socialitzaci\u00f3<\/a><\/span><\/h3>\n<h3><span style=\"color: #000080;\"><a style=\"color: #000080;\" href=\"https:\/\/afaelscingles.cat\/main\/forms\/AFA_Alta.php\" target=\"_blank\" rel=\"noopener\">Formulari Adhesi\u00f3 AFA<\/a><\/span><\/h3>\n<p>&nbsp;<\/p>\n<p>&nbsp;<\/p>\n","protected":false},"excerpt":{"rendered":"<p>&nbsp; Benvingudes fam\u00edlies: Ens adrecem a vosaltres per informar-vos del servei de socialitzaci\u00f3 i compra col\u00b7lectiva de recursos bibliogr\u00e0fics i digitals, que v\u00e0rem iniciar el curs 2006-2007, avalat i aprovat pel Consell Escolar del centre. Aquest servei nom\u00e9s \u00e9s accessible per a les fam\u00edlies membres de l\u2018AFA, i s\u2019ofereix de forma gratu\u00efta. Qu\u00e8 fem? \u25cf [&hellip;]<\/p>\n","protected":false},"author":5,"featured_media":0,"parent":1217,"menu_order":9,"comment_status":"closed","ping_status":"closed","template":"page-templates\/side-menu.php","meta":{"_bbp_topic_count":0,"_bbp_reply_count":0,"_bbp_total_topic_count":0,"_bbp_total_reply_count":0,"_bbp_voice_count":0,"_bbp_anonymous_reply_count":0,"_bbp_topic_count_hidden":0,"_bbp_reply_count_hidden":0,"_bbp_forum_subforum_count":0,"site-sidebar-layout":"default","site-content-layout":"","ast-site-content-layout":"","site-content-style":"default","site-sidebar-style":"default","ast-global-header-display":"","ast-banner-title-visibility":"","ast-main-header-display":"","ast-hfb-above-header-display":"","ast-hfb-below-header-display":"","ast-hfb-mobile-header-display":"","site-post-title":"","ast-breadcrumbs-content":"","ast-featured-img":"","footer-sml-layout":"","theme-transparent-header-meta":"","adv-header-id-meta":"","stick-header-meta":"","header-above-stick-meta":"","header-main-stick-meta":"","header-below-stick-meta":"","astra-migrate-meta-layouts":"default","ast-page-background-enabled":"default","ast-page-background-meta":{"desktop":{"background-color":"var(--ast-global-color-4)","background-image":"","background-repeat":"repeat","background-position":"center center","background-size":"auto","background-attachment":"scroll","background-type":"","background-media":"","overlay-type":"","overlay-color":"","overlay-opacity":"","overlay-gradient":""},"tablet":{"background-color":"","background-image":"","background-repeat":"repeat","background-position":"center center","background-size":"auto","background-attachment":"scroll","background-type":"","background-media":"","overlay-type":"","overlay-color":"","overlay-opacity":"","overlay-gradient":""},"mobile":{"background-color":"","background-image":"","background-repeat":"repeat","background-position":"center center","background-size":"auto","background-attachment":"scroll","background-type":"","background-media":"","overlay-type":"","overlay-color":"","overlay-opacity":"","overlay-gradient":""}},"ast-content-background-meta":{"desktop":{"background-color":"var(--ast-global-color-5)","background-image":"","background-repeat":"repeat","background-position":"center center","background-size":"auto","background-attachment":"scroll","background-type":"","background-media":"","overlay-type":"","overlay-color":"","overlay-opacity":"","overlay-gradient":""},"tablet":{"background-color":"var(--ast-global-color-5)","background-image":"","background-repeat":"repeat","background-position":"center center","background-size":"auto","background-attachment":"scroll","background-type":"","background-media":"","overlay-type":"","overlay-color":"","overlay-opacity":"","overlay-gradient":""},"mobile":{"background-color":"var(--ast-global-color-5)","background-image":"","background-repeat":"repeat","background-position":"center center","background-size":"auto","background-attachment":"scroll","background-type":"","background-media":"","overlay-type":"","overlay-color":"","overlay-opacity":"","overlay-gradient":""}},"footnotes":""},"class_list":["post-1481","page","type-page","status-publish","hentry"],"post_mailing_queue_ids":[],"_links":{"self":[{"href":"https:\/\/agora.xtec.cat\/ceipelscingles\/wp-json\/wp\/v2\/pages\/1481","targetHints":{"allow":["GET"]}}],"collection":[{"href":"https:\/\/agora.xtec.cat\/ceipelscingles\/wp-json\/wp\/v2\/pages"}],"about":[{"href":"https:\/\/agora.xtec.cat\/ceipelscingles\/wp-json\/wp\/v2\/types\/page"}],"author":[{"embeddable":true,"href":"https:\/\/agora.xtec.cat\/ceipelscingles\/wp-json\/wp\/v2\/users\/5"}],"replies":[{"embeddable":true,"href":"https:\/\/agora.xtec.cat\/ceipelscingles\/wp-json\/wp\/v2\/comments?post=1481"}],"version-history":[{"count":4,"href":"https:\/\/agora.xtec.cat\/ceipelscingles\/wp-json\/wp\/v2\/pages\/1481\/revisions"}],"predecessor-version":[{"id":13568,"href":"https:\/\/agora.xtec.cat\/ceipelscingles\/wp-json\/wp\/v2\/pages\/1481\/revisions\/13568"}],"up":[{"embeddable":true,"href":"https:\/\/agora.xtec.cat\/ceipelscingles\/wp-json\/wp\/v2\/pages\/1217"}],"wp:attachment":[{"href":"https:\/\/agora.xtec.cat\/ceipelscingles\/wp-json\/wp\/v2\/media?parent=1481"}],"curies":[{"name":"wp","href":"https:\/\/api.w.org\/{rel}","templated":true}]}}