{"id":1387,"date":"2017-04-19T15:42:54","date_gmt":"2017-04-19T13:42:54","guid":{"rendered":"http:\/\/agora.xtec.cat\/ceipelscingles\/?page_id=1387"},"modified":"2026-02-19T19:55:57","modified_gmt":"2026-02-19T18:55:57","slug":"sam-i-sat-servei-dacollida-matinal-io-tarda","status":"publish","type":"page","link":"https:\/\/agora.xtec.cat\/ceipelscingles\/ampa\/sam-i-sat-servei-dacollida-matinal-io-tarda\/","title":{"rendered":"SAM I SAT. Servei d&#8217;acollida matinal i\/o tarda"},"content":{"rendered":"<table style=\"border-collapse: collapse; width: 100%;\">\n<tbody>\n<tr>\n<td style=\"width: 50%; text-align: center; border: 0;\"><img loading=\"lazy\" decoding=\"async\" class=\"wp-image-9377 aligncenter\" src=\"https:\/\/agora.xtec.cat\/ceipelscingles\/wp-content\/uploads\/usu1196\/2021\/03\/logo-Montse-definitiu.png\" alt=\"\" width=\"135\" height=\"135\" srcset=\"https:\/\/agora.xtec.cat\/ceipelscingles\/wp-content\/uploads\/usu1196\/2021\/03\/logo-Montse-definitiu.png 500w, https:\/\/agora.xtec.cat\/ceipelscingles\/wp-content\/uploads\/usu1196\/2021\/03\/logo-Montse-definitiu-150x150.png 150w, https:\/\/agora.xtec.cat\/ceipelscingles\/wp-content\/uploads\/usu1196\/2021\/03\/logo-Montse-definitiu-300x300.png 300w\" sizes=\"auto, (max-width: 135px) 100vw, 135px\" \/><\/td>\n<td style=\"width: 50%; text-align: center; border: 0;\"><img loading=\"lazy\" decoding=\"async\" class=\"wp-image-3886 aligncenter\" src=\"https:\/\/agora.xtec.cat\/ceipelscingles\/wp-content\/uploads\/usu1196\/2023\/08\/afa-taronja.png\" alt=\"AFA Els Cingles\" width=\"149\" height=\"149\" \/><\/td>\n<\/tr>\n<\/tbody>\n<\/table>\n<p><img loading=\"lazy\" decoding=\"async\" class=\" wp-image-1917 aligncenter\" src=\"https:\/\/ampamartamata.files.wordpress.com\/2017\/09\/img_20170920_184727.jpg?w=720\" alt=\"Resultat d'imatges per a &quot;servei acollida matinal&quot;\" width=\"485\" height=\"275\" \/><\/p>\n<ul>\n<li>\n<h3><span style=\"color: #000080;\">Contacte menjador-sam-sat: menjador@espaimigdia.cat 938430308\u00a0 \/ 680602486<\/span><\/h3>\n<\/li>\n<li>\n<h3><span style=\"color: #008000;\">Contacte AFA comissi\u00f3 menjador-sam-sat :\u00a0 afa@escolaelscingles.cat<br \/>\n<\/span><\/h3>\n<\/li>\n<\/ul>\n<p>Els serveis d&#8217;acollida matinal i\/o de tarda (SAM I SAT) organitzats per l&#8217;AFA, son de car\u00e0cter voluntari i estan oberts als seus associats; per tant cal estar al corrent de la quota de l&#8217;AFA. Ambd\u00f3s serveis estan gestionats per la empresa de serveis ESPAI MIGDIA.<\/p>\n<p>El servei \u00e9s obert a tots els\/les alumnes de l\u00b4Escola, amb la finalitat de donar resposta a les necessitats de les fam\u00edlies que,\u00a0per diferents motius, es troben amb la necessitat de portar els seus fills a l\u2019escola abans de l\u2019inici d\u2019aquesta o de recollir-los una mica m\u00e9s tard un cop finalitzat l&#8217;horari escolar.<\/p>\n<p>Horari SAM : 7.30 A 8.45<\/p>\n<p>Horari SAT : 16.30 A 18h .<\/p>\n<p style=\"text-align: center;\"><strong>\u00c9s un temps actiu per als nenes i nenes que possibilita activitats l\u00fadiques, art\u00edstiques i relaxades excloses de les activitats pr\u00f2pies dels programa escolar.<\/strong><\/p>\n<h2 style=\"text-align: center;\"><span style=\"color: #000080;\"><strong>CURS 2023-2024. Tarifes SAM-SAT<br \/>\n<\/strong><\/span><\/h2>\n<p style=\"text-align: center;\">a) Preu mensual del Servei acollida pel mat\u00ed (SAM):<\/p>\n<table style=\"border-collapse: collapse; width: 42.4957%; height: 38px; margin: 0px auto;\">\n<tbody>\n<tr style=\"height: 32px;\">\n<td style=\"width: 19.0095%; height: 10px;\"><span style=\"color: #003366;\"><strong>Dies fixes a la setmana<\/strong><\/span><\/td>\n<td style=\"width: 10.6464%; height: 10px;\"><span style=\"color: #003366;\"><strong>30 minuts<br \/>\n<\/strong><\/span><\/td>\n<td style=\"width: 9.46022%; height: 10px;\"><span style=\"color: #003366;\"><strong>1 hora<br \/>\n<\/strong><\/span><\/td>\n<td style=\"width: 13.6417%; height: 10px;\"><span style=\"color: #003366;\"><strong>1hora i 30 minuts<\/strong><\/span><\/td>\n<\/tr>\n<tr style=\"height: 32px;\">\n<td style=\"width: 19.0095%; height: 28px;\">5 dies<\/td>\n<td style=\"width: 10.6464%; height: 28px;\">15,00\u20ac<\/td>\n<td style=\"width: 9.46022%; height: 28px;\">30,00\u20ac<\/td>\n<td style=\"width: 13.6417%; height: 28px;\">45,00\u20ac<\/td>\n<\/tr>\n<\/tbody>\n<\/table>\n<p style=\"text-align: center;\">b) Preu mensual del Servei acollida per la tarda (SAT):<\/p>\n<table style=\"border-collapse: collapse; width: 42.4957%; height: 105px; margin: 0px auto;\">\n<tbody>\n<tr style=\"height: 32px;\">\n<td style=\"width: 19.0095%; height: 10px;\"><span style=\"color: #003366;\"><strong>Dies fixes a la setmana<\/strong><\/span><\/td>\n<td style=\"width: 10.6464%; height: 10px;\"><span style=\"color: #003366;\"><strong>30 minuts<br \/>\n<\/strong><\/span><\/td>\n<td style=\"width: 9.46022%; height: 10px;\"><span style=\"color: #003366;\"><strong>1 hora<br \/>\n<\/strong><\/span><\/td>\n<td style=\"width: 13.6417%; height: 10px;\"><span style=\"color: #003366;\"><strong>1hora i 30 minuts<\/strong><\/span><\/td>\n<\/tr>\n<tr style=\"height: 32px;\">\n<td style=\"width: 19.0095%; height: 10px;\">5 dies<\/td>\n<td style=\"width: 10.6464%; height: 10px;\">15,00\u20ac<\/td>\n<td style=\"width: 9.46022%; height: 10px;\">30,00\u20ac<\/td>\n<td style=\"width: 13.6417%; height: 10px;\">45,00\u20ac<\/td>\n<\/tr>\n<tr style=\"height: 29px;\">\n<td style=\"width: 19.0095%; height: 29px;\">4 dies<\/td>\n<td style=\"width: 10.6464%; height: 29px;\">12,30\u20ac<\/td>\n<td style=\"width: 9.46022%; height: 29px;\">24,60\u20ac<\/td>\n<td style=\"width: 13.6417%; height: 29px;\">36,90\u20ac<\/td>\n<\/tr>\n<tr style=\"height: 28px;\">\n<td style=\"width: 19.0095%; height: 28px;\">3 dies<\/td>\n<td style=\"width: 10.6464%; height: 28px;\"><\/td>\n<td style=\"width: 9.46022%; height: 28px;\">19,20\u20ac<\/td>\n<td style=\"width: 13.6417%; height: 28px;\">28,80\u20ac<\/td>\n<\/tr>\n<tr>\n<td style=\"width: 19.0095%;\">2 dies<\/td>\n<td style=\"width: 10.6464%;\"><\/td>\n<td style=\"width: 9.46022%;\">13,00\u20ac<\/td>\n<td style=\"width: 13.6417%;\">19,50\u20ac<\/td>\n<\/tr>\n<\/tbody>\n<\/table>\n<h4><\/h4>\n<p style=\"text-align: center;\">c) <span style=\"color: #003366;\">Espor\u00e0dic<\/span> : 4,28\u20ac per cada un dels serveis d&#8217;acollida (SAM i SAT) sigui quin sigui el temps d&#8217;us aquell dia.<\/p>\n<h1><strong><span style=\"text-decoration: underline;\"><span style=\"color: #ff6600; text-decoration: underline;\">Formularis i documents:<\/span><\/span><\/strong><\/h1>\n<ul>\n<li>\n<h2><a href=\"https:\/\/afaelscingles.cat\/main\/forms\/SA_Alta.php\" target=\"_blank\" rel=\"noopener\"><span style=\"color: #000080;\">Inscripci\u00f3 SAM-SAT<\/span><\/a><\/h2>\n<\/li>\n<li>\n<h2><strong><a href=\"https:\/\/drive.google.com\/file\/d\/1YJB4BpNzzVWxMnjpsNhGekK2xPHz8LIa\/view?usp=sharing\" target=\"_blank\" rel=\"noopener\"><span style=\"color: #000080;\">Fitxa Autoritzaci\u00f3 Medicaci\u00f3<\/span><\/a><\/strong><\/h2>\n<\/li>\n<li>\n<h2><a href=\"https:\/\/afaelscingles.cat\/main\/forms\/SA_Baixa.php\" target=\"_blank\" rel=\"noopener\"><span style=\"color: #000080;\">Baixa SAM-SAT<\/span><\/a><\/h2>\n<\/li>\n<li>\n<h2><a href=\"https:\/\/drive.google.com\/file\/d\/1sZf6d6jhGJxTu7RmX8r5lbVLIp17sPVY\/view?usp=sharing\" target=\"_blank\" rel=\"noopener\">Pla d&#8217;actuaci\u00f3 SEM, SAM, SAT<\/a><\/h2>\n<\/li>\n<li>\n<h4><a href=\"https:\/\/afaelscingles.cat\/\" target=\"_blank\" rel=\"noopener\">Aplicaci\u00f3 web de l&#8217;AFA per gestions:\u00a0 afaelscingles.cat<\/a><\/h4>\n<\/li>\n<\/ul>\n","protected":false},"excerpt":{"rendered":"<p>Contacte menjador-sam-sat: menjador@espaimigdia.cat 938430308\u00a0 \/ 680602486 Contacte AFA comissi\u00f3 menjador-sam-sat :\u00a0 afa@escolaelscingles.cat Els serveis d&#8217;acollida matinal i\/o de tarda (SAM I SAT) organitzats per l&#8217;AFA, son de car\u00e0cter voluntari i estan oberts als seus associats; per tant cal estar al corrent de la quota de l&#8217;AFA. Ambd\u00f3s serveis estan gestionats per la empresa de serveis [&hellip;]<\/p>\n","protected":false},"author":5,"featured_media":0,"parent":1217,"menu_order":5,"comment_status":"closed","ping_status":"closed","template":"page-templates\/side-menu.php","meta":{"_bbp_topic_count":0,"_bbp_reply_count":0,"_bbp_total_topic_count":0,"_bbp_total_reply_count":0,"_bbp_voice_count":0,"_bbp_anonymous_reply_count":0,"_bbp_topic_count_hidden":0,"_bbp_reply_count_hidden":0,"_bbp_forum_subforum_count":0,"site-sidebar-layout":"default","site-content-layout":"","ast-site-content-layout":"default","site-content-style":"default","site-sidebar-style":"default","ast-global-header-display":"","ast-banner-title-visibility":"","ast-main-header-display":"","ast-hfb-above-header-display":"","ast-hfb-below-header-display":"","ast-hfb-mobile-header-display":"","site-post-title":"","ast-breadcrumbs-content":"","ast-featured-img":"","footer-sml-layout":"","theme-transparent-header-meta":"","adv-header-id-meta":"","stick-header-meta":"","header-above-stick-meta":"","header-main-stick-meta":"","header-below-stick-meta":"","astra-migrate-meta-layouts":"set","ast-page-background-enabled":"default","ast-page-background-meta":{"desktop":{"background-color":"var(--ast-global-color-4)","background-image":"","background-repeat":"repeat","background-position":"center center","background-size":"auto","background-attachment":"scroll","background-type":"","background-media":"","overlay-type":"","overlay-color":"","overlay-opacity":"","overlay-gradient":""},"tablet":{"background-color":"","background-image":"","background-repeat":"repeat","background-position":"center center","background-size":"auto","background-attachment":"scroll","background-type":"","background-media":"","overlay-type":"","overlay-color":"","overlay-opacity":"","overlay-gradient":""},"mobile":{"background-color":"","background-image":"","background-repeat":"repeat","background-position":"center center","background-size":"auto","background-attachment":"scroll","background-type":"","background-media":"","overlay-type":"","overlay-color":"","overlay-opacity":"","overlay-gradient":""}},"ast-content-background-meta":{"desktop":{"background-color":"var(--ast-global-color-5)","background-image":"","background-repeat":"repeat","background-position":"center center","background-size":"auto","background-attachment":"scroll","background-type":"","background-media":"","overlay-type":"","overlay-color":"","overlay-opacity":"","overlay-gradient":""},"tablet":{"background-color":"var(--ast-global-color-5)","background-image":"","background-repeat":"repeat","background-position":"center center","background-size":"auto","background-attachment":"scroll","background-type":"","background-media":"","overlay-type":"","overlay-color":"","overlay-opacity":"","overlay-gradient":""},"mobile":{"background-color":"var(--ast-global-color-5)","background-image":"","background-repeat":"repeat","background-position":"center center","background-size":"auto","background-attachment":"scroll","background-type":"","background-media":"","overlay-type":"","overlay-color":"","overlay-opacity":"","overlay-gradient":""}},"footnotes":""},"class_list":["post-1387","page","type-page","status-publish","hentry"],"post_mailing_queue_ids":[],"_links":{"self":[{"href":"https:\/\/agora.xtec.cat\/ceipelscingles\/wp-json\/wp\/v2\/pages\/1387","targetHints":{"allow":["GET"]}}],"collection":[{"href":"https:\/\/agora.xtec.cat\/ceipelscingles\/wp-json\/wp\/v2\/pages"}],"about":[{"href":"https:\/\/agora.xtec.cat\/ceipelscingles\/wp-json\/wp\/v2\/types\/page"}],"author":[{"embeddable":true,"href":"https:\/\/agora.xtec.cat\/ceipelscingles\/wp-json\/wp\/v2\/users\/5"}],"replies":[{"embeddable":true,"href":"https:\/\/agora.xtec.cat\/ceipelscingles\/wp-json\/wp\/v2\/comments?post=1387"}],"version-history":[{"count":5,"href":"https:\/\/agora.xtec.cat\/ceipelscingles\/wp-json\/wp\/v2\/pages\/1387\/revisions"}],"predecessor-version":[{"id":14009,"href":"https:\/\/agora.xtec.cat\/ceipelscingles\/wp-json\/wp\/v2\/pages\/1387\/revisions\/14009"}],"up":[{"embeddable":true,"href":"https:\/\/agora.xtec.cat\/ceipelscingles\/wp-json\/wp\/v2\/pages\/1217"}],"wp:attachment":[{"href":"https:\/\/agora.xtec.cat\/ceipelscingles\/wp-json\/wp\/v2\/media?parent=1387"}],"curies":[{"name":"wp","href":"https:\/\/api.w.org\/{rel}","templated":true}]}}