{"id":1373,"date":"2017-04-19T14:41:52","date_gmt":"2017-04-19T12:41:52","guid":{"rendered":"http:\/\/agora.xtec.cat\/ceipelscingles\/?page_id=1373"},"modified":"2026-02-19T20:08:06","modified_gmt":"2026-02-19T19:08:06","slug":"extraescolars","status":"publish","type":"page","link":"https:\/\/agora.xtec.cat\/ceipelscingles\/ampa\/extraescolars\/","title":{"rendered":"Activitats extraescolars"},"content":{"rendered":"<h1 class=\"entry-title\" style=\"text-align: center;\"><span style=\"color: #33cccc;\"><img loading=\"lazy\" decoding=\"async\" class=\"alignnone wp-image-1929\" src=\"http:\/\/agora.xtec.cat\/ceipelscingles\/wp-content\/uploads\/usu1196\/2017\/04\/EXTRAESCOLAR1.png\" alt=\"\" width=\"735\" height=\"184\" srcset=\"https:\/\/agora.xtec.cat\/ceipelscingles\/wp-content\/uploads\/usu1196\/2017\/04\/EXTRAESCOLAR1.png 567w, https:\/\/agora.xtec.cat\/ceipelscingles\/wp-content\/uploads\/usu1196\/2017\/04\/EXTRAESCOLAR1-300x75.png 300w\" sizes=\"auto, (max-width: 735px) 100vw, 735px\" \/><\/span><\/h1>\n<p>Les activitats extraescolars complementen l&#8217;educaci\u00f3 dels nostres alumnes, ja que contribueixen a potenciar diferents habilitats, fomentar els h\u00e0bits i valors, i millorar el treball individual i en petit grup.<\/p>\n<p>S\u00f3n activitats que \u00e9s realitzen en el propi centre. <span style=\"color: #ff9900;\"><span style=\"color: #000000;\">O<\/span><span style=\"color: #000000;\">ferim<\/span> <\/span>les activitats despr\u00e9s de l&#8217;horari escolar: de 16.30 a 18h; d&#8217;octubre a maig i tamb\u00e9 al migdia.<\/p>\n<h4 style=\"text-align: center;\"><\/h4>\n<h4 style=\"text-align: center;\"><a href=\"mailto:extraescolarselscingles@gmail.com\"><span style=\"color: #000080;\">extraescolarselscingles@gmail.com\u00a0\u00a0<\/span><\/a><\/h4>\n<h5><strong>En el seg\u00fcent enlla\u00e7 trobareu la proposta de les extraescolars per al curs vigent, informaci\u00f3 ampliada i inscripcions.\u00a0<\/strong><\/h5>\n<h3><span style=\"color: #000080;\"><a style=\"color: #000080;\" href=\"https:\/\/agora.xtec.cat\/ceipelscingles\/ampa\/activitats-extraescolars-inscripcions\/\">Extraescolars: Proposta d&#8217;activitats i inscripcions.<\/a><\/span><\/h3>\n<h3><a style=\"color: #000080;\" href=\"https:\/\/afaelscingles.cat\/public\/EX_reglament.php\" target=\"_blank\" rel=\"noopener\">Reglament extraescolars<\/a><\/h3>\n","protected":false},"excerpt":{"rendered":"<p>Les activitats extraescolars complementen l&#8217;educaci\u00f3 dels nostres alumnes, ja que contribueixen a potenciar diferents habilitats, fomentar els h\u00e0bits i valors, i millorar el treball individual i en petit grup. S\u00f3n activitats que \u00e9s realitzen en el propi centre. Oferim les activitats despr\u00e9s de l&#8217;horari escolar: de 16.30 a 18h; d&#8217;octubre a maig i tamb\u00e9 al [&hellip;]<\/p>\n","protected":false},"author":5,"featured_media":0,"parent":1217,"menu_order":6,"comment_status":"closed","ping_status":"closed","template":"page-templates\/side-menu.php","meta":{"_bbp_topic_count":0,"_bbp_reply_count":0,"_bbp_total_topic_count":0,"_bbp_total_reply_count":0,"_bbp_voice_count":0,"_bbp_anonymous_reply_count":0,"_bbp_topic_count_hidden":0,"_bbp_reply_count_hidden":0,"_bbp_forum_subforum_count":0,"site-sidebar-layout":"default","site-content-layout":"","ast-site-content-layout":"default","site-content-style":"default","site-sidebar-style":"default","ast-global-header-display":"","ast-banner-title-visibility":"","ast-main-header-display":"","ast-hfb-above-header-display":"","ast-hfb-below-header-display":"","ast-hfb-mobile-header-display":"","site-post-title":"","ast-breadcrumbs-content":"","ast-featured-img":"","footer-sml-layout":"","theme-transparent-header-meta":"","adv-header-id-meta":"","stick-header-meta":"","header-above-stick-meta":"","header-main-stick-meta":"","header-below-stick-meta":"","astra-migrate-meta-layouts":"set","ast-page-background-enabled":"default","ast-page-background-meta":{"desktop":{"background-color":"var(--ast-global-color-4)","background-image":"","background-repeat":"repeat","background-position":"center center","background-size":"auto","background-attachment":"scroll","background-type":"","background-media":"","overlay-type":"","overlay-color":"","overlay-opacity":"","overlay-gradient":""},"tablet":{"background-color":"","background-image":"","background-repeat":"repeat","background-position":"center center","background-size":"auto","background-attachment":"scroll","background-type":"","background-media":"","overlay-type":"","overlay-color":"","overlay-opacity":"","overlay-gradient":""},"mobile":{"background-color":"","background-image":"","background-repeat":"repeat","background-position":"center center","background-size":"auto","background-attachment":"scroll","background-type":"","background-media":"","overlay-type":"","overlay-color":"","overlay-opacity":"","overlay-gradient":""}},"ast-content-background-meta":{"desktop":{"background-color":"var(--ast-global-color-5)","background-image":"","background-repeat":"repeat","background-position":"center center","background-size":"auto","background-attachment":"scroll","background-type":"","background-media":"","overlay-type":"","overlay-color":"","overlay-opacity":"","overlay-gradient":""},"tablet":{"background-color":"var(--ast-global-color-5)","background-image":"","background-repeat":"repeat","background-position":"center center","background-size":"auto","background-attachment":"scroll","background-type":"","background-media":"","overlay-type":"","overlay-color":"","overlay-opacity":"","overlay-gradient":""},"mobile":{"background-color":"var(--ast-global-color-5)","background-image":"","background-repeat":"repeat","background-position":"center center","background-size":"auto","background-attachment":"scroll","background-type":"","background-media":"","overlay-type":"","overlay-color":"","overlay-opacity":"","overlay-gradient":""}},"footnotes":""},"class_list":["post-1373","page","type-page","status-publish","hentry"],"post_mailing_queue_ids":[],"_links":{"self":[{"href":"https:\/\/agora.xtec.cat\/ceipelscingles\/wp-json\/wp\/v2\/pages\/1373","targetHints":{"allow":["GET"]}}],"collection":[{"href":"https:\/\/agora.xtec.cat\/ceipelscingles\/wp-json\/wp\/v2\/pages"}],"about":[{"href":"https:\/\/agora.xtec.cat\/ceipelscingles\/wp-json\/wp\/v2\/types\/page"}],"author":[{"embeddable":true,"href":"https:\/\/agora.xtec.cat\/ceipelscingles\/wp-json\/wp\/v2\/users\/5"}],"replies":[{"embeddable":true,"href":"https:\/\/agora.xtec.cat\/ceipelscingles\/wp-json\/wp\/v2\/comments?post=1373"}],"version-history":[{"count":6,"href":"https:\/\/agora.xtec.cat\/ceipelscingles\/wp-json\/wp\/v2\/pages\/1373\/revisions"}],"predecessor-version":[{"id":14013,"href":"https:\/\/agora.xtec.cat\/ceipelscingles\/wp-json\/wp\/v2\/pages\/1373\/revisions\/14013"}],"up":[{"embeddable":true,"href":"https:\/\/agora.xtec.cat\/ceipelscingles\/wp-json\/wp\/v2\/pages\/1217"}],"wp:attachment":[{"href":"https:\/\/agora.xtec.cat\/ceipelscingles\/wp-json\/wp\/v2\/media?parent=1373"}],"curies":[{"name":"wp","href":"https:\/\/api.w.org\/{rel}","templated":true}]}}