{"id":1357,"date":"2017-04-18T18:21:02","date_gmt":"2017-04-18T16:21:02","guid":{"rendered":"http:\/\/agora.xtec.cat\/ceipelscingles\/?page_id=1357"},"modified":"2025-07-13T10:32:49","modified_gmt":"2025-07-13T08:32:49","slug":"que-fem","status":"publish","type":"page","link":"https:\/\/agora.xtec.cat\/ceipelscingles\/ampa\/que-fem\/","title":{"rendered":"Qu\u00e8 fem?"},"content":{"rendered":"<p>&nbsp;<\/p>\n<p><a href=\"http:\/\/agora.xtec.cat\/ceipelscingles\/wp-content\/uploads\/usu1196\/2017\/04\/que-fem.jpg\"><img loading=\"lazy\" decoding=\"async\" class=\" wp-image-1495 aligncenter\" src=\"http:\/\/agora.xtec.cat\/ceipelscingles\/wp-content\/uploads\/usu1196\/2017\/04\/que-fem.jpg\" alt=\"que fem\" width=\"354\" height=\"208\" \/><\/a><\/p>\n<p>&nbsp;<\/p>\n<h2 class=\"column\" style=\"text-align: center;\"><strong><span style=\"color: #ff0000;\">afa@escolaelscingles.cat<\/span><\/strong><\/h2>\n<p>Com a mares i pares tenim la responsabilitat i obligaci\u00f3 d&#8217;interessar-nos i acompanyar els nostres fills en el seu proc\u00e9s educatiu. Una bona forma de fer-ho \u00e9s mitjan\u00e7ant l&#8217;AFA.<\/p>\n<div class=\"page\" title=\"Page 2\">\n<div class=\"section\">\n<div class=\"layoutArea\">\n<p>Fem d&#8217;interlocutor amb\u00a0 els mestres i equip directiu per abordar \/ afrontar\u00a0 els aspectes\u00a0 que afecten, inquieten, interessen, suggereixen\u00a0\u00a0 les fam\u00edlies\u00a0 i donem suport hum\u00e0, log\u00edstic i econ\u00f2mic a l&#8217;escola.<\/p>\n<p class=\"column\">A continuaci\u00f3 es detallen algunes activitats\/serveis que com a AFA dinamitzem, gestionem i\/o portem a terme:<\/p>\n<ul>\n<li>Servei de menjador escolar SEM<\/li>\n<li>Acollida matinal SAM i servei acollida tarda SAT<\/li>\n<li>Ludoteques<\/li>\n<li>Servei de socialitzaci\u00f3 i compra col\u00b7lectiva de recursos bibliogr\u00e0fics i digitals<\/li>\n<li>Extraescolars<\/li>\n<li>Festes: castanyada,Santa Cec\u00edlia, festa fi de curs,\u2026<\/li>\n<li>Pla Catal\u00e0 de l&#8217;Esport<\/li>\n<li>Participaci\u00f3 activa al Consell Escolar amb un membre de la junta.<\/li>\n<li>Comunicaci\u00f3 amb fam\u00edlies: mails, whatsapp a delegades, notes informatives, reunions d&#8217;inici de curs.<\/li>\n<li>Mantenim informats als delegats de cada curs, per tal que arribi tota la informaci\u00f3<\/li>\n<li>Escola de pares, organitzem xerrades i tallers per els pares i mares<\/li>\n<li>Nius, not\u00edcies\u2026.<\/li>\n<li>Comunicaci\u00f3 constant amb l&#8217;ajuntament<\/li>\n<\/ul>\n<p class=\"column\">*Podeu consultar els<strong> <a href=\"https:\/\/afaelscingles.cat\/public\/estatuts.php\" target=\"_blank\" rel=\"noopener\">Estatuts AFA<\/a> <\/strong>i la <strong><a href=\"https:\/\/afaelscingles.cat\/public\/assamblea.php\" target=\"_blank\" rel=\"noopener\">MEM\u00d2RIA CURS ANTERIOR <\/a><\/strong>per ampliar informaci\u00f3.<\/p>\n<p class=\"column\" style=\"text-align: center;\"><strong>Ser part activa de l\u2019AFA \u00e9s possible, posa\u2019t en contacte amb nosaltres.<\/strong><\/p>\n<p class=\"column\" style=\"text-align: center;\"><strong>Hi ha molta feina per fer; diferents comissions de treball, projectes&#8230; sempre amb la mirada posada en el benefici de la escola i alumnes, en un ensenyament i proc\u00e9s educatiu de qualitat.<\/strong><\/p>\n<p class=\"column\" style=\"text-align: center;\"><strong>Si vols formar part de la junta, de qualsevol comissi\u00f3 de treball o simplement ens vols fer, saber, suggerir\u00a0 alguna cosa, escriu-nos un correu i et respondrem tan aviat com ens sigui possible<\/strong><\/p>\n<\/div>\n<h2 class=\"column\" style=\"text-align: center;\"><strong><span style=\"color: #ff0000;\">afa@escolaelscingles.cat <\/span><\/strong><\/h2>\n<p>&nbsp;<\/p>\n<\/div>\n<\/div>\n<h4 class=\"column\" style=\"text-align: left;\"><span style=\"color: #000080;\"><strong><u> <a style=\"color: #000080;\" href=\"https:\/\/afaelscingles.cat\/main\/forms\/AFA_Alta.php\" target=\"_blank\" rel=\"noopener\">Full Adhesi\u00f3 AFA<\/a><\/u><\/strong><\/span><\/h4>\n","protected":false},"excerpt":{"rendered":"<p>&nbsp; &nbsp; afa@escolaelscingles.cat Com a mares i pares tenim la responsabilitat i obligaci\u00f3 d&#8217;interessar-nos i acompanyar els nostres fills en el seu proc\u00e9s educatiu. Una bona forma de fer-ho \u00e9s mitjan\u00e7ant l&#8217;AFA. Fem d&#8217;interlocutor amb\u00a0 els mestres i equip directiu per abordar \/ afrontar\u00a0 els aspectes\u00a0 que afecten, inquieten, interessen, suggereixen\u00a0\u00a0 les fam\u00edlies\u00a0 i donem [&hellip;]<\/p>\n","protected":false},"author":5,"featured_media":0,"parent":1217,"menu_order":2,"comment_status":"closed","ping_status":"closed","template":"page-templates\/side-menu.php","meta":{"_bbp_topic_count":0,"_bbp_reply_count":0,"_bbp_total_topic_count":0,"_bbp_total_reply_count":0,"_bbp_voice_count":0,"_bbp_anonymous_reply_count":0,"_bbp_topic_count_hidden":0,"_bbp_reply_count_hidden":0,"_bbp_forum_subforum_count":0,"site-sidebar-layout":"default","site-content-layout":"","ast-site-content-layout":"","site-content-style":"default","site-sidebar-style":"default","ast-global-header-display":"","ast-banner-title-visibility":"","ast-main-header-display":"","ast-hfb-above-header-display":"","ast-hfb-below-header-display":"","ast-hfb-mobile-header-display":"","site-post-title":"","ast-breadcrumbs-content":"","ast-featured-img":"","footer-sml-layout":"","theme-transparent-header-meta":"","adv-header-id-meta":"","stick-header-meta":"","header-above-stick-meta":"","header-main-stick-meta":"","header-below-stick-meta":"","astra-migrate-meta-layouts":"default","ast-page-background-enabled":"default","ast-page-background-meta":{"desktop":{"background-color":"var(--ast-global-color-4)","background-image":"","background-repeat":"repeat","background-position":"center center","background-size":"auto","background-attachment":"scroll","background-type":"","background-media":"","overlay-type":"","overlay-color":"","overlay-opacity":"","overlay-gradient":""},"tablet":{"background-color":"","background-image":"","background-repeat":"repeat","background-position":"center center","background-size":"auto","background-attachment":"scroll","background-type":"","background-media":"","overlay-type":"","overlay-color":"","overlay-opacity":"","overlay-gradient":""},"mobile":{"background-color":"","background-image":"","background-repeat":"repeat","background-position":"center center","background-size":"auto","background-attachment":"scroll","background-type":"","background-media":"","overlay-type":"","overlay-color":"","overlay-opacity":"","overlay-gradient":""}},"ast-content-background-meta":{"desktop":{"background-color":"var(--ast-global-color-5)","background-image":"","background-repeat":"repeat","background-position":"center center","background-size":"auto","background-attachment":"scroll","background-type":"","background-media":"","overlay-type":"","overlay-color":"","overlay-opacity":"","overlay-gradient":""},"tablet":{"background-color":"var(--ast-global-color-5)","background-image":"","background-repeat":"repeat","background-position":"center center","background-size":"auto","background-attachment":"scroll","background-type":"","background-media":"","overlay-type":"","overlay-color":"","overlay-opacity":"","overlay-gradient":""},"mobile":{"background-color":"var(--ast-global-color-5)","background-image":"","background-repeat":"repeat","background-position":"center center","background-size":"auto","background-attachment":"scroll","background-type":"","background-media":"","overlay-type":"","overlay-color":"","overlay-opacity":"","overlay-gradient":""}},"footnotes":""},"class_list":["post-1357","page","type-page","status-publish","hentry"],"post_mailing_queue_ids":[],"_links":{"self":[{"href":"https:\/\/agora.xtec.cat\/ceipelscingles\/wp-json\/wp\/v2\/pages\/1357","targetHints":{"allow":["GET"]}}],"collection":[{"href":"https:\/\/agora.xtec.cat\/ceipelscingles\/wp-json\/wp\/v2\/pages"}],"about":[{"href":"https:\/\/agora.xtec.cat\/ceipelscingles\/wp-json\/wp\/v2\/types\/page"}],"author":[{"embeddable":true,"href":"https:\/\/agora.xtec.cat\/ceipelscingles\/wp-json\/wp\/v2\/users\/5"}],"replies":[{"embeddable":true,"href":"https:\/\/agora.xtec.cat\/ceipelscingles\/wp-json\/wp\/v2\/comments?post=1357"}],"version-history":[{"count":5,"href":"https:\/\/agora.xtec.cat\/ceipelscingles\/wp-json\/wp\/v2\/pages\/1357\/revisions"}],"predecessor-version":[{"id":13606,"href":"https:\/\/agora.xtec.cat\/ceipelscingles\/wp-json\/wp\/v2\/pages\/1357\/revisions\/13606"}],"up":[{"embeddable":true,"href":"https:\/\/agora.xtec.cat\/ceipelscingles\/wp-json\/wp\/v2\/pages\/1217"}],"wp:attachment":[{"href":"https:\/\/agora.xtec.cat\/ceipelscingles\/wp-json\/wp\/v2\/media?parent=1357"}],"curies":[{"name":"wp","href":"https:\/\/api.w.org\/{rel}","templated":true}]}}