{"id":13498,"date":"2025-02-17T22:33:35","date_gmt":"2025-02-17T21:33:35","guid":{"rendered":"https:\/\/agora.xtec.cat\/ceipelscingles\/?page_id=13498"},"modified":"2026-01-29T15:45:48","modified_gmt":"2026-01-29T14:45:48","slug":"linfocingles","status":"publish","type":"page","link":"https:\/\/agora.xtec.cat\/ceipelscingles\/projecte-educatiu\/linfocingles\/","title":{"rendered":"L&#8217;InfoCingles"},"content":{"rendered":"<p><span style=\"color: #000000;\">El projecte <i>InfoCingles \u00e9s u<\/i>n projecte que neix de la necessitat de millorar l\u2019\u00fas de la llengua catalana entre l\u2019alumnat. Els objectius principals s\u00f3n: augmentar el ventall de l\u00e8xic i d&#8217;estructures ling\u00fc\u00edstiques pr\u00f2pies de la llengua catalana, desenvolupar l&#8217;habilitat lectora, l&#8217;expressi\u00f3 escrita i la comprensi\u00f3 oral. A m\u00e9s de desenvolupar les compet\u00e8ncies ling\u00fc\u00edstiques, aquest projecte permetr\u00e0 als infants desenvolupar compet\u00e8ncies relacionades amb l&#8217;educaci\u00f3 audiovisual i el seu pensament cr\u00edtic.<\/span><\/p>\n<p><span style=\"color: #000000;\">Cada setmana, un grup de l&#8217;escola ser\u00e0 l&#8217;encarregat de relatar not\u00edcies, d&#8217;informar dels esdeveniments del centre escolar i del poble, de divulgar coneixements relacionats amb el que estan treballant a l&#8217;aula, de fer recomanacions musicals i liter\u00e0ries i de felicitar els companys i companyes que fan anys aquella setmana.\u00a0<\/span><\/p>\n<p><span style=\"color: #000000;\">Amb la dotaci\u00f3 audiovisual que el Departament d\u2019Educaci\u00f3 ha fet a les escoles aquest curs 2024-2025, l\u2019alumnat de prim\u00e0ria enregistrar\u00e0 l&#8217;informatiu que, en format de p\u00f2dcast, permetr\u00e0 a tota la comunitat educativa mantenir-se informada de les \u00faltimes novetats que narri cada grup classe.<\/span><\/p>\n<p><span style=\"color: #000000;\">Setmanalment, trobareu un nou <i>InfoCingle<\/i>s dirigit a tota la comunitat educativa.<\/span><\/p>\n\n\n<div class=\"wp-block-group is-layout-grid wp-container-core-group-is-layout-1 wp-block-group-is-layout-grid\">\n<figure class=\"wp-block-image size-full\"><a href=\"https:\/\/agora.xtec.cat\/ceipelscingles\/podcast-1r-a\/\"><img loading=\"lazy\" decoding=\"async\" width=\"898\" height=\"508\" src=\"https:\/\/agora.xtec.cat\/ceipelscingles\/wp-content\/uploads\/usu1196\/2026\/01\/1r-A-1.png\" alt=\"\" class=\"wp-image-13900\" srcset=\"https:\/\/agora.xtec.cat\/ceipelscingles\/wp-content\/uploads\/usu1196\/2026\/01\/1r-A-1.png 898w, https:\/\/agora.xtec.cat\/ceipelscingles\/wp-content\/uploads\/usu1196\/2026\/01\/1r-A-1-300x170.png 300w, https:\/\/agora.xtec.cat\/ceipelscingles\/wp-content\/uploads\/usu1196\/2026\/01\/1r-A-1-768x434.png 768w\" sizes=\"auto, (max-width: 898px) 100vw, 898px\" \/><\/a><\/figure>\n\n\n\n<figure class=\"wp-block-image size-full\"><a href=\"https:\/\/agora.xtec.cat\/ceipelscingles\/podcast-1r-b\/\"><img loading=\"lazy\" decoding=\"async\" width=\"898\" height=\"508\" src=\"https:\/\/agora.xtec.cat\/ceipelscingles\/wp-content\/uploads\/usu1196\/2026\/01\/1r-B-1.png\" alt=\"\" class=\"wp-image-13902\" srcset=\"https:\/\/agora.xtec.cat\/ceipelscingles\/wp-content\/uploads\/usu1196\/2026\/01\/1r-B-1.png 898w, https:\/\/agora.xtec.cat\/ceipelscingles\/wp-content\/uploads\/usu1196\/2026\/01\/1r-B-1-300x170.png 300w, https:\/\/agora.xtec.cat\/ceipelscingles\/wp-content\/uploads\/usu1196\/2026\/01\/1r-B-1-768x434.png 768w\" sizes=\"auto, (max-width: 898px) 100vw, 898px\" \/><\/a><\/figure>\n\n\n\n<figure class=\"wp-block-image size-full\"><a href=\"https:\/\/agora.xtec.cat\/ceipelscingles\/podcast-2n\/\"><img loading=\"lazy\" decoding=\"async\" width=\"898\" height=\"508\" src=\"https:\/\/agora.xtec.cat\/ceipelscingles\/wp-content\/uploads\/usu1196\/2026\/01\/2n.png\" alt=\"\" class=\"wp-image-13903\" srcset=\"https:\/\/agora.xtec.cat\/ceipelscingles\/wp-content\/uploads\/usu1196\/2026\/01\/2n.png 898w, https:\/\/agora.xtec.cat\/ceipelscingles\/wp-content\/uploads\/usu1196\/2026\/01\/2n-300x170.png 300w, https:\/\/agora.xtec.cat\/ceipelscingles\/wp-content\/uploads\/usu1196\/2026\/01\/2n-768x434.png 768w\" sizes=\"auto, (max-width: 898px) 100vw, 898px\" \/><\/a><\/figure>\n\n\n\n<figure class=\"wp-block-image size-full\"><a href=\"https:\/\/agora.xtec.cat\/ceipelscingles\/podcast-3r\/\"><img loading=\"lazy\" decoding=\"async\" width=\"898\" height=\"508\" src=\"https:\/\/agora.xtec.cat\/ceipelscingles\/wp-content\/uploads\/usu1196\/2026\/01\/3r.png\" alt=\"\" class=\"wp-image-13904\" srcset=\"https:\/\/agora.xtec.cat\/ceipelscingles\/wp-content\/uploads\/usu1196\/2026\/01\/3r.png 898w, https:\/\/agora.xtec.cat\/ceipelscingles\/wp-content\/uploads\/usu1196\/2026\/01\/3r-300x170.png 300w, https:\/\/agora.xtec.cat\/ceipelscingles\/wp-content\/uploads\/usu1196\/2026\/01\/3r-768x434.png 768w\" sizes=\"auto, (max-width: 898px) 100vw, 898px\" \/><\/a><\/figure>\n\n\n\n<figure class=\"wp-block-image size-full\"><a href=\"https:\/\/agora.xtec.cat\/ceipelscingles\/podcast-4t\/\"><img loading=\"lazy\" decoding=\"async\" width=\"898\" height=\"508\" src=\"https:\/\/agora.xtec.cat\/ceipelscingles\/wp-content\/uploads\/usu1196\/2026\/01\/4t.png\" alt=\"\" class=\"wp-image-13905\" srcset=\"https:\/\/agora.xtec.cat\/ceipelscingles\/wp-content\/uploads\/usu1196\/2026\/01\/4t.png 898w, https:\/\/agora.xtec.cat\/ceipelscingles\/wp-content\/uploads\/usu1196\/2026\/01\/4t-300x170.png 300w, https:\/\/agora.xtec.cat\/ceipelscingles\/wp-content\/uploads\/usu1196\/2026\/01\/4t-768x434.png 768w\" sizes=\"auto, (max-width: 898px) 100vw, 898px\" \/><\/a><\/figure>\n\n\n\n<figure class=\"wp-block-image size-full\"><a href=\"https:\/\/agora.xtec.cat\/ceipelscingles\/podcast-5e\/\"><img loading=\"lazy\" decoding=\"async\" width=\"898\" height=\"508\" src=\"https:\/\/agora.xtec.cat\/ceipelscingles\/wp-content\/uploads\/usu1196\/2026\/01\/5e-1.png\" alt=\"\" class=\"wp-image-13907\" srcset=\"https:\/\/agora.xtec.cat\/ceipelscingles\/wp-content\/uploads\/usu1196\/2026\/01\/5e-1.png 898w, https:\/\/agora.xtec.cat\/ceipelscingles\/wp-content\/uploads\/usu1196\/2026\/01\/5e-1-300x170.png 300w, https:\/\/agora.xtec.cat\/ceipelscingles\/wp-content\/uploads\/usu1196\/2026\/01\/5e-1-768x434.png 768w\" sizes=\"auto, (max-width: 898px) 100vw, 898px\" \/><\/a><\/figure>\n\n\n\n<figure class=\"wp-block-image size-full\"><a href=\"https:\/\/agora.xtec.cat\/ceipelscingles\/podcast-6e-a\/\"><img loading=\"lazy\" decoding=\"async\" width=\"898\" height=\"508\" src=\"https:\/\/agora.xtec.cat\/ceipelscingles\/wp-content\/uploads\/usu1196\/2026\/01\/6e-A.png\" alt=\"\" class=\"wp-image-13908\" srcset=\"https:\/\/agora.xtec.cat\/ceipelscingles\/wp-content\/uploads\/usu1196\/2026\/01\/6e-A.png 898w, https:\/\/agora.xtec.cat\/ceipelscingles\/wp-content\/uploads\/usu1196\/2026\/01\/6e-A-300x170.png 300w, https:\/\/agora.xtec.cat\/ceipelscingles\/wp-content\/uploads\/usu1196\/2026\/01\/6e-A-768x434.png 768w\" sizes=\"auto, (max-width: 898px) 100vw, 898px\" \/><\/a><\/figure>\n\n\n\n<figure class=\"wp-block-image size-full\"><a href=\"https:\/\/agora.xtec.cat\/ceipelscingles\/podcast-6e-b\/\"><img loading=\"lazy\" decoding=\"async\" width=\"898\" height=\"508\" src=\"https:\/\/agora.xtec.cat\/ceipelscingles\/wp-content\/uploads\/usu1196\/2026\/01\/6e-B.png\" alt=\"\" class=\"wp-image-13909\" srcset=\"https:\/\/agora.xtec.cat\/ceipelscingles\/wp-content\/uploads\/usu1196\/2026\/01\/6e-B.png 898w, https:\/\/agora.xtec.cat\/ceipelscingles\/wp-content\/uploads\/usu1196\/2026\/01\/6e-B-300x170.png 300w, https:\/\/agora.xtec.cat\/ceipelscingles\/wp-content\/uploads\/usu1196\/2026\/01\/6e-B-768x434.png 768w\" sizes=\"auto, (max-width: 898px) 100vw, 898px\" \/><\/a><\/figure>\n<\/div>\n\n\n\n<p><\/p>\n","protected":false},"excerpt":{"rendered":"<p>El projecte InfoCingles \u00e9s un projecte que neix de la necessitat de millorar l\u2019\u00fas de la llengua catalana entre l\u2019alumnat. Els objectius principals s\u00f3n: augmentar el ventall de l\u00e8xic i d&#8217;estructures ling\u00fc\u00edstiques pr\u00f2pies de la llengua catalana, desenvolupar l&#8217;habilitat lectora, l&#8217;expressi\u00f3 escrita i la comprensi\u00f3 oral. A m\u00e9s de desenvolupar les compet\u00e8ncies ling\u00fc\u00edstiques, aquest projecte [&hellip;]<\/p>\n","protected":false},"author":1,"featured_media":0,"parent":64,"menu_order":2,"comment_status":"closed","ping_status":"closed","template":"page-templates\/side-menu.php","meta":{"_bbp_topic_count":0,"_bbp_reply_count":0,"_bbp_total_topic_count":0,"_bbp_total_reply_count":0,"_bbp_voice_count":0,"_bbp_anonymous_reply_count":0,"_bbp_topic_count_hidden":0,"_bbp_reply_count_hidden":0,"_bbp_forum_subforum_count":0,"site-sidebar-layout":"default","site-content-layout":"","ast-site-content-layout":"default","site-content-style":"default","site-sidebar-style":"default","ast-global-header-display":"","ast-banner-title-visibility":"","ast-main-header-display":"","ast-hfb-above-header-display":"","ast-hfb-below-header-display":"","ast-hfb-mobile-header-display":"","site-post-title":"","ast-breadcrumbs-content":"","ast-featured-img":"","footer-sml-layout":"","theme-transparent-header-meta":"","adv-header-id-meta":"","stick-header-meta":"","header-above-stick-meta":"","header-main-stick-meta":"","header-below-stick-meta":"","astra-migrate-meta-layouts":"set","ast-page-background-enabled":"default","ast-page-background-meta":{"desktop":{"background-color":"var(--ast-global-color-4)","background-image":"","background-repeat":"repeat","background-position":"center center","background-size":"auto","background-attachment":"scroll","background-type":"","background-media":"","overlay-type":"","overlay-color":"","overlay-opacity":"","overlay-gradient":""},"tablet":{"background-color":"","background-image":"","background-repeat":"repeat","background-position":"center center","background-size":"auto","background-attachment":"scroll","background-type":"","background-media":"","overlay-type":"","overlay-color":"","overlay-opacity":"","overlay-gradient":""},"mobile":{"background-color":"","background-image":"","background-repeat":"repeat","background-position":"center center","background-size":"auto","background-attachment":"scroll","background-type":"","background-media":"","overlay-type":"","overlay-color":"","overlay-opacity":"","overlay-gradient":""}},"ast-content-background-meta":{"desktop":{"background-color":"var(--ast-global-color-5)","background-image":"","background-repeat":"repeat","background-position":"center center","background-size":"auto","background-attachment":"scroll","background-type":"","background-media":"","overlay-type":"","overlay-color":"","overlay-opacity":"","overlay-gradient":""},"tablet":{"background-color":"var(--ast-global-color-5)","background-image":"","background-repeat":"repeat","background-position":"center center","background-size":"auto","background-attachment":"scroll","background-type":"","background-media":"","overlay-type":"","overlay-color":"","overlay-opacity":"","overlay-gradient":""},"mobile":{"background-color":"var(--ast-global-color-5)","background-image":"","background-repeat":"repeat","background-position":"center center","background-size":"auto","background-attachment":"scroll","background-type":"","background-media":"","overlay-type":"","overlay-color":"","overlay-opacity":"","overlay-gradient":""}},"footnotes":""},"class_list":["post-13498","page","type-page","status-publish","hentry"],"post_mailing_queue_ids":[],"_links":{"self":[{"href":"https:\/\/agora.xtec.cat\/ceipelscingles\/wp-json\/wp\/v2\/pages\/13498","targetHints":{"allow":["GET"]}}],"collection":[{"href":"https:\/\/agora.xtec.cat\/ceipelscingles\/wp-json\/wp\/v2\/pages"}],"about":[{"href":"https:\/\/agora.xtec.cat\/ceipelscingles\/wp-json\/wp\/v2\/types\/page"}],"author":[{"embeddable":true,"href":"https:\/\/agora.xtec.cat\/ceipelscingles\/wp-json\/wp\/v2\/users\/1"}],"replies":[{"embeddable":true,"href":"https:\/\/agora.xtec.cat\/ceipelscingles\/wp-json\/wp\/v2\/comments?post=13498"}],"version-history":[{"count":6,"href":"https:\/\/agora.xtec.cat\/ceipelscingles\/wp-json\/wp\/v2\/pages\/13498\/revisions"}],"predecessor-version":[{"id":13965,"href":"https:\/\/agora.xtec.cat\/ceipelscingles\/wp-json\/wp\/v2\/pages\/13498\/revisions\/13965"}],"up":[{"embeddable":true,"href":"https:\/\/agora.xtec.cat\/ceipelscingles\/wp-json\/wp\/v2\/pages\/64"}],"wp:attachment":[{"href":"https:\/\/agora.xtec.cat\/ceipelscingles\/wp-json\/wp\/v2\/media?parent=13498"}],"curies":[{"name":"wp","href":"https:\/\/api.w.org\/{rel}","templated":true}]}}