{"id":1241,"date":"2017-03-21T16:04:55","date_gmt":"2017-03-21T15:04:55","guid":{"rendered":"http:\/\/agora.xtec.cat\/ceipelscingles\/?page_id=1241"},"modified":"2026-02-19T19:57:38","modified_gmt":"2026-02-19T18:57:38","slug":"1menjador","status":"publish","type":"page","link":"https:\/\/agora.xtec.cat\/ceipelscingles\/ampa\/1menjador\/","title":{"rendered":"Servei Escolar de Menjador"},"content":{"rendered":"<table style=\"border-collapse: collapse; width: 100%;\">\n<tbody>\n<tr>\n<td style=\"width: 50%; text-align: center; border: 0;\"><img loading=\"lazy\" decoding=\"async\" class=\"wp-image-9377 aligncenter\" src=\"https:\/\/agora.xtec.cat\/ceipelscingles\/wp-content\/uploads\/usu1196\/2021\/03\/logo-Montse-definitiu.png\" alt=\"\" width=\"135\" height=\"135\" srcset=\"https:\/\/agora.xtec.cat\/ceipelscingles\/wp-content\/uploads\/usu1196\/2021\/03\/logo-Montse-definitiu.png 500w, https:\/\/agora.xtec.cat\/ceipelscingles\/wp-content\/uploads\/usu1196\/2021\/03\/logo-Montse-definitiu-150x150.png 150w, https:\/\/agora.xtec.cat\/ceipelscingles\/wp-content\/uploads\/usu1196\/2021\/03\/logo-Montse-definitiu-300x300.png 300w\" sizes=\"auto, (max-width: 135px) 100vw, 135px\" \/><\/td>\n<td style=\"width: 50%; text-align: center; border: 0;\"><img loading=\"lazy\" decoding=\"async\" class=\"wp-image-3886 aligncenter\" src=\"https:\/\/agora.xtec.cat\/ceipelscingles\/wp-content\/uploads\/usu1196\/2023\/08\/afa-taronja.png\" alt=\"AFA Els Cingles\" width=\"149\" height=\"149\" \/><\/td>\n<\/tr>\n<\/tbody>\n<\/table>\n<p><img loading=\"lazy\" decoding=\"async\" class=\" wp-image-1917 aligncenter\" src=\"https:\/\/agora.xtec.cat\/ceipelscingles\/wp-content\/uploads\/usu1196\/2017\/04\/menjador.png\" alt=\"\" width=\"558\" height=\"284\" srcset=\"https:\/\/agora.xtec.cat\/ceipelscingles\/wp-content\/uploads\/usu1196\/2017\/04\/menjador.png 682w, https:\/\/agora.xtec.cat\/ceipelscingles\/wp-content\/uploads\/usu1196\/2017\/04\/menjador-300x153.png 300w\" sizes=\"auto, (max-width: 558px) 100vw, 558px\" \/><\/p>\n<p><span style=\"font-family: inherit; font-size: 1em;\">El servei de menjador de l&#8217;escola est\u00e0 organitzat per l&#8217;AFA de l&#8217;Escola els Cingles de l&#8217;Ametlla del Vall\u00e8s; la qual amb el vist i plau del Consell Escolar , ha contractat una empresa de serveis que el gestiona.ESPAI MIGDIA\u00a0<\/span><\/p>\n<p style=\"text-align: left;\">El servei de menjador \u00e9s un servei de car\u00e0cter complementari i opcional, i als centres docents p\u00fablics de titularitat del Departament d&#8217;Ensenyament queda regulat pel Decret 160\/1996, de 14 de Maig.<\/p>\n<p style=\"text-align: center;\"><b>Immers<\/b><strong>\u00a0en el marc escolar, el servei de menjador vol ser un espai educatiu, l\u00fadic i saludable.<\/strong><\/p>\n<h2><\/h2>\n<ul>\n<li>\n<h3 style=\"text-align: left;\"><span style=\"color: #000080;\">Contacte menjador: <\/span><span style=\"color: #008000;\">menjador@espaimigdia.cat \/ 938430308\u00a0 \u00a0\/ 680602486<\/span><\/h3>\n<\/li>\n<li>\n<h3><span style=\"color: #000080;\"><span style=\"color: #008000;\">Contacte AFA comissi\u00f3 menjador: <\/span><\/span><span class=\"qu\" tabindex=\"-1\" role=\"gridcell\" translate=\"no\"><span class=\"go\">afa@escolaelscingles.cat<\/span><\/span><\/h3>\n<\/li>\n<\/ul>\n<h2 style=\"text-align: center;\"><strong><img loading=\"lazy\" decoding=\"async\" class=\"\" src=\"https:\/\/image.freepik.com\/vector-gratis\/dibujos-animados-ninos-cocineros_18591-40808.jpg\" alt=\"Resultat d'imatges per a &quot;cocinera dibujos&quot;\" width=\"353\" height=\"353\" \/><br \/>\n<\/strong><\/h2>\n<h2><span style=\"color: #000080;\">Podeu consultar el men\u00fa mensual i propostes de sopar <a href=\"https:\/\/agora.xtec.cat\/ceipelscingles\/menjador\/menus\/\">en aquest enlla\u00e7<\/a>.<br \/>\n<\/span><\/h2>\n<p><iframe loading=\"lazy\" src=\"https:\/\/afaelscingles.cat\/main\/page\/SEM_Quotes.php\" width=\"100%\" height=\"600px\"><\/iframe><\/p>\n<h4 style=\"text-align: left;\"><\/h4>\n<h2><span style=\"color: #ff9900;\">Formularis i documents d&#8217;inter\u00e8s<\/span><\/h2>\n<ul>\n<li style=\"list-style-type: none;\">\n<ul>\n<li>\n<h2><a href=\"https:\/\/afaelscingles.cat\/main\/forms\/SEM_Alta.php\" target=\"_blank\" rel=\"noopener\"><span style=\"color: #000080;\">Formulari Inscripci\u00f3 Menjador <\/span><\/a><\/h2>\n<\/li>\n<li>\n<h2><span style=\"color: #000080;\"><a style=\"color: #000080;\" href=\"https:\/\/afaelscingles.cat\/main\/forms\/SEM_Baixa.php\" target=\"_blank\" rel=\"noopener\">Sol\u00b7licitud de Baixa Menjador<\/a><br \/>\n<\/span><\/h2>\n<\/li>\n<li>\n<h2><strong><a href=\"https:\/\/drive.google.com\/file\/d\/1YJB4BpNzzVWxMnjpsNhGekK2xPHz8LIa\/view?usp=sharing\" target=\"_blank\" rel=\"noopener\">Fitxa Autoritzaci\u00f3 Medicaci\u00f3<\/a><\/strong><\/h2>\n<\/li>\n<li>\n<h2><span style=\"color: #000080;\"><strong><a style=\"color: #000080;\" href=\"https:\/\/drive.google.com\/file\/d\/1kvWWviEvr9rpzFiqtR-sdMRo6ydxSGnI\/view?usp=sharing\" target=\"_blank\" rel=\"noopener\">Informe Intoler\u00e0ncia Aliment\u00e0ria<\/a><\/strong><\/span><\/h2>\n<\/li>\n<li>\n<h4><a href=\"https:\/\/afaelscingles.cat\/\" target=\"_blank\" rel=\"noopener\">Aplicaci\u00f3 web de l&#8217;AFA per gestions:\u00a0 afaelscingles.cat<\/a><\/h4>\n<\/li>\n<\/ul>\n<\/li>\n<\/ul>\n","protected":false},"excerpt":{"rendered":"<p>El servei de menjador de l&#8217;escola est\u00e0 organitzat per l&#8217;AFA de l&#8217;Escola els Cingles de l&#8217;Ametlla del Vall\u00e8s; la qual amb el vist i plau del Consell Escolar , ha contractat una empresa de serveis que el gestiona.ESPAI MIGDIA\u00a0 El servei de menjador \u00e9s un servei de car\u00e0cter complementari i opcional, i als centres docents [&hellip;]<\/p>\n","protected":false},"author":1,"featured_media":0,"parent":1217,"menu_order":4,"comment_status":"closed","ping_status":"closed","template":"page-templates\/side-menu.php","meta":{"_bbp_topic_count":0,"_bbp_reply_count":0,"_bbp_total_topic_count":0,"_bbp_total_reply_count":0,"_bbp_voice_count":0,"_bbp_anonymous_reply_count":0,"_bbp_topic_count_hidden":0,"_bbp_reply_count_hidden":0,"_bbp_forum_subforum_count":0,"site-sidebar-layout":"default","site-content-layout":"","ast-site-content-layout":"default","site-content-style":"default","site-sidebar-style":"default","ast-global-header-display":"","ast-banner-title-visibility":"","ast-main-header-display":"","ast-hfb-above-header-display":"","ast-hfb-below-header-display":"","ast-hfb-mobile-header-display":"","site-post-title":"","ast-breadcrumbs-content":"","ast-featured-img":"","footer-sml-layout":"","theme-transparent-header-meta":"","adv-header-id-meta":"","stick-header-meta":"","header-above-stick-meta":"","header-main-stick-meta":"","header-below-stick-meta":"","astra-migrate-meta-layouts":"set","ast-page-background-enabled":"default","ast-page-background-meta":{"desktop":{"background-color":"var(--ast-global-color-4)","background-image":"","background-repeat":"repeat","background-position":"center center","background-size":"auto","background-attachment":"scroll","background-type":"","background-media":"","overlay-type":"","overlay-color":"","overlay-opacity":"","overlay-gradient":""},"tablet":{"background-color":"","background-image":"","background-repeat":"repeat","background-position":"center center","background-size":"auto","background-attachment":"scroll","background-type":"","background-media":"","overlay-type":"","overlay-color":"","overlay-opacity":"","overlay-gradient":""},"mobile":{"background-color":"","background-image":"","background-repeat":"repeat","background-position":"center center","background-size":"auto","background-attachment":"scroll","background-type":"","background-media":"","overlay-type":"","overlay-color":"","overlay-opacity":"","overlay-gradient":""}},"ast-content-background-meta":{"desktop":{"background-color":"var(--ast-global-color-5)","background-image":"","background-repeat":"repeat","background-position":"center center","background-size":"auto","background-attachment":"scroll","background-type":"","background-media":"","overlay-type":"","overlay-color":"","overlay-opacity":"","overlay-gradient":""},"tablet":{"background-color":"var(--ast-global-color-5)","background-image":"","background-repeat":"repeat","background-position":"center center","background-size":"auto","background-attachment":"scroll","background-type":"","background-media":"","overlay-type":"","overlay-color":"","overlay-opacity":"","overlay-gradient":""},"mobile":{"background-color":"var(--ast-global-color-5)","background-image":"","background-repeat":"repeat","background-position":"center center","background-size":"auto","background-attachment":"scroll","background-type":"","background-media":"","overlay-type":"","overlay-color":"","overlay-opacity":"","overlay-gradient":""}},"footnotes":""},"class_list":["post-1241","page","type-page","status-publish","hentry"],"post_mailing_queue_ids":[],"_links":{"self":[{"href":"https:\/\/agora.xtec.cat\/ceipelscingles\/wp-json\/wp\/v2\/pages\/1241","targetHints":{"allow":["GET"]}}],"collection":[{"href":"https:\/\/agora.xtec.cat\/ceipelscingles\/wp-json\/wp\/v2\/pages"}],"about":[{"href":"https:\/\/agora.xtec.cat\/ceipelscingles\/wp-json\/wp\/v2\/types\/page"}],"author":[{"embeddable":true,"href":"https:\/\/agora.xtec.cat\/ceipelscingles\/wp-json\/wp\/v2\/users\/1"}],"replies":[{"embeddable":true,"href":"https:\/\/agora.xtec.cat\/ceipelscingles\/wp-json\/wp\/v2\/comments?post=1241"}],"version-history":[{"count":6,"href":"https:\/\/agora.xtec.cat\/ceipelscingles\/wp-json\/wp\/v2\/pages\/1241\/revisions"}],"predecessor-version":[{"id":14010,"href":"https:\/\/agora.xtec.cat\/ceipelscingles\/wp-json\/wp\/v2\/pages\/1241\/revisions\/14010"}],"up":[{"embeddable":true,"href":"https:\/\/agora.xtec.cat\/ceipelscingles\/wp-json\/wp\/v2\/pages\/1217"}],"wp:attachment":[{"href":"https:\/\/agora.xtec.cat\/ceipelscingles\/wp-json\/wp\/v2\/media?parent=1241"}],"curies":[{"name":"wp","href":"https:\/\/api.w.org\/{rel}","templated":true}]}}