{"id":10708,"date":"2021-11-10T18:33:36","date_gmt":"2021-11-10T17:33:36","guid":{"rendered":"https:\/\/agora.xtec.cat\/ceipelscingles\/?page_id=10708"},"modified":"2023-01-24T19:57:42","modified_gmt":"2023-01-24T18:57:42","slug":"erasmus","status":"publish","type":"page","link":"https:\/\/agora.xtec.cat\/ceipelscingles\/projecte-educatiu\/erasmus\/","title":{"rendered":"ERASMUS +"},"content":{"rendered":"<p>La nostra escola, participa en el projecte Erasmus +, promogut per la Comissi\u00f3 Europea per tal de millorar el nivell de compet\u00e8ncies b\u00e0siques, incrementar les possibilitats de mobilitat i millorar la tasca docent i del treball cooperatiu.<br \/>\nAquest projecte s&#8217;anomena TOGETHER (Teachers On a Great Experience THroughut EuRope)i est\u00e0 format per 8 escoles de la zona. TOGETHER est\u00e0 coordinat i dirigit pel CRP del Servei Educatiu del Vall\u00e8s Oriental IV de Bigues i Riells i cofinan\u00e7at pel programa ERASMUS + de la Uni\u00f3 Europea.<br \/>\nEl projecte t\u00e9 una durada de 18 mesos. a trav\u00e9s de la dotaci\u00f3 econ\u00f2mica rebuda, mestres representants de cada escola, realitzaran diversos cursos de formaci\u00f3 i visites a centres educatius pioners d&#8217;arreu de la Uni\u00f3 europea, aix\u00ed com assistir a diferents jornades pedag\u00f2giques organitzades per experts.<br \/>\nEls objectius del programa s\u00f3n:<br \/>\n1. Millorar la compet\u00e8ncia digital docent.<br \/>\n2. Promoure i integrar metodologies innovadores en l&#8217;\u00e0rea de llengua anglesa.<br \/>\n3. Promoure la internacionalitzaci\u00f3 dels centres educatius de la zona.<\/p>\n<p>La finalitat \u00e9s formar-nos a nivell de centre i fer-ne difusi\u00f3 a tota la comunitat educativa de la zona.<\/p>\n<p>We are looking forward to starting this new adventure TOGETHER!<\/p>\n<p>&nbsp;<\/p>\n<h2><strong>CLIQUEU LA IMATGE<\/strong><\/h2>\n<p><a href=\"https:\/\/serveiseducatius.xtec.cat\/vallesoriental4\/categoria\/erasmus-together\/\"><img loading=\"lazy\" decoding=\"async\" class=\"alignnone size-medium wp-image-10707\" src=\"https:\/\/agora.xtec.cat\/ceipelscingles\/wp-content\/uploads\/usu1196\/2021\/11\/27f113cc-67d5-4fe3-bda2-18080e365f02-300x212.jpg\" alt=\"\" width=\"300\" height=\"212\" srcset=\"https:\/\/agora.xtec.cat\/ceipelscingles\/wp-content\/uploads\/usu1196\/2021\/11\/27f113cc-67d5-4fe3-bda2-18080e365f02-300x212.jpg 300w, https:\/\/agora.xtec.cat\/ceipelscingles\/wp-content\/uploads\/usu1196\/2021\/11\/27f113cc-67d5-4fe3-bda2-18080e365f02-768x543.jpg 768w, https:\/\/agora.xtec.cat\/ceipelscingles\/wp-content\/uploads\/usu1196\/2021\/11\/27f113cc-67d5-4fe3-bda2-18080e365f02.jpg 1024w\" sizes=\"auto, (max-width: 300px) 100vw, 300px\" \/><\/a><\/p>\n","protected":false},"excerpt":{"rendered":"<p>La nostra escola, participa en el projecte Erasmus +, promogut per la Comissi\u00f3 Europea per tal de millorar el nivell de compet\u00e8ncies b\u00e0siques, incrementar les possibilitats de mobilitat i millorar la tasca docent i del treball cooperatiu. Aquest projecte s&#8217;anomena TOGETHER (Teachers On a Great Experience THroughut EuRope)i est\u00e0 format per 8 escoles de la [&hellip;]<\/p>\n","protected":false},"author":1,"featured_media":0,"parent":64,"menu_order":3,"comment_status":"closed","ping_status":"closed","template":"page-templates\/side-menu.php","meta":{"_bbp_topic_count":0,"_bbp_reply_count":0,"_bbp_total_topic_count":0,"_bbp_total_reply_count":0,"_bbp_voice_count":0,"_bbp_anonymous_reply_count":0,"_bbp_topic_count_hidden":0,"_bbp_reply_count_hidden":0,"_bbp_forum_subforum_count":0,"site-sidebar-layout":"default","site-content-layout":"","ast-site-content-layout":"","site-content-style":"default","site-sidebar-style":"default","ast-global-header-display":"","ast-banner-title-visibility":"","ast-main-header-display":"","ast-hfb-above-header-display":"","ast-hfb-below-header-display":"","ast-hfb-mobile-header-display":"","site-post-title":"","ast-breadcrumbs-content":"","ast-featured-img":"","footer-sml-layout":"","theme-transparent-header-meta":"","adv-header-id-meta":"","stick-header-meta":"","header-above-stick-meta":"","header-main-stick-meta":"","header-below-stick-meta":"","astra-migrate-meta-layouts":"default","ast-page-background-enabled":"default","ast-page-background-meta":{"desktop":{"background-color":"var(--ast-global-color-4)","background-image":"","background-repeat":"repeat","background-position":"center center","background-size":"auto","background-attachment":"scroll","background-type":"","background-media":"","overlay-type":"","overlay-color":"","overlay-opacity":"","overlay-gradient":""},"tablet":{"background-color":"","background-image":"","background-repeat":"repeat","background-position":"center center","background-size":"auto","background-attachment":"scroll","background-type":"","background-media":"","overlay-type":"","overlay-color":"","overlay-opacity":"","overlay-gradient":""},"mobile":{"background-color":"","background-image":"","background-repeat":"repeat","background-position":"center center","background-size":"auto","background-attachment":"scroll","background-type":"","background-media":"","overlay-type":"","overlay-color":"","overlay-opacity":"","overlay-gradient":""}},"ast-content-background-meta":{"desktop":{"background-color":"var(--ast-global-color-5)","background-image":"","background-repeat":"repeat","background-position":"center center","background-size":"auto","background-attachment":"scroll","background-type":"","background-media":"","overlay-type":"","overlay-color":"","overlay-opacity":"","overlay-gradient":""},"tablet":{"background-color":"var(--ast-global-color-5)","background-image":"","background-repeat":"repeat","background-position":"center center","background-size":"auto","background-attachment":"scroll","background-type":"","background-media":"","overlay-type":"","overlay-color":"","overlay-opacity":"","overlay-gradient":""},"mobile":{"background-color":"var(--ast-global-color-5)","background-image":"","background-repeat":"repeat","background-position":"center center","background-size":"auto","background-attachment":"scroll","background-type":"","background-media":"","overlay-type":"","overlay-color":"","overlay-opacity":"","overlay-gradient":""}},"footnotes":""},"class_list":["post-10708","page","type-page","status-publish","hentry"],"post_mailing_queue_ids":[],"_links":{"self":[{"href":"https:\/\/agora.xtec.cat\/ceipelscingles\/wp-json\/wp\/v2\/pages\/10708","targetHints":{"allow":["GET"]}}],"collection":[{"href":"https:\/\/agora.xtec.cat\/ceipelscingles\/wp-json\/wp\/v2\/pages"}],"about":[{"href":"https:\/\/agora.xtec.cat\/ceipelscingles\/wp-json\/wp\/v2\/types\/page"}],"author":[{"embeddable":true,"href":"https:\/\/agora.xtec.cat\/ceipelscingles\/wp-json\/wp\/v2\/users\/1"}],"replies":[{"embeddable":true,"href":"https:\/\/agora.xtec.cat\/ceipelscingles\/wp-json\/wp\/v2\/comments?post=10708"}],"version-history":[{"count":4,"href":"https:\/\/agora.xtec.cat\/ceipelscingles\/wp-json\/wp\/v2\/pages\/10708\/revisions"}],"predecessor-version":[{"id":12045,"href":"https:\/\/agora.xtec.cat\/ceipelscingles\/wp-json\/wp\/v2\/pages\/10708\/revisions\/12045"}],"up":[{"embeddable":true,"href":"https:\/\/agora.xtec.cat\/ceipelscingles\/wp-json\/wp\/v2\/pages\/64"}],"wp:attachment":[{"href":"https:\/\/agora.xtec.cat\/ceipelscingles\/wp-json\/wp\/v2\/media?parent=10708"}],"curies":[{"name":"wp","href":"https:\/\/api.w.org\/{rel}","templated":true}]}}