{"id":80,"date":"2014-09-18T14:09:48","date_gmt":"2014-09-18T13:09:48","guid":{"rendered":"http:\/\/agora.xtec.cat\/ceipelsametllers\/?page_id=80"},"modified":"2025-04-26T10:54:27","modified_gmt":"2025-04-26T08:54:27","slug":"transport-escolar","status":"publish","type":"page","link":"https:\/\/agora.xtec.cat\/ceipelsametllers\/serveis\/transport-escolar\/","title":{"rendered":"Transport"},"content":{"rendered":"<p>L&#8217;ajuntament ofereix uns monitors que acompanyen als nens durant el trajecte del bus de l\u00ednia Torredembarra-La Pobla de Montorn\u00e8s, des de la porta de l&#8217;escola fins a les parades de bus d&#8217;on viuen, a les entrades i sortides de l&#8217;horari escolar.<\/p>\n<p>Per a fer-se el carnet d&#8217;\u00fas d&#8217;aquest servei cal adre\u00e7ar-se a l&#8217;Ajuntament de La Pobla de Montorn\u00e8s.<\/p>\n","protected":false},"excerpt":{"rendered":"<p>L&#8217;ajuntament ofereix uns monitors que acompanyen als nens durant el trajecte del bus de l\u00ednia Torredembarra-La Pobla de Montorn\u00e8s, des de la porta de l&#8217;escola fins a les parades de bus d&#8217;on viuen, a les entrades i sortides de l&#8217;horari escolar.<br \/>\nPer a fer-se el carnet&hellip;  <a href=\"https:\/\/agora.xtec.cat\/ceipelsametllers\/serveis\/transport-escolar\/\" title=\"Read Transport\">Llegeix m\u00e9s\u00bb<\/a><\/p>\n","protected":false},"author":1,"featured_media":0,"parent":66,"menu_order":40,"comment_status":"closed","ping_status":"closed","template":"page-templates\/side-menu.php","meta":{"_bbp_topic_count":0,"_bbp_reply_count":0,"_bbp_total_topic_count":0,"_bbp_total_reply_count":0,"_bbp_voice_count":0,"_bbp_anonymous_reply_count":0,"_bbp_topic_count_hidden":0,"_bbp_reply_count_hidden":0,"_bbp_forum_subforum_count":0,"footnotes":""},"class_list":["post-80","page","type-page","status-publish","hentry"],"post_mailing_queue_ids":[],"_links":{"self":[{"href":"https:\/\/agora.xtec.cat\/ceipelsametllers\/wp-json\/wp\/v2\/pages\/80","targetHints":{"allow":["GET"]}}],"collection":[{"href":"https:\/\/agora.xtec.cat\/ceipelsametllers\/wp-json\/wp\/v2\/pages"}],"about":[{"href":"https:\/\/agora.xtec.cat\/ceipelsametllers\/wp-json\/wp\/v2\/types\/page"}],"author":[{"embeddable":true,"href":"https:\/\/agora.xtec.cat\/ceipelsametllers\/wp-json\/wp\/v2\/users\/1"}],"replies":[{"embeddable":true,"href":"https:\/\/agora.xtec.cat\/ceipelsametllers\/wp-json\/wp\/v2\/comments?post=80"}],"version-history":[{"count":4,"href":"https:\/\/agora.xtec.cat\/ceipelsametllers\/wp-json\/wp\/v2\/pages\/80\/revisions"}],"predecessor-version":[{"id":4802,"href":"https:\/\/agora.xtec.cat\/ceipelsametllers\/wp-json\/wp\/v2\/pages\/80\/revisions\/4802"}],"up":[{"embeddable":true,"href":"https:\/\/agora.xtec.cat\/ceipelsametllers\/wp-json\/wp\/v2\/pages\/66"}],"wp:attachment":[{"href":"https:\/\/agora.xtec.cat\/ceipelsametllers\/wp-json\/wp\/v2\/media?parent=80"}],"curies":[{"name":"wp","href":"https:\/\/api.w.org\/{rel}","templated":true}]}}