{"id":34,"date":"2014-09-18T12:32:18","date_gmt":"2014-09-18T11:32:18","guid":{"rendered":"http:\/\/agora.xtec.cat\/ceipelsametllers\/?page_id=34"},"modified":"2020-11-06T15:45:33","modified_gmt":"2020-11-06T14:45:33","slug":"oferta-educativa","status":"publish","type":"page","link":"https:\/\/agora.xtec.cat\/ceipelsametllers\/lescola\/oferta-educativa\/","title":{"rendered":"Oferta educativa"},"content":{"rendered":"<p>L&#8217;escola ofereix els seg\u00fcents cursos.<\/p>\n<p><strong>Educaci\u00f3 infantil:<\/strong><\/p>\n<p>P3<\/p>\n<p>P4<\/p>\n<p>P5<\/p>\n<p><strong>Educaci\u00f3 prim\u00e0ria:<\/strong><\/p>\n<p>Cicle inicial: 1rA, 1rB, 2nA i 2nB<\/p>\n<p>Cicle mitj\u00e0: 3r i 4t<\/p>\n<p>Cicle superior: 5\u00e8 i 6\u00e8A &#8211; 6\u00e8B<\/p>\n<p>&nbsp;<\/p>\n","protected":false},"excerpt":{"rendered":"<p>L&#8217;escola ofereix els seg\u00fcents cursos.<br \/>\nEducaci\u00f3 infantil:<br \/>\nP3<br \/>\nP4<br \/>\nP5<br \/>\nEducaci\u00f3 prim\u00e0ria:<br \/>\nCicle inicial: 1rA, 1rB, 2nA i 2nB<br \/>\nCicle mitj\u00e0: 3r i 4t<br \/>\nCicle superior: 5\u00e8 i 6\u00e8A &#8211; 6\u00e8B<br \/>\n&nbsp;<\/p>\n","protected":false},"author":1,"featured_media":0,"parent":22,"menu_order":60,"comment_status":"closed","ping_status":"closed","template":"page-templates\/side-menu.php","meta":{"_bbp_topic_count":0,"_bbp_reply_count":0,"_bbp_total_topic_count":0,"_bbp_total_reply_count":0,"_bbp_voice_count":0,"_bbp_anonymous_reply_count":0,"_bbp_topic_count_hidden":0,"_bbp_reply_count_hidden":0,"_bbp_forum_subforum_count":0,"footnotes":""},"class_list":["post-34","page","type-page","status-publish","hentry"],"post_mailing_queue_ids":[],"_links":{"self":[{"href":"https:\/\/agora.xtec.cat\/ceipelsametllers\/wp-json\/wp\/v2\/pages\/34","targetHints":{"allow":["GET"]}}],"collection":[{"href":"https:\/\/agora.xtec.cat\/ceipelsametllers\/wp-json\/wp\/v2\/pages"}],"about":[{"href":"https:\/\/agora.xtec.cat\/ceipelsametllers\/wp-json\/wp\/v2\/types\/page"}],"author":[{"embeddable":true,"href":"https:\/\/agora.xtec.cat\/ceipelsametllers\/wp-json\/wp\/v2\/users\/1"}],"replies":[{"embeddable":true,"href":"https:\/\/agora.xtec.cat\/ceipelsametllers\/wp-json\/wp\/v2\/comments?post=34"}],"version-history":[{"count":4,"href":"https:\/\/agora.xtec.cat\/ceipelsametllers\/wp-json\/wp\/v2\/pages\/34\/revisions"}],"predecessor-version":[{"id":2393,"href":"https:\/\/agora.xtec.cat\/ceipelsametllers\/wp-json\/wp\/v2\/pages\/34\/revisions\/2393"}],"up":[{"embeddable":true,"href":"https:\/\/agora.xtec.cat\/ceipelsametllers\/wp-json\/wp\/v2\/pages\/22"}],"wp:attachment":[{"href":"https:\/\/agora.xtec.cat\/ceipelsametllers\/wp-json\/wp\/v2\/media?parent=34"}],"curies":[{"name":"wp","href":"https:\/\/api.w.org\/{rel}","templated":true}]}}