{"id":73,"date":"2014-09-18T14:01:51","date_gmt":"2014-09-18T13:01:51","guid":{"rendered":"http:\/\/agora.xtec.cat\/ceipelrodonell\/?page_id=73"},"modified":"2025-10-16T13:10:38","modified_gmt":"2025-10-16T11:10:38","slug":"menjador-escolar","status":"publish","type":"page","link":"https:\/\/agora.xtec.cat\/ceipelrodonell\/serveis\/menjador-escolar\/","title":{"rendered":"Menjador Escolar"},"content":{"rendered":"<p>El servei de menjador de l&#8217;escola posa a disposici\u00f3 dels usuaris un correu electr\u00f2nic, at\u00e8s per la coordinadora, per tal que pugueu comunicar-vos amb ella i pugueu expressar les vostres\u00a0 consultes, dubtes&#8230;<\/p>\n<p><a class=\"moz-txt-link-abbreviated\" href=\"mailto:menjador@elrodonell.cat\">menjador@elrodonell.cat<\/a><\/p>\n<p>Tel\u00e8fon de contacte &#8211; 677 501 073 &#8211; de 09:00 a 10:00 hores.<\/p>\n<p>L&#8217;empresa adjudicat\u00e0ria del servei \u00e9s SERHS FOOD EDUCA.<\/p>\n<p><a href=\"https:\/\/drive.google.com\/file\/d\/1YhIOyWVyX8C8c8p_AJy4gvyPMGqD3_fo\/view?usp=sharing\" target=\"_blank\" rel=\"noopener\">Serhs Food comparteix la presentaci\u00f3 que va fer a la reuni\u00f3 de fam\u00edlies del dia 7\/10\/2025<\/a>.<\/p>\n<p>Aquest curs 2025\/2026 \u00e9s obligatori que tots els usuaris del servei de menjador tinguin feta la sol\u00b7licitud corresponent al Consell Comarcal del Baix Empord\u00e0. Podeu realitzar el tr\u00e0mit a trav\u00e9s de l&#8217;enlla\u00e7 <a href=\"https:\/\/www.baixemporda.cat\/ca\/arees\/ensenyament\/menjador-escolar\/menjador-escolar-483211\/\" data-saferedirecturl=\"https:\/\/www.google.com\/url?q=https:\/\/www.baixemporda.cat\/ca\/arees\/ensenyament\/menjador-escolar\/menjador-escolar-483211\/&amp;source=gmail&amp;ust=1750140990100000&amp;usg=AOvVaw1VKQ5HLX9SH19QVe-u4vbO\">Menjador escolar curs 2025-2026<\/a>.<\/p>\n<p>Per qualsevol dubte tamb\u00e9 podeu contactar amb el centre.<\/p>\n<p>Recordeu que al web del Consell Comarcal tamb\u00e9 hi trobareu tota aquesta informaci\u00f3 &#8211; <a href=\"https:\/\/www.baixemporda.cat\/ca\/arees\/ensenyament\/menjador-escolar\/\">cliqueu aqu\u00ed <\/a><\/p>\n<p>&nbsp;<\/p>\n","protected":false},"excerpt":{"rendered":"<p>El servei de menjador de l&#8217;escola posa a disposici\u00f3 dels usuaris un correu electr\u00f2nic, at\u00e8s per la coordinadora, per tal que pugueu comunicar-vos amb ella i pugueu expressar les vostres\u00a0 consultes, dubtes&#8230; menjador@elrodonell.cat Tel\u00e8fon de contacte &#8211; 677 501 073 &#8211; de 09:00 a 10:00 hores. L&#8217;empresa adjudicat\u00e0ria del servei \u00e9s SERHS FOOD EDUCA. Serhs [&hellip;]<\/p>\n","protected":false},"author":1,"featured_media":0,"parent":66,"menu_order":30,"comment_status":"closed","ping_status":"closed","template":"page-templates\/side-menu.php","meta":{"_bbp_topic_count":0,"_bbp_reply_count":0,"_bbp_total_topic_count":0,"_bbp_total_reply_count":0,"_bbp_voice_count":0,"_bbp_anonymous_reply_count":0,"_bbp_topic_count_hidden":0,"_bbp_reply_count_hidden":0,"_bbp_forum_subforum_count":0,"site-sidebar-layout":"default","site-content-layout":"","ast-site-content-layout":"","site-content-style":"default","site-sidebar-style":"default","ast-global-header-display":"","ast-banner-title-visibility":"","ast-main-header-display":"","ast-hfb-above-header-display":"","ast-hfb-below-header-display":"","ast-hfb-mobile-header-display":"","site-post-title":"","ast-breadcrumbs-content":"","ast-featured-img":"","footer-sml-layout":"","theme-transparent-header-meta":"","adv-header-id-meta":"","stick-header-meta":"","header-above-stick-meta":"","header-main-stick-meta":"","header-below-stick-meta":"","astra-migrate-meta-layouts":"default","ast-page-background-enabled":"default","ast-page-background-meta":{"desktop":{"background-color":"var(--ast-global-color-4)","background-image":"","background-repeat":"repeat","background-position":"center center","background-size":"auto","background-attachment":"scroll","background-type":"","background-media":"","overlay-type":"","overlay-color":"","overlay-opacity":"","overlay-gradient":""},"tablet":{"background-color":"","background-image":"","background-repeat":"repeat","background-position":"center center","background-size":"auto","background-attachment":"scroll","background-type":"","background-media":"","overlay-type":"","overlay-color":"","overlay-opacity":"","overlay-gradient":""},"mobile":{"background-color":"","background-image":"","background-repeat":"repeat","background-position":"center center","background-size":"auto","background-attachment":"scroll","background-type":"","background-media":"","overlay-type":"","overlay-color":"","overlay-opacity":"","overlay-gradient":""}},"ast-content-background-meta":{"desktop":{"background-color":"var(--ast-global-color-5)","background-image":"","background-repeat":"repeat","background-position":"center center","background-size":"auto","background-attachment":"scroll","background-type":"","background-media":"","overlay-type":"","overlay-color":"","overlay-opacity":"","overlay-gradient":""},"tablet":{"background-color":"var(--ast-global-color-5)","background-image":"","background-repeat":"repeat","background-position":"center center","background-size":"auto","background-attachment":"scroll","background-type":"","background-media":"","overlay-type":"","overlay-color":"","overlay-opacity":"","overlay-gradient":""},"mobile":{"background-color":"var(--ast-global-color-5)","background-image":"","background-repeat":"repeat","background-position":"center center","background-size":"auto","background-attachment":"scroll","background-type":"","background-media":"","overlay-type":"","overlay-color":"","overlay-opacity":"","overlay-gradient":""}},"footnotes":""},"class_list":["post-73","page","type-page","status-publish","hentry"],"post_mailing_queue_ids":[],"_links":{"self":[{"href":"https:\/\/agora.xtec.cat\/ceipelrodonell\/wp-json\/wp\/v2\/pages\/73","targetHints":{"allow":["GET"]}}],"collection":[{"href":"https:\/\/agora.xtec.cat\/ceipelrodonell\/wp-json\/wp\/v2\/pages"}],"about":[{"href":"https:\/\/agora.xtec.cat\/ceipelrodonell\/wp-json\/wp\/v2\/types\/page"}],"author":[{"embeddable":true,"href":"https:\/\/agora.xtec.cat\/ceipelrodonell\/wp-json\/wp\/v2\/users\/1"}],"replies":[{"embeddable":true,"href":"https:\/\/agora.xtec.cat\/ceipelrodonell\/wp-json\/wp\/v2\/comments?post=73"}],"version-history":[{"count":6,"href":"https:\/\/agora.xtec.cat\/ceipelrodonell\/wp-json\/wp\/v2\/pages\/73\/revisions"}],"predecessor-version":[{"id":13725,"href":"https:\/\/agora.xtec.cat\/ceipelrodonell\/wp-json\/wp\/v2\/pages\/73\/revisions\/13725"}],"up":[{"embeddable":true,"href":"https:\/\/agora.xtec.cat\/ceipelrodonell\/wp-json\/wp\/v2\/pages\/66"}],"wp:attachment":[{"href":"https:\/\/agora.xtec.cat\/ceipelrodonell\/wp-json\/wp\/v2\/media?parent=73"}],"curies":[{"name":"wp","href":"https:\/\/api.w.org\/{rel}","templated":true}]}}