{"id":13705,"date":"2025-10-15T11:11:15","date_gmt":"2025-10-15T09:11:15","guid":{"rendered":"https:\/\/agora.xtec.cat\/ceipelrodonell\/?page_id=13705"},"modified":"2025-10-15T11:12:51","modified_gmt":"2025-10-15T09:12:51","slug":"retards","status":"publish","type":"page","link":"https:\/\/agora.xtec.cat\/ceipelrodonell\/documents-i-normativa\/retards\/","title":{"rendered":"RETARDS"},"content":{"rendered":"<p><strong>Raons per ser puntual<\/strong><\/p>\n<p>Parlem una mica sobre la puntualitat?<\/p>\n<p>\u00c9sser puntual \u00e9s una norma d\u2019educaci\u00f3 b\u00e0sica: demostra respecte cap al temps dels dem\u00e9s, capacitat d\u2019organitzaci\u00f3 i planificaci\u00f3 del temps, responsabilitat, formalitat, rigor&#8230; \u00c9s important, doncs,\u00a0 ser puntual.<\/p>\n<p>Aquesta \u00e9s una virtut que cal ensenyar des dels primers anys de vida. \u00c9s un h\u00e0bit que cal treballar a casa junt amb la resta de normes i costums que ajuden a establir els nostres horaris i la nostra manera comportar-nos en societat.<\/p>\n<p>A l\u2019escola, com en qualsevol altre lloc, tenim uns horaris i unes normes que haur\u00edem de complir tots i totes.<\/p>\n<p>Les classes comencen a les 9:00h i aix\u00f2 vol dir que hem d\u2019arribar una mica abans per comen\u00e7ar amb bon peu.<\/p>\n<p>Per aquest motiu us demanem que ho treballeu a casa, que mireu de ser puntuals perqu\u00e8 quan un alumne arriba tard destorba a la resta de la classe. Per\u00f2 sobretot: quan un alumne arriba tard, ja comen\u00e7a malament el dia, li costa concentrar-se i, sovint, s\u2019avergonyeix d\u2019haver fet tard.<\/p>\n<p>Esperem, doncs, que feu un esfor\u00e7 per arribar puntuals. Per respecte als altres alumnes, per respecte als mestres i a l\u2019escola, per\u00f2 sobretot: per respecte a l\u2019educaci\u00f3 del vostre fill\/a.<\/p>\n<ul>\n<li>Al llarg del curs, el tutor registrar\u00e0 els retards a la llibreta d\u2019assist\u00e8ncia.<\/li>\n<li>El tutor\/a anota a l\u2019agenda amb una R al dia que es fa tard. I ho firma. Si es registren m\u00e9s de 10 retards al trimestre, el tutor demanar\u00e0 a la fam\u00edlia abans d\u2019entregar l\u2019informe (a trav\u00e9s de mail o agenda o oralment) que passi pel despatx a firmar el registre de retards.<\/li>\n<li>Si la fam\u00edlia no firma, a l\u2019informe quedar\u00e0: queda pendent firmar les faltes d\u2019assist\u00e8ncia i els retards.<\/li>\n<li>La fam\u00edlia ha de firmar conforme que ha superat el lot m\u00e0xim (10 retards, comptant mat\u00ed i tarda) i acreditar\/validar que \u00e9s conscient de les faltes que ha fet.<\/li>\n<\/ul>\n","protected":false},"excerpt":{"rendered":"<p>Raons per ser puntual Parlem una mica sobre la puntualitat? \u00c9sser puntual \u00e9s una norma d\u2019educaci\u00f3 b\u00e0sica: demostra respecte cap al temps dels dem\u00e9s, capacitat d\u2019organitzaci\u00f3 i planificaci\u00f3 del temps, responsabilitat, formalitat, rigor&#8230; \u00c9s important, doncs,\u00a0 ser puntual. Aquesta \u00e9s una virtut que cal ensenyar des dels primers anys de vida. \u00c9s un h\u00e0bit que [&hellip;]<\/p>\n","protected":false},"author":1,"featured_media":0,"parent":10223,"menu_order":0,"comment_status":"closed","ping_status":"closed","template":"page-templates\/side-menu.php","meta":{"_bbp_topic_count":0,"_bbp_reply_count":0,"_bbp_total_topic_count":0,"_bbp_total_reply_count":0,"_bbp_voice_count":0,"_bbp_anonymous_reply_count":0,"_bbp_topic_count_hidden":0,"_bbp_reply_count_hidden":0,"_bbp_forum_subforum_count":0,"site-sidebar-layout":"default","site-content-layout":"","ast-site-content-layout":"","site-content-style":"default","site-sidebar-style":"default","ast-global-header-display":"","ast-banner-title-visibility":"","ast-main-header-display":"","ast-hfb-above-header-display":"","ast-hfb-below-header-display":"","ast-hfb-mobile-header-display":"","site-post-title":"","ast-breadcrumbs-content":"","ast-featured-img":"","footer-sml-layout":"","theme-transparent-header-meta":"","adv-header-id-meta":"","stick-header-meta":"","header-above-stick-meta":"","header-main-stick-meta":"","header-below-stick-meta":"","astra-migrate-meta-layouts":"default","ast-page-background-enabled":"default","ast-page-background-meta":{"desktop":{"background-color":"var(--ast-global-color-4)","background-image":"","background-repeat":"repeat","background-position":"center center","background-size":"auto","background-attachment":"scroll","background-type":"","background-media":"","overlay-type":"","overlay-color":"","overlay-opacity":"","overlay-gradient":""},"tablet":{"background-color":"","background-image":"","background-repeat":"repeat","background-position":"center center","background-size":"auto","background-attachment":"scroll","background-type":"","background-media":"","overlay-type":"","overlay-color":"","overlay-opacity":"","overlay-gradient":""},"mobile":{"background-color":"","background-image":"","background-repeat":"repeat","background-position":"center center","background-size":"auto","background-attachment":"scroll","background-type":"","background-media":"","overlay-type":"","overlay-color":"","overlay-opacity":"","overlay-gradient":""}},"ast-content-background-meta":{"desktop":{"background-color":"var(--ast-global-color-5)","background-image":"","background-repeat":"repeat","background-position":"center center","background-size":"auto","background-attachment":"scroll","background-type":"","background-media":"","overlay-type":"","overlay-color":"","overlay-opacity":"","overlay-gradient":""},"tablet":{"background-color":"var(--ast-global-color-5)","background-image":"","background-repeat":"repeat","background-position":"center center","background-size":"auto","background-attachment":"scroll","background-type":"","background-media":"","overlay-type":"","overlay-color":"","overlay-opacity":"","overlay-gradient":""},"mobile":{"background-color":"var(--ast-global-color-5)","background-image":"","background-repeat":"repeat","background-position":"center center","background-size":"auto","background-attachment":"scroll","background-type":"","background-media":"","overlay-type":"","overlay-color":"","overlay-opacity":"","overlay-gradient":""}},"footnotes":""},"class_list":["post-13705","page","type-page","status-publish","hentry"],"post_mailing_queue_ids":[],"_links":{"self":[{"href":"https:\/\/agora.xtec.cat\/ceipelrodonell\/wp-json\/wp\/v2\/pages\/13705","targetHints":{"allow":["GET"]}}],"collection":[{"href":"https:\/\/agora.xtec.cat\/ceipelrodonell\/wp-json\/wp\/v2\/pages"}],"about":[{"href":"https:\/\/agora.xtec.cat\/ceipelrodonell\/wp-json\/wp\/v2\/types\/page"}],"author":[{"embeddable":true,"href":"https:\/\/agora.xtec.cat\/ceipelrodonell\/wp-json\/wp\/v2\/users\/1"}],"replies":[{"embeddable":true,"href":"https:\/\/agora.xtec.cat\/ceipelrodonell\/wp-json\/wp\/v2\/comments?post=13705"}],"version-history":[{"count":2,"href":"https:\/\/agora.xtec.cat\/ceipelrodonell\/wp-json\/wp\/v2\/pages\/13705\/revisions"}],"predecessor-version":[{"id":13709,"href":"https:\/\/agora.xtec.cat\/ceipelrodonell\/wp-json\/wp\/v2\/pages\/13705\/revisions\/13709"}],"up":[{"embeddable":true,"href":"https:\/\/agora.xtec.cat\/ceipelrodonell\/wp-json\/wp\/v2\/pages\/10223"}],"wp:attachment":[{"href":"https:\/\/agora.xtec.cat\/ceipelrodonell\/wp-json\/wp\/v2\/media?parent=13705"}],"curies":[{"name":"wp","href":"https:\/\/api.w.org\/{rel}","templated":true}]}}