{"id":13439,"date":"2025-03-25T12:23:48","date_gmt":"2025-03-25T11:23:48","guid":{"rendered":"https:\/\/agora.xtec.cat\/ceipelrodonell\/?page_id=13439"},"modified":"2025-03-25T12:28:11","modified_gmt":"2025-03-25T11:28:11","slug":"les-festes-del-rodonell","status":"publish","type":"page","link":"https:\/\/agora.xtec.cat\/ceipelrodonell\/projectes-descola\/les-festes-del-rodonell\/","title":{"rendered":"Les Festes del Rodonell"},"content":{"rendered":"<p>A la nostra escola intentem cobrir les necessitats de tota la comunitat educativa i fer que les festes i activitats siguin enriquidores per a tothom. En aquest sentit, tenim estipulades dues grans festes\u00a0 obertes a les fam\u00edlies: <strong>Nadal i Sopar de germanor<\/strong>, que ens permeten crear comunitat i gaudir plegats d\u2019aquests moments especials. La resta d\u2019activitats es plantegen de manera diferent\u00a0 segons el cicle que les organitza i les necessitats de cada curs. No volem establir un format fix per a totes les celebracions, ja que creiem que la varietat enriqueix l&#8217;experi\u00e8ncia educativa i social\u00a0 dels infants. L&#8217;objectiu \u00e9s que cada activitat es disseny i pensant en les necessitats dels grups i en el seu benestar emocional, fent que la viv\u00e8ncia de cada festa sigui positiva i adaptada a la\u00a0 diversitat del nostre alumnat.<\/p>\n<p>Tamb\u00e9 tenim molt en compte el benestar de tots els nens i nenes. N\u2019hi ha que gaudeixen enormement de la gresca i la xerinola per\u00f2 d&#8217;altres se senten m\u00e9s c\u00f2modes amb festes m\u00e9s tranquil\u00b7les i\u00a0 en un entorn m\u00e9s recollit. Per aix\u00f2 intentem anar compaginant diferents tipus de celebracions.<\/p>\n<p><em><strong>Festes i Activitats Anuals<\/strong><\/em><\/p>\n<p>\u25cf <strong>Castanyada<\/strong> &#8211; finals octubre<br \/>\n\u25cf <strong>Nadal (oberta)<\/strong> &#8211; uns dies abans del final del 1r trimestre<br \/>\n\u25cf <strong>Dia del patge<\/strong> &#8211; \u00faltim dia del 1r trimestre<br \/>\n\u25cf <strong>Carnaval<\/strong> &#8211; per dijous gras<br \/>\n\u25cf <strong>Projecte interdisciplinari<\/strong> &#8211; a concretar cada any<br \/>\n\u25cf <strong>Col\u00b7laboraci\u00f3 amb una ONG<\/strong> &#8211; a concretar cada any<br \/>\n\u25cf <strong>Fi de curs<\/strong> (\u00faltim dia de curs)<br \/>\n\u25cf <strong>Sopar de germanor<\/strong> (oberta) &#8211; uns dies abans del final del 3r trimestre<\/p>\n<p><strong><em>Dies importants que ens agrada celebrar de manera c\u00edclica<\/em><\/strong><\/p>\n<p>\u25cf <strong>Dia de la Gent Gran<\/strong> &#8211; 1 d\u2019octubre<br \/>\n\u25cf <strong>Dia de la Natura<\/strong> &#8211; 3 de mar\u00e7<br \/>\n\u25cf <strong>Dia de la Pau<\/strong> &#8211; 30 de gener<\/p>\n<p>Apreciem profundament la implicaci\u00f3 de les fam\u00edlies en la vida de l&#8217;escola i estem conven\u00e7uts que, amb aquesta combinaci\u00f3 de moments compartits i espais interns, aconseguim un equilibri que\u00a0 beneficia tota la comunitat educativa.<\/p>\n","protected":false},"excerpt":{"rendered":"<p>A la nostra escola intentem cobrir les necessitats de tota la comunitat educativa i fer que les festes i activitats siguin enriquidores per a tothom. En aquest sentit, tenim estipulades dues grans festes\u00a0 obertes a les fam\u00edlies: Nadal i Sopar de germanor, que ens permeten crear comunitat i gaudir plegats d\u2019aquests moments especials. La resta [&hellip;]<\/p>\n","protected":false},"author":1,"featured_media":0,"parent":9104,"menu_order":0,"comment_status":"closed","ping_status":"closed","template":"page-templates\/side-menu.php","meta":{"_bbp_topic_count":0,"_bbp_reply_count":0,"_bbp_total_topic_count":0,"_bbp_total_reply_count":0,"_bbp_voice_count":0,"_bbp_anonymous_reply_count":0,"_bbp_topic_count_hidden":0,"_bbp_reply_count_hidden":0,"_bbp_forum_subforum_count":0,"site-sidebar-layout":"default","site-content-layout":"","ast-site-content-layout":"","site-content-style":"default","site-sidebar-style":"default","ast-global-header-display":"","ast-banner-title-visibility":"","ast-main-header-display":"","ast-hfb-above-header-display":"","ast-hfb-below-header-display":"","ast-hfb-mobile-header-display":"","site-post-title":"","ast-breadcrumbs-content":"","ast-featured-img":"","footer-sml-layout":"","theme-transparent-header-meta":"","adv-header-id-meta":"","stick-header-meta":"","header-above-stick-meta":"","header-main-stick-meta":"","header-below-stick-meta":"","astra-migrate-meta-layouts":"default","ast-page-background-enabled":"default","ast-page-background-meta":{"desktop":{"background-color":"var(--ast-global-color-4)","background-image":"","background-repeat":"repeat","background-position":"center center","background-size":"auto","background-attachment":"scroll","background-type":"","background-media":"","overlay-type":"","overlay-color":"","overlay-opacity":"","overlay-gradient":""},"tablet":{"background-color":"","background-image":"","background-repeat":"repeat","background-position":"center center","background-size":"auto","background-attachment":"scroll","background-type":"","background-media":"","overlay-type":"","overlay-color":"","overlay-opacity":"","overlay-gradient":""},"mobile":{"background-color":"","background-image":"","background-repeat":"repeat","background-position":"center center","background-size":"auto","background-attachment":"scroll","background-type":"","background-media":"","overlay-type":"","overlay-color":"","overlay-opacity":"","overlay-gradient":""}},"ast-content-background-meta":{"desktop":{"background-color":"var(--ast-global-color-5)","background-image":"","background-repeat":"repeat","background-position":"center center","background-size":"auto","background-attachment":"scroll","background-type":"","background-media":"","overlay-type":"","overlay-color":"","overlay-opacity":"","overlay-gradient":""},"tablet":{"background-color":"var(--ast-global-color-5)","background-image":"","background-repeat":"repeat","background-position":"center center","background-size":"auto","background-attachment":"scroll","background-type":"","background-media":"","overlay-type":"","overlay-color":"","overlay-opacity":"","overlay-gradient":""},"mobile":{"background-color":"var(--ast-global-color-5)","background-image":"","background-repeat":"repeat","background-position":"center center","background-size":"auto","background-attachment":"scroll","background-type":"","background-media":"","overlay-type":"","overlay-color":"","overlay-opacity":"","overlay-gradient":""}},"footnotes":""},"class_list":["post-13439","page","type-page","status-publish","hentry"],"post_mailing_queue_ids":[],"_links":{"self":[{"href":"https:\/\/agora.xtec.cat\/ceipelrodonell\/wp-json\/wp\/v2\/pages\/13439","targetHints":{"allow":["GET"]}}],"collection":[{"href":"https:\/\/agora.xtec.cat\/ceipelrodonell\/wp-json\/wp\/v2\/pages"}],"about":[{"href":"https:\/\/agora.xtec.cat\/ceipelrodonell\/wp-json\/wp\/v2\/types\/page"}],"author":[{"embeddable":true,"href":"https:\/\/agora.xtec.cat\/ceipelrodonell\/wp-json\/wp\/v2\/users\/1"}],"replies":[{"embeddable":true,"href":"https:\/\/agora.xtec.cat\/ceipelrodonell\/wp-json\/wp\/v2\/comments?post=13439"}],"version-history":[{"count":3,"href":"https:\/\/agora.xtec.cat\/ceipelrodonell\/wp-json\/wp\/v2\/pages\/13439\/revisions"}],"predecessor-version":[{"id":13445,"href":"https:\/\/agora.xtec.cat\/ceipelrodonell\/wp-json\/wp\/v2\/pages\/13439\/revisions\/13445"}],"up":[{"embeddable":true,"href":"https:\/\/agora.xtec.cat\/ceipelrodonell\/wp-json\/wp\/v2\/pages\/9104"}],"wp:attachment":[{"href":"https:\/\/agora.xtec.cat\/ceipelrodonell\/wp-json\/wp\/v2\/media?parent=13439"}],"curies":[{"name":"wp","href":"https:\/\/api.w.org\/{rel}","templated":true}]}}