{"id":13001,"date":"2024-09-16T12:48:37","date_gmt":"2024-09-16T10:48:37","guid":{"rendered":"https:\/\/agora.xtec.cat\/ceipelrodonell\/?page_id=13001"},"modified":"2024-09-16T12:48:37","modified_gmt":"2024-09-16T10:48:37","slug":"bicicletes_patinets","status":"publish","type":"page","link":"https:\/\/agora.xtec.cat\/ceipelrodonell\/documents-i-normativa\/bicicletes_patinets\/","title":{"rendered":"BICICLETES I\/O PATINETS"},"content":{"rendered":"<p><b>NORMATIVA APARCAMENT DE BICICLETES, PATINETS I\/O SIMILARS<\/b><b>\u00a0DE L\u2019ESCOLA EL RODONELL<\/b><\/p>\n<ul>\n<li aria-level=\"1\">\u00a0L\u2019escola facilita un espai als patis per deixar les bicicletes, patinets i\/o similars per\u00f2 no es fa responsable de possibles danys que puguin oc\u00f3rrer. Els responsables dels vehicles s\u00f3n sempre els propietaris.<\/li>\n<li aria-level=\"1\">\u00a0Els alumnes s\u00f3n els qui han d\u2019entrar els vehicles a l\u2019aparcament i ho han de fer a peu. Nom\u00e9s en el cas dels alumnes d\u2019Educaci\u00f3 Infantil es permetr\u00e0 l\u2019entrada dels acompanyants adults per ajudar-los a aparcar i\/o retirar el vehicle.<\/li>\n<li aria-level=\"1\">\u00a0Els vehicles nom\u00e9s podran romandre a l\u2019Escola durant l\u2019horari escolar (o durant l\u2019horari de les activitats extraescolars). Nom\u00e9s en cas de pluja o mal temps es permetr\u00e0 que els vehicles romanguin a l\u2019aparcament tota la nit.<\/li>\n<\/ul>\n","protected":false},"excerpt":{"rendered":"<p>NORMATIVA APARCAMENT DE BICICLETES, PATINETS I\/O SIMILARS\u00a0DE L\u2019ESCOLA EL RODONELL \u00a0L\u2019escola facilita un espai als patis per deixar les bicicletes, patinets i\/o similars per\u00f2 no es fa responsable de possibles danys que puguin oc\u00f3rrer. Els responsables dels vehicles s\u00f3n sempre els propietaris. \u00a0Els alumnes s\u00f3n els qui han d\u2019entrar els vehicles a l\u2019aparcament i ho [&hellip;]<\/p>\n","protected":false},"author":1,"featured_media":0,"parent":10223,"menu_order":0,"comment_status":"closed","ping_status":"closed","template":"page-templates\/side-menu.php","meta":{"_bbp_topic_count":0,"_bbp_reply_count":0,"_bbp_total_topic_count":0,"_bbp_total_reply_count":0,"_bbp_voice_count":0,"_bbp_anonymous_reply_count":0,"_bbp_topic_count_hidden":0,"_bbp_reply_count_hidden":0,"_bbp_forum_subforum_count":0,"site-sidebar-layout":"default","site-content-layout":"","ast-site-content-layout":"","site-content-style":"default","site-sidebar-style":"default","ast-global-header-display":"","ast-banner-title-visibility":"","ast-main-header-display":"","ast-hfb-above-header-display":"","ast-hfb-below-header-display":"","ast-hfb-mobile-header-display":"","site-post-title":"","ast-breadcrumbs-content":"","ast-featured-img":"","footer-sml-layout":"","theme-transparent-header-meta":"","adv-header-id-meta":"","stick-header-meta":"","header-above-stick-meta":"","header-main-stick-meta":"","header-below-stick-meta":"","astra-migrate-meta-layouts":"default","ast-page-background-enabled":"default","ast-page-background-meta":{"desktop":{"background-color":"var(--ast-global-color-4)","background-image":"","background-repeat":"repeat","background-position":"center center","background-size":"auto","background-attachment":"scroll","background-type":"","background-media":"","overlay-type":"","overlay-color":"","overlay-opacity":"","overlay-gradient":""},"tablet":{"background-color":"","background-image":"","background-repeat":"repeat","background-position":"center center","background-size":"auto","background-attachment":"scroll","background-type":"","background-media":"","overlay-type":"","overlay-color":"","overlay-opacity":"","overlay-gradient":""},"mobile":{"background-color":"","background-image":"","background-repeat":"repeat","background-position":"center center","background-size":"auto","background-attachment":"scroll","background-type":"","background-media":"","overlay-type":"","overlay-color":"","overlay-opacity":"","overlay-gradient":""}},"ast-content-background-meta":{"desktop":{"background-color":"var(--ast-global-color-5)","background-image":"","background-repeat":"repeat","background-position":"center center","background-size":"auto","background-attachment":"scroll","background-type":"","background-media":"","overlay-type":"","overlay-color":"","overlay-opacity":"","overlay-gradient":""},"tablet":{"background-color":"var(--ast-global-color-5)","background-image":"","background-repeat":"repeat","background-position":"center center","background-size":"auto","background-attachment":"scroll","background-type":"","background-media":"","overlay-type":"","overlay-color":"","overlay-opacity":"","overlay-gradient":""},"mobile":{"background-color":"var(--ast-global-color-5)","background-image":"","background-repeat":"repeat","background-position":"center center","background-size":"auto","background-attachment":"scroll","background-type":"","background-media":"","overlay-type":"","overlay-color":"","overlay-opacity":"","overlay-gradient":""}},"footnotes":""},"class_list":["post-13001","page","type-page","status-publish","hentry"],"post_mailing_queue_ids":[],"_links":{"self":[{"href":"https:\/\/agora.xtec.cat\/ceipelrodonell\/wp-json\/wp\/v2\/pages\/13001","targetHints":{"allow":["GET"]}}],"collection":[{"href":"https:\/\/agora.xtec.cat\/ceipelrodonell\/wp-json\/wp\/v2\/pages"}],"about":[{"href":"https:\/\/agora.xtec.cat\/ceipelrodonell\/wp-json\/wp\/v2\/types\/page"}],"author":[{"embeddable":true,"href":"https:\/\/agora.xtec.cat\/ceipelrodonell\/wp-json\/wp\/v2\/users\/1"}],"replies":[{"embeddable":true,"href":"https:\/\/agora.xtec.cat\/ceipelrodonell\/wp-json\/wp\/v2\/comments?post=13001"}],"version-history":[{"count":1,"href":"https:\/\/agora.xtec.cat\/ceipelrodonell\/wp-json\/wp\/v2\/pages\/13001\/revisions"}],"predecessor-version":[{"id":13002,"href":"https:\/\/agora.xtec.cat\/ceipelrodonell\/wp-json\/wp\/v2\/pages\/13001\/revisions\/13002"}],"up":[{"embeddable":true,"href":"https:\/\/agora.xtec.cat\/ceipelrodonell\/wp-json\/wp\/v2\/pages\/10223"}],"wp:attachment":[{"href":"https:\/\/agora.xtec.cat\/ceipelrodonell\/wp-json\/wp\/v2\/media?parent=13001"}],"curies":[{"name":"wp","href":"https:\/\/api.w.org\/{rel}","templated":true}]}}